{"id":1078,"date":"2017-09-17T21:26:48","date_gmt":"2017-09-17T21:26:48","guid":{"rendered":"\/?page_id=1078"},"modified":"2017-11-29T23:06:52","modified_gmt":"2017-11-29T23:06:52","slug":"sibin_zlatkovic","status":"publish","type":"page","link":"https:\/\/test.feurich.com\/de\/ueber-uns\/expertenteam\/sibin_zlatkovic\/","title":{"rendered":"Sibin Zlatkovic"},"content":{"rendered":"<div class=\"wpb-content-wrapper\"><div  class=\"sec_row container\"><div class=\"vc_row wpb_row vc_row-fluid\"><div class=\"wpb_column vc_column_container vc_col-sm-12 et-dark-column\"><div class=\"vc_column-inner\"><div class=\"wpb_wrapper\"><div class=\"vc_empty_space\"   style=\"height: 32px\"><span class=\"vc_empty_space_inner\"><\/span><\/div><\/div><\/div><\/div><\/div><\/div><div  class=\"sec_row container\"><div class=\"vc_row wpb_row vc_row-fluid\"><div class=\"wpb_column vc_column_container vc_col-sm-4 et-dark-column\"><div class=\"vc_column-inner\"><div class=\"wpb_wrapper\">\n\t<div  class=\"wpb_single_image wpb_content_element vc_align_left\">\n\t\t\n\t\t<figure class=\"wpb_wrapper vc_figure\">\n\t\t\t<div class=\"vc_single_image-wrapper   vc_box_border_grey\"><img loading=\"lazy\" decoding=\"async\" width=\"683\" height=\"1024\" src=\"https:\/\/test.feurich.com\/wp-content\/uploads\/sibin1-683x1024.jpg\" class=\"vc_single_image-img attachment-large\" alt=\"\" title=\"Sibin Zlatkovic\" srcset=\"https:\/\/test.feurich.com\/wp-content\/uploads\/sibin1-683x1024.jpg 683w, https:\/\/test.feurich.com\/wp-content\/uploads\/sibin1-450x675.jpg 450w, https:\/\/test.feurich.com\/wp-content\/uploads\/sibin1-1000x1500.jpg 1000w, https:\/\/test.feurich.com\/wp-content\/uploads\/sibin1-200x300.jpg 200w, https:\/\/test.feurich.com\/wp-content\/uploads\/sibin1-768x1152.jpg 768w, https:\/\/test.feurich.com\/wp-content\/uploads\/sibin1-800x1200.jpg 800w, https:\/\/test.feurich.com\/wp-content\/uploads\/sibin1.jpg 1024w\" sizes=\"(max-width: 683px) 100vw, 683px\" \/><\/div>\n\t\t<\/figure>\n\t<\/div>\n<\/div><\/div><\/div><div class=\"wpb_column vc_column_container vc_col-sm-8 et-dark-column\"><div class=\"vc_column-inner\"><div class=\"wpb_wrapper\">\n\t<div class=\"wpb_text_column wpb_content_element   big-title\" >\n\t\t<div class=\"wpb_wrapper\">\n\t\t\t<p>Sibin Zlatkovic<\/p>\n\n\t\t<\/div>\n\t<\/div>\n\n\t<div class=\"wpb_text_column wpb_content_element  \" >\n\t\t<div class=\"wpb_wrapper\">\n\t\t\t<div class=\"wpb_text_column wpb_content_element products-title\">\n<div class=\"wpb_wrapper\">\n<p><strong>Chefintonateur FEURICH Wien &amp; Konzertstimmer<\/strong><\/p>\n<\/div>\n<\/div>\n<div class=\"wpb_text_column wpb_content_element \">\n<div class=\"wpb_wrapper\">\n<p>Sibin Zlatkovic ist international f\u00fcr die Aus- und Weiterbildung unserer Klaviertechniker und FEURICH Partner verantwortlich. Er steht zusammen mit J\u00f6rg Wachler und St\u00e9phane Boussuge an der Spitze unseres Teams in Bezug auf Klang und Instrumentenausarbeitung und perfektioniert unser Ziel, stets einen m\u00f6glichst dynamischen, nuancenreichen und lang anhaltenden warmen Klang zu erreichen \u2013 das typische Wiener Klangideal.<\/p>\n<p>Sibin Zlatkovic verf\u00fcgt \u00fcber mehr als 30 Jahre Erfahrung im Bereich der klanglichen Ausarbeitung, Wartung und Renovierung von Pianos und Fl\u00fcgeln. Sibin studierte von 1981 bis 1984 an der Musik Universit\u00e4t von Belgrad. Ab 1987 war er bei B\u00f6sendorfer in Wien sowohl f\u00fcr den Klavierbau als auch f\u00fcr die finale Ausarbeitung (Stimmung, Regulation und Intonation) der Instrumente verantwortlich. Zeitgleich avancierte er f\u00fcr namhafte europ\u00e4ische Klaviermarken wie FEURICH, Steinway &amp; Sons, Bechstein, Ehrbar, Grotrian, Petrof und Ibach zum ersten Ansprechpartner f\u00fcr Beratung und Service in \u00d6sterreich.<\/p>\n<p><a href=\"https:\/\/test.feurich.com\/de\/ueber-uns\/expertenteam\/\">&gt;&gt; zur\u00fcck<\/a><\/p>\n<\/div>\n<\/div>\n\n\t\t<\/div>\n\t<\/div>\n<\/div><\/div><\/div><\/div><\/div>\n<\/div>","protected":false},"excerpt":{"rendered":"Sibin Zlatkovic Chefintonateur FEURICH Wien &amp; Konzertstimmer Sibin Zlatkovic ist international f\u00fcr die Aus- und Weiterbildung unserer Klaviertechniker und FEURICH Partner verantwortlich. Er steht zusammen mit J\u00f6rg Wachler und St\u00e9phane Boussuge an der Spitze unseres Teams in Bezug auf Klang und Instrumentenausarbeitung und perfektioniert unser Ziel, stets einen m\u00f6glichst dynamischen,&hellip;","protected":false},"author":7,"featured_media":0,"parent":406,"menu_order":0,"comment_status":"closed","ping_status":"closed","template":"","meta":{"inline_featured_image":false,"footnotes":""},"class_list":["post-1078","page","type-page","status-publish","hentry"],"acf":[],"_links":{"self":[{"href":"https:\/\/test.feurich.com\/de\/wp-json\/wp\/v2\/pages\/1078"}],"collection":[{"href":"https:\/\/test.feurich.com\/de\/wp-json\/wp\/v2\/pages"}],"about":[{"href":"https:\/\/test.feurich.com\/de\/wp-json\/wp\/v2\/types\/page"}],"author":[{"embeddable":true,"href":"https:\/\/test.feurich.com\/de\/wp-json\/wp\/v2\/users\/7"}],"replies":[{"embeddable":true,"href":"https:\/\/test.feurich.com\/de\/wp-json\/wp\/v2\/comments?post=1078"}],"version-history":[{"count":4,"href":"https:\/\/test.feurich.com\/de\/wp-json\/wp\/v2\/pages\/1078\/revisions"}],"predecessor-version":[{"id":4629,"href":"https:\/\/test.feurich.com\/de\/wp-json\/wp\/v2\/pages\/1078\/revisions\/4629"}],"up":[{"embeddable":true,"href":"https:\/\/test.feurich.com\/de\/wp-json\/wp\/v2\/pages\/406"}],"wp:attachment":[{"href":"https:\/\/test.feurich.com\/de\/wp-json\/wp\/v2\/media?parent=1078"}],"curies":[{"name":"wp","href":"https:\/\/api.w.org\/{rel}","templated":true}]}}