{"id":1080,"date":"2017-09-17T21:32:47","date_gmt":"2017-09-17T21:32:47","guid":{"rendered":"\/?page_id=1080"},"modified":"2017-11-29T23:07:09","modified_gmt":"2017-11-29T23:07:09","slug":"udo_kamm","status":"publish","type":"page","link":"https:\/\/test.feurich.com\/de\/ueber-uns\/expertenteam\/udo_kamm\/","title":{"rendered":"Udo Kamm"},"content":{"rendered":"<div class=\"wpb-content-wrapper\"><div  class=\"sec_row container\"><div class=\"vc_row wpb_row vc_row-fluid\"><div class=\"wpb_column vc_column_container vc_col-sm-12 et-dark-column\"><div class=\"vc_column-inner\"><div class=\"wpb_wrapper\"><div class=\"vc_empty_space\"   style=\"height: 32px\"><span class=\"vc_empty_space_inner\"><\/span><\/div><\/div><\/div><\/div><\/div><\/div><div  class=\"sec_row container\"><div class=\"vc_row wpb_row vc_row-fluid\"><div class=\"wpb_column vc_column_container vc_col-sm-4 et-dark-column\"><div class=\"vc_column-inner\"><div class=\"wpb_wrapper\">\n\t<div  class=\"wpb_single_image wpb_content_element vc_align_left\">\n\t\t\n\t\t<figure class=\"wpb_wrapper vc_figure\">\n\t\t\t<div class=\"vc_single_image-wrapper   vc_box_border_grey\"><img loading=\"lazy\" decoding=\"async\" width=\"1024\" height=\"680\" src=\"https:\/\/test.feurich.com\/wp-content\/uploads\/Udo-Kamm-e1505666597852-1024x680.jpg\" class=\"vc_single_image-img attachment-large\" alt=\"\" title=\"Udo Kamm\" srcset=\"https:\/\/test.feurich.com\/wp-content\/uploads\/Udo-Kamm-e1505666597852-1024x680.jpg 1024w, https:\/\/test.feurich.com\/wp-content\/uploads\/Udo-Kamm-e1505666597852-450x299.jpg 450w, https:\/\/test.feurich.com\/wp-content\/uploads\/Udo-Kamm-e1505666597852-1000x664.jpg 1000w, https:\/\/test.feurich.com\/wp-content\/uploads\/Udo-Kamm-e1505666597852-300x199.jpg 300w, https:\/\/test.feurich.com\/wp-content\/uploads\/Udo-Kamm-e1505666597852-768x510.jpg 768w, https:\/\/test.feurich.com\/wp-content\/uploads\/Udo-Kamm-e1505666597852-800x531.jpg 800w, https:\/\/test.feurich.com\/wp-content\/uploads\/Udo-Kamm-e1505666597852.jpg 1920w\" sizes=\"(max-width: 1024px) 100vw, 1024px\" \/><\/div>\n\t\t<\/figure>\n\t<\/div>\n<\/div><\/div><\/div><div class=\"wpb_column vc_column_container vc_col-sm-8 et-dark-column\"><div class=\"vc_column-inner\"><div class=\"wpb_wrapper\">\n\t<div class=\"wpb_text_column wpb_content_element   big-title\" >\n\t\t<div class=\"wpb_wrapper\">\n\t\t\t<p>Udo Kamm<\/p>\n\n\t\t<\/div>\n\t<\/div>\n\n\t<div class=\"wpb_text_column wpb_content_element  \" >\n\t\t<div class=\"wpb_wrapper\">\n\t\t\t<h3>Klavierbaumeister und Erfinder, Kirchhain\/Deutschland<\/h3>\n<p>Udo Kamm ist genialer Erfinder und Mastermind zahlreicher Innovationen im Bereich akustischer Klaviere.<\/p>\n<p>In seiner eigenen, modern eingerichteten Klavierbau-Meisterwerkstatt in Kirchhain\/Deutschland entwickelt und konstruiert Udo Kamm all seine Erfindungen und Innovationen. Er ist Erfinder des einzigartigen und beliebten \u201eUK-Silencer-Systems\u201c, das die normale Regulation sowie das Spielgef\u00fchl in keiner Weise beeinflusst.<\/p>\n<p>Auch andere innovative Ideen wie die neuen Piano-\/Fl\u00fcgelbeleuchtungen, die sich wunderbar harmonisch und elegant in das Gesamtbild von Konzertpianos und Fl\u00fcgeln einf\u00fcgt, oder das <a href=\"https:\/\/test.feurich.com\/de\/innovationen\/high-speed-kamm-action\/\">FEURICH High Speed KAMM Action<\/a>-System stammen von ihm.<\/p>\n<p><a href=\"https:\/\/test.feurich.com\/de\/ueber-uns\/expertenteam\/\">&gt;&gt; zur\u00fcck<\/a><\/p>\n\n\t\t<\/div>\n\t<\/div>\n<\/div><\/div><\/div><\/div><\/div>\n<\/div>","protected":false},"excerpt":{"rendered":"Udo Kamm Klavierbaumeister und Erfinder, Kirchhain\/Deutschland Udo Kamm ist genialer Erfinder und Mastermind zahlreicher Innovationen im Bereich akustischer Klaviere. In seiner eigenen, modern eingerichteten Klavierbau-Meisterwerkstatt in Kirchhain\/Deutschland entwickelt und konstruiert Udo Kamm all seine Erfindungen und Innovationen. Er ist Erfinder des einzigartigen und beliebten \u201eUK-Silencer-Systems\u201c, das die normale Regulation sowie&hellip;","protected":false},"author":7,"featured_media":0,"parent":406,"menu_order":0,"comment_status":"closed","ping_status":"closed","template":"","meta":{"inline_featured_image":false,"footnotes":""},"class_list":["post-1080","page","type-page","status-publish","hentry"],"acf":[],"_links":{"self":[{"href":"https:\/\/test.feurich.com\/de\/wp-json\/wp\/v2\/pages\/1080"}],"collection":[{"href":"https:\/\/test.feurich.com\/de\/wp-json\/wp\/v2\/pages"}],"about":[{"href":"https:\/\/test.feurich.com\/de\/wp-json\/wp\/v2\/types\/page"}],"author":[{"embeddable":true,"href":"https:\/\/test.feurich.com\/de\/wp-json\/wp\/v2\/users\/7"}],"replies":[{"embeddable":true,"href":"https:\/\/test.feurich.com\/de\/wp-json\/wp\/v2\/comments?post=1080"}],"version-history":[{"count":7,"href":"https:\/\/test.feurich.com\/de\/wp-json\/wp\/v2\/pages\/1080\/revisions"}],"predecessor-version":[{"id":4205,"href":"https:\/\/test.feurich.com\/de\/wp-json\/wp\/v2\/pages\/1080\/revisions\/4205"}],"up":[{"embeddable":true,"href":"https:\/\/test.feurich.com\/de\/wp-json\/wp\/v2\/pages\/406"}],"wp:attachment":[{"href":"https:\/\/test.feurich.com\/de\/wp-json\/wp\/v2\/media?parent=1080"}],"curies":[{"name":"wp","href":"https:\/\/api.w.org\/{rel}","templated":true}]}}