{"id":1093,"date":"2017-09-17T22:17:07","date_gmt":"2017-09-17T22:17:07","guid":{"rendered":"\/?page_id=1093"},"modified":"2017-11-29T23:06:52","modified_gmt":"2017-11-29T23:06:52","slug":"joerg-hauser","status":"publish","type":"page","link":"https:\/\/test.feurich.com\/de\/ueber-uns\/expertenteam\/joerg-hauser\/","title":{"rendered":"J\u00f6rg Hauser"},"content":{"rendered":"<div class=\"wpb-content-wrapper\"><div  class=\"sec_row container\"><div class=\"vc_row wpb_row vc_row-fluid\"><div class=\"wpb_column vc_column_container vc_col-sm-12 et-dark-column\"><div class=\"vc_column-inner\"><div class=\"wpb_wrapper\"><div class=\"vc_empty_space\"   style=\"height: 32px\"><span class=\"vc_empty_space_inner\"><\/span><\/div><\/div><\/div><\/div><\/div><\/div><div  class=\"sec_row container\"><div class=\"vc_row wpb_row vc_row-fluid\"><div class=\"wpb_column vc_column_container vc_col-sm-4 et-dark-column\"><div class=\"vc_column-inner\"><div class=\"wpb_wrapper\">\n\t<div  class=\"wpb_single_image wpb_content_element vc_align_left\">\n\t\t\n\t\t<figure class=\"wpb_wrapper vc_figure\">\n\t\t\t<div class=\"vc_single_image-wrapper   vc_box_border_grey\"><img loading=\"lazy\" decoding=\"async\" width=\"1024\" height=\"683\" src=\"https:\/\/test.feurich.com\/wp-content\/uploads\/DSC_0160-1024x683.jpg\" class=\"vc_single_image-img attachment-large\" alt=\"\" title=\"J\u00f6rg Hauser\" srcset=\"https:\/\/test.feurich.com\/wp-content\/uploads\/DSC_0160-1024x683.jpg 1024w, https:\/\/test.feurich.com\/wp-content\/uploads\/DSC_0160-scaled-450x300.jpg 450w, https:\/\/test.feurich.com\/wp-content\/uploads\/DSC_0160-scaled-1000x667.jpg 1000w, https:\/\/test.feurich.com\/wp-content\/uploads\/DSC_0160-300x200.jpg 300w, https:\/\/test.feurich.com\/wp-content\/uploads\/DSC_0160-768x512.jpg 768w, https:\/\/test.feurich.com\/wp-content\/uploads\/DSC_0160-800x533.jpg 800w\" sizes=\"(max-width: 1024px) 100vw, 1024px\" \/><\/div>\n\t\t<\/figure>\n\t<\/div>\n<\/div><\/div><\/div><div class=\"wpb_column vc_column_container vc_col-sm-8 et-dark-column\"><div class=\"vc_column-inner\"><div class=\"wpb_wrapper\">\n\t<div class=\"wpb_text_column wpb_content_element   big-title\" >\n\t\t<div class=\"wpb_wrapper\">\n\t\t\t<p style=\"text-align: left;\">J\u00f6rg Hauser<\/p>\n\n\t\t<\/div>\n\t<\/div>\n\n\t<div class=\"wpb_text_column wpb_content_element  \" >\n\t\t<div class=\"wpb_wrapper\">\n\t\t\t<div class=\"wpb_text_column wpb_content_element products-title\">\n<div class=\"wpb_wrapper\">\n<p>Klavier- und Cembalobaumeister, Aldingen\/Deutschland<\/p>\n<\/div>\n<\/div>\n<div class=\"wpb_text_column wpb_content_element \">\n<div class=\"wpb_wrapper\">\n<p>J\u00f6rg Hauser ist Teil des FEURICH Entwicklungsteams und f\u00fcr etliche Innovationen im FEURICH-Klavierbau verantwortlich. So z\u00e4hlen zum Beispiel das \u201eSchw\u00e4bische Pedalsystem\u201c oder die einzigartig einfache Demontage der Pianogeh\u00e4use zu seinen Entwicklungen.<\/p>\n<p>Hauser geh\u00f6rt zu jenen exzellenten Klaviertechnikern, die sowohl auf eine jahrzehntelange Erfahrung in den verschiedensten Abteilungen der Neuproduktion zur\u00fcckgreifen k\u00f6nnen, als auch eine gro\u00dfe eigene Reparaturwerkstatt leiten und als gefragte Konzertstimmer f\u00fcr Musikhochschulen und Pianisten t\u00e4tig sind. Seine spezielle Intonationsmethode zur Klangoptimierung dient vielen Klaviertechnikern als Vorbild.<\/p>\n<p>J\u00f6rg Hauser hat wichtige technische Projekte in der FEURICH-Produktion in Ningbo umgesetzt und ist somit ein wesentlicher Bestandteil des FEURICH-Entwicklungsteams.<\/p>\n<p><a href=\"https:\/\/test.feurich.com\/de\/ueber-uns\/expertenteam\/\">&gt;&gt; zur\u00fcck<\/a><\/p>\n<\/div>\n<\/div>\n\n\t\t<\/div>\n\t<\/div>\n<\/div><\/div><\/div><\/div><\/div>\n<\/div>","protected":false},"excerpt":{"rendered":"J\u00f6rg Hauser Klavier- und Cembalobaumeister, Aldingen\/Deutschland J\u00f6rg Hauser ist Teil des FEURICH Entwicklungsteams und f\u00fcr etliche Innovationen im FEURICH-Klavierbau verantwortlich. So z\u00e4hlen zum Beispiel das \u201eSchw\u00e4bische Pedalsystem\u201c oder die einzigartig einfache Demontage der Pianogeh\u00e4use zu seinen Entwicklungen. Hauser geh\u00f6rt zu jenen exzellenten Klaviertechnikern, die sowohl auf eine jahrzehntelange Erfahrung in&hellip;","protected":false},"author":7,"featured_media":0,"parent":406,"menu_order":0,"comment_status":"closed","ping_status":"closed","template":"","meta":{"inline_featured_image":false,"footnotes":""},"class_list":["post-1093","page","type-page","status-publish","hentry"],"acf":[],"_links":{"self":[{"href":"https:\/\/test.feurich.com\/de\/wp-json\/wp\/v2\/pages\/1093"}],"collection":[{"href":"https:\/\/test.feurich.com\/de\/wp-json\/wp\/v2\/pages"}],"about":[{"href":"https:\/\/test.feurich.com\/de\/wp-json\/wp\/v2\/types\/page"}],"author":[{"embeddable":true,"href":"https:\/\/test.feurich.com\/de\/wp-json\/wp\/v2\/users\/7"}],"replies":[{"embeddable":true,"href":"https:\/\/test.feurich.com\/de\/wp-json\/wp\/v2\/comments?post=1093"}],"version-history":[{"count":7,"href":"https:\/\/test.feurich.com\/de\/wp-json\/wp\/v2\/pages\/1093\/revisions"}],"predecessor-version":[{"id":4627,"href":"https:\/\/test.feurich.com\/de\/wp-json\/wp\/v2\/pages\/1093\/revisions\/4627"}],"up":[{"embeddable":true,"href":"https:\/\/test.feurich.com\/de\/wp-json\/wp\/v2\/pages\/406"}],"wp:attachment":[{"href":"https:\/\/test.feurich.com\/de\/wp-json\/wp\/v2\/media?parent=1093"}],"curies":[{"name":"wp","href":"https:\/\/api.w.org\/{rel}","templated":true}]}}