{"id":1098,"date":"2017-09-17T22:29:59","date_gmt":"2017-09-17T22:29:59","guid":{"rendered":"\/?page_id=1098"},"modified":"2019-06-25T12:29:43","modified_gmt":"2019-06-25T12:29:43","slug":"stephane_boussuge","status":"publish","type":"page","link":"https:\/\/test.feurich.com\/de\/ueber-uns\/expertenteam\/stephane_boussuge\/","title":{"rendered":"St\u00e9phane Boussouge"},"content":{"rendered":"<div class=\"wpb-content-wrapper\"><div  class=\"sec_row container\"><div class=\"vc_row wpb_row vc_row-fluid\"><div class=\"wpb_column vc_column_container vc_col-sm-12 et-dark-column\"><div class=\"vc_column-inner\"><div class=\"wpb_wrapper\"><div class=\"vc_empty_space\"   style=\"height: 32px\"><span class=\"vc_empty_space_inner\"><\/span><\/div><\/div><\/div><\/div><\/div><\/div><div  class=\"sec_row container\"><div class=\"vc_row wpb_row vc_row-fluid\"><div class=\"wpb_column vc_column_container vc_col-sm-4 et-dark-column\"><div class=\"vc_column-inner\"><div class=\"wpb_wrapper\"><div class=\"vc_empty_space\"   style=\"height: 10px\"><span class=\"vc_empty_space_inner\"><\/span><\/div>\n\t<div  class=\"wpb_single_image wpb_content_element vc_align_center\">\n\t\t\n\t\t<figure class=\"wpb_wrapper vc_figure\">\n\t\t\t<div class=\"vc_single_image-wrapper   vc_box_border_grey\"><img loading=\"lazy\" decoding=\"async\" width=\"731\" height=\"1024\" src=\"https:\/\/test.feurich.com\/wp-content\/uploads\/20190618-2767-731x1024.jpg\" class=\"vc_single_image-img attachment-large\" alt=\"\" title=\"20190618-2767\" srcset=\"https:\/\/test.feurich.com\/wp-content\/uploads\/20190618-2767-731x1024.jpg 731w, https:\/\/test.feurich.com\/wp-content\/uploads\/20190618-2767-450x630.jpg 450w, https:\/\/test.feurich.com\/wp-content\/uploads\/20190618-2767-600x840.jpg 600w, https:\/\/test.feurich.com\/wp-content\/uploads\/20190618-2767-214x300.jpg 214w, https:\/\/test.feurich.com\/wp-content\/uploads\/20190618-2767-768x1076.jpg 768w, https:\/\/test.feurich.com\/wp-content\/uploads\/20190618-2767.jpg 771w\" sizes=\"(max-width: 731px) 100vw, 731px\" \/><\/div>\n\t\t<\/figure>\n\t<\/div>\n<\/div><\/div><\/div><div class=\"wpb_column vc_column_container vc_col-sm-8 et-dark-column\"><div class=\"vc_column-inner\"><div class=\"wpb_wrapper\">\n\t<div class=\"wpb_text_column wpb_content_element   big-title\" >\n\t\t<div class=\"wpb_wrapper\">\n\t\t\t<p>St\u00e9phane Boussuge<\/p>\n\n\t\t<\/div>\n\t<\/div>\n\n\t<div class=\"wpb_text_column wpb_content_element  \" >\n\t\t<div class=\"wpb_wrapper\">\n\t\t\t<div class=\"wpb_text_column wpb_content_element products-title\">\n<div class=\"wpb_wrapper\">\n<p><strong>Chefintonateur FEURICH Wien &amp; Konzertstimmer<\/strong><\/p>\n<\/div>\n<\/div>\n<div class=\"wpb_text_column wpb_content_element \">\n<div class=\"wpb_wrapper\">\n<p>St\u00e9phane Boussuge ist mit seinem gro\u00dfen K\u00f6nnen und Wissen als Intonations- und Regulationsexperte sowie Konzertstimmer zust\u00e4ndig f\u00fcr die klangliche Ausarbeitung der FEURICH-Instrumente und begeistert mit seinen Erfahrungsschatz Pianisten wie auch Klaviertechniker auf der ganzen Welt.<\/p>\n<p>Nach seinem Musikstudium am ITEMM (Institut Europ\u00e9en des M\u00e9tier de la Musique) in Frankreich arbeitete St\u00e9phane Boussuge sieben Jahre im Salle Pleyel in Paris. Nach Weiterbildungen bei Kawai in Japan arbeitete er lange Zeit f\u00fcr den franz\u00f6sischen Kawai-Importeur. Nach weiterf\u00fchrenden Studien im Kawai Research Laboratory wurde ihm der Titel Master Piano Artisan verliehen, der seine au\u00dfergew\u00f6hnlichen F\u00e4higkeiten in der Ausarbeitung und Intonation von Konzertfl\u00fcgeln unterstreicht.<\/p>\n<p>St\u00e9phane ist auch als Lehrender f\u00fcr Intonation, Regulation und Optimierung von Konzertfl\u00fcgeln aktiv. Er hat zahlreiche Klaviertechniker in Frankreich und auf der ganzen Welt in Kursen und Meisterklassen unterrichtet. Au\u00dferdem ist er Lektor f\u00fcr Intonation, Stimmung und Regulation von Fl\u00fcgeln am ITEMM in Frankreich.<\/p>\n<p>Dar\u00fcber hinaus ist St\u00e9phane Experte im Bereich computergest\u00fctzter Kompositionen. Er hat an der Entwicklung der Kompositionssoftware <a href=\"https:\/\/opusmodus.com\/\" target=\"_blank\" rel=\"noopener\">Opusmodus<\/a> mitgearbeitet, erstellte eine franz\u00f6sische Version der Software und komponiert und unterrichtet erfolgreich damit.<\/p>\n<p><a href=\"https:\/\/test.feurich.com\/de\/ueber-uns\/expertenteam\/\">&gt;&gt; zur\u00fcck<\/a><\/p>\n<\/div>\n<\/div>\n\n\t\t<\/div>\n\t<\/div>\n<\/div><\/div><\/div><\/div><\/div>\n<\/div>","protected":false},"excerpt":{"rendered":"St\u00e9phane Boussuge Chefintonateur FEURICH Wien &amp; Konzertstimmer St\u00e9phane Boussuge ist mit seinem gro\u00dfen K\u00f6nnen und Wissen als Intonations- und Regulationsexperte sowie Konzertstimmer zust\u00e4ndig f\u00fcr die klangliche Ausarbeitung der FEURICH-Instrumente und begeistert mit seinen Erfahrungsschatz Pianisten wie auch Klaviertechniker auf der ganzen Welt. Nach seinem Musikstudium am ITEMM (Institut Europ\u00e9en des&hellip;","protected":false},"author":7,"featured_media":0,"parent":406,"menu_order":0,"comment_status":"closed","ping_status":"closed","template":"","meta":{"inline_featured_image":false,"footnotes":""},"class_list":["post-1098","page","type-page","status-publish","hentry"],"acf":[],"_links":{"self":[{"href":"https:\/\/test.feurich.com\/de\/wp-json\/wp\/v2\/pages\/1098"}],"collection":[{"href":"https:\/\/test.feurich.com\/de\/wp-json\/wp\/v2\/pages"}],"about":[{"href":"https:\/\/test.feurich.com\/de\/wp-json\/wp\/v2\/types\/page"}],"author":[{"embeddable":true,"href":"https:\/\/test.feurich.com\/de\/wp-json\/wp\/v2\/users\/7"}],"replies":[{"embeddable":true,"href":"https:\/\/test.feurich.com\/de\/wp-json\/wp\/v2\/comments?post=1098"}],"version-history":[{"count":15,"href":"https:\/\/test.feurich.com\/de\/wp-json\/wp\/v2\/pages\/1098\/revisions"}],"predecessor-version":[{"id":24782,"href":"https:\/\/test.feurich.com\/de\/wp-json\/wp\/v2\/pages\/1098\/revisions\/24782"}],"up":[{"embeddable":true,"href":"https:\/\/test.feurich.com\/de\/wp-json\/wp\/v2\/pages\/406"}],"wp:attachment":[{"href":"https:\/\/test.feurich.com\/de\/wp-json\/wp\/v2\/media?parent=1098"}],"curies":[{"name":"wp","href":"https:\/\/api.w.org\/{rel}","templated":true}]}}