{"id":1105,"date":"2017-09-17T22:48:34","date_gmt":"2017-09-17T22:48:34","guid":{"rendered":"\/?page_id=1105"},"modified":"2017-11-29T23:07:09","modified_gmt":"2017-11-29T23:07:09","slug":"stephen_paulello","status":"publish","type":"page","link":"https:\/\/test.feurich.com\/de\/ueber-uns\/expertenteam\/stephen_paulello\/","title":{"rendered":"Stephen Paulello"},"content":{"rendered":"<div class=\"wpb-content-wrapper\"><div  class=\"sec_row container\"><div class=\"vc_row wpb_row vc_row-fluid\"><div class=\"wpb_column vc_column_container vc_col-sm-12 et-dark-column\"><div class=\"vc_column-inner\"><div class=\"wpb_wrapper\"><div class=\"vc_empty_space\"   style=\"height: 32px\"><span class=\"vc_empty_space_inner\"><\/span><\/div><\/div><\/div><\/div><\/div><\/div><div  class=\"sec_row container\"><div class=\"vc_row wpb_row vc_row-fluid\"><div class=\"wpb_column vc_column_container vc_col-sm-4 et-dark-column\"><div class=\"vc_column-inner\"><div class=\"wpb_wrapper\">\n\t<div  class=\"wpb_single_image wpb_content_element vc_align_center\">\n\t\t\n\t\t<figure class=\"wpb_wrapper vc_figure\">\n\t\t\t<div class=\"vc_single_image-wrapper   vc_box_border_grey\"><img loading=\"lazy\" decoding=\"async\" width=\"899\" height=\"1024\" src=\"https:\/\/test.feurich.com\/wp-content\/uploads\/Stephen_Paulello_original-899x1024.jpg\" class=\"vc_single_image-img attachment-large\" alt=\"Stephen Paulello\" title=\"Stephen Paulello\" srcset=\"https:\/\/test.feurich.com\/wp-content\/uploads\/Stephen_Paulello_original-899x1024.jpg 899w, https:\/\/test.feurich.com\/wp-content\/uploads\/Stephen_Paulello_original-450x513.jpg 450w, https:\/\/test.feurich.com\/wp-content\/uploads\/Stephen_Paulello_original-1000x1140.jpg 1000w, https:\/\/test.feurich.com\/wp-content\/uploads\/Stephen_Paulello_original-263x300.jpg 263w, https:\/\/test.feurich.com\/wp-content\/uploads\/Stephen_Paulello_original-768x875.jpg 768w, https:\/\/test.feurich.com\/wp-content\/uploads\/Stephen_Paulello_original-800x912.jpg 800w, https:\/\/test.feurich.com\/wp-content\/uploads\/Stephen_Paulello_original.jpg 1060w\" sizes=\"(max-width: 899px) 100vw, 899px\" \/><\/div>\n\t\t<\/figure>\n\t<\/div>\n<\/div><\/div><\/div><div class=\"wpb_column vc_column_container vc_col-sm-8 et-dark-column\"><div class=\"vc_column-inner\"><div class=\"wpb_wrapper\">\n\t<div class=\"wpb_text_column wpb_content_element   big-title\" >\n\t\t<div class=\"wpb_wrapper\">\n\t\t\t<p>Stephen Paulello<\/p>\n\n\t\t<\/div>\n\t<\/div>\n\n\t<div class=\"wpb_text_column wpb_content_element  \" >\n\t\t<div class=\"wpb_wrapper\">\n\t\t\t<div class=\"wpb_text_column wpb_content_element products-title\">\n<div class=\"wpb_wrapper\">\n<p>Konzertpianist und Klavierkonstrukteur, Villethierry\/Frankreich<\/p>\n<\/div>\n<\/div>\n<div class=\"wpb_text_column wpb_content_element \">\n<div class=\"wpb_wrapper\">\n<p>Stephen Paulello unterst\u00fctzt FEURICH seit 2006 als Klavierdesigner und Experte und ist der Innovator schlechthin im Bereich des klassischen Klavierbaus. Der FEURICH-Fl\u00fcgel <a href=\"https:\/\/test.feurich.com\/de\/produkte\/classic-pianos\/fluegel-mod-218-concert-i\/\">Mod. 218 \u2013 Concert I<\/a> wurde von ihm und seiner Frau Claire Paulello konstruiert, ebenso auch die finale Version des 4. Pedals <a href=\"https:\/\/test.feurich.com\/de\/?page_id=432\">\u201eP\u00e9dale Harmonique\u201c<\/a> und essentielle weitere konstruktive Elemente unserer FEURICH-Instrumente.<\/p>\n<p>Stephen Paulello war Hochschulprofessor f\u00fcr Klavier- und Kammermusik sowie als Konzertpianist Gewinner zahlreicher internationaler Klavierwettbewerbe. Er absolvierte eine Ausbildung als Klaviertechniker bei Bechstein, f\u00fcr die er in weiterer Folge auch das Konzertservice in Paris \u00fcbernahm, und Steinway &amp; Sons. Im Zuge seiner T\u00e4tigkeit in Deutschland lernte er die Welt des Klavierbaus kennen und lieben. Bald begann er mit den ersten Klavier- und Fl\u00fcgelkonstruktionen: <strong>\u201eIch wollte etwas anderes machen, etwas Neues, eine Alternative f\u00fcr Pianisten entwickeln!\u201c<\/strong> Dies ist ihm in jeder Hinsicht gelungen. 1990 baute Paulello seinen ersten Konzertfl\u00fcgel, der gro\u00dfe Beachtung fand und als Meisterst\u00fcck der Klavierbaukunst gilt.<\/p>\n<p>Stephen Paulellos Patente und Fl\u00fcgelkonstruktionen wurden mehrfach mit Preisen des franz\u00f6sischen Ministeriums f\u00fcr Kultur sowie verschiedener Stiftungen ausgezeichnet. Seine Erfahrung ergibt sich aus 28 Jahren pers\u00f6nlicher Forschung zu allen Aspekten des Klavierbaus, von Restaurierung, Reparaturen und Verbesserung von Pianos und Fl\u00fcgeln bis hin zur Optimierung der Saiten und Mechaniken um deren volles Potenzial zu entfalten. Stephen Paulello ist weiters f\u00fcr die Ausbildung von Klaviertechnikern in Frankreich bei den Fachgruppen AFARP &amp; ITEMM verantwortlich. <a href=\"http:\/\/www.stephenpaulello.com\">www.stephenpaulello.com<\/a><\/p>\n<p><a href=\"https:\/\/test.feurich.com\/de\/ueber-uns\/expertenteam\/\">&gt;&gt; zur\u00fcck<\/a><\/p>\n<\/div>\n<\/div>\n\n\t\t<\/div>\n\t<\/div>\n<\/div><\/div><\/div><\/div><\/div>\n<\/div>","protected":false},"excerpt":{"rendered":"Stephen Paulello Konzertpianist und Klavierkonstrukteur, Villethierry\/Frankreich Stephen Paulello unterst\u00fctzt FEURICH seit 2006 als Klavierdesigner und Experte und ist der Innovator schlechthin im Bereich des klassischen Klavierbaus. Der FEURICH-Fl\u00fcgel Mod. 218 \u2013 Concert I wurde von ihm und seiner Frau Claire Paulello konstruiert, ebenso auch die finale Version des 4. Pedals&hellip;","protected":false},"author":7,"featured_media":0,"parent":406,"menu_order":0,"comment_status":"closed","ping_status":"closed","template":"","meta":{"inline_featured_image":false,"footnotes":""},"class_list":["post-1105","page","type-page","status-publish","hentry"],"acf":[],"_links":{"self":[{"href":"https:\/\/test.feurich.com\/de\/wp-json\/wp\/v2\/pages\/1105"}],"collection":[{"href":"https:\/\/test.feurich.com\/de\/wp-json\/wp\/v2\/pages"}],"about":[{"href":"https:\/\/test.feurich.com\/de\/wp-json\/wp\/v2\/types\/page"}],"author":[{"embeddable":true,"href":"https:\/\/test.feurich.com\/de\/wp-json\/wp\/v2\/users\/7"}],"replies":[{"embeddable":true,"href":"https:\/\/test.feurich.com\/de\/wp-json\/wp\/v2\/comments?post=1105"}],"version-history":[{"count":8,"href":"https:\/\/test.feurich.com\/de\/wp-json\/wp\/v2\/pages\/1105\/revisions"}],"predecessor-version":[{"id":4631,"href":"https:\/\/test.feurich.com\/de\/wp-json\/wp\/v2\/pages\/1105\/revisions\/4631"}],"up":[{"embeddable":true,"href":"https:\/\/test.feurich.com\/de\/wp-json\/wp\/v2\/pages\/406"}],"wp:attachment":[{"href":"https:\/\/test.feurich.com\/de\/wp-json\/wp\/v2\/media?parent=1105"}],"curies":[{"name":"wp","href":"https:\/\/api.w.org\/{rel}","templated":true}]}}