{"id":1169,"date":"2017-09-26T21:38:12","date_gmt":"2017-09-26T21:38:12","guid":{"rendered":"\/?page_id=1169"},"modified":"2020-12-23T10:49:26","modified_gmt":"2020-12-23T10:49:26","slug":"fluegel-mod-162-dynamic-i","status":"publish","type":"page","link":"https:\/\/test.feurich.com\/de\/produkte\/classic-pianos\/fluegel-mod-162-dynamic-i\/","title":{"rendered":"Fl\u00fcgel Mod. 162 \u2013 Dynamic I"},"content":{"rendered":"<div class=\"wpb-content-wrapper\"><div  class=\"sec_row container\"><div class=\"vc_row wpb_row vc_row-fluid\"><div class=\"wpb_column vc_column_container vc_col-sm-12 et-dark-column\"><div class=\"vc_column-inner\"><div class=\"wpb_wrapper\">\n\t<div class=\"wpb_text_column wpb_content_element   no-bottom-margin\" >\n\t\t<div class=\"wpb_wrapper\">\n\t\t\t<p>[class_piano_menu]<\/p>\n\n\t\t<\/div>\n\t<\/div>\n\n\t<div class=\"wpb_text_column wpb_content_element  \" >\n\t\t<div class=\"wpb_wrapper\">\n\t\t\t<div class=\"as-styles-warning\" style=\"width: 450px; background-color: #FFF; color: #F00; border: 1px solid #F00; padding: 10px; font-size: 14px;\">\n\t\t\t<span style=\"font-weight: bold;\">Warning: The stylesheets were not loaded!<\/span> \n\t\t\tYou will need to change the <i>Load stylesheets<\/i> setting from <i>Automatically<\/i> to <i>On homepage<\/i> or <i>On all pages<\/i>. \n\t\t\tYou can set that <a style=\"text-decoration: underline; color: #F00;\" href=\"https:\/\/test.feurich.com\/wp-admin\/admin.php?page=accordion-slider-lite-settings\">here<\/a>.\n\t\t\t<\/div>\r\n<div id=\"accordion-slider-13\" class=\"accordion-slider as-no-js\" style=\"width: 100%px; height: 440px;\">\r\n\t<div class=\"as-panels\">\r\n\t\t\r\n\t\t<div class=\"as-panel\">\r\n\t\t\t<img loading=\"lazy\" decoding=\"async\" class=\"as-background\" src=\"\/wp-content\/uploads\/FEURICH-Mod.-162-Dynamic-I-LED.jpg\" alt=\"FEURICH, Mod. 162 Dynamic I, LED\" title=\"FEURICH, Mod. 162 Dynamic I, LED\" width=\"660\" height=\"440\" \/>\r\n\t\t<\/div>\r\n\t\t<div class=\"as-panel\">\r\n\t\t\t<img loading=\"lazy\" decoding=\"async\" class=\"as-background\" src=\"\/wp-content\/uploads\/FERUICH-Mod.-162-Dynamic-I-Angelo-Wang.jpg\" alt=\"FERUICH, Mod. 162 Dynamic I, Angelo Wang\" title=\"FERUICH, Mod. 162 Dynamic I, Angelo Wang\" width=\"601\" height=\"400\" \/>\r\n\t\t<\/div>\r\n\t\t<div class=\"as-panel\">\r\n\t\t\t<img loading=\"lazy\" decoding=\"async\" class=\"as-background\" src=\"\/wp-content\/uploads\/FEURICH-Mod.-162-Dynamic-I-Gr\u00fcnbichler_Jabr_Saleh_\u00a9Georg-Cizek-Graf.jpg\" alt=\"FEURICH, Mod. 162 Dynamic I, Gr\u00fcnbichler_Jabr_Saleh_\u00a9Georg Cizek-Graf\" title=\"FEURICH, Mod. 162 Dynamic I, Gr\u00fcnbichler_Jabr_Saleh_\u00a9Georg Cizek-Graf\" width=\"587\" height=\"440\" \/>\r\n\t\t<\/div>\r\n\t\t<div class=\"as-panel\">\r\n\t\t\t<img loading=\"lazy\" decoding=\"async\" class=\"as-background\" src=\"\/wp-content\/uploads\/FEURICH-Mod.-162-Dynamic-I-sound-board-1.jpg\" alt=\"FEURICH, Mod. 162 Dynamic I, sound board\" title=\"FEURICH, Mod. 162 Dynamic I, sound board\" width=\"660\" height=\"440\" \/>\r\n\t\t<\/div>\r\n\t\t<div class=\"as-panel\">\r\n\t\t\t<img loading=\"lazy\" decoding=\"async\" class=\"as-background\" src=\"\/wp-content\/uploads\/FEURICH-Mod.-162-Dynamic-I-cat.jpg\" alt=\"FEURICH Mod. 162 - Dynamic I, cat\" title=\"FEURICH Mod. 162 - Dynamic I, cat\" width=\"330\" height=\"440\" \/>\r\n\t\t<\/div>\r\n\t<\/div>\r\n<\/div>\n\n\t\t<\/div>\n\t<\/div>\n<\/div><\/div><\/div><\/div><\/div><div  class=\"sec_row container\"><div class=\"vc_row wpb_row vc_row-fluid\"><div class=\"wpb_column vc_column_container vc_col-sm-4 et-dark-column\"><div class=\"vc_column-inner\"><div class=\"wpb_wrapper\">\n\t<div class=\"wpb_text_column wpb_content_element   piano-title\" >\n\t\t<div class=\"wpb_wrapper\">\n\t\t\t<p>Mod. 162 \u2013 Dynamic I<\/p>\n\n\t\t<\/div>\n\t<\/div>\n\n\t<div  class=\"wpb_single_image wpb_content_element vc_align_center  vc_custom_1608720516022\">\n\t\t\n\t\t<figure class=\"wpb_wrapper vc_figure\">\n\t\t\t<a href=\"mod-162-dynamic-i-details\" target=\"_self\" class=\"vc_single_image-wrapper   vc_box_border_grey\"><img decoding=\"async\" class=\"vc_single_image-img \" src=\"https:\/\/test.feurich.com\/wp-content\/uploads\/Mod._162_-_Dynamic_I_11white_chrome-357x258.png\" width=\"357\" height=\"258\" alt=\"Mod._162_-_Dynamic_I_#11white_chrome\" title=\"Mod._162_-_Dynamic_I_#11white_chrome\" loading=\"lazy\" \/><\/a>\n\t\t<\/figure>\n\t<\/div>\n\n\t<div class=\"wpb_text_column wpb_content_element  \" >\n\t\t<div class=\"wpb_wrapper\">\n\t\t\t<p>Als einer der wenigen Fl\u00fcgel seiner Gr\u00f6\u00dfe bietet er bis in den\u00a0Bass vollen Klang,\u00a0einen au\u00dfergew\u00f6hnlichen Dynamikbereich und feine Klarheit. <a href=\"https:\/\/test.feurich.com\/de\/produkte\/classic-pianos\/fluegel-mod-162-dynamic-i\/mod-162-dynamic-i-details\/\">&gt;&gt; Details<\/a><\/p>\n\n\t\t<\/div>\n\t<\/div>\n<\/div><\/div><\/div><div class=\"wpb_column vc_column_container vc_col-sm-4 et-dark-column\"><div class=\"vc_column-inner\"><div class=\"wpb_wrapper\">\n\t<div class=\"wpb_text_column wpb_content_element   piano-title\" >\n\t\t<div class=\"wpb_wrapper\">\n\t\t\t<p>Technische Details<\/p>\n\n\t\t<\/div>\n\t<\/div>\n\n\t<div  class=\"wpb_single_image wpb_content_element vc_align_center  vc_custom_1608720510379\">\n\t\t\n\t\t<figure class=\"wpb_wrapper vc_figure\">\n\t\t\t<a href=\"mod-162-dynamic-i-details\" target=\"_self\" class=\"vc_single_image-wrapper   vc_box_border_grey\"><img decoding=\"async\" class=\"vc_single_image-img \" src=\"https:\/\/test.feurich.com\/wp-content\/uploads\/masse_162_deutsch.jpg\" width=\"357\" height=\"258\" alt=\"FEURICH Mod. 162 \u2013 Dynamic I, Ma\u00dfe deutsch\" title=\"FEURICH_Mod.162_Masse_deutsch\" loading=\"lazy\" \/><\/a>\n\t\t<\/figure>\n\t<\/div>\n\n\t<div class=\"wpb_text_column wpb_content_element  \" >\n\t\t<div class=\"wpb_wrapper\">\n\t\t\t<p>Das weltweit beliebte Unterrichts- und Korrepetitionsinstrument ist klimabest\u00e4ndig und l\u00e4sst sich perfekt stimmen. <a href=\"https:\/\/test.feurich.com\/de\/produkte\/classic-pianos\/fluegel-mod-162-dynamic-i\/mod-162-dynamic-i-details\/\">&gt;&gt; Details<\/a><\/p>\n\n\t\t<\/div>\n\t<\/div>\n<\/div><\/div><\/div><div class=\"wpb_column vc_column_container vc_col-sm-4 et-dark-column\"><div class=\"vc_column-inner\"><div class=\"wpb_wrapper\">\n\t<div class=\"wpb_text_column wpb_content_element   piano-title\" >\n\t\t<div class=\"wpb_wrapper\">\n\t\t\t<p>Video<\/p>\n\n\t\t<\/div>\n\t<\/div>\n\n\t<div class=\"wpb_text_column wpb_content_element  \" >\n\t\t<div class=\"wpb_wrapper\">\n\t\t\t<p>[feurich_vid youtube=&#8221;zYl-5Jqu8B0&#8243; youku=&#8221;XMzI4MTg4Mzg2NA==&#8221; el_class=&#8221;product-video&#8221;]<\/p>\n\n\t\t<\/div>\n\t<\/div>\n\n\t<div class=\"wpb_text_column wpb_content_element  \" >\n\t\t<div class=\"wpb_wrapper\">\n\t\t\t<p>Ton an, Video ab: Wir pr\u00e4sentieren Ihnen Klang, Details und Besonderheiten des [feurich_vid_link youtube=&#8221;zYl-5Jqu8B0&#8243; youku=&#8221;XMzI4MTg4Mzg2NA==&#8221;]FEURICH Mod. 162\u2013 Dynamic I[\/feurich_vid_link]. Pr\u00e4sentiert von Julia Siedl, Professorin am JAM Music Lab University, Wien. <a href=\"http:\/\/www.jammusiclab.com\/de\" target=\"_blank\" rel=\"noopener\">jammusiclab.com<\/a><\/p>\n\n\t\t<\/div>\n\t<\/div>\n<\/div><\/div><\/div><\/div><\/div>\n<\/div>","protected":false},"excerpt":{"rendered":"<p>Als einer der wenigen Fl\u00fcgel seiner Gr\u00f6\u00dfe (L\u00e4nge nur 162 cm) bietet er bis in den Bass vollen Klang, einen au\u00dfergew\u00f6hnlichen Dynamikbereich und feine Klarheit.<\/p>\n","protected":false},"author":4,"featured_media":2195,"parent":398,"menu_order":4,"comment_status":"closed","ping_status":"closed","template":"template-fullwidth.php","meta":{"inline_featured_image":false,"footnotes":""},"class_list":["post-1169","page","type-page","status-publish","has-post-thumbnail","hentry"],"acf":[],"_links":{"self":[{"href":"https:\/\/test.feurich.com\/de\/wp-json\/wp\/v2\/pages\/1169"}],"collection":[{"href":"https:\/\/test.feurich.com\/de\/wp-json\/wp\/v2\/pages"}],"about":[{"href":"https:\/\/test.feurich.com\/de\/wp-json\/wp\/v2\/types\/page"}],"author":[{"embeddable":true,"href":"https:\/\/test.feurich.com\/de\/wp-json\/wp\/v2\/users\/4"}],"replies":[{"embeddable":true,"href":"https:\/\/test.feurich.com\/de\/wp-json\/wp\/v2\/comments?post=1169"}],"version-history":[{"count":49,"href":"https:\/\/test.feurich.com\/de\/wp-json\/wp\/v2\/pages\/1169\/revisions"}],"predecessor-version":[{"id":48584,"href":"https:\/\/test.feurich.com\/de\/wp-json\/wp\/v2\/pages\/1169\/revisions\/48584"}],"up":[{"embeddable":true,"href":"https:\/\/test.feurich.com\/de\/wp-json\/wp\/v2\/pages\/398"}],"wp:featuredmedia":[{"embeddable":true,"href":"https:\/\/test.feurich.com\/de\/wp-json\/wp\/v2\/media\/2195"}],"wp:attachment":[{"href":"https:\/\/test.feurich.com\/de\/wp-json\/wp\/v2\/media?parent=1169"}],"curies":[{"name":"wp","href":"https:\/\/api.w.org\/{rel}","templated":true}]}}