{"id":1171,"date":"2017-09-26T21:38:38","date_gmt":"2017-09-26T21:38:38","guid":{"rendered":"\/?page_id=1171"},"modified":"2020-12-23T10:54:25","modified_gmt":"2020-12-23T10:54:25","slug":"fluegel-mod-179-dynamic-ii","status":"publish","type":"page","link":"https:\/\/test.feurich.com\/de\/produkte\/classic-pianos\/fluegel-mod-179-dynamic-ii\/","title":{"rendered":"Fl\u00fcgel Mod. 179 \u2013 Dynamic II"},"content":{"rendered":"<div class=\"wpb-content-wrapper\"><div  class=\"sec_row container\"><div class=\"vc_row wpb_row vc_row-fluid\"><div class=\"wpb_column vc_column_container vc_col-sm-12 et-dark-column\"><div class=\"vc_column-inner\"><div class=\"wpb_wrapper\">\n\t<div class=\"wpb_text_column wpb_content_element   no-bottom-margin\" >\n\t\t<div class=\"wpb_wrapper\">\n\t\t\t<p>[class_piano_menu]<\/p>\n\n\t\t<\/div>\n\t<\/div>\n\n\t<div class=\"wpb_text_column wpb_content_element  \" >\n\t\t<div class=\"wpb_wrapper\">\n\t\t\t<div class=\"as-styles-warning\" style=\"width: 450px; background-color: #FFF; color: #F00; border: 1px solid #F00; padding: 10px; font-size: 14px;\">\n\t\t\t<span style=\"font-weight: bold;\">Warning: The stylesheets were not loaded!<\/span> \n\t\t\tYou will need to change the <i>Load stylesheets<\/i> setting from <i>Automatically<\/i> to <i>On homepage<\/i> or <i>On all pages<\/i>. \n\t\t\tYou can set that <a style=\"text-decoration: underline; color: #F00;\" href=\"https:\/\/test.feurich.com\/wp-admin\/admin.php?page=accordion-slider-lite-settings\">here<\/a>.\n\t\t\t<\/div>\r\n<div id=\"accordion-slider-14\" class=\"accordion-slider as-no-js\" style=\"width: 100%px; height: 440px;\">\r\n\t<div class=\"as-panels\">\r\n\t\t\r\n\t\t<div class=\"as-panel\">\r\n\t\t\t<img loading=\"lazy\" decoding=\"async\" class=\"as-background\" src=\"\/wp-content\/uploads\/FEURICH-Mod.-179-Dynamic-II-on-the-beach.jpg\" alt=\"FEURICH Mod. 179 - Dynamic II, on the beach\" title=\"FEURICH Mod. 179 - Dynamic II, on the beach\" width=\"660\" height=\"440\" \/>\r\n\t\t<\/div>\r\n\t\t<div class=\"as-panel\">\r\n\t\t\t<img loading=\"lazy\" decoding=\"async\" class=\"as-background\" src=\"\/wp-content\/uploads\/FEURICH-Mod.-179-Dynamic-II-Museumsquartier-Vienna.jpg\" alt=\"FEURICH Mod. 179 Dynamic II, Museumsquartier Vienna\" title=\"FEURICH Mod. 179 Dynamic II, Museumsquartier Vienna\" width=\"660\" height=\"440\" \/>\r\n\t\t<\/div>\r\n\t\t<div class=\"as-panel\">\r\n\t\t\t<img loading=\"lazy\" decoding=\"async\" class=\"as-background\" src=\"https:\/\/test.feurich.com\/wp-content\/uploads\/FEURICH-Mod.-179-Dynamic-II-Billrothsaal-2-300x200.jpg\" title=\"FEURICH Mod. 179 Dynamic II, Billrothsaal 2\" width=\"300\" height=\"200\" \/>\r\n\t\t<\/div>\r\n\t\t<div class=\"as-panel\">\r\n\t\t\t<img loading=\"lazy\" decoding=\"async\" class=\"as-background\" src=\"\/wp-content\/uploads\/FEURICH-Mod.-179-Dynamic-II-on-the-beach-2-2.jpg\" alt=\"FEURICH Mod. 179 - Dynamic II, on the beach 2-2\" title=\"FEURICH Mod. 179 - Dynamic II, on the beach 2-2\" width=\"669\" height=\"440\" \/>\r\n\t\t<\/div>\r\n\t\t<div class=\"as-panel\">\r\n\t\t\t<img loading=\"lazy\" decoding=\"async\" class=\"as-background\" src=\"\/wp-content\/uploads\/FEURICH-Mod.-179-Dynamic-II-Maria-Theresia-Platz.jpg\" alt=\"FEURICH Mod. 179 - Dynamic II, Maria Theresia Platz\" title=\"FEURICH Mod. 179 - Dynamic II, Maria Theresia Platz\" width=\"302\" height=\"440\" \/>\r\n\t\t<\/div>\r\n\t\t<div class=\"as-panel\">\r\n\t\t\t<img loading=\"lazy\" decoding=\"async\" class=\"as-background\" src=\"\/wp-content\/uploads\/FEURICH-Mod.-179-Dynamic-II-Billrothsaal-1.jpg\" alt=\"FEURICH Mod. 179 Dynamic II, Billrothsaal Loreen\" title=\"FEURICH Mod. 179 Dynamic II, Billrothsaal Loreen\" width=\"293\" height=\"440\" \/>\r\n\t\t<\/div>\r\n\t<\/div>\r\n<\/div>\n\n\t\t<\/div>\n\t<\/div>\n<\/div><\/div><\/div><\/div><\/div><div  class=\"sec_row container\"><div class=\"vc_row wpb_row vc_row-fluid\"><div class=\"wpb_column vc_column_container vc_col-sm-4 et-dark-column\"><div class=\"vc_column-inner\"><div class=\"wpb_wrapper\">\n\t<div class=\"wpb_text_column wpb_content_element   piano-title\" >\n\t\t<div class=\"wpb_wrapper\">\n\t\t\t<p>Mod. 179 \u2013 Dynamic II<\/p>\n\n\t\t<\/div>\n\t<\/div>\n\n\t<div  class=\"wpb_single_image wpb_content_element vc_align_center  vc_custom_1608720834309\">\n\t\t\n\t\t<figure class=\"wpb_wrapper vc_figure\">\n\t\t\t<a href=\"mod-179-dynamic-ii-details\" target=\"_self\" class=\"vc_single_image-wrapper   vc_box_border_grey\"><img decoding=\"async\" class=\"vc_single_image-img \" src=\"https:\/\/test.feurich.com\/wp-content\/uploads\/Mod._179_-_Dynamic_II_10CHblack_chrome-357x258.png\" width=\"357\" height=\"258\" alt=\"Mod._179_-_Dynamic_II_#10CHblack_chrome\" title=\"Mod._179_-_Dynamic_II_#10CHblack_chrome\" loading=\"lazy\" \/><\/a>\n\t\t<\/figure>\n\t<\/div>\n\n\t<div class=\"wpb_text_column wpb_content_element  \" >\n\t\t<div class=\"wpb_wrapper\">\n\t\t\t<p>Die ausgefallene, sehr breite Konstruktion erlaubt einen wundersch\u00f6nen, lang anhaltenden Klang mit reinen, vollen B\u00e4ssen. <a href=\"https:\/\/test.feurich.com\/de\/produkte\/classic-pianos\/fluegel-mod-179-dynamic-ii\/mod-179-dynamic-ii-details\/\">&gt;&gt; Details<\/a><\/p>\n\n\t\t<\/div>\n\t<\/div>\n<\/div><\/div><\/div><div class=\"wpb_column vc_column_container vc_col-sm-4 et-dark-column\"><div class=\"vc_column-inner\"><div class=\"wpb_wrapper\">\n\t<div class=\"wpb_text_column wpb_content_element   piano-title\" >\n\t\t<div class=\"wpb_wrapper\">\n\t\t\t<p>Technische Details<\/p>\n\n\t\t<\/div>\n\t<\/div>\n\n\t<div  class=\"wpb_single_image wpb_content_element vc_align_center  vc_custom_1608720825376\">\n\t\t\n\t\t<figure class=\"wpb_wrapper vc_figure\">\n\t\t\t<a href=\"mod-179-dynamic-ii-details\" target=\"_self\" class=\"vc_single_image-wrapper   vc_box_border_grey\"><img decoding=\"async\" class=\"vc_single_image-img \" src=\"https:\/\/test.feurich.com\/wp-content\/uploads\/masse_179_deutsch.jpg\" width=\"357\" height=\"258\" alt=\"FEURICH Mod. 179 \u2013 Dynamic II, Ma\u00dfe Deutsch\" title=\"FEURICH_Mod.179_Masse_deutsch\" loading=\"lazy\" \/><\/a>\n\t\t<\/figure>\n\t<\/div>\n\n\t<div class=\"wpb_text_column wpb_content_element  \" >\n\t\t<div class=\"wpb_wrapper\">\n\t\t\t<p>Der neu gestaltete Gussrahmen und das verbesserte Spielwerk machen diesen Fl\u00fcgel noch besser als das Vorg\u00e4ngermodell 178. <a href=\"https:\/\/test.feurich.com\/de\/produkte\/classic-pianos\/fluegel-mod-179-dynamic-ii\/mod-179-dynamic-ii-details\/\">&gt;&gt; Details<\/a><\/p>\n\n\t\t<\/div>\n\t<\/div>\n<\/div><\/div><\/div><div class=\"wpb_column vc_column_container vc_col-sm-4 et-dark-column\"><div class=\"vc_column-inner\"><div class=\"wpb_wrapper\">\n\t<div class=\"wpb_text_column wpb_content_element   piano-title\" >\n\t\t<div class=\"wpb_wrapper\">\n\t\t\t<p>Video<\/p>\n\n\t\t<\/div>\n\t<\/div>\n\n\t<div class=\"wpb_text_column wpb_content_element  \" >\n\t\t<div class=\"wpb_wrapper\">\n\t\t\t<p>[feurich_vid youtube=&#8221;jGNT742QsDQ&#8221; youku=&#8221;XMzI4MTg4NDA2NA==&#8221; el_class=&#8221;product-video&#8221;]<\/p>\n\n\t\t<\/div>\n\t<\/div>\n\n\t<div class=\"wpb_text_column wpb_content_element  \" >\n\t\t<div class=\"wpb_wrapper\">\n\t\t\t<p>Ton an, Video ab: Wir pr\u00e4sentieren Ihnen Klang, Details und Besonderheiten des [feurich_vid_link youtube=&#8221;jGNT742QsDQ&#8221; youku=&#8221;XMzI4MTg4NDA2NA==&#8221;]FEURICH Mod. 179 \u2013 Dynamic II[\/feurich_vid_link]. Pr\u00e4sentiert von Julia Siedl, Professorin am JAM Music Lab University, Wien. <a href=\"http:\/\/www.jammusiclab.com\/de\" target=\"_blank\" rel=\"noopener\">jammusiclab.com<\/a><\/p>\n\n\t\t<\/div>\n\t<\/div>\n<\/div><\/div><\/div><\/div><\/div><div  class=\"sec_row container\"><div class=\"vc_row wpb_row vc_row-fluid\"><div class=\"wpb_column vc_column_container vc_col-sm-4 et-dark-column\"><div class=\"vc_column-inner\"><div class=\"wpb_wrapper\"><div class=\"vc_empty_space\"   style=\"height: 32px\"><span class=\"vc_empty_space_inner\"><\/span><\/div>\n\t<div class=\"wpb_text_column wpb_content_element  \" >\n\t\t<div class=\"wpb_wrapper\">\n\t\t\t<p>[feurich_vid youtube=&#8221;VxneFyWEVdQ&#8221; el_class=&#8221;product-video&#8221;]<\/p>\n\n\t\t<\/div>\n\t<\/div>\n<\/div><\/div><\/div><div class=\"wpb_column vc_column_container vc_col-sm-4 et-dark-column\"><div class=\"vc_column-inner\"><div class=\"wpb_wrapper\"><div class=\"vc_empty_space\"   style=\"height: 32px\"><span class=\"vc_empty_space_inner\"><\/span><\/div>\n\t<div class=\"wpb_text_column wpb_content_element  \" >\n\t\t<div class=\"wpb_wrapper\">\n\t\t\t<p>[feurich_vid youtube=&#8221;yy-dEHPyqro&#8221; el_class=&#8221;product-video&#8221;]<\/p>\n\n\t\t<\/div>\n\t<\/div>\n<\/div><\/div><\/div><div class=\"wpb_column vc_column_container vc_col-sm-4 et-dark-column\"><div class=\"vc_column-inner\"><div class=\"wpb_wrapper\"><div class=\"vc_empty_space\"   style=\"height: 32px\"><span class=\"vc_empty_space_inner\"><\/span><\/div>\n\t<div class=\"wpb_text_column wpb_content_element  \" >\n\t\t<div class=\"wpb_wrapper\">\n\t\t\t<p>[feurich_vid youtube=&#8221;WH-_K3fjnJY&#8221; el_class=&#8221;product-video&#8221;]<\/p>\n\n\t\t<\/div>\n\t<\/div>\n<\/div><\/div><\/div><\/div><\/div>\n<\/div>","protected":false},"excerpt":{"rendered":"<p>Die sehr breite Konstruktion erlaubt einen wundersch\u00f6nen, lang anhaltenden Klang mit reinen, vollen B\u00e4ssen. Noch besser als der Vorg\u00e4nger Mod. 178.<\/p>\n","protected":false},"author":4,"featured_media":2196,"parent":398,"menu_order":5,"comment_status":"closed","ping_status":"closed","template":"template-fullwidth.php","meta":{"inline_featured_image":false,"footnotes":""},"class_list":["post-1171","page","type-page","status-publish","has-post-thumbnail","hentry"],"acf":[],"_links":{"self":[{"href":"https:\/\/test.feurich.com\/de\/wp-json\/wp\/v2\/pages\/1171"}],"collection":[{"href":"https:\/\/test.feurich.com\/de\/wp-json\/wp\/v2\/pages"}],"about":[{"href":"https:\/\/test.feurich.com\/de\/wp-json\/wp\/v2\/types\/page"}],"author":[{"embeddable":true,"href":"https:\/\/test.feurich.com\/de\/wp-json\/wp\/v2\/users\/4"}],"replies":[{"embeddable":true,"href":"https:\/\/test.feurich.com\/de\/wp-json\/wp\/v2\/comments?post=1171"}],"version-history":[{"count":6,"href":"https:\/\/test.feurich.com\/de\/wp-json\/wp\/v2\/pages\/1171\/revisions"}],"predecessor-version":[{"id":48586,"href":"https:\/\/test.feurich.com\/de\/wp-json\/wp\/v2\/pages\/1171\/revisions\/48586"}],"up":[{"embeddable":true,"href":"https:\/\/test.feurich.com\/de\/wp-json\/wp\/v2\/pages\/398"}],"wp:featuredmedia":[{"embeddable":true,"href":"https:\/\/test.feurich.com\/de\/wp-json\/wp\/v2\/media\/2196"}],"wp:attachment":[{"href":"https:\/\/test.feurich.com\/de\/wp-json\/wp\/v2\/media?parent=1171"}],"curies":[{"name":"wp","href":"https:\/\/api.w.org\/{rel}","templated":true}]}}