{"id":1207,"date":"2017-10-01T10:19:41","date_gmt":"2017-10-01T10:19:41","guid":{"rendered":"\/?page_id=1207"},"modified":"2018-04-25T10:11:20","modified_gmt":"2018-04-25T10:11:20","slug":"mod-125-design-details","status":"publish","type":"page","link":"https:\/\/test.feurich.com\/de\/produkte\/classic-pianos\/piano-mod-125-design\/mod-125-design-details\/","title":{"rendered":"Mod. 125 &#8211; Design: Details"},"content":{"rendered":"<div class=\"wpb-content-wrapper\"><div  class=\"sec_row container\"><div class=\"vc_row wpb_row vc_row-fluid\"><div class=\"wpb_column vc_column_container vc_col-sm-12 et-dark-column\"><div class=\"vc_column-inner\"><div class=\"wpb_wrapper\">\n\t<div class=\"wpb_text_column wpb_content_element  \" >\n\t\t<div class=\"wpb_wrapper\">\n\t\t\t<p>[class_piano_menu]<\/p>\n\n\t\t<\/div>\n\t<\/div>\n\n\t<div class=\"wpb_text_column wpb_content_element   big-title\" >\n\t\t<div class=\"wpb_wrapper\">\n\t\t\t<p style=\"text-align: center;\">FEURICH Mod. 125 \u2013 Design<\/p>\n\n\t\t<\/div>\n\t<\/div>\n<\/div><\/div><\/div><\/div><\/div><div  class=\"sec_row container\"><div class=\"vc_row wpb_row vc_row-fluid\"><div class=\"wpb_column vc_column_container vc_col-sm-6 et-dark-column\"><div class=\"vc_column-inner\"><div class=\"wpb_wrapper\">\n\t<div class=\"wpb_text_column wpb_content_element  \" >\n\t\t<div class=\"wpb_wrapper\">\n\t\t\t<div class=\"wonderplugingallery-container\" id=\"wonderplugingallery-container-3\" style=\"max-width:550px;margin:0 auto;\"><div class=\"wonderplugingallery\" id=\"wonderplugingallery-3\" data-galleryid=\"3\" data-width=\"550\" data-height=\"400\" data-skin=\"gallerywithtext\" data-random=\"false\" data-autoslide=\"false\" data-autoplayvideo=\"false\" data-schemamarkup=\"false\" data-stopallplaying=\"false\" data-hidetitlewhenvideoisplaying=\"false\" data-disablehovereventontouch=\"false\" data-autoslideandplayafterfirstplayed=\"false\" data-html5player=\"true\" data-responsive=\"true\" data-fullwidth=\"false\" data-showtitle=\"true\" data-showdescription=\"true\" data-showplaybutton=\"false\" data-showfullscreenbutton=\"true\" data-showtimer=\"false\" data-showcarousel=\"true\" data-galleryshadow=\"false\" data-slideshadow=\"false\" data-thumbshowtitle=\"false\" data-thumbshadow=\"false\" data-lightboxshowtitle=\"true\" data-lightboxshowdescription=\"true\" data-specifyid=\"true\" data-donotinit=\"false\" data-addinitscript=\"true\" data-triggerresize=\"false\" data-thumbcolumnsresponsive=\"false\" data-showimgtitle=\"false\" data-titlesmallscreen=\"false\" data-initsocial=\"true\" data-showsocial=\"false\" data-showemail=\"false\" data-showfacebook=\"true\" data-showtwitter=\"true\" data-showpinterest=\"true\" data-socialrotateeffect=\"true\" data-doshortcodeontext=\"false\" data-duration=\"1500\" data-slideduration=\"1000\" data-slideshowinterval=\"6000\" data-googleanalyticsaccount=\"\" data-resizemode=\"fill\" data-imagetoolboxmode=\"hide\" data-effect=\"fadeinout\" data-padding=\"12\" data-bgcolor=\"\" data-bgimage=\"\" data-thumbwidth=\"54\" data-thumbheight=\"42\" data-thumbgap=\"8\" data-thumbrowgap=\"16\" data-lightboxtextheight=\"72\" data-lightboxtitlecss=\"{color:#333333; font:bold 12px Arial,Helvetica,sans-serif; overflow:hidden; white-space:normal; line-height:18px;}\" data-lightboxdescriptioncss=\"{color:#333333; font:normal 12px Arial,Helvetica,sans-serif; overflow:hidden; white-space:normal; line-height:14px;}\" data-titlecss=\"{color:#333;font-size:14px;font-family:Armata,sans-serif,Arial;overflow:hidden;text-align:center;padding:16px 8px 4px 8px;display:none}\" data-descriptioncss=\"{color:#333;font-size:14px;font-family:Arial,Helvetica,sans-serif;overflow:hidden;text-align:center;padding:4px 8px; padding-top: 15px;}\" data-titleheight=\"35\" data-titlesmallscreenwidth=\"640\" data-titleheightsmallscreen=\"148\" data-socialmode=\"mouseover\" data-socialposition=\"position:absolute;top:8px;right:8px;\" data-socialpositionlightbox=\"position:absolute;top:8px;right:8px;\" data-socialdirection=\"horizontal\" data-socialbuttonsize=\"32\" data-socialbuttonfontsize=\"18\" data-triggerresizedelay=\"100\" data-thumbmediumsize=\"800\" data-thumbsmallsize=\"480\" data-thumbmediumwidth=\"64\" data-thumbmediumheight=\"64\" data-thumbsmallwidth=\"48\" data-thumbsmallheight=\"48\" data-imgtitle=\"title\" data-jsfolder=\"https:\/\/test.feurich.com\/wp-content\/plugins\/wonderplugin-gallery\/engine\/\" style=\"display:none;\" ><a href=\"https:\/\/www.feurich.com\/wp-content\/uploads\/Mod._125_-_Design_10black_chrome-1.png\" data-mediatype=1><img decoding=\"async\" class=\"html5galleryimg\" src=\"https:\/\/www.feurich.com\/wp-content\/uploads\/Mod._125_-_Design_10black_chrome-1-1024x768.png\" alt=\"Mod._125_-_Design_#10black_chrome\" data-description=\"Schwarz poliert - Chrom\"><\/a><a href=\"https:\/\/www.feurich.com\/wp-content\/uploads\/Mod._125_-_Design_10black_brass.png\" data-mediatype=1><img decoding=\"async\" class=\"html5galleryimg\" src=\"https:\/\/www.feurich.com\/wp-content\/uploads\/Mod._125_-_Design_10black_brass-1024x768.png\" alt=\"Mod._125_-_Design_#10black_brass\" data-description=\"Schwarz poliert - Messing\"><\/a><div class=\"wonderplugin-engine\"><a href=\"http:\/\/www.wonderplugin.com\/wordpress-gallery\/\" title=\"WordPress YouTube Gallery Plugin\">WordPress YouTube Gallery Plugin<\/a><\/div><\/div><\/div><script>jQuery(document).ready(function(){jQuery(\".wonderplugin-engine\").css({display:\"none\"});jQuery(\".wonderplugingallery\").wonderplugingallery({forceinit:true});});<\/script>\n\n\t\t<\/div>\n\t<\/div>\n<\/div><\/div><\/div><div class=\"wpb_column vc_column_container vc_col-sm-6 et-dark-column\"><div class=\"vc_column-inner\"><div class=\"wpb_wrapper\">\n\t<div class=\"wpb_text_column wpb_content_element  \" >\n\t\t<div class=\"wpb_wrapper\">\n\t\t\t<p>Das FEURICH Mod. 125 \u2013 Design ist die gr\u00f6\u00dfere, technisch aufw\u00e4ndigere Version unseres Topsellers Mod. 122 \u2013 Universal. Punktgenaue CNC-Fr\u00e4sungen sowie eine Duplex-Skala sorgen f\u00fcr noch bessere Saitenschwingungen und obertonreichen Klang. Das ausgefallene Geh\u00e4use-Design und die wundersch\u00f6ne Verarbeitung machen das FEURICH Mod. 125 \u2013 Design zum <strong>Blickfang in jedem Musikzimmer<\/strong>.<\/p>\n<p>Das einzigartige FEURICH-Spielwerkdesign und eine \u00e4hnliche Tastengewichtung wie beim Fl\u00fcgel erm\u00f6glichen einen exakten Anschlag auch im Pianissimo und eine bemerkenswert schnelle Repetition. FEURICH-Spezialfilze aus England sowie Klaviatur und Mechanik aus \u00f6sterreichischem Vollholz runden das Profil ab. <strong>Dieses Instrument stellt selbst anspruchsvollste PianistInnen zufrieden.<\/strong><\/p>\n<p>\u2022 Duplex-Skalierung f\u00fcr eine einmalige Brillanz und Glanz im Diskant<br \/>\n\u2022 CNC-gefr\u00e4ste Silienagraffen f\u00fcr besondere Reinheit im Basssegment<br \/>\n\u2022 <a href=\"http:\/\/filzfabrik-wurzen.de\/produkte\/filze-fuer-musikinstrumente\/\">Wurzen AA Qualit\u00e4t Hammerkopffilze<\/a><br \/>\n\u2022 schwarzer Tastenbelag aus Holz f\u00fcr ein besonders authentisches Spielgef\u00fchl<br \/>\n\u2022 elegantes Geh\u00e4usedesign und Tastenklappenbremse<br \/>\n\u2022 zus\u00e4tzliche Beinfreiheit unter der Klaviatur (65 cm)<br \/>\n\u2022 FEURICH Moderator-Pedal f\u00fcr ruhigen Spielmodus \u2013 bei sensiblen Nachbarn!<\/p>\n<p>Unser Mod. 125 \u2013 Design ist in Schwarz mit Intarsien in Messing oder Chrom erh\u00e4ltlich und kann zus\u00e4tzlich mit dem <a href=\"https:\/\/test.feurich.com\/de\/innovationen\/silencer\/\">FEURICH Silencer System<\/a> ausgestattet werden. Sie wollen mehr \u00fcber dieses Instrument erfahren? Wir freuen uns auf Ihre <a href=\"https:\/\/test.feurich.com\/de\/information-kontakt\/kontakt\/\">Kontaktaufnahme!<\/a><\/p>\n\n\t\t<\/div>\n\t<\/div>\n<\/div><\/div><\/div><\/div><\/div><div  class=\"sec_row container\"><div class=\"vc_row wpb_row vc_row-fluid\"><div class=\"wpb_column vc_column_container vc_col-sm-12 et-dark-column\"><div class=\"vc_column-inner\"><div class=\"wpb_wrapper\">\n<div class=\"vc_grid-container-wrapper vc_clearfix vc_grid-animation-zoomIn\">\n\t<div class=\"vc_grid-container vc_clearfix wpb_content_element vc_masonry_media_grid\" data-initial-loading-animation=\"zoomIn\" data-vc-grid-settings=\"{&quot;page_id&quot;:1207,&quot;style&quot;:&quot;all-masonry&quot;,&quot;action&quot;:&quot;vc_get_vc_grid_data&quot;,&quot;shortcode_id&quot;:&quot;1524651052688-4170d92b-6018-2&quot;,&quot;tag&quot;:&quot;vc_masonry_media_grid&quot;}\" data-vc-request=\"https:\/\/test.feurich.com\/wp-admin\/admin-ajax.php?lang=de\" data-vc-post-id=\"1207\" data-vc-public-nonce=\"841c802f15\">\n\t\t\n\t<\/div>\n<\/div><\/div><\/div><\/div><\/div><\/div><div  class=\"sec_row container\"><div class=\"vc_row wpb_row vc_row-fluid\"><div class=\"wpb_column vc_column_container vc_col-sm-4 et-dark-column\"><div class=\"vc_column-inner\"><div class=\"wpb_wrapper\">\n\t<div class=\"wpb_text_column wpb_content_element  \" >\n\t\t<div class=\"wpb_wrapper\">\n\t\t\t<h3><a href=\"\/wp-content\/uploads\/Infoblatt-FEURICH-Mod-125-Design.pdf\" target=\"_blank\" rel=\"noopener\">Infoblatt herunterladen<\/a><\/h3>\n\n\t\t<\/div>\n\t<\/div>\n\n\t<div  class=\"wpb_single_image wpb_content_element vc_align_left\">\n\t\t\n\t\t<figure class=\"wpb_wrapper vc_figure\">\n\t\t\t<a href=\"\/wp-content\/uploads\/Infoblatt-FEURICH-Mod-125-Design.pdf\" target=\"_blank\" class=\"vc_single_image-wrapper   vc_box_border_grey\"><img loading=\"lazy\" decoding=\"async\" width=\"360\" height=\"260\" src=\"https:\/\/test.feurich.com\/wp-content\/uploads\/Infoblatt-FEURICH-Mod-125-Design-1-1.jpg\" class=\"vc_single_image-img attachment-thumbnail\" alt=\"Infoblatt FEURICH Mod 125 - Design-1\" title=\"Infoblatt FEURICH Mod 125 - Design-1\" srcset=\"https:\/\/test.feurich.com\/wp-content\/uploads\/Infoblatt-FEURICH-Mod-125-Design-1-1.jpg 360w, https:\/\/test.feurich.com\/wp-content\/uploads\/Infoblatt-FEURICH-Mod-125-Design-1-1-300x217.jpg 300w\" sizes=\"(max-width: 360px) 100vw, 360px\" \/><\/a>\n\t\t<\/figure>\n\t<\/div>\n<\/div><\/div><\/div><div class=\"wpb_column vc_column_container vc_col-sm-4 et-dark-column\"><div class=\"vc_column-inner\"><div class=\"wpb_wrapper\">\n\t<div class=\"wpb_text_column wpb_content_element  \" >\n\t\t<div class=\"wpb_wrapper\">\n\t\t\t<h3>Produktvideo<\/h3>\n\n\t\t<\/div>\n\t<\/div>\n\n\t<div class=\"wpb_text_column wpb_content_element  \" >\n\t\t<div class=\"wpb_wrapper\">\n\t\t\t<p>[feurich_vid youtube=&#8221;sIvazphBpqk&#8221; youku=&#8221;XMzI4MTMzNzIwNA==&#8221; el_class=&#8221;product-video&#8221;]<\/p>\n\n\t\t<\/div>\n\t<\/div>\n<\/div><\/div><\/div><div class=\"wpb_column vc_column_container vc_col-sm-4 et-dark-column\"><div class=\"vc_column-inner\"><div class=\"wpb_wrapper\">\n\t<div class=\"wpb_text_column wpb_content_element  \" >\n\t\t<div class=\"wpb_wrapper\">\n\t\t\t<h3 style=\"text-align: left;\">Abmessungen<\/h3>\n\n\t\t<\/div>\n\t<\/div>\n\n\t<div  class=\"wpb_single_image wpb_content_element vc_align_left\">\n\t\t\n\t\t<figure class=\"wpb_wrapper vc_figure\">\n\t\t\t<div class=\"vc_single_image-wrapper   vc_box_border_grey\"><img decoding=\"async\" class=\"vc_single_image-img \" src=\"https:\/\/test.feurich.com\/wp-content\/uploads\/masse_125_deutsch.jpg\" width=\"357\" height=\"258\" alt=\"FEURICH Mod. 125 Ma\u00dfe deutsch\" title=\"FEURICH Mod.125 Masse deutsch\" loading=\"lazy\" \/><\/div>\n\t\t<\/figure>\n\t<\/div>\n<\/div><\/div><\/div><\/div><\/div>\n<\/div>","protected":false},"excerpt":{"rendered":"<p>Wundersch\u00f6ne Verarbeitung und und technische Finesse machen das FEURICH Mod. 125 \u2013 Design zum Blickfang f\u00fcr anspruchsvolle Pianisten.<\/p>\n","protected":false},"author":7,"featured_media":0,"parent":792,"menu_order":0,"comment_status":"closed","ping_status":"closed","template":"","meta":{"inline_featured_image":false,"footnotes":""},"class_list":["post-1207","page","type-page","status-publish","hentry"],"acf":[],"_links":{"self":[{"href":"https:\/\/test.feurich.com\/de\/wp-json\/wp\/v2\/pages\/1207"}],"collection":[{"href":"https:\/\/test.feurich.com\/de\/wp-json\/wp\/v2\/pages"}],"about":[{"href":"https:\/\/test.feurich.com\/de\/wp-json\/wp\/v2\/types\/page"}],"author":[{"embeddable":true,"href":"https:\/\/test.feurich.com\/de\/wp-json\/wp\/v2\/users\/7"}],"replies":[{"embeddable":true,"href":"https:\/\/test.feurich.com\/de\/wp-json\/wp\/v2\/comments?post=1207"}],"version-history":[{"count":33,"href":"https:\/\/test.feurich.com\/de\/wp-json\/wp\/v2\/pages\/1207\/revisions"}],"predecessor-version":[{"id":14470,"href":"https:\/\/test.feurich.com\/de\/wp-json\/wp\/v2\/pages\/1207\/revisions\/14470"}],"up":[{"embeddable":true,"href":"https:\/\/test.feurich.com\/de\/wp-json\/wp\/v2\/pages\/792"}],"wp:attachment":[{"href":"https:\/\/test.feurich.com\/de\/wp-json\/wp\/v2\/media?parent=1207"}],"curies":[{"name":"wp","href":"https:\/\/api.w.org\/{rel}","templated":true}]}}