{"id":1264,"date":"2017-10-01T15:54:30","date_gmt":"2017-10-01T15:54:30","guid":{"rendered":"\/?page_id=1264"},"modified":"2022-02-24T12:39:47","modified_gmt":"2022-02-24T12:39:47","slug":"mod-179-dynamic-ii-details","status":"publish","type":"page","link":"https:\/\/test.feurich.com\/de\/produkte\/classic-pianos\/fluegel-mod-179-dynamic-ii\/mod-179-dynamic-ii-details\/","title":{"rendered":"Mod. 179 &#8211; Dynamic II: Details"},"content":{"rendered":"<div class=\"wpb-content-wrapper\"><div  class=\"sec_row container\"><div class=\"vc_row wpb_row vc_row-fluid\"><div class=\"wpb_column vc_column_container vc_col-sm-12 et-dark-column\"><div class=\"vc_column-inner\"><div class=\"wpb_wrapper\">\n\t<div class=\"wpb_text_column wpb_content_element  \" >\n\t\t<div class=\"wpb_wrapper\">\n\t\t\t<p>[class_piano_menu]<\/p>\n\n\t\t<\/div>\n\t<\/div>\n\n\t<div class=\"wpb_text_column wpb_content_element   big-title\" >\n\t\t<div class=\"wpb_wrapper\">\n\t\t\t<p style=\"text-align: center;\">FEURICH Mod. 179 \u2013 Dynamic II<\/p>\n\n\t\t<\/div>\n\t<\/div>\n<\/div><\/div><\/div><\/div><\/div><div  class=\"sec_row container\"><div class=\"vc_row wpb_row vc_row-fluid\"><div class=\"wpb_column vc_column_container vc_col-sm-6 et-dark-column\"><div class=\"vc_column-inner\"><div class=\"wpb_wrapper\">\n\t<div class=\"wpb_text_column wpb_content_element  \" >\n\t\t<div class=\"wpb_wrapper\">\n\t\t\t<div class=\"wonderplugingallery-container\" id=\"wonderplugingallery-container-7\" style=\"max-width:550px;margin:0 auto;\"><div class=\"wonderplugingallery\" id=\"wonderplugingallery-7\" data-galleryid=\"7\" data-width=\"550\" data-height=\"400\" data-skin=\"gallerywithtext\" data-random=\"false\" data-autoslide=\"false\" data-autoplayvideo=\"false\" data-schemamarkup=\"false\" data-stopallplaying=\"false\" data-hidetitlewhenvideoisplaying=\"false\" data-disablehovereventontouch=\"false\" data-autoslideandplayafterfirstplayed=\"false\" data-html5player=\"true\" data-responsive=\"true\" data-fullwidth=\"false\" data-showtitle=\"true\" data-showdescription=\"true\" data-showplaybutton=\"false\" data-showfullscreenbutton=\"true\" data-showtimer=\"false\" data-showcarousel=\"true\" data-galleryshadow=\"false\" data-slideshadow=\"false\" data-thumbshowtitle=\"false\" data-thumbshadow=\"false\" data-lightboxshowtitle=\"true\" data-lightboxshowdescription=\"true\" data-specifyid=\"true\" data-donotinit=\"false\" data-addinitscript=\"true\" data-triggerresize=\"false\" data-thumbcolumnsresponsive=\"false\" data-showimgtitle=\"false\" data-titlesmallscreen=\"false\" data-initsocial=\"true\" data-showsocial=\"false\" data-showemail=\"false\" data-showfacebook=\"true\" data-showtwitter=\"true\" data-showpinterest=\"true\" data-socialrotateeffect=\"true\" data-doshortcodeontext=\"false\" data-duration=\"1500\" data-slideduration=\"1000\" data-slideshowinterval=\"6000\" data-googleanalyticsaccount=\"\" data-resizemode=\"fill\" data-imagetoolboxmode=\"hide\" data-effect=\"fadeinout\" data-padding=\"12\" data-bgcolor=\"\" data-bgimage=\"\" data-thumbwidth=\"54\" data-thumbheight=\"42\" data-thumbgap=\"8\" data-thumbrowgap=\"16\" data-lightboxtextheight=\"72\" data-lightboxtitlecss=\"{color:#333333; font:bold 12px Arial,Helvetica,sans-serif; overflow:hidden; white-space:normal; line-height:18px;}\" data-lightboxdescriptioncss=\"{color:#333333; font:normal 12px Arial,Helvetica,sans-serif; overflow:hidden; white-space:normal; line-height:14px;}\" data-titlecss=\"{color:#333;font-size:14px;font-family:Armata,sans-serif,Arial;overflow:hidden;text-align:center;padding:16px 8px 4px 8px;display:none}\" data-descriptioncss=\"{color:#333;font-size:14px;font-family:Arial,Helvetica,sans-serif;overflow:hidden;text-align:center;padding:4px 8px; padding-top: 15px;}\" data-titleheight=\"35\" data-titlesmallscreenwidth=\"640\" data-titleheightsmallscreen=\"148\" data-socialmode=\"mouseover\" data-socialposition=\"position:absolute;top:8px;right:8px;\" data-socialpositionlightbox=\"position:absolute;top:8px;right:8px;\" data-socialdirection=\"horizontal\" data-socialbuttonsize=\"32\" data-socialbuttonfontsize=\"18\" data-triggerresizedelay=\"100\" data-thumbmediumsize=\"800\" data-thumbsmallsize=\"480\" data-thumbmediumwidth=\"64\" data-thumbmediumheight=\"64\" data-thumbsmallwidth=\"48\" data-thumbsmallheight=\"48\" data-imgtitle=\"title\" data-jsfolder=\"https:\/\/test.feurich.com\/wp-content\/plugins\/wonderplugin-gallery\/engine\/\" style=\"display:none;\" ><a href=\"https:\/\/www.feurich.com\/wp-content\/uploads\/Mod._179_-_Dynamic_II_10black_brass.png\" data-mediatype=1><img decoding=\"async\" class=\"html5galleryimg\" src=\"https:\/\/www.feurich.com\/wp-content\/uploads\/Mod._179_-_Dynamic_II_10black_brass.png\" alt=\"Mod._179_-_Dynamic_II_#10black_brass\" data-description=\"Schwarz poliert - Messing\"><\/a><a href=\"https:\/\/www.feurich.com\/wp-content\/uploads\/Mod._179_-_Dynamic_II_10CHblack_chrome-1.png\" data-mediatype=1><img decoding=\"async\" class=\"html5galleryimg\" src=\"https:\/\/www.feurich.com\/wp-content\/uploads\/Mod._179_-_Dynamic_II_10CHblack_chrome-1.png\" alt=\"Mod._179_-_Dynamic_II_#10CHblack_chrome\" data-description=\"Schwarz poliert - Chrom\"><\/a><a href=\"https:\/\/www.feurich.com\/wp-content\/uploads\/Mod._179_-_Dynamic_II_11CHwhite_chrome.png\" data-mediatype=1><img decoding=\"async\" class=\"html5galleryimg\" src=\"https:\/\/www.feurich.com\/wp-content\/uploads\/Mod._179_-_Dynamic_II_11CHwhite_chrome.png\" alt=\"Mod._179_-_Dynamic_II_#11CHwhite_chrome\" data-description=\"Wei\u00df poliert \u2013 Chrom\"><\/a><a href=\"https:\/\/www.feurich.com\/wp-content\/uploads\/Mod._179_-_Dynamic_II_11white_bass.png\" data-mediatype=1><img decoding=\"async\" class=\"html5galleryimg\" src=\"https:\/\/www.feurich.com\/wp-content\/uploads\/Mod._179_-_Dynamic_II_11white_bass.png\" alt=\"Mod._179_-_Dynamic_II_#11white_bass\" data-description=\"Wei\u00df poliert \u2013 Messing\"><\/a><a href=\"https:\/\/www.feurich.com\/wp-content\/uploads\/Mod._179_-_Dynamic_II_14_bordeaux_polished.png\" data-mediatype=1><img decoding=\"async\" class=\"html5galleryimg\" src=\"https:\/\/www.feurich.com\/wp-content\/uploads\/Mod._179_-_Dynamic_II_14_bordeaux_polished.png\" alt=\"Mod._179_-_Dynamic_II_#14_bordeaux_polished\" data-description=\"Bordeaux poliert\"><\/a><a href=\"https:\/\/www.feurich.com\/wp-content\/uploads\/Mod.-179-Dynamic-II-walnut-satin.png\" data-mediatype=1><img decoding=\"async\" class=\"html5galleryimg\" src=\"https:\/\/www.feurich.com\/wp-content\/uploads\/Mod.-179-Dynamic-II-walnut-satin-1024x768.png\" alt=\"Mod. 179 - Dynamic II, walnut satin\" data-description=\"Nuss satiniert\"><\/a><div class=\"wonderplugin-engine\"><a href=\"http:\/\/www.wonderplugin.com\/wordpress-gallery\/\" title=\"WordPress YouTube Gallery Plugin\">WordPress YouTube Gallery Plugin<\/a><\/div><\/div><\/div><script>jQuery(document).ready(function(){jQuery(\".wonderplugin-engine\").css({display:\"none\"});jQuery(\".wonderplugingallery\").wonderplugingallery({forceinit:true});});<\/script>\n\n\t\t<\/div>\n\t<\/div>\n<\/div><\/div><\/div><div class=\"wpb_column vc_column_container vc_col-sm-6 et-dark-column\"><div class=\"vc_column-inner\"><div class=\"wpb_wrapper\">\n\t<div class=\"wpb_text_column wpb_content_element  \" >\n\t\t<div class=\"wpb_wrapper\">\n\t\t\t<p>Das Modell 179 \u2013 Dynamic II ist ein kraftvoller, ausgewogener Fl\u00fcgel mit einem vielf\u00e4ltigen, sehr lang anhaltenden Ton. Der neue Gussrahmen und das optimierte Spielwerk machen ihn noch besser als das Vorg\u00e4ngermodell 178, <a href=\"https:\/\/www.diapasonmag.fr\/\" target=\"_blank\" rel=\"noopener\">Gewinner<\/a> des <strong>Diapason<\/strong>-Preises <a href=\"https:\/\/test.feurich.com\/de\/referenzen\/auszeichnungen\/\">\u201eBester Fl\u00fcgel unter 30.000 Euro\u201c<\/a>. Die brilliante Klangperformance hat sich in vielen kleineren Konzerthallen rund um die Welt bew\u00e4hrt.<\/p>\n<p>Die sehr breite Konstruktion mit ausgedehnter Resonanzbodenfl\u00e4che erzeugt den wundersch\u00f6nen, lang anhaltenden Klang mit reinen, vollen B\u00e4ssen. Der klimafest schichtverleimte Stimmstock in Kombination mit einer CNC-bearbeiteten Gussplatte sorgt f\u00fcr ausgezeichnete Stimmhaltung und der innovative Paulello Saitendraht verbessert Klang und Langlebigkeit deutlich.<\/p>\n<p>\u2022 erweiterte Resonanzbodenfl\u00e4che f\u00fcr au\u00dfergew\u00f6hnlich vollen, harmonischen Klang<br \/>\n\u2022 Duplex-Skalierung f\u00fcr eine einmalige Brillanz im Diskant<br \/>\n\u2022 klimabest\u00e4ndiger mehrschichtiger Stimmstock und rostfreier Paulello Saitendraht<br \/>\n\u2022 innovatives FEURICH-Spielwerk f\u00fcr einen schnellen, pr\u00e4zisen Anschlag<br \/>\n\u2022 <a href=\"http:\/\/filzfabrik-wurzen.de\/produkte\/filze-fuer-musikinstrumente\/\">Wurzen AA Qualit\u00e4t Hammerkopffilze<\/a><br \/>\n\u2022 schwarzer Tastenbelag aus Holz f\u00fcr ein besonders authentisches Spielgef\u00fchl<br \/>\n\u2022 FEURICH Notenpult mit integrierter Blendschutz-LED-Lampe (nur bei Modellen in Schwarz oder Wei\u00df)<\/p>\n<p>Der Mod. 179 \u2013 Dynamic II ist in verschiedenen Farben erh\u00e4ltlich und kann zus\u00e4tzlich mit dem\u00a0 <a href=\"https:\/\/test.feurich.com\/de\/innovationen\/silencer\/\">FEURICH Silencer System<\/a> ausgestattet werden. Sie wollen mehr \u00fcber dieses Instrument erfahren? Wir freuen uns auf Ihre <a href=\"https:\/\/test.feurich.com\/de\/information-kontakt\/kontakt\/\">Kontaktaufnahme!<\/a><\/p>\n\n\t\t<\/div>\n\t<\/div>\n<\/div><\/div><\/div><\/div><\/div><div  class=\"sec_row container\"><div class=\"vc_row wpb_row vc_row-fluid\"><div class=\"wpb_column vc_column_container vc_col-sm-12 et-dark-column\"><div class=\"vc_column-inner\"><div class=\"wpb_wrapper\">\n<div class=\"vc_grid-container-wrapper vc_clearfix vc_grid-animation-zoomIn\">\n\t<div class=\"vc_grid-container vc_clearfix wpb_content_element vc_masonry_media_grid\" data-initial-loading-animation=\"zoomIn\" data-vc-grid-settings=\"{&quot;page_id&quot;:1264,&quot;style&quot;:&quot;all-masonry&quot;,&quot;action&quot;:&quot;vc_get_vc_grid_data&quot;,&quot;shortcode_id&quot;:&quot;1549457005681-80bc582b4ab5a41e69b0dd7426454a7a-0&quot;,&quot;tag&quot;:&quot;vc_masonry_media_grid&quot;}\" data-vc-request=\"https:\/\/test.feurich.com\/wp-admin\/admin-ajax.php?lang=de\" data-vc-post-id=\"1264\" data-vc-public-nonce=\"d30a43aaab\">\n\t\t\n\t<\/div>\n<\/div><\/div><\/div><\/div><\/div><\/div><div  class=\"sec_row container\"><div class=\"vc_row wpb_row vc_row-fluid\"><div class=\"wpb_column vc_column_container vc_col-sm-4 et-dark-column\"><div class=\"vc_column-inner\"><div class=\"wpb_wrapper\">\n\t<div class=\"wpb_text_column wpb_content_element  \" >\n\t\t<div class=\"wpb_wrapper\">\n\t\t\t<h3><a href=\"\/wp-content\/uploads\/Infoblatt-FEURICH-Mod-179-Dynamic-II.pdf\" target=\"_blank\" rel=\"noopener\">Infoblatt herunterladen<\/a><\/h3>\n\n\t\t<\/div>\n\t<\/div>\n\n\t<div  class=\"wpb_single_image wpb_content_element vc_align_left\">\n\t\t\n\t\t<figure class=\"wpb_wrapper vc_figure\">\n\t\t\t<a href=\"\/wp-content\/uploads\/Infoblatt-FEURICH-Mod-179-Dynamic-II.pdf\" target=\"_blank\" class=\"vc_single_image-wrapper   vc_box_border_grey\"><img loading=\"lazy\" decoding=\"async\" width=\"360\" height=\"260\" src=\"https:\/\/test.feurich.com\/wp-content\/uploads\/Infoblatt-FEURICH-Mod-179-Dynamic-II-1-1.jpg\" class=\"vc_single_image-img attachment-thumbnail\" alt=\"Infoblatt FEURICH Mod 179 - Dynamic II-1\" title=\"Infoblatt FEURICH Mod 179 - Dynamic II-1\" srcset=\"https:\/\/test.feurich.com\/wp-content\/uploads\/Infoblatt-FEURICH-Mod-179-Dynamic-II-1-1.jpg 360w, https:\/\/test.feurich.com\/wp-content\/uploads\/Infoblatt-FEURICH-Mod-179-Dynamic-II-1-1-300x217.jpg 300w\" sizes=\"(max-width: 360px) 100vw, 360px\" \/><\/a>\n\t\t<\/figure>\n\t<\/div>\n<\/div><\/div><\/div><div class=\"wpb_column vc_column_container vc_col-sm-4 et-dark-column\"><div class=\"vc_column-inner\"><div class=\"wpb_wrapper\">\n\t<div class=\"wpb_text_column wpb_content_element  \" >\n\t\t<div class=\"wpb_wrapper\">\n\t\t\t<h3>Produktvideo<\/h3>\n\n\t\t<\/div>\n\t<\/div>\n\n\t<div class=\"wpb_text_column wpb_content_element  \" >\n\t\t<div class=\"wpb_wrapper\">\n\t\t\t<p>[feurich_vid youtube=&#8221;J82GBNBBAZc&#8221; youku=&#8221;XMzg2MDg0MjMzMg==&#8221;]<\/p>\n\n\t\t<\/div>\n\t<\/div>\n<\/div><\/div><\/div><div class=\"wpb_column vc_column_container vc_col-sm-4 et-dark-column\"><div class=\"vc_column-inner\"><div class=\"wpb_wrapper\">\n\t<div class=\"wpb_text_column wpb_content_element  \" >\n\t\t<div class=\"wpb_wrapper\">\n\t\t\t<h3>Abmessungen<\/h3>\n\n\t\t<\/div>\n\t<\/div>\n\n\t<div  class=\"wpb_single_image wpb_content_element vc_align_left\">\n\t\t\n\t\t<figure class=\"wpb_wrapper vc_figure\">\n\t\t\t<div class=\"vc_single_image-wrapper   vc_box_border_grey\"><img decoding=\"async\" class=\"vc_single_image-img \" src=\"https:\/\/test.feurich.com\/wp-content\/uploads\/masse_179_deutsch.jpg\" width=\"357\" height=\"258\" alt=\"FEURICH Mod. 179 \u2013 Dynamic II, Ma\u00dfe Deutsch\" title=\"FEURICH_Mod.179_Masse_deutsch\" loading=\"lazy\" \/><\/div>\n\t\t<\/figure>\n\t<\/div>\n<\/div><\/div><\/div><\/div><\/div>\n<\/div>","protected":false},"excerpt":{"rendered":"<p>Das FEURICH Mod. 179 \u2013 Dynamic II ist ein kraftvoller, ausgewogener Fl\u00fcgel mit einem vielf\u00e4ltigen, lang anhaltenden Ton und vollen B\u00e4ssen.<\/p>\n","protected":false},"author":7,"featured_media":0,"parent":1171,"menu_order":0,"comment_status":"closed","ping_status":"closed","template":"","meta":{"inline_featured_image":false,"footnotes":""},"class_list":["post-1264","page","type-page","status-publish","hentry"],"acf":[],"_links":{"self":[{"href":"https:\/\/test.feurich.com\/de\/wp-json\/wp\/v2\/pages\/1264"}],"collection":[{"href":"https:\/\/test.feurich.com\/de\/wp-json\/wp\/v2\/pages"}],"about":[{"href":"https:\/\/test.feurich.com\/de\/wp-json\/wp\/v2\/types\/page"}],"author":[{"embeddable":true,"href":"https:\/\/test.feurich.com\/de\/wp-json\/wp\/v2\/users\/7"}],"replies":[{"embeddable":true,"href":"https:\/\/test.feurich.com\/de\/wp-json\/wp\/v2\/comments?post=1264"}],"version-history":[{"count":31,"href":"https:\/\/test.feurich.com\/de\/wp-json\/wp\/v2\/pages\/1264\/revisions"}],"predecessor-version":[{"id":57725,"href":"https:\/\/test.feurich.com\/de\/wp-json\/wp\/v2\/pages\/1264\/revisions\/57725"}],"up":[{"embeddable":true,"href":"https:\/\/test.feurich.com\/de\/wp-json\/wp\/v2\/pages\/1171"}],"wp:attachment":[{"href":"https:\/\/test.feurich.com\/de\/wp-json\/wp\/v2\/media?parent=1264"}],"curies":[{"name":"wp","href":"https:\/\/api.w.org\/{rel}","templated":true}]}}