{"id":1325,"date":"2017-10-02T10:58:22","date_gmt":"2017-10-02T10:58:22","guid":{"rendered":"\/?page_id=1325"},"modified":"2021-12-06T16:13:11","modified_gmt":"2021-12-06T16:13:11","slug":"silencer-systeme","status":"publish","type":"page","link":"https:\/\/test.feurich.com\/de\/produkte\/zubehoer\/silencer-systeme\/","title":{"rendered":"Silencer-Systeme"},"content":{"rendered":"<div class=\"wpb-content-wrapper\"><div  class=\"sec_row container\"><div class=\"vc_row wpb_row vc_row-fluid\"><div class=\"wpb_column vc_column_container vc_col-sm-12 et-dark-column\"><div class=\"vc_column-inner\"><div class=\"wpb_wrapper\"><div class=\"vc_empty_space\"   style=\"height: 5px\"><span class=\"vc_empty_space_inner\"><\/span><\/div><div class=\"vc_row wpb_row vc_inner vc_row-fluid max_width\"><div class=\"wpb_column vc_column_container vc_col-sm-2 et-dark-column\"><div class=\"vc_column-inner\"><div class=\"wpb_wrapper\"><\/div><\/div><\/div><div class=\"wpb_column vc_column_container vc_col-sm-8 et-dark-column\"><div class=\"vc_column-inner\"><div class=\"wpb_wrapper\">\n\t<div class=\"wpb_text_column wpb_content_element   vc_custom_1510697432437 big-title\" >\n\t\t<div class=\"wpb_wrapper\">\n\t\t\t<p style=\"text-align: center; color: white;\">Silencer-Systeme<\/p>\n\n\t\t<\/div>\n\t<\/div>\n\n\t<div class=\"wpb_text_column wpb_content_element  \" >\n\t\t<div class=\"wpb_wrapper\">\n\t\t\t\n\t\t<\/div>\n\t<\/div>\n<\/div><\/div><\/div><div class=\"wpb_column vc_column_container vc_col-sm-2 et-dark-column\"><div class=\"vc_column-inner\"><div class=\"wpb_wrapper\"><\/div><\/div><\/div><\/div><div class=\"vc_empty_space\"   style=\"height: 32px\"><span class=\"vc_empty_space_inner\"><\/span><\/div><\/div><\/div><\/div><\/div><\/div><!-- Row Backgrounds --><div class=\"upb_bg_img\" data-ultimate-bg=\"url(https:\/\/test.feurich.com\/wp-content\/uploads\/2017\/08\/home-fon-bl3.jpg)\" data-image-id=\"id^521|url^\/wp-content\/uploads\/2017\/08\/home-fon-bl3.jpg|caption^null|alt^null|title^home-fon-bl3|description^null\" data-ultimate-bg-style=\"vcpb-default\" data-bg-img-repeat=\"no-repeat\" data-bg-img-size=\"cover\" data-bg-img-position=\"\" data-parallx_sense=\"30\" data-bg-override=\"full\" data-bg_img_attach=\"scroll\" data-upb-overlay-color=\"\" data-upb-bg-animation=\"\" data-fadeout=\"\" data-bg-animation=\"left-animation\" data-bg-animation-type=\"h\" data-animation-repeat=\"repeat\" data-fadeout-percentage=\"30\" data-parallax-content=\"\" data-parallax-content-sense=\"30\" data-row-effect-mobile-disable=\"true\" data-img-parallax-mobile-disable=\"true\" data-rtl=\"false\"  data-custom-vc-row=\"\"  data-vc=\"7.4\"  data-is_old_vc=\"\"  data-theme-support=\"\"   data-overlay=\"false\" data-overlay-color=\"\" data-overlay-pattern=\"\" data-overlay-pattern-opacity=\"\" data-overlay-pattern-size=\"\"    ><\/div><div  class=\"sec_row container\"><div class=\"vc_row wpb_row vc_row-fluid\"><div class=\"wpb_column vc_column_container vc_col-sm-4 et-dark-column\"><div class=\"vc_column-inner\"><div class=\"wpb_wrapper\">\n\t<div  class=\"wpb_single_image wpb_content_element vc_align_center  vc_custom_1510697163610\">\n\t\t\n\t\t<figure class=\"wpb_wrapper vc_figure\">\n\t\t\t<div class=\"vc_single_image-wrapper   vc_box_border_grey\"><img decoding=\"async\" class=\"vc_single_image-img \" src=\"https:\/\/test.feurich.com\/wp-content\/uploads\/FEURICH_Silencer_on_1_web-360x260.jpg\" width=\"360\" height=\"260\" alt=\"FEURICH_Silencer\" title=\"FEURICH_Silencer_on_1_web\" loading=\"lazy\" \/><\/div>\n\t\t<\/figure>\n\t<\/div>\n<\/div><\/div><\/div><div class=\"wpb_column vc_column_container vc_col-sm-8 et-dark-column\"><div class=\"vc_column-inner\"><div class=\"wpb_wrapper\">\n\t<div class=\"wpb_text_column wpb_content_element  \" >\n\t\t<div class=\"wpb_wrapper\">\n\t\t\t<h3>Schont die Nerven Ihrer Nachbarn<\/h3>\n\n\t\t<\/div>\n\t<\/div>\n<div class=\"vc_empty_space\"   style=\"height: 24px\"><span class=\"vc_empty_space_inner\"><\/span><\/div>\n\t<div class=\"wpb_text_column wpb_content_element  \" >\n\t\t<div class=\"wpb_wrapper\">\n\t\t\t<p><span style=\"font-size: 14pt;\">Mit dem von uns entwickelten \u201eReal Touch Silencer System\u201c k\u00f6nnen Sie Ihr Instrument komplett stumm schalten und den Klang \u00fcber Kopfh\u00f6rer h\u00f6ren. Dadurch steht einem ungest\u00f6rten Spielvergn\u00fcgen selbst in der Nacht nichts mehr im Wege!<\/span><\/p>\n<p><span style=\"font-size: 14pt;\">Das Silencer System passt in alle FEURICH-Modelle. Ebenso kann es nachtr\u00e4glich in die meisten Modelle anderer Hersteller eingebaut werden.<\/span><\/p>\n\n\t\t<\/div>\n\t<\/div>\n<\/div><\/div><\/div><\/div><\/div><div  class=\"sec_row container\"><div class=\"vc_row wpb_row vc_row-fluid\"><div class=\"wpb_column vc_column_container vc_col-sm-4 et-dark-column\"><div class=\"vc_column-inner\"><div class=\"wpb_wrapper\"><\/div><\/div><\/div><div class=\"wpb_column vc_column_container vc_col-sm-8 et-dark-column\"><div class=\"vc_column-inner\"><div class=\"wpb_wrapper\">\n\t<div class=\"wpb_text_column wpb_content_element  \" >\n\t\t<div class=\"wpb_wrapper\">\n\t\t\t<p>Nie wieder ver\u00e4rgerte Nachbarn wegen einer zu lauten Ger\u00e4uschkulisse beim \u00dcben! Mit dem von uns eigens entwickelten \u201eReal Touch Silencer System\u201c k\u00f6nnen PianistInnen ihre Finger nun auch problemlos in der Nacht spielen. Durch den Stummschaltmodus k\u00f6nnen Sie Ihr Instrument komplett lautlos schalten und den Klang \u00fcber Kopfh\u00f6rer h\u00f6ren. Das Piano kann unkompliziert deaktiviert werden, ohne es absperren zu m\u00fcssen. So kommen die lieben Kleinen auch nicht in Versuchung, lautstark auf dem Klavier zu h\u00e4mmern.<\/p>\n<h5>F\u00fcr Pianos<\/h5>\n<p>Das Silencer System l\u00e4sst sich in alle unsere Piano-Modelle einbauen. Es kann auch nachtr\u00e4glich in Modelle von anderen Herstellern eingebaut werden. Nur bei extrem kleinen Pianinos k\u00f6nnen manchmal aus Platzgr\u00fcnden individuelle L\u00f6sungen notwendig werden.<\/p>\n<h5>F\u00fcr Fl\u00fcgel<\/h5>\n<p>Silencer System mit Stoppleiste f\u00fcr nahezu alle Fl\u00fcgel s\u00e4mtlicher Hersteller. Die Ausl\u00f6sung wird auf 6-8 mm von den Saiten eingestellt.<\/p>\n<p>Wir beraten Sie gerne pers\u00f6nlich \u00fcber unser vielf\u00e4ltiges Angebot. \u00a0<a href=\"https:\/\/test.feurich.com\/de\/information-kontakt\/kontakt\/\">&gt;&gt; Kontakt<\/a><\/p>\n\n\t\t<\/div>\n\t<\/div>\n<\/div><\/div><\/div><\/div><\/div>\n<\/div>","protected":false},"excerpt":{"rendered":"<p>Lautlos spielen mit Kopfh\u00f6rer \u2013 ohne Qualit\u00e4tsverlust<\/p>\n","protected":false},"author":7,"featured_media":1035,"parent":1321,"menu_order":0,"comment_status":"closed","ping_status":"closed","template":"template-fullwidth.php","meta":{"inline_featured_image":false,"footnotes":""},"class_list":["post-1325","page","type-page","status-publish","has-post-thumbnail","hentry"],"acf":[],"_links":{"self":[{"href":"https:\/\/test.feurich.com\/de\/wp-json\/wp\/v2\/pages\/1325"}],"collection":[{"href":"https:\/\/test.feurich.com\/de\/wp-json\/wp\/v2\/pages"}],"about":[{"href":"https:\/\/test.feurich.com\/de\/wp-json\/wp\/v2\/types\/page"}],"author":[{"embeddable":true,"href":"https:\/\/test.feurich.com\/de\/wp-json\/wp\/v2\/users\/7"}],"replies":[{"embeddable":true,"href":"https:\/\/test.feurich.com\/de\/wp-json\/wp\/v2\/comments?post=1325"}],"version-history":[{"count":12,"href":"https:\/\/test.feurich.com\/de\/wp-json\/wp\/v2\/pages\/1325\/revisions"}],"predecessor-version":[{"id":56058,"href":"https:\/\/test.feurich.com\/de\/wp-json\/wp\/v2\/pages\/1325\/revisions\/56058"}],"up":[{"embeddable":true,"href":"https:\/\/test.feurich.com\/de\/wp-json\/wp\/v2\/pages\/1321"}],"wp:featuredmedia":[{"embeddable":true,"href":"https:\/\/test.feurich.com\/de\/wp-json\/wp\/v2\/media\/1035"}],"wp:attachment":[{"href":"https:\/\/test.feurich.com\/de\/wp-json\/wp\/v2\/media?parent=1325"}],"curies":[{"name":"wp","href":"https:\/\/api.w.org\/{rel}","templated":true}]}}