{"id":1333,"date":"2017-10-02T15:09:23","date_gmt":"2017-10-02T15:09:23","guid":{"rendered":"\/?page_id=1333"},"modified":"2017-12-05T01:47:54","modified_gmt":"2017-12-05T01:47:54","slug":"selbstspielsysteme","status":"publish","type":"page","link":"https:\/\/test.feurich.com\/de\/produkte\/zubehoer\/selbstspielsysteme\/","title":{"rendered":"Selbstspielsysteme"},"content":{"rendered":"<div class=\"wpb-content-wrapper\"><div  class=\"sec_row container\"><div class=\"vc_row wpb_row vc_row-fluid\"><div class=\"wpb_column vc_column_container vc_col-sm-12 et-dark-column\"><div class=\"vc_column-inner\"><div class=\"wpb_wrapper\"><div class=\"vc_empty_space\"   style=\"height: 5px\"><span class=\"vc_empty_space_inner\"><\/span><\/div><div class=\"vc_row wpb_row vc_inner vc_row-fluid max_width\"><div class=\"wpb_column vc_column_container vc_col-sm-2 et-dark-column\"><div class=\"vc_column-inner\"><div class=\"wpb_wrapper\"><\/div><\/div><\/div><div class=\"wpb_column vc_column_container vc_col-sm-8 et-dark-column\"><div class=\"vc_column-inner\"><div class=\"wpb_wrapper\">\n\t<div class=\"wpb_text_column wpb_content_element   vc_custom_1506958288038 big-title\" >\n\t\t<div class=\"wpb_wrapper\">\n\t\t\t<p style=\"text-align: center; color: white;\">Selbstspielsysteme<\/p>\n\n\t\t<\/div>\n\t<\/div>\n\n\t<div class=\"wpb_text_column wpb_content_element  \" >\n\t\t<div class=\"wpb_wrapper\">\n\t\t\t\n\t\t<\/div>\n\t<\/div>\n<\/div><\/div><\/div><div class=\"wpb_column vc_column_container vc_col-sm-2 et-dark-column\"><div class=\"vc_column-inner\"><div class=\"wpb_wrapper\"><\/div><\/div><\/div><\/div><div class=\"vc_empty_space\"   style=\"height: 32px\"><span class=\"vc_empty_space_inner\"><\/span><\/div><\/div><\/div><\/div><\/div><\/div><!-- Row Backgrounds --><div class=\"upb_bg_img\" data-ultimate-bg=\"url(https:\/\/test.feurich.com\/wp-content\/uploads\/2017\/08\/home-fon-bl3.jpg)\" data-image-id=\"id^521|url^\/wp-content\/uploads\/2017\/08\/home-fon-bl3.jpg|caption^null|alt^null|title^home-fon-bl3|description^null\" data-ultimate-bg-style=\"vcpb-default\" data-bg-img-repeat=\"no-repeat\" data-bg-img-size=\"cover\" data-bg-img-position=\"\" data-parallx_sense=\"30\" data-bg-override=\"full\" data-bg_img_attach=\"scroll\" data-upb-overlay-color=\"\" data-upb-bg-animation=\"\" data-fadeout=\"\" data-bg-animation=\"left-animation\" data-bg-animation-type=\"h\" data-animation-repeat=\"repeat\" data-fadeout-percentage=\"30\" data-parallax-content=\"\" data-parallax-content-sense=\"30\" data-row-effect-mobile-disable=\"true\" data-img-parallax-mobile-disable=\"true\" data-rtl=\"false\"  data-custom-vc-row=\"\"  data-vc=\"7.4\"  data-is_old_vc=\"\"  data-theme-support=\"\"   data-overlay=\"false\" data-overlay-color=\"\" data-overlay-pattern=\"\" data-overlay-pattern-opacity=\"\" data-overlay-pattern-size=\"\"    ><\/div><div  class=\"sec_row container\"><div class=\"vc_row wpb_row vc_row-fluid\"><div class=\"wpb_column vc_column_container vc_col-sm-4 et-dark-column\"><div class=\"vc_column-inner\"><div class=\"wpb_wrapper\">\n\t<div  class=\"wpb_single_image wpb_content_element vc_align_center  vc_custom_1511699981504\">\n\t\t\n\t\t<figure class=\"wpb_wrapper vc_figure\">\n\t\t\t<div class=\"vc_single_image-wrapper   vc_box_border_grey\"><img decoding=\"async\" class=\"vc_single_image-img \" src=\"https:\/\/test.feurich.com\/wp-content\/uploads\/pianoforcecd2bL-360x520.jpg\" width=\"360\" height=\"520\" alt=\"pianoforce player system\" title=\"pianoforce player system\" loading=\"lazy\" \/><\/div>\n\t\t<\/figure>\n\t<\/div>\n<\/div><\/div><\/div><div class=\"wpb_column vc_column_container vc_col-sm-4 et-dark-column\"><div class=\"vc_column-inner\"><div class=\"wpb_wrapper\">\n\t<div class=\"wpb_text_column wpb_content_element   products-title\" >\n\t\t<div class=\"wpb_wrapper\">\n\t\t\t<p>Es spielt wie von Zauberhand<\/p>\n\n\t\t<\/div>\n\t<\/div>\n\n\t<div class=\"wpb_text_column wpb_content_element  \" >\n\t\t<div class=\"wpb_wrapper\">\n\t\t\t<p>In unserer Meisterwerkstatt in Wien werden <a href=\"http:\/\/de.pianoforce.eu\/\" target=\"_blank\" rel=\"noopener\">Pianoforce<\/a>-Selbstspielsysteme installiert.<\/p>\n<p>Sie k\u00f6nnen das System alleine spielen lassen oder selbst spielen, aufzeichnen und wiedergeben. Orchestermusik, Gesang oder beliebige Hintergrundmusik wird zu Ihrem Klavier \u00fcber integrierte Lautsprecher synchron dazugespielt.<\/p>\n<p>Eine gro\u00dfe Music Library ist im Lieferumfang enthalten. Im Internet finden sich Downloads von unz\u00e4hligen Files f\u00fcr Selbstspielsysteme sowie gro\u00dfe Music Libraries von verschiedenen Herstellern.<\/p>\n\n\t\t<\/div>\n\t<\/div>\n<div class=\"vc_empty_space\"   style=\"height: 12px\"><span class=\"vc_empty_space_inner\"><\/span><\/div>\n\t<div class=\"wpb_text_column wpb_content_element   products-title\" >\n\t\t<div class=\"wpb_wrapper\">\n\t\t\t<p>Passt nicht nur f\u00fcr FEURICH<\/p>\n\n\t\t<\/div>\n\t<\/div>\n\n\t<div class=\"wpb_text_column wpb_content_element  \" >\n\t\t<div class=\"wpb_wrapper\">\n\t\t\t<p>Das Klavier kann mit Fernbedienung, iPhone oder Android gesteuert werden.<\/p>\n<p>Der gro\u00dfe Vorteil von Pianoforce liegt in einem sich selbst kalibrierenden und daher wartungsarmen System. Diese hohe Qualit\u00e4t gibt es dennoch zu einem g\u00fcnstigen Preis.<\/p>\n<p>Ein Selbstspielsystem l\u00e4sst sich in alle FEURICH-Modelle und ebenso in die meisten Modelle aller bekannten Hersteller einbauen. Wir informieren Sie gerne! <a href=\"https:\/\/test.feurich.com\/de\/information-kontakt\/kontakt\/\">&gt;&gt; Kontakt<\/a><\/p>\n\n\t\t<\/div>\n\t<\/div>\n<\/div><\/div><\/div><div class=\"wpb_column vc_column_container vc_col-sm-4 et-dark-column\"><div class=\"vc_column-inner\"><div class=\"wpb_wrapper\">\n\t<div  class=\"wpb_single_image wpb_content_element vc_align_center  vc_custom_1511700075337\">\n\t\t\n\t\t<figure class=\"wpb_wrapper vc_figure\">\n\t\t\t<div class=\"vc_single_image-wrapper   vc_box_border_grey\"><img decoding=\"async\" class=\"vc_single_image-img \" src=\"https:\/\/test.feurich.com\/wp-content\/uploads\/PF-iPod-pic-with-keys-on-piano-360x520.jpg\" width=\"360\" height=\"520\" alt=\"pianoforce control via mobile phone\" title=\"pianoforce control via mobile phone\" loading=\"lazy\" \/><\/div>\n\t\t<\/figure>\n\t<\/div>\n<\/div><\/div><\/div><\/div><\/div>\n<\/div>","protected":false},"excerpt":{"rendered":"<p>Spielen lassen oder selbst spielen \u2013 sogar mit gro\u00dfem Orchester<\/p>\n","protected":false},"author":7,"featured_media":4236,"parent":1321,"menu_order":2,"comment_status":"closed","ping_status":"closed","template":"template-fullwidth.php","meta":{"inline_featured_image":false,"footnotes":""},"class_list":["post-1333","page","type-page","status-publish","has-post-thumbnail","hentry"],"acf":[],"_links":{"self":[{"href":"https:\/\/test.feurich.com\/de\/wp-json\/wp\/v2\/pages\/1333"}],"collection":[{"href":"https:\/\/test.feurich.com\/de\/wp-json\/wp\/v2\/pages"}],"about":[{"href":"https:\/\/test.feurich.com\/de\/wp-json\/wp\/v2\/types\/page"}],"author":[{"embeddable":true,"href":"https:\/\/test.feurich.com\/de\/wp-json\/wp\/v2\/users\/7"}],"replies":[{"embeddable":true,"href":"https:\/\/test.feurich.com\/de\/wp-json\/wp\/v2\/comments?post=1333"}],"version-history":[{"count":16,"href":"https:\/\/test.feurich.com\/de\/wp-json\/wp\/v2\/pages\/1333\/revisions"}],"predecessor-version":[{"id":4235,"href":"https:\/\/test.feurich.com\/de\/wp-json\/wp\/v2\/pages\/1333\/revisions\/4235"}],"up":[{"embeddable":true,"href":"https:\/\/test.feurich.com\/de\/wp-json\/wp\/v2\/pages\/1321"}],"wp:featuredmedia":[{"embeddable":true,"href":"https:\/\/test.feurich.com\/de\/wp-json\/wp\/v2\/media\/4236"}],"wp:attachment":[{"href":"https:\/\/test.feurich.com\/de\/wp-json\/wp\/v2\/media?parent=1333"}],"curies":[{"name":"wp","href":"https:\/\/api.w.org\/{rel}","templated":true}]}}