{"id":1360,"date":"2017-10-03T07:46:02","date_gmt":"2017-10-03T07:46:02","guid":{"rendered":"\/?page_id=1360"},"modified":"2017-12-05T02:09:02","modified_gmt":"2017-12-05T02:09:02","slug":"klavieruntersetzer","status":"publish","type":"page","link":"https:\/\/test.feurich.com\/de\/produkte\/zubehoer\/klavieruntersetzer\/","title":{"rendered":"Klavieruntersetzer"},"content":{"rendered":"<div class=\"wpb-content-wrapper\"><div  class=\"sec_row container\"><div class=\"vc_row wpb_row vc_row-fluid\"><div class=\"wpb_column vc_column_container vc_col-sm-12 et-dark-column\"><div class=\"vc_column-inner\"><div class=\"wpb_wrapper\"><div class=\"vc_empty_space\"   style=\"height: 5px\"><span class=\"vc_empty_space_inner\"><\/span><\/div><div class=\"vc_row wpb_row vc_inner vc_row-fluid max_width\"><div class=\"wpb_column vc_column_container vc_col-sm-2 et-dark-column\"><div class=\"vc_column-inner\"><div class=\"wpb_wrapper\"><\/div><\/div><\/div><div class=\"wpb_column vc_column_container vc_col-sm-8 et-dark-column\"><div class=\"vc_column-inner\"><div class=\"wpb_wrapper\">\n\t<div class=\"wpb_text_column wpb_content_element   vc_custom_1507016193627 big-title\" >\n\t\t<div class=\"wpb_wrapper\">\n\t\t\t<p style=\"text-align: center; color: white;\">Klavieruntersetzer<\/p>\n\n\t\t<\/div>\n\t<\/div>\n\n\t<div class=\"wpb_text_column wpb_content_element  \" >\n\t\t<div class=\"wpb_wrapper\">\n\t\t\t\n\t\t<\/div>\n\t<\/div>\n<\/div><\/div><\/div><div class=\"wpb_column vc_column_container vc_col-sm-2 et-dark-column\"><div class=\"vc_column-inner\"><div class=\"wpb_wrapper\"><\/div><\/div><\/div><\/div><div class=\"vc_empty_space\"   style=\"height: 32px\"><span class=\"vc_empty_space_inner\"><\/span><\/div><\/div><\/div><\/div><\/div><\/div><!-- Row Backgrounds --><div class=\"upb_bg_img\" data-ultimate-bg=\"url(https:\/\/test.feurich.com\/wp-content\/uploads\/2017\/08\/home-fon-bl3.jpg)\" data-image-id=\"id^521|url^\/wp-content\/uploads\/2017\/08\/home-fon-bl3.jpg|caption^null|alt^null|title^home-fon-bl3|description^null\" data-ultimate-bg-style=\"vcpb-default\" data-bg-img-repeat=\"no-repeat\" data-bg-img-size=\"cover\" data-bg-img-position=\"\" data-parallx_sense=\"30\" data-bg-override=\"full\" data-bg_img_attach=\"scroll\" data-upb-overlay-color=\"\" data-upb-bg-animation=\"\" data-fadeout=\"\" data-bg-animation=\"left-animation\" data-bg-animation-type=\"h\" data-animation-repeat=\"repeat\" data-fadeout-percentage=\"30\" data-parallax-content=\"\" data-parallax-content-sense=\"30\" data-row-effect-mobile-disable=\"true\" data-img-parallax-mobile-disable=\"true\" data-rtl=\"false\"  data-custom-vc-row=\"\"  data-vc=\"7.4\"  data-is_old_vc=\"\"  data-theme-support=\"\"   data-overlay=\"false\" data-overlay-color=\"\" data-overlay-pattern=\"\" data-overlay-pattern-opacity=\"\" data-overlay-pattern-size=\"\"    ><\/div><div  class=\"sec_row container\"><div class=\"vc_row wpb_row vc_row-fluid\"><div class=\"wpb_column vc_column_container vc_col-sm-4 et-dark-column\"><div class=\"vc_column-inner\"><div class=\"wpb_wrapper\">\n\t<div  class=\"wpb_single_image wpb_content_element vc_align_center  vc_custom_1511724262122\">\n\t\t\n\t\t<figure class=\"wpb_wrapper vc_figure\">\n\t\t\t<div class=\"vc_single_image-wrapper   vc_box_border_grey\"><img loading=\"lazy\" decoding=\"async\" width=\"720\" height=\"480\" src=\"https:\/\/test.feurich.com\/wp-content\/uploads\/FEURICH-Piano-Coster.jpg\" class=\"vc_single_image-img attachment-large\" alt=\"FEURICH Piano Coster\" title=\"FEURICH Piano Coster\" srcset=\"https:\/\/test.feurich.com\/wp-content\/uploads\/FEURICH-Piano-Coster.jpg 720w, https:\/\/test.feurich.com\/wp-content\/uploads\/FEURICH-Piano-Coster-450x300.jpg 450w, https:\/\/test.feurich.com\/wp-content\/uploads\/FEURICH-Piano-Coster-600x400.jpg 600w, https:\/\/test.feurich.com\/wp-content\/uploads\/FEURICH-Piano-Coster-300x200.jpg 300w\" sizes=\"(max-width: 720px) 100vw, 720px\" \/><\/div>\n\t\t<\/figure>\n\t<\/div>\n<\/div><\/div><\/div><div class=\"wpb_column vc_column_container vc_col-sm-4 et-dark-column\"><div class=\"vc_column-inner\"><div class=\"wpb_wrapper\">\n\t<div class=\"wpb_text_column wpb_content_element   products-title\" >\n\t\t<div class=\"wpb_wrapper\">\n\t\t\t<p>Schutz f\u00fcr den Boden &#8230;<\/p>\n\n\t\t<\/div>\n\t<\/div>\n\n\t<div class=\"wpb_text_column wpb_content_element  \" >\n\t\t<div class=\"wpb_wrapper\">\n\t\t\t<p>Damit Ihr FEURICH-Instrument gut positioniert wird, haben wir spezielle Klavieruntersetzer entwickelt. Beim Material setzen wir auf Plexiglas, denn dank seiner Transparenz, Belastbarkeit und Langlebigkeit bietet es eine ganz dezente, formsch\u00f6ne L\u00f6sung.<\/p>\n\n\t\t<\/div>\n\t<\/div>\n<\/div><\/div><\/div><div class=\"wpb_column vc_column_container vc_col-sm-4 et-dark-column\"><div class=\"vc_column-inner\"><div class=\"wpb_wrapper\">\n\t<div class=\"wpb_text_column wpb_content_element   products-title\" >\n\t\t<div class=\"wpb_wrapper\">\n\t\t\t<p>&#8230; und Ihre Nachbarn<\/p>\n\n\t\t<\/div>\n\t<\/div>\n\n\t<div class=\"wpb_text_column wpb_content_element  \" >\n\t\t<div class=\"wpb_wrapper\">\n\t\t\t<p>Untersetzer machen ein Instrument nicht unbedingt standfester, aber sie bieten Schutz f\u00fcr den Boden und k\u00f6nnen, mit speziellem Schaumstoff kombiniert, den K\u00f6rperschall des Instrumentes \u2013 ihren Nachbarn zuliebe \u2013 wesentlich reduzieren.<\/p>\n<p>Wir informieren Sie gerne! <a href=\"https:\/\/test.feurich.com\/de\/information-kontakt\/kontakt\/\">&gt;&gt; Kontakt<\/a><\/p>\n\n\t\t<\/div>\n\t<\/div>\n<\/div><\/div><\/div><\/div><\/div>\n<\/div>","protected":false},"excerpt":{"rendered":"<p>Der fast unsichtbare Schutz f\u00fcr den Boden und Ihre Nachbarn<\/p>\n","protected":false},"author":7,"featured_media":4395,"parent":1321,"menu_order":4,"comment_status":"closed","ping_status":"closed","template":"template-fullwidth.php","meta":{"inline_featured_image":false,"footnotes":""},"class_list":["post-1360","page","type-page","status-publish","has-post-thumbnail","hentry"],"acf":[],"_links":{"self":[{"href":"https:\/\/test.feurich.com\/de\/wp-json\/wp\/v2\/pages\/1360"}],"collection":[{"href":"https:\/\/test.feurich.com\/de\/wp-json\/wp\/v2\/pages"}],"about":[{"href":"https:\/\/test.feurich.com\/de\/wp-json\/wp\/v2\/types\/page"}],"author":[{"embeddable":true,"href":"https:\/\/test.feurich.com\/de\/wp-json\/wp\/v2\/users\/7"}],"replies":[{"embeddable":true,"href":"https:\/\/test.feurich.com\/de\/wp-json\/wp\/v2\/comments?post=1360"}],"version-history":[{"count":5,"href":"https:\/\/test.feurich.com\/de\/wp-json\/wp\/v2\/pages\/1360\/revisions"}],"predecessor-version":[{"id":4402,"href":"https:\/\/test.feurich.com\/de\/wp-json\/wp\/v2\/pages\/1360\/revisions\/4402"}],"up":[{"embeddable":true,"href":"https:\/\/test.feurich.com\/de\/wp-json\/wp\/v2\/pages\/1321"}],"wp:featuredmedia":[{"embeddable":true,"href":"https:\/\/test.feurich.com\/de\/wp-json\/wp\/v2\/media\/4395"}],"wp:attachment":[{"href":"https:\/\/test.feurich.com\/de\/wp-json\/wp\/v2\/media?parent=1360"}],"curies":[{"name":"wp","href":"https:\/\/api.w.org\/{rel}","templated":true}]}}