{"id":396,"date":"2017-08-08T20:57:28","date_gmt":"2017-08-08T20:57:28","guid":{"rendered":"\/?page_id=396"},"modified":"2023-11-24T20:05:19","modified_gmt":"2023-11-24T20:05:19","slug":"vienna-pianos","status":"publish","type":"page","link":"https:\/\/test.feurich.com\/de\/produkte\/vienna-pianos\/","title":{"rendered":"Vienna Pianos"},"content":{"rendered":"<div class=\"wpb-content-wrapper\"><div  class=\"sec_row container\"><div class=\"vc_row wpb_row vc_row-fluid\"><div class=\"wpb_column vc_column_container vc_col-sm-12 et-dark-column\"><div class=\"vc_column-inner\"><div class=\"wpb_wrapper\"><div class=\"vc_empty_space\"   style=\"height: 52px\"><span class=\"vc_empty_space_inner\"><\/span><\/div>\n\t<div class=\"wpb_text_column wpb_content_element   big-title\" >\n\t\t<div class=\"wpb_wrapper\">\n\t\t\t<p style=\"text-align: center;\">Mod. 123 \u2013 Vienna \u201eMade in Austria\u201c<\/p>\n\n\t\t<\/div>\n\t<\/div>\n<\/div><\/div><\/div><\/div><\/div><div  class=\"sec_row container\"><div class=\"vc_row wpb_row vc_row-fluid vc_row-o-content-middle vc_row-flex\"><div class=\"wpb_column vc_column_container vc_col-sm-12 et-dark-column\"><div class=\"vc_column-inner\"><div class=\"wpb_wrapper\"><div class=\"vc_empty_space\"   style=\"height: 20px\"><span class=\"vc_empty_space_inner\"><\/span><\/div><div class=\"vc_empty_space\"   style=\"height: 20px\"><span class=\"vc_empty_space_inner\"><\/span><\/div>\n\t<div class=\"wpb_text_column wpb_content_element  \" >\n\t\t<div class=\"wpb_wrapper\">\n\t\t\t<p>[feurich_vid youtube=&#8221;NzeNOVMqKNI&#8221; youku=&#8221;XMzI4MTMzMTE4NA==&#8221;]<\/p>\n\n\t\t<\/div>\n\t<\/div>\n<div class=\"vc_empty_space\"   style=\"height: 20px\"><span class=\"vc_empty_space_inner\"><\/span><\/div><div class=\"vc_empty_space\"   style=\"height: 20px\"><span class=\"vc_empty_space_inner\"><\/span><\/div><\/div><\/div><\/div><\/div><\/div><div  class=\"sec_row container\"><div class=\"vc_row wpb_row vc_row-fluid\"><div class=\"wpb_column vc_column_container vc_col-sm-4 et-dark-column\"><div class=\"vc_column-inner\"><div class=\"wpb_wrapper\">\n\t<div  class=\"wpb_single_image wpb_content_element vc_align_left\">\n\t\t\n\t\t<figure class=\"wpb_wrapper vc_figure\">\n\t\t\t<div class=\"vc_single_image-wrapper   vc_box_border_grey\"><img loading=\"lazy\" decoding=\"async\" width=\"1024\" height=\"683\" src=\"https:\/\/test.feurich.com\/wp-content\/uploads\/FEURICH-Mod.-123-Vienna-white-satin-1024x683.jpg\" class=\"vc_single_image-img attachment-large\" alt=\"FEURICH Mod. 123 - Vienna, white satin\" title=\"FEURICH Mod. 123 - Vienna, white satin\" srcset=\"https:\/\/test.feurich.com\/wp-content\/uploads\/FEURICH-Mod.-123-Vienna-white-satin-1024x683.jpg 1024w, https:\/\/test.feurich.com\/wp-content\/uploads\/FEURICH-Mod.-123-Vienna-white-satin-450x300.jpg 450w, https:\/\/test.feurich.com\/wp-content\/uploads\/FEURICH-Mod.-123-Vienna-white-satin-1000x667.jpg 1000w, https:\/\/test.feurich.com\/wp-content\/uploads\/FEURICH-Mod.-123-Vienna-white-satin-300x200.jpg 300w, https:\/\/test.feurich.com\/wp-content\/uploads\/FEURICH-Mod.-123-Vienna-white-satin-768x512.jpg 768w, https:\/\/test.feurich.com\/wp-content\/uploads\/FEURICH-Mod.-123-Vienna-white-satin-800x533.jpg 800w, https:\/\/test.feurich.com\/wp-content\/uploads\/FEURICH-Mod.-123-Vienna-white-satin.jpg 1071w\" sizes=\"(max-width: 1024px) 100vw, 1024px\" \/><\/div>\n\t\t<\/figure>\n\t<\/div>\n<div class=\"vc_empty_space\"   style=\"height: 32px\"><span class=\"vc_empty_space_inner\"><\/span><\/div>\n\t<div class=\"wpb_text_column wpb_content_element  \" >\n\t\t<div class=\"wpb_wrapper\">\n\t\t\t<p>[feurich_vid youtube=&#8221;31tUOSku-gg&#8221; youku=&#8221;XMzI4MTMzMTE4NA==&#8221;]<\/p>\n\n\t\t<\/div>\n\t<\/div>\n\n\t<div class=\"wpb_text_column wpb_content_element  \" >\n\t\t<div class=\"wpb_wrapper\">\n\t\t\t<p>Pr\u00e4sentation des Mod. 123 \u2013 Vienna: Univ.-Prof. Kharin demonstriert die unfassbar schnelle Repetition<\/p>\n\n\t\t<\/div>\n\t<\/div>\n<div class=\"vc_empty_space\"   style=\"height: 32px\"><span class=\"vc_empty_space_inner\"><\/span><\/div>\n\t<div class=\"wpb_text_column wpb_content_element  \" >\n\t\t<div class=\"wpb_wrapper\">\n\t\t\t<p>[feurich_vid youtube=&#8221;DhmUQkl3T7I&#8221; youku=&#8221;XMzI4MTg2MjMzMg==&#8221;]<\/p>\n\n\t\t<\/div>\n\t<\/div>\n\n\t<div class=\"wpb_text_column wpb_content_element  \" >\n\t\t<div class=\"wpb_wrapper\">\n\t\t\t<p>Bill Dobbins, renommierter Jazz-P\u00e4dagoge und Pianist, beim Test des FEURICH Mod. 123 \u2013 Vienna<\/p>\n\n\t\t<\/div>\n\t<\/div>\n<div class=\"vc_empty_space\"   style=\"height: 32px\"><span class=\"vc_empty_space_inner\"><\/span><\/div><div class=\"wpb_gallery wpb_content_element vc_clearfix\" ><div class=\"wpb_wrapper\"><div class=\"wpb_gallery_slides wpb_flexslider flexslider_fade flexslider\" data-interval=\"3\" data-flex_fx=\"fade\"><ul class=\"slides\"><li><a class=\"\" href=\"https:\/\/test.feurich.com\/wp-content\/uploads\/FEURICH-123-Vienna-nut-1-1024x683.jpg\" data-lightbox=\"lightbox[rel-396-1674800]\"><img loading=\"lazy\" decoding=\"async\" width=\"1024\" height=\"683\" src=\"https:\/\/test.feurich.com\/wp-content\/uploads\/FEURICH-123-Vienna-nut-1-1024x683.jpg\" class=\"attachment-thumbnail\" alt=\"FEURICH 123 - Vienna nut\" title=\"FEURICH 123 - Vienna nut\" srcset=\"https:\/\/test.feurich.com\/wp-content\/uploads\/FEURICH-123-Vienna-nut-1.jpg 1024w, https:\/\/test.feurich.com\/wp-content\/uploads\/FEURICH-123-Vienna-nut-1-450x300.jpg 450w, https:\/\/test.feurich.com\/wp-content\/uploads\/FEURICH-123-Vienna-nut-1-1000x667.jpg 1000w, https:\/\/test.feurich.com\/wp-content\/uploads\/FEURICH-123-Vienna-nut-1-300x200.jpg 300w, https:\/\/test.feurich.com\/wp-content\/uploads\/FEURICH-123-Vienna-nut-1-768x512.jpg 768w, https:\/\/test.feurich.com\/wp-content\/uploads\/FEURICH-123-Vienna-nut-1-800x534.jpg 800w\" sizes=\"(max-width: 1024px) 100vw, 1024px\" \/><\/a><\/li><li><a class=\"\" href=\"https:\/\/test.feurich.com\/wp-content\/uploads\/FEURICH-123-Vienna-white-1024x683.jpg\" data-lightbox=\"lightbox[rel-396-1674800]\"><img loading=\"lazy\" decoding=\"async\" width=\"1024\" height=\"683\" src=\"https:\/\/test.feurich.com\/wp-content\/uploads\/FEURICH-123-Vienna-white-1024x683.jpg\" class=\"attachment-thumbnail\" alt=\"FEURICH 123 - Vienna white\" title=\"FEURICH 123 - Vienna white\" srcset=\"https:\/\/test.feurich.com\/wp-content\/uploads\/FEURICH-123-Vienna-white.jpg 1024w, https:\/\/test.feurich.com\/wp-content\/uploads\/FEURICH-123-Vienna-white-450x300.jpg 450w, https:\/\/test.feurich.com\/wp-content\/uploads\/FEURICH-123-Vienna-white-1000x667.jpg 1000w, https:\/\/test.feurich.com\/wp-content\/uploads\/FEURICH-123-Vienna-white-300x200.jpg 300w, https:\/\/test.feurich.com\/wp-content\/uploads\/FEURICH-123-Vienna-white-768x512.jpg 768w, https:\/\/test.feurich.com\/wp-content\/uploads\/FEURICH-123-Vienna-white-800x534.jpg 800w\" sizes=\"(max-width: 1024px) 100vw, 1024px\" \/><\/a><\/li><\/ul><\/div><\/div><\/div><\/div><\/div><\/div><div class=\"wpb_column vc_column_container vc_col-sm-8 et-dark-column\"><div class=\"vc_column-inner\"><div class=\"wpb_wrapper\">\n\t<div class=\"wpb_text_column wpb_content_element  \" >\n\t\t<div class=\"wpb_wrapper\">\n\t\t\t<p><span style=\"font-size: 14pt;\"><strong>Die neueste Innovation von FEURICH ist das Piano Mod. 123 \u2013 Vienna. Dieses Modell weist in den zentralen Bereichen des Pianos wie dem Spielwerk, Geh\u00e4use und Pedalsystem v\u00f6llig neue Konzepte auf.<\/strong><\/span><\/p>\n<p>&nbsp;<\/p>\n<p>FEURICH hat f\u00fcr dieses Modell ein neues Konzept f\u00fcr die Mechanik designt und mit der <a href=\"https:\/\/test.feurich.com\/de\/innovationen\/high-speed-kamm-action\/\"><sup>\u00a9<\/sup>FEURICH \u2013 High Speed KAMM Action<\/a> ausgestattet. Dieses innovative Spielwerk erm\u00f6glicht eine <strong>extrem schnelle Repetition, wie<\/strong> man sie sonst nur <strong>bei den besten Konzertfl\u00fcgeln<\/strong> vorfindet. Das Vienna Piano l\u00e4sst sich dadurch leichter und pr\u00e4ziser spielen als jedes andere Piano am Markt.<\/p>\n<p>&nbsp;<\/p>\n<h3>Ein Feuerwerk an Innovationen<\/h3>\n<p>Au\u00dferdem ist das FEURICH 123 \u2013 Vienna eines der ersten in Serie gefertigten Pianos, das \u00fcber eine \u201ebleifreie Klaviatur\u201c verf\u00fcgt. Hinzu kommt der Anspruch an eine stabilere, langlebigere Mechanik und Klaviatur. F\u00fcr das Geh\u00e4use des Mod. 123 \u2013 Vienna wurde ganz bewusst ein umweltfreundlicher Lack gew\u00e4hlt. Durch das vollst\u00e4ndig neu aufgebaute, \u00fcberaus robuste Pedalsystem sind deutlich feinere Nuancen bei den verschiedenen Pedalstufen m\u00f6glich. Auch Nebenger\u00e4usche k\u00f6nnen erstmals ausgeschlossen werden.<\/p>\n<p>&nbsp;<\/p>\n<h3>Geh\u00e4use mit Finesse<\/h3>\n<p>Der neu entwickelte Eisenrahmen f\u00fcr Raste, Rahmen und Geh\u00e4use erlaubt es, das gesamte Geh\u00e4use inkl. der Seitenw\u00e4nde mit geringem Aufwand auszutauschen. Das Instrument ist sogar ohne Geh\u00e4use spielbar.<\/p>\n<p><strong>Erstmals in der Geschichte der Klavierbaukunst kann ein in Serie gefertigtes Klavier problemlos ohne Geh\u00e4use gespielt werden<\/strong> \u2013 perfekt f\u00fcr Aufnahmen, Konzerte und f\u00fcr heikle Transporte.<\/p>\n<p>Da das Brett der oberen F\u00fcllung bei herk\u00f6mmlichen Pianos viel Klang wegnimmt, wurde beim \u201eWien-Klavier\u201c, wie es umgangssprachlich auch genannt wird, eine <strong>raffinierte \u00d6ffnung<\/strong> an dieser Stelle eingef\u00fcgt. Das sorgt f\u00fcr einen direkteren, volleren Klang und f\u00fcr einen interessanten Einblick in das Innenleben des Spielwerks.<\/p>\n<h3>Key Facts<\/h3>\n<ul>\n<li>Exklusive <a href=\"https:\/\/www.pianos.de\/de\/mitglieder\/index.php?id=30\" target=\"_blank\" rel=\"noopener\">RENNER Mechanik<\/a> mit neuen Komponenten nach unseren Spezifikationen<\/li>\n<li><a href=\"https:\/\/test.feurich.com\/de\/innovationen\/high-speed-kamm-action\/\"><sup>\u00a9<\/sup>FEURICH \u2013 High Speed KAMM Action<\/a> f\u00fcr eine extrem schnelle Repetition<\/li>\n<li>Bechstein Hammerk\u00f6pfe mit h\u00f6chster Filzqualit\u00e4t f\u00fcr einen besonders reichhaltigen Klang<\/li>\n<li>Innovatives Geh\u00e4usedesign (alle Teile inklusive Seitenteile austauschbar, Piano auch ohne Geh\u00e4use spielbar)<\/li>\n<li>Umweltfreundliche Lackierung<\/li>\n<li><a href=\"https:\/\/test.feurich.com\/de\/ueber-uns\/expertenteam\/stephen_paulello\/\" target=\"_blank\" rel=\"noopener\">PAULELLO<\/a> rostfreie Saiten<\/li>\n<li>LED-Beleuchtung im Geh\u00e4use integriert<\/li>\n<li>Obere F\u00fcllung aufmachbar f\u00fcr ein besseres Klangerlebnis<\/li>\n<li>Wartungsfreies FEURICH-Pedalsystem, fein zu nuancieren<\/li>\n<li>Bleifreie Klaviatur<\/li>\n<li>Ma\u00dfe: <span class=\"fontstyle0\">h: 123cm, b: 151cm, t: 62cm \/ Gewicht: 250kg<\/span><\/li>\n<\/ul>\n<p>Das in Wien produzierte FEURICH Piano Mod. 123 \u2013 Vienna bieten wir standardm\u00e4\u00dfig in den Farbvarianten Schwarz satiniert, Wei\u00df satiniert und Nuss satiniert + Chrom an. Auf Wunsch k\u00f6nnen wir das Geh\u00e4use auch in <strong>Individuallackierung<\/strong> anbieten, wobei Sie aus der gesamten <a href=\"https:\/\/www.ralfarbpalette.de\/\" target=\"_blank\" rel=\"noopener\">RAL-Farbpalette<\/a> ausw\u00e4hlen k\u00f6nnen. Lassen Sie Ihrer Fantasie freien Lauf!<\/p>\n<p>Weitere Geh\u00e4use-Variationen und Designs auf Anfrage \u2013 aufgrund der durchdachten Konstruktion sind wir in der Lage, nahezu alle Geh\u00e4usew\u00fcnsche unabh\u00e4ngig vom Innenleben zu realisieren.<\/p>\n<p>Sie wollen mehr \u00fcber dieses Instrument erfahren? <a href=\"https:\/\/test.feurich.com\/de\/information-kontakt\/kontakt\/\">Schreiben Sie uns!<\/a><\/p>\n\n\t\t<\/div>\n\t<\/div>\n<\/div><\/div><\/div><\/div><\/div><div  class=\"sec_row container\"><div class=\"vc_row wpb_row vc_row-fluid\"><div class=\"wpb_column vc_column_container vc_col-sm-12 et-dark-column\"><div class=\"vc_column-inner\"><div class=\"wpb_wrapper\"><div class=\"vc_empty_space\"   style=\"height: 24px\"><span class=\"vc_empty_space_inner\"><\/span><\/div>\n<div class=\"vc_grid-container-wrapper vc_clearfix vc_grid-animation-zoomIn\">\n\t<div class=\"vc_grid-container vc_clearfix wpb_content_element vc_masonry_media_grid\" data-initial-loading-animation=\"zoomIn\" data-vc-grid-settings=\"{&quot;page_id&quot;:396,&quot;style&quot;:&quot;all-masonry&quot;,&quot;action&quot;:&quot;vc_get_vc_grid_data&quot;,&quot;shortcode_id&quot;:&quot;1700856024350-1ba9cdc8-7b83-6&quot;,&quot;tag&quot;:&quot;vc_masonry_media_grid&quot;}\" data-vc-request=\"https:\/\/test.feurich.com\/wp-admin\/admin-ajax.php?lang=de\" data-vc-post-id=\"396\" data-vc-public-nonce=\"ece9a6cc3a\">\n\t\t\n\t<\/div>\n<\/div><\/div><\/div><\/div><\/div><\/div><div  class=\"sec_row container\"><div class=\"vc_row wpb_row vc_row-fluid\"><div class=\"wpb_column vc_column_container vc_col-sm-12 et-dark-column\"><div class=\"vc_column-inner\"><div class=\"wpb_wrapper\"><div class=\"vc_empty_space\"   style=\"height: 72px\"><span class=\"vc_empty_space_inner\"><\/span><\/div>\n\t<div class=\"wpb_text_column wpb_content_element   big-title\" >\n\t\t<div class=\"wpb_wrapper\">\n\t\t\t<p style=\"text-align: center;\">Special Edition: Mod. 123 \u2013 Vienna Modern<\/p>\n\n\t\t<\/div>\n\t<\/div>\n<div class=\"vc_empty_space\"   style=\"height: 36px\"><span class=\"vc_empty_space_inner\"><\/span><\/div><\/div><\/div><\/div><\/div><\/div><div  class=\"sec_row container\"><div class=\"vc_row wpb_row vc_row-fluid\"><div class=\"wpb_column vc_column_container vc_col-sm-4 et-dark-column\"><div class=\"vc_column-inner\"><div class=\"wpb_wrapper\">\n\t<div  class=\"wpb_single_image wpb_content_element vc_align_left\">\n\t\t\n\t\t<figure class=\"wpb_wrapper vc_figure\">\n\t\t\t<div class=\"vc_single_image-wrapper   vc_box_border_grey\"><img loading=\"lazy\" decoding=\"async\" width=\"716\" height=\"520\" src=\"https:\/\/test.feurich.com\/wp-content\/uploads\/FEURICH-123-Produktion.jpg\" class=\"vc_single_image-img attachment-thumbnail\" alt=\"FEURICH-123-Produktion\" title=\"FEURICH-123-Produktion\" srcset=\"https:\/\/test.feurich.com\/wp-content\/uploads\/FEURICH-123-Produktion.jpg 716w, https:\/\/test.feurich.com\/wp-content\/uploads\/FEURICH-123-Produktion-450x327.jpg 450w, https:\/\/test.feurich.com\/wp-content\/uploads\/FEURICH-123-Produktion-600x436.jpg 600w, https:\/\/test.feurich.com\/wp-content\/uploads\/FEURICH-123-Produktion-300x218.jpg 300w\" sizes=\"(max-width: 716px) 100vw, 716px\" \/><\/div>\n\t\t<\/figure>\n\t<\/div>\n<\/div><\/div><\/div><div class=\"wpb_column vc_column_container vc_col-sm-8 et-dark-column\"><div class=\"vc_column-inner\"><div class=\"wpb_wrapper\">\n\t<div class=\"wpb_text_column wpb_content_element  \" >\n\t\t<div class=\"wpb_wrapper\">\n\t\t\t<p><span style=\"font-size: 14pt;\"><strong>Auf Wunsch produzieren wir individuelle Design-Klaviere oder Sondermodelle wie das Mod. 123 &#8211; Vienna Modern!<\/strong><\/span><\/p>\n<p>W\u00e4hrend sich unser serienm\u00e4\u00dfig produziertes Modell 123 &#8211; Vienna an der Formensprache des traditionellen Klavierbaus bedient, bieten wir auf Nachfrage auch eine Sonderanfertigung im modernen, geradlinigen Design an.<\/p>\n<p>Das Sondermodell 123 &#8211; Vienna Modern beherbergt in seinem neuentwickelten Geh\u00e4use dasselbe technisch ausgereifte Innenleben wie das Serienmodell. Das Geh\u00e4use selbst unterscheidet sich in der klaren, am Bauhaus-Stil orientierten Gestaltung und verzichtet auf die \u00d6ffnung in der F\u00fcllung. Damit \u00e4hnelt es optisch unserem Erfolgsmodell 115 &#8211; Premiere, bietet jedoch eine Vielzahl an technischen Vorteilen.<\/p>\n\n\t\t<\/div>\n\t<\/div>\n<div class=\"vc_empty_space\"   style=\"height: 24px\"><span class=\"vc_empty_space_inner\"><\/span><\/div><\/div><\/div><\/div><\/div><\/div><div  class=\"sec_row container\"><div class=\"vc_row wpb_row vc_row-fluid\"><div class=\"wpb_column vc_column_container vc_col-sm-12 et-dark-column\"><div class=\"vc_column-inner\"><div class=\"wpb_wrapper\"><div class=\"vc_empty_space\"   style=\"height: 36px\"><span class=\"vc_empty_space_inner\"><\/span><\/div>\n<div class=\"vc_grid-container-wrapper vc_clearfix vc_grid-animation-zoomIn\">\n\t<div class=\"vc_grid-container vc_clearfix wpb_content_element vc_masonry_media_grid\" data-initial-loading-animation=\"zoomIn\" data-vc-grid-settings=\"{&quot;page_id&quot;:396,&quot;style&quot;:&quot;all-masonry&quot;,&quot;action&quot;:&quot;vc_get_vc_grid_data&quot;,&quot;shortcode_id&quot;:&quot;1700856024353-407f518f-2250-1&quot;,&quot;tag&quot;:&quot;vc_masonry_media_grid&quot;}\" data-vc-request=\"https:\/\/test.feurich.com\/wp-admin\/admin-ajax.php?lang=de\" data-vc-post-id=\"396\" data-vc-public-nonce=\"ece9a6cc3a\">\n\t\t\n\t<\/div>\n<\/div><\/div><\/div><\/div><\/div><\/div>\n<\/div>","protected":false},"excerpt":{"rendered":"<p>Die neueste Innovation von FEURICH: Piano Mod. 123 \u2013 Vienna mit v\u00f6llig neuen Konzepten in den zentralen Bereichen wie  Spielwerk, Geh\u00e4use und Pedalsystem.<\/p>\n","protected":false},"author":4,"featured_media":0,"parent":394,"menu_order":0,"comment_status":"closed","ping_status":"closed","template":"template-fullwidth.php","meta":{"inline_featured_image":false,"footnotes":""},"class_list":["post-396","page","type-page","status-publish","hentry"],"acf":[],"_links":{"self":[{"href":"https:\/\/test.feurich.com\/de\/wp-json\/wp\/v2\/pages\/396"}],"collection":[{"href":"https:\/\/test.feurich.com\/de\/wp-json\/wp\/v2\/pages"}],"about":[{"href":"https:\/\/test.feurich.com\/de\/wp-json\/wp\/v2\/types\/page"}],"author":[{"embeddable":true,"href":"https:\/\/test.feurich.com\/de\/wp-json\/wp\/v2\/users\/4"}],"replies":[{"embeddable":true,"href":"https:\/\/test.feurich.com\/de\/wp-json\/wp\/v2\/comments?post=396"}],"version-history":[{"count":9,"href":"https:\/\/test.feurich.com\/de\/wp-json\/wp\/v2\/pages\/396\/revisions"}],"predecessor-version":[{"id":72604,"href":"https:\/\/test.feurich.com\/de\/wp-json\/wp\/v2\/pages\/396\/revisions\/72604"}],"up":[{"embeddable":true,"href":"https:\/\/test.feurich.com\/de\/wp-json\/wp\/v2\/pages\/394"}],"wp:attachment":[{"href":"https:\/\/test.feurich.com\/de\/wp-json\/wp\/v2\/media?parent=396"}],"curies":[{"name":"wp","href":"https:\/\/api.w.org\/{rel}","templated":true}]}}