{"id":406,"date":"2017-08-08T21:04:50","date_gmt":"2017-08-08T21:04:50","guid":{"rendered":"\/?page_id=406"},"modified":"2019-10-03T15:29:42","modified_gmt":"2019-10-03T15:29:42","slug":"expertenteam","status":"publish","type":"page","link":"https:\/\/test.feurich.com\/de\/ueber-uns\/expertenteam\/","title":{"rendered":"Experten-Team"},"content":{"rendered":"<div class=\"wpb-content-wrapper\"><div  class=\"sec_row container\"><div class=\"vc_row wpb_row vc_row-fluid\"><div class=\"wpb_column vc_column_container vc_col-sm-2 et-dark-column\"><div class=\"vc_column-inner\"><div class=\"wpb_wrapper\"><\/div><\/div><\/div><div class=\"wpb_column vc_column_container vc_col-sm-8 et-dark-column\"><div class=\"vc_column-inner\"><div class=\"wpb_wrapper\"><div class=\"vc_empty_space\"   style=\"height: 44px\"><span class=\"vc_empty_space_inner\"><\/span><\/div>\n\t<div class=\"wpb_text_column wpb_content_element   big-title\" >\n\t\t<div class=\"wpb_wrapper\">\n\t\t\t<p style=\"text-align: center;\">FEURICH Experten-Team<\/p>\n\n\t\t<\/div>\n\t<\/div>\n<div class=\"vc_empty_space\"   style=\"height: 24px\"><span class=\"vc_empty_space_inner\"><\/span><\/div>\n\t<div class=\"wpb_text_column wpb_content_element  \" >\n\t\t<div class=\"wpb_wrapper\">\n\t\t\t<p><span style=\"font-size: 14pt;\">Wer gro\u00dfe Visionen hat und sein Handwerk bis ins kleinste Detail beherrscht, kann echte Innovationen vorantreiben. Nicht ohne Stolz stellen wir Ihnen unser internationales Expertenteam vor, das aus wahren Meisterinnen und Meistern ihres Fachs besteht, die ohne Unterlass verbessern, an v\u00f6llig neuen L\u00f6sungen t\u00fcfteln und immer wieder neue Wege gehen.<\/span><\/p>\n<p><span style=\"font-size: 14pt;\">Unsere Experten werden tagt\u00e4glich von unserem gesamten FEURICH-Team mit unvergleichlichem Engagement und viel Leidenschaft unterst\u00fctzt.<\/span><\/p>\n\n\t\t<\/div>\n\t<\/div>\n<div class=\"vc_empty_space\"   style=\"height: 24px\"><span class=\"vc_empty_space_inner\"><\/span><\/div><\/div><\/div><\/div><div class=\"wpb_column vc_column_container vc_col-sm-2 et-dark-column\"><div class=\"vc_column-inner\"><div class=\"wpb_wrapper\"><\/div><\/div><\/div><\/div><\/div><div  class=\"sec_row container\"><div class=\"vc_row wpb_row vc_row-fluid\"><div class=\"wpb_column vc_column_container vc_col-sm-4 et-dark-column\"><div class=\"vc_column-inner\"><div class=\"wpb_wrapper\">\n\t<div  class=\"wpb_single_image wpb_content_element vc_align_center\">\n\t\t\n\t\t<figure class=\"wpb_wrapper vc_figure\">\n\t\t\t<a href=\"joerg-wachler\/\" target=\"_self\" class=\"vc_single_image-wrapper   vc_box_border_grey\"><img decoding=\"async\" class=\"vc_single_image-img \" src=\"https:\/\/test.feurich.com\/wp-content\/uploads\/Jo\u0308rg_Wachler-360x260.jpg\" width=\"360\" height=\"260\" alt=\"J\u00f6rg Wachler\" title=\"Jo\u0308rg_Wachler\" loading=\"lazy\" \/><\/a>\n\t\t<\/figure>\n\t<\/div>\n\n\t<div class=\"wpb_text_column wpb_content_element   products-title\" >\n\t\t<div class=\"wpb_wrapper\">\n\t\t\t<p><a href=\"https:\/\/test.feurich.com\/de\/ueber-uns\/expertenteam\/joerg-wachler\/\">J\u00f6rg Wachler<\/a><\/p>\n\n\t\t<\/div>\n\t<\/div>\n\n\t<div class=\"wpb_text_column wpb_content_element  \" >\n\t\t<div class=\"wpb_wrapper\">\n\t\t\t<div data-canvas-width=\"324.0569125915081\"><strong>Chefintonateur FEURICH Wien &amp; Konzertstimmer<\/strong><\/div>\n<p>J\u00f6rg Wachler ist f\u00fcr die Endausarbeitung der Klaviere aus der FEURICH Wien Produktion verantwortlich und feilt unaufh\u00f6rlich an neuen Techniken sowie der Weiterentwicklung im Bereich Klangfarben\/Intonation. Er steht st\u00e4ndig im weltweiten Austausch mit unserem Team und unseren Partnern. <a href=\"https:\/\/test.feurich.com\/de\/ueber-uns\/expertenteam\/joerg-wachler\/\">Mehr \u00fcber J\u00f6rg Wachler<\/a><\/p>\n\n\t\t<\/div>\n\t<\/div>\n<\/div><\/div><\/div><div class=\"wpb_column vc_column_container vc_col-sm-4 et-dark-column\"><div class=\"vc_column-inner\"><div class=\"wpb_wrapper\">\n\t<div  class=\"wpb_single_image wpb_content_element vc_align_center\">\n\t\t\n\t\t<figure class=\"wpb_wrapper vc_figure\">\n\t\t\t<a href=\"\/ueber-uns\/expertenteam\/sibin_zlatkovic\/\" target=\"_self\" class=\"vc_single_image-wrapper   vc_box_border_grey\"><img decoding=\"async\" class=\"vc_single_image-img \" src=\"https:\/\/test.feurich.com\/wp-content\/uploads\/Sibin_Zlatkovic-360x260.jpg\" width=\"360\" height=\"260\" alt=\"Sibin Zlatkovic\" title=\"Sibin Zlatkovic\" loading=\"lazy\" \/><\/a>\n\t\t<\/figure>\n\t<\/div>\n\n\t<div class=\"wpb_text_column wpb_content_element   products-title\" >\n\t\t<div class=\"wpb_wrapper\">\n\t\t\t<p><a class=\"mega-menu-link\" href=\"https:\/\/test.feurich.com\/de\/ueber-uns\/expertenteam\/sibin_zlatkovic\/\">Sibin Zlatkovic<\/a><\/p>\n\n\t\t<\/div>\n\t<\/div>\n\n\t<div class=\"wpb_text_column wpb_content_element  \" >\n\t\t<div class=\"wpb_wrapper\">\n\t\t\t<div data-canvas-width=\"324.0569125915081\"><strong>Chefintonateur FEURICH Wien &amp; Konzertstimmer<\/strong><\/div>\n<p>Sibin Zlatkovic ist international f\u00fcr die Aus- und Weiterbildung unserer Klaviertechniker und FEURICH Partner verantwortlich. Er sorgt zusammen mit J\u00f6rg Wachler und St\u00e9phane Boussuge f\u00fcr die Instrumentenausarbeitung und einen m\u00f6glichst dynamischen, nuancenreichen und lang anhaltenden warmen Klang \u2013 das typische Wiener Klangideal. <a href=\"https:\/\/test.feurich.com\/de\/ueber-uns\/expertenteam\/sibin_zlatkovic\/\">Mehr \u00fcber Sibin Zlatkovic<\/a><\/p>\n\n\t\t<\/div>\n\t<\/div>\n<\/div><\/div><\/div><div class=\"wpb_column vc_column_container vc_col-sm-4 et-dark-column\"><div class=\"vc_column-inner\"><div class=\"wpb_wrapper\">\n\t<div  class=\"wpb_single_image wpb_content_element vc_align_center   info-img\">\n\t\t\n\t\t<figure class=\"wpb_wrapper vc_figure\">\n\t\t\t<a href=\"\/ueber-uns\/expertenteam\/stephane_boussuge\/\" target=\"_self\" class=\"vc_single_image-wrapper   vc_box_border_grey\"><img decoding=\"async\" class=\"vc_single_image-img \" src=\"https:\/\/test.feurich.com\/wp-content\/uploads\/featured-360x260.jpg\" width=\"360\" height=\"260\" alt=\"Boussuge\" title=\"Boussuge\" loading=\"lazy\" \/><\/a>\n\t\t<\/figure>\n\t<\/div>\n\n\t<div class=\"wpb_text_column wpb_content_element   products-title\" >\n\t\t<div class=\"wpb_wrapper\">\n\t\t\t<p><a href=\"https:\/\/test.feurich.com\/de\/ueber-uns\/expertenteam\/stephane_boussuge\/\">St\u00e9phane Boussuge<\/a><\/p>\n\n\t\t<\/div>\n\t<\/div>\n\n\t<div class=\"wpb_text_column wpb_content_element  \" >\n\t\t<div class=\"wpb_wrapper\">\n\t\t\t<div data-canvas-width=\"324.0569125915081\"><strong>Chefintonateur FEURICH Wien &amp; Konzertstimmer<\/strong><\/div>\n<p>St\u00e9phane Boussuge ist mit seinem gro\u00dfen K\u00f6nnen und Wissen als Intonations- und Regulationsexperte sowie Konzertstimmer zust\u00e4ndig f\u00fcr die klangliche Ausarbeitung der FEURICH-Instrumente und begeistert mit seinen Erfahrungsschatz Pianisten wie auch Klaviertechniker auf der ganzen Welt. <a href=\"https:\/\/test.feurich.com\/de\/ueber-uns\/expertenteam\/stephane_boussuge\/\">Mehr \u00fcber St\u00e9phane Boussuge<\/a><\/p>\n\n\t\t<\/div>\n\t<\/div>\n<\/div><\/div><\/div><\/div><\/div><div  class=\"sec_row container\"><div class=\"vc_row wpb_row vc_row-fluid\"><div class=\"wpb_column vc_column_container vc_col-sm-4 et-dark-column\"><div class=\"vc_column-inner\"><div class=\"wpb_wrapper\">\n\t<div  class=\"wpb_single_image wpb_content_element vc_align_center\">\n\t\t\n\t\t<figure class=\"wpb_wrapper vc_figure\">\n\t\t\t<a href=\"\/de\/ueber-uns\/expertenteam\/vladislav-oleg-mikucionok\/\" target=\"_self\" class=\"vc_single_image-wrapper   vc_box_border_grey\"><img decoding=\"async\" class=\"vc_single_image-img \" src=\"https:\/\/test.feurich.com\/wp-content\/uploads\/Vladislav-Mikucionok-and-Papa-360x260.jpg\" width=\"360\" height=\"260\" alt=\"Vladislav Mikucionok\" title=\"Vladislav Mikucionok and Papa\" loading=\"lazy\" \/><\/a>\n\t\t<\/figure>\n\t<\/div>\n\n\t<div class=\"wpb_text_column wpb_content_element   products-title\" >\n\t\t<div class=\"wpb_wrapper\">\n\t\t\t<p><a href=\"https:\/\/test.feurich.com\/de\/ueber-uns\/expertenteam\/vladislav-oleg-mikucionok\/\">Vladislav &amp; Oleg Mikucionok<\/a><\/p>\n\n\t\t<\/div>\n\t<\/div>\n\n\t<div class=\"wpb_text_column wpb_content_element  \" >\n\t\t<div class=\"wpb_wrapper\">\n\t\t\t<div data-canvas-width=\"324.0569125915081\"><strong>Klaviertechniker und Klavierbauer, FEURICH Wien Produktion<\/strong><\/div>\n<p>Vladislav Mikucionok ist Klaviertechniker und technischer Leiter unserer Produktionsst\u00e4tte in Wien. Sein Vater, der Klavierbauer Oleg Mikucionok, gibt in der KLAVIER<em>manufaktur<\/em> und in der Reparaturwerstatt in der KLAVIERgalerie sein Wissen an die n\u00e4chste Generation weiter. <a href=\"https:\/\/test.feurich.com\/de\/ueber-uns\/expertenteam\/vladislav-oleg-mikucionok\/\">Mehr \u00fcber Vladislav und Oleg Mikucionok<\/a><\/p>\n\n\t\t<\/div>\n\t<\/div>\n<\/div><\/div><\/div><div class=\"wpb_column vc_column_container vc_col-sm-4 et-dark-column\"><div class=\"vc_column-inner\"><div class=\"wpb_wrapper\">\n\t<div  class=\"wpb_single_image wpb_content_element vc_align_center\">\n\t\t\n\t\t<figure class=\"wpb_wrapper vc_figure\">\n\t\t\t<a href=\"\/ueber-uns\/expertenteam\/wang_jing\/\" target=\"_self\" class=\"vc_single_image-wrapper   vc_box_border_grey\"><img decoding=\"async\" class=\"vc_single_image-img \" src=\"https:\/\/test.feurich.com\/wp-content\/uploads\/Wang_Jing-360x260.jpg\" width=\"360\" height=\"260\" alt=\"WANG Jing\" title=\"Wang Jing\" loading=\"lazy\" \/><\/a>\n\t\t<\/figure>\n\t<\/div>\n\n\t<div class=\"wpb_text_column wpb_content_element   products-title\" >\n\t\t<div class=\"wpb_wrapper\">\n\t\t\t<p><a href=\"https:\/\/test.feurich.com\/de\/ueber-uns\/expertenteam\/wang_jing\/\">Mag.<sup>a<\/sup> Wang Jing<\/a><\/p>\n\n\t\t<\/div>\n\t<\/div>\n\n\t<div class=\"wpb_text_column wpb_content_element  \" >\n\t\t<div class=\"wpb_wrapper\">\n\t\t\t<p><strong>Projektmanagement &amp; Kommunikation<\/strong><\/p>\n<p>Mag.<sup>a<\/sup> WANG Jing ist f\u00fcr Kooperationsprojekte, Kommunikation und Erwachsenenbildung zust\u00e4ndig. Sie hat jahrzehntelange Erfahrung an renommierten Bildungseinrichtungen in China und in Europa und verf\u00fcgt \u00fcber ein gro\u00dfes internationales Netzwerk im akademischen und wirtschaftlichen Umfeld.\u00a0 <a href=\"https:\/\/test.feurich.com\/de\/ueber-uns\/expertenteam\/wang_jing\/\">Mehr zu Wang Jing<\/a><\/p>\n\n\t\t<\/div>\n\t<\/div>\n<\/div><\/div><\/div><div class=\"wpb_column vc_column_container vc_col-sm-4 et-dark-column\"><div class=\"vc_column-inner\"><div class=\"wpb_wrapper\">\n\t<div  class=\"wpb_single_image wpb_content_element vc_align_center\">\n\t\t\n\t\t<figure class=\"wpb_wrapper vc_figure\">\n\t\t\t<a href=\"\/ueber-uns\/expertenteam\/udo_kamm\/\" target=\"_self\" class=\"vc_single_image-wrapper   vc_box_border_grey\"><img decoding=\"async\" class=\"vc_single_image-img \" src=\"https:\/\/test.feurich.com\/wp-content\/uploads\/Udo-Kamm-e1505666597852-360x260.jpg\" width=\"360\" height=\"260\" alt=\"Udo Kamm_FEURICH-Expert\" title=\"Udo Kamm\" loading=\"lazy\" \/><\/a>\n\t\t<\/figure>\n\t<\/div>\n\n\t<div class=\"wpb_text_column wpb_content_element   products-title\" >\n\t\t<div class=\"wpb_wrapper\">\n\t\t\t<p><a class=\"mega-menu-link\" href=\"https:\/\/test.feurich.com\/de\/ueber-uns\/expertenteam\/udo_kamm\/\">Udo Kamm<\/a><\/p>\n\n\t\t<\/div>\n\t<\/div>\n\n\t<div class=\"wpb_text_column wpb_content_element  \" >\n\t\t<div class=\"wpb_wrapper\">\n\t\t\t<div data-canvas-width=\"324.0569125915081\"><strong>Klavierbaumeister und Erfinder, Kirchhain\/Deutschland<br \/>\n<\/strong><\/div>\n<p>Udo Kamm ist genialer Erfinder und Mastermind zahlreicher Innovationen im Bereich akustischer Klaviere. <a href=\"https:\/\/test.feurich.com\/de\/ueber-uns\/expertenteam\/udo_kamm\/\">Mehr \u00fcber Udo Kamm<\/a><\/p>\n\n\t\t<\/div>\n\t<\/div>\n<\/div><\/div><\/div><\/div><\/div><div  class=\"sec_row container\"><div class=\"vc_row wpb_row vc_row-fluid\"><div class=\"wpb_column vc_column_container vc_col-sm-4 et-dark-column\"><div class=\"vc_column-inner\"><div class=\"wpb_wrapper\">\n\t<div  class=\"wpb_single_image wpb_content_element vc_align_center\">\n\t\t\n\t\t<figure class=\"wpb_wrapper vc_figure\">\n\t\t\t<div class=\"vc_single_image-wrapper   vc_box_border_grey\"><img decoding=\"async\" class=\"vc_single_image-img \" src=\"https:\/\/test.feurich.com\/wp-content\/uploads\/Claire-Paulello-360x260.jpg\" width=\"360\" height=\"260\" alt=\"Claire Paulello\" title=\"Claire Paulello\" loading=\"lazy\" \/><\/div>\n\t\t<\/figure>\n\t<\/div>\n\n\t<div class=\"wpb_text_column wpb_content_element   products-title\" >\n\t\t<div class=\"wpb_wrapper\">\n\t\t\t<p><a class=\"mega-menu-link\">Claire Paulello<\/a><\/p>\n\n\t\t<\/div>\n\t<\/div>\n\n\t<div class=\"wpb_text_column wpb_content_element  \" >\n\t\t<div class=\"wpb_wrapper\">\n\t\t\t<div data-canvas-width=\"324.0569125915081\"><strong>Klavierdesignerin, Villethierry\/Frankreich<\/strong><\/div>\n<p>Claire Paulello ist diplomierte Geh\u00e4usebauerin und versierte technische Zeichnerin. Durch die eigenh\u00e4ndige Restaurierung zahlreicher alter Instrumente sammelte sie wertvolle Erfahrungen und ein tiefes Verst\u00e4ndnis des Zusammenspiels von Form und Material. Sie ist Spezialistin f\u00fcr 2D- und 3D-Computerzeichnungen von Pianos und Fl\u00fcgel.<\/p>\n\n\t\t<\/div>\n\t<\/div>\n<\/div><\/div><\/div><div class=\"wpb_column vc_column_container vc_col-sm-4 et-dark-column\"><div class=\"vc_column-inner\"><div class=\"wpb_wrapper\">\n\t<div  class=\"wpb_single_image wpb_content_element vc_align_center\">\n\t\t\n\t\t<figure class=\"wpb_wrapper vc_figure\">\n\t\t\t<a href=\"\/ueber-uns\/expertenteam\/stephen_paulello\/\" target=\"_self\" class=\"vc_single_image-wrapper   vc_box_border_grey\"><img decoding=\"async\" class=\"vc_single_image-img \" src=\"https:\/\/test.feurich.com\/wp-content\/uploads\/Stepehen_Paulello-360x260.jpg\" width=\"360\" height=\"260\" alt=\"Stephen Paulello\" title=\"Stephen Paulello\" loading=\"lazy\" \/><\/a>\n\t\t<\/figure>\n\t<\/div>\n\n\t<div class=\"wpb_text_column wpb_content_element   products-title\" >\n\t\t<div class=\"wpb_wrapper\">\n\t\t\t<p><a class=\"mega-menu-link\" href=\"https:\/\/test.feurich.com\/de\/ueber-uns\/expertenteam\/stephen_paulello\/\">Stephen Paulello<\/a><\/p>\n\n\t\t<\/div>\n\t<\/div>\n\n\t<div class=\"wpb_text_column wpb_content_element  \" >\n\t\t<div class=\"wpb_wrapper\">\n\t\t\t<div data-canvas-width=\"324.0569125915081\"><strong>Konzertpianist und Klavierkonstrukteur, Villethierry\/Frankreich<\/strong><\/div>\n<p>Stephen Paulello unterst\u00fctzt FEURICH seit 2006 als Klavierdesigner und Experte und ist der Innovator schlechthin im Bereich des klassischen Klavierbaus. Der FEURICH Fl\u00fcgel Mod. 218 \u2013 Concert wurde von ihm und seiner Frau Claire Paulello konstruiert, ebenso auch die finale Version des 4. Pedals \u201ep\u00e9dale harmonique\u201c und essentielle weitere konstruktive Elemente unserer FEURICH-Instrumente.\u00a0<a href=\"https:\/\/test.feurich.com\/de\/ueber-uns\/expertenteam\/stephen_paulello\/\">Mehr \u00fcber Stephen Paulello<\/a><\/p>\n\n\t\t<\/div>\n\t<\/div>\n<\/div><\/div><\/div><div class=\"wpb_column vc_column_container vc_col-sm-4 et-dark-column\"><div class=\"vc_column-inner\"><div class=\"wpb_wrapper\">\n\t<div  class=\"wpb_single_image wpb_content_element vc_align_center\">\n\t\t\n\t\t<figure class=\"wpb_wrapper vc_figure\">\n\t\t\t<a href=\"joerg-hauser\/\" target=\"_self\" class=\"vc_single_image-wrapper   vc_box_border_grey\"><img decoding=\"async\" class=\"vc_single_image-img \" src=\"https:\/\/test.feurich.com\/wp-content\/uploads\/DSC_0160-scaled-360x260.jpg\" width=\"360\" height=\"260\" alt=\"J\u00f6rg Hauser_FEURICH-Expert\" title=\"J\u00f6rg Hauser\" loading=\"lazy\" \/><\/a>\n\t\t<\/figure>\n\t<\/div>\n\n\t<div class=\"wpb_text_column wpb_content_element   products-title\" >\n\t\t<div class=\"wpb_wrapper\">\n\t\t\t<p><a class=\"mega-menu-link\" href=\"https:\/\/test.feurich.com\/de\/ueber-uns\/expertenteam\/joerg-hauser\/\">J\u00f6rg Hauser<\/a><\/p>\n\n\t\t<\/div>\n\t<\/div>\n\n\t<div class=\"wpb_text_column wpb_content_element  \" >\n\t\t<div class=\"wpb_wrapper\">\n\t\t\t<div data-canvas-width=\"324.0569125915081\"><strong>Klavier- und Cembalobaumeister Aldingen\/Deutschland<\/strong><\/div>\n<p>J\u00f6rg Hauser ist Teil des FEURICH Entwicklungsteams und f\u00fcr etliche Innovationen im FEURICH-Klavierbau verantwortlich. So z\u00e4hlen zum Beispiel das \u201eschw\u00e4bische Pedalsystem\u201c oder die einzigartig einfache Demontage der Pianogeh\u00e4use zu seinen Entwicklungen. <a href=\"https:\/\/test.feurich.com\/de\/ueber-uns\/expertenteam\/joerg-hauser\/\">Mehr \u00fcber J\u00f6rg Hauser <\/a><\/p>\n\n\t\t<\/div>\n\t<\/div>\n<\/div><\/div><\/div><\/div><\/div><div  class=\"sec_row container\"><div class=\"vc_row wpb_row vc_row-fluid\"><div class=\"wpb_column vc_column_container vc_col-sm-4 et-dark-column\"><div class=\"vc_column-inner\"><div class=\"wpb_wrapper\"><\/div><\/div><\/div><div class=\"wpb_column vc_column_container vc_col-sm-4 et-dark-column\"><div class=\"vc_column-inner\"><div class=\"wpb_wrapper\">\n\t<div  class=\"wpb_single_image wpb_content_element vc_align_center\">\n\t\t\n\t\t<figure class=\"wpb_wrapper vc_figure\">\n\t\t\t<a href=\"\/ueber-uns\/expertenteam\/stephen_paulello\/\" target=\"_self\" class=\"vc_single_image-wrapper   vc_box_border_grey\"><img decoding=\"async\" class=\"vc_single_image-img \" src=\"https:\/\/test.feurich.com\/wp-content\/uploads\/Viola-Stepanik-2-360x260.jpg\" width=\"360\" height=\"260\" alt=\"Viola Stepanik\" title=\"Viola Stepanik\" loading=\"lazy\" \/><\/a>\n\t\t<\/figure>\n\t<\/div>\n\n\t<div class=\"wpb_text_column wpb_content_element   products-title\" >\n\t\t<div class=\"wpb_wrapper\">\n\t\t\t<p>Viola Stepanik<\/p>\n\n\t\t<\/div>\n\t<\/div>\n\n\t<div class=\"wpb_text_column wpb_content_element  \" >\n\t\t<div class=\"wpb_wrapper\">\n\t\t\t<div data-canvas-width=\"324.0569125915081\"><strong>Gewerberechtliche Gesch\u00e4ftsf\u00fchrung &amp; Lehrlingsausbildung<\/strong><\/div>\n<p>Viola Stepanik ist gelernte Klavier- und Cembalobauerin und bei FEURICH als gewerberechtliche Gesch\u00e4ftsf\u00fchrerin Teil des Management-Teams. Sie ist verantwortlich f\u00fcr die Lehrlingsausbildung in unserer hauseigenen Reparaturwerkst\u00e4tte sowie in unserer Produktionsst\u00e4tte. Zus\u00e4tzlich betreut sie Kunden im gesamten deutschen Sprachraum. Kollegen und Kunden gleicherma\u00dfen sch\u00e4tzen ihre Kompetenz und ihr Fachwissen \u00fcber die Welt des Klavierbaus, das sie als Tochter eines Klavierbaumeisters praktisch von Geburt an sammeln konnte.<\/p>\n\n\t\t<\/div>\n\t<\/div>\n<\/div><\/div><\/div><div class=\"wpb_column vc_column_container vc_col-sm-4 et-dark-column\"><div class=\"vc_column-inner\"><div class=\"wpb_wrapper\"><\/div><\/div><\/div><\/div><\/div><div  class=\"sec_row container\"><div class=\"vc_row wpb_row vc_row-fluid\"><div class=\"wpb_column vc_column_container vc_col-sm-12 et-dark-column\"><div class=\"vc_column-inner\"><div class=\"wpb_wrapper\"><div class=\"vc_empty_space\"   style=\"height: 52px\"><span class=\"vc_empty_space_inner\"><\/span><\/div><\/div><\/div><\/div><\/div><\/div>\n<\/div>","protected":false},"excerpt":{"rendered":"<p>Wer gro\u00dfe Visionen hat und sein Handwerk bis ins kleinste Detail beherrscht, kann echte Innovationen vorantreiben: das internationale FEURICH-Expertenteam.<\/p>\n","protected":false},"author":4,"featured_media":0,"parent":402,"menu_order":0,"comment_status":"closed","ping_status":"closed","template":"template-fullwidth.php","meta":{"inline_featured_image":false,"footnotes":""},"class_list":["post-406","page","type-page","status-publish","hentry"],"acf":[],"_links":{"self":[{"href":"https:\/\/test.feurich.com\/de\/wp-json\/wp\/v2\/pages\/406"}],"collection":[{"href":"https:\/\/test.feurich.com\/de\/wp-json\/wp\/v2\/pages"}],"about":[{"href":"https:\/\/test.feurich.com\/de\/wp-json\/wp\/v2\/types\/page"}],"author":[{"embeddable":true,"href":"https:\/\/test.feurich.com\/de\/wp-json\/wp\/v2\/users\/4"}],"replies":[{"embeddable":true,"href":"https:\/\/test.feurich.com\/de\/wp-json\/wp\/v2\/comments?post=406"}],"version-history":[{"count":68,"href":"https:\/\/test.feurich.com\/de\/wp-json\/wp\/v2\/pages\/406\/revisions"}],"predecessor-version":[{"id":26401,"href":"https:\/\/test.feurich.com\/de\/wp-json\/wp\/v2\/pages\/406\/revisions\/26401"}],"up":[{"embeddable":true,"href":"https:\/\/test.feurich.com\/de\/wp-json\/wp\/v2\/pages\/402"}],"wp:attachment":[{"href":"https:\/\/test.feurich.com\/de\/wp-json\/wp\/v2\/media?parent=406"}],"curies":[{"name":"wp","href":"https:\/\/api.w.org\/{rel}","templated":true}]}}