{"id":408,"date":"2017-08-08T21:05:12","date_gmt":"2017-08-08T21:05:12","guid":{"rendered":"\/?page_id=408"},"modified":"2018-07-30T20:28:35","modified_gmt":"2018-07-30T20:28:35","slug":"bailin-ernest-bittner","status":"publish","type":"page","link":"https:\/\/test.feurich.com\/de\/ueber-uns\/bailin-ernest-bittner\/","title":{"rendered":"Bailin &#038; Ernest Bittner"},"content":{"rendered":"<div class=\"wpb-content-wrapper\"><div  class=\"sec_row container\"><div class=\"vc_row wpb_row vc_row-fluid\"><div class=\"wpb_column vc_column_container vc_col-sm-12 et-dark-column\"><div class=\"vc_column-inner\"><div class=\"wpb_wrapper\"><div class=\"vc_empty_space\"   style=\"height: 32px\"><span class=\"vc_empty_space_inner\"><\/span><\/div>\n\t<div class=\"wpb_text_column wpb_content_element   big-title\" >\n\t\t<div class=\"wpb_wrapper\">\n\t\t\t<p style=\"text-align: center;\">BAILIN &amp; ERNEST BITTNER<\/p>\n\n\t\t<\/div>\n\t<\/div>\n<div class=\"vc_empty_space\"   style=\"height: 24px\"><span class=\"vc_empty_space_inner\"><\/span><\/div><\/div><\/div><\/div><\/div><\/div><div  class=\"sec_row container\"><div class=\"vc_row wpb_row vc_row-fluid\"><div class=\"wpb_column vc_column_container vc_col-sm-4 et-dark-column\"><div class=\"vc_column-inner\"><div class=\"wpb_wrapper\">\n\t<div  class=\"wpb_single_image wpb_content_element vc_align_left\">\n\t\t\n\t\t<figure class=\"wpb_wrapper vc_figure\">\n\t\t\t<div class=\"vc_single_image-wrapper   vc_box_border_grey\"><img loading=\"lazy\" decoding=\"async\" width=\"1024\" height=\"683\" src=\"https:\/\/test.feurich.com\/wp-content\/uploads\/Lin-Ernest-FEURICH-179-Dynamic-II-1071x476-1024x683.jpg\" class=\"vc_single_image-img attachment-large\" alt=\"Lin &amp; Ernest, FEURICH 179 - Dynamic II\" title=\"Lin &amp; Ernest, FEURICH 179 - Dynamic II\" srcset=\"https:\/\/test.feurich.com\/wp-content\/uploads\/Lin-Ernest-FEURICH-179-Dynamic-II-1071x476-1024x683.jpg 1024w, https:\/\/test.feurich.com\/wp-content\/uploads\/Lin-Ernest-FEURICH-179-Dynamic-II-1071x476-450x300.jpg 450w, https:\/\/test.feurich.com\/wp-content\/uploads\/Lin-Ernest-FEURICH-179-Dynamic-II-1071x476-1000x667.jpg 1000w, https:\/\/test.feurich.com\/wp-content\/uploads\/Lin-Ernest-FEURICH-179-Dynamic-II-1071x476-300x200.jpg 300w, https:\/\/test.feurich.com\/wp-content\/uploads\/Lin-Ernest-FEURICH-179-Dynamic-II-1071x476-768x512.jpg 768w, https:\/\/test.feurich.com\/wp-content\/uploads\/Lin-Ernest-FEURICH-179-Dynamic-II-1071x476-800x533.jpg 800w, https:\/\/test.feurich.com\/wp-content\/uploads\/Lin-Ernest-FEURICH-179-Dynamic-II-1071x476.jpg 1071w\" sizes=\"(max-width: 1024px) 100vw, 1024px\" \/><\/div>\n\t\t<\/figure>\n\t<\/div>\n<div class=\"vc_empty_space\"   style=\"height: 32px\"><span class=\"vc_empty_space_inner\"><\/span><\/div>\n\t<div class=\"wpb_text_column wpb_content_element  \" >\n\t\t<div class=\"wpb_wrapper\">\n\t\t\t<p>[feurich_vid youtube=&#8221;3SvQuuv7lCc&#8221; youku=&#8221;XMzI4MTg3MDEyNA==&#8221;]<\/p>\n\n\t\t<\/div>\n\t<\/div>\n<div class=\"vc_empty_space\"   style=\"height: 32px\"><span class=\"vc_empty_space_inner\"><\/span><\/div><\/div><\/div><\/div><div class=\"wpb_column vc_column_container vc_col-sm-8 et-dark-column\"><div class=\"vc_column-inner\"><div class=\"wpb_wrapper\">\n\t<div class=\"wpb_text_column wpb_content_element  \" >\n\t\t<div class=\"wpb_wrapper\">\n\t\t\t<h3>Family Business &amp; Leidenschaft f\u00fcr Musik &#8230;<\/h3>\n<p>Bailin und Ernest kennen sich seit ihrer Schulzeit, wo sie sich am Wiener BRG Boerhaavegasse um das beste Klavierzimmer stritten. Ernest studierte im Anschluss Komposition und Saxophon an der Universit\u00e4t f\u00fcr Musik und Darstellende Kunst, Bailin inskribierte an der Wiener Universit\u00e4t f\u00fcr Medizin. Bereits w\u00e4hrend ihres Studiums gr\u00fcndeten die beiden 1997 mit Freunden das Musikprobe- und Aufnahme-Zentrum <a href=\"http:\/\/t-on.at\" target=\"_blank\" rel=\"noopener\">\u201et-on\u201c<\/a> beim Wiener Naschmarkt. Gleichzeitig verdiente sich Ernest mit dem Stimmen von Klavieren regelm\u00e4\u00dfig etwas dazu. Dabei h\u00f6rte er immer wieder, wie unerschwinglich neue Instrumente f\u00fcr viele Familien sind und wie die Unkenntnis von K\u00e4ufern am Gebrauchtmarkt ausgen\u00fctzt wird. Das meist m\u00fchsam gesparte Geld ist dahin und der Traum vom Klavier auch. Dieser Zustand in der Stadt der Musik \u00e4rgerte die beiden ma\u00dflos und sie waren entschlossen, etwas zu \u00e4ndern.<\/p>\n<h3>Alles f\u00fcr&#8217;s perfekte Klavier &#8230;<\/h3>\n<p>1998 er\u00f6ffneten Bailin und Ernest ihre erste <a href=\"https:\/\/www.klaviergalerie.at\/\" target=\"_blank\" rel=\"noopener\">KLAVIER<em>galerie<\/em><\/a> in der Wiener Andreasgasse, nahe der Mariahilfer Stra\u00dfe. Auf 120 m\u00b2 verkauften sie sorgf\u00e4ltig ausgew\u00e4hlte gebrauchte, preisg\u00fcnstige Klaviere. Nach ihrer Hochzeitsreise 1999 nach Asien war beiden endg\u00fcltig klar, dass sie \u201ebefl\u00fcgelt\u201c sein wollten. Auf ihrer Reise besuchten sie insgesamt sieben Klavierfabriken und zahlreiche Klaviergesch\u00e4fte. Sie erkannten das gro\u00dfe Potenzial der Klavierproduktionen in China \u2013 trotz enormer Qualit\u00e4tsschwankungen aufgrund fehlender Qualit\u00e4tsstandards. Sie begeisterten sich f\u00fcr die Idee, europ\u00e4isches Know-how nach China zu bringen, um so eine perfekte Symbiose von traditionellem, fachlichem Spezialwissen und moderner Produktion zu schaffen.<\/p>\n<h3>Die Nadel im Heuhaufen &#8230;<\/h3>\n<p>Die erste Kooperation mit einer staatlichen chinesischen Klavierproduktion wurde gestartet. Durch komplizierte B\u00fcrokratie und oft wechselnde F\u00fchrungskr\u00e4fte konnte man jedoch jahrelang keine signifikante Verbesserung erreichen. Die Empfehlung eines chinesischen Freundes der Familie brachte dann die entscheidende Wende. Bailin und Ernest wurden auf einen privaten Klaviereinzelteilehersteller in Ningbo aufmerksam. Das war der Beginn einer bis jetzt andauernden, erfolgreichen und intensiven Zusammenarbeit. Die hohen europ\u00e4ischen Qualit\u00e4tsstandards und die Hightech-Pr\u00e4zisionsmaschinen in der chinesischen Fabrik bilden die perfekte Symbiose, um hochwertigste Klaviere zu einem unglaublichen Preis-Leistungs-Verh\u00e4ltnis zu entwickeln und zu bauen.<\/p>\n<h3>Der Klavierbau ist wieder daheim in Wien<\/h3>\n<p>In den vergangenen Jahren haben Bailin und Ernest das internationale technische FEURICH-Team stets erweitert und keine M\u00fchen gescheut, um komplizierte Innovationen im Klavierbau umzusetzen. Mit der Er\u00f6ffnung der KLAVIER<em>manufaktur<\/em> in Wien haben sich Bailin und Ernest 2016 einen Traum erf\u00fcllt. Einerseits, weil hier eines der innovativsten und modernsten Pianos der Welt gebaut wird und andererseits, weil eine Wiederbelebung dieser historischen Tradition in der Musikstadt Wien eine Herzensangelegenheit f\u00fcr sie ist. Die beiden Kinder Ennio und Loreen sind schon genauso musikbegeistert wie ihre Eltern und t\u00e4glich in der KLAVIER<em>galerie<\/em> und der Werkst\u00e4tten von FEURICH zu finden.<\/p>\n<p><span style=\"font-size: 14pt;\"><em>\u201eUnsere Vision: Wir wollen Pianos und Klaviere mit sinnvollen Innovationen schaffen und m\u00f6glichst vielen musikbegeisterten Menschen auf dieser Welt Freude mit ihrem eigenen Klavier bereiten!\u201c<\/em>\u00a0 <span style=\"font-size: 12pt;\">(Bailin &amp; Ernest)<\/span><\/span><\/p>\n\n\t\t<\/div>\n\t<\/div>\n<\/div><\/div><\/div><\/div><\/div>\n<\/div>","protected":false},"excerpt":{"rendered":"<p>Unsere Vision: Wir wollen Pianos und Klaviere mit sinnvollen Innovationen schaffen und m\u00f6glichst vielen musikbegeisterten Menschen auf dieser Welt Freude mit ihrem eigenen Klavier bereiten!<\/p>\n","protected":false},"author":4,"featured_media":0,"parent":402,"menu_order":0,"comment_status":"closed","ping_status":"closed","template":"template-fullwidth.php","meta":{"inline_featured_image":false,"footnotes":""},"class_list":["post-408","page","type-page","status-publish","hentry"],"acf":[],"_links":{"self":[{"href":"https:\/\/test.feurich.com\/de\/wp-json\/wp\/v2\/pages\/408"}],"collection":[{"href":"https:\/\/test.feurich.com\/de\/wp-json\/wp\/v2\/pages"}],"about":[{"href":"https:\/\/test.feurich.com\/de\/wp-json\/wp\/v2\/types\/page"}],"author":[{"embeddable":true,"href":"https:\/\/test.feurich.com\/de\/wp-json\/wp\/v2\/users\/4"}],"replies":[{"embeddable":true,"href":"https:\/\/test.feurich.com\/de\/wp-json\/wp\/v2\/comments?post=408"}],"version-history":[{"count":25,"href":"https:\/\/test.feurich.com\/de\/wp-json\/wp\/v2\/pages\/408\/revisions"}],"predecessor-version":[{"id":19615,"href":"https:\/\/test.feurich.com\/de\/wp-json\/wp\/v2\/pages\/408\/revisions\/19615"}],"up":[{"embeddable":true,"href":"https:\/\/test.feurich.com\/de\/wp-json\/wp\/v2\/pages\/402"}],"wp:attachment":[{"href":"https:\/\/test.feurich.com\/de\/wp-json\/wp\/v2\/media?parent=408"}],"curies":[{"name":"wp","href":"https:\/\/api.w.org\/{rel}","templated":true}]}}