{"id":412,"date":"2017-08-08T21:06:00","date_gmt":"2017-08-08T21:06:00","guid":{"rendered":"\/?page_id=412"},"modified":"2018-03-16T16:10:17","modified_gmt":"2018-03-16T16:10:17","slug":"feurich-wien","status":"publish","type":"page","link":"https:\/\/test.feurich.com\/de\/produktion\/feurich-wien\/","title":{"rendered":"FEURICH Wien"},"content":{"rendered":"<div class=\"wpb-content-wrapper\"><div  class=\"sec_row container\"><div class=\"vc_row wpb_row vc_row-fluid\"><div class=\"wpb_column vc_column_container vc_col-sm-12 et-dark-column\"><div class=\"vc_column-inner\"><div class=\"wpb_wrapper\"><div class=\"vc_empty_space\"   style=\"height: 32px\"><span class=\"vc_empty_space_inner\"><\/span><\/div><\/div><\/div><\/div><\/div><\/div><div  class=\"sec_row container\"><div class=\"vc_row wpb_row vc_row-fluid\"><div class=\"wpb_column vc_column_container vc_col-sm-12 et-dark-column\"><div class=\"vc_column-inner\"><div class=\"wpb_wrapper\">\n\t<div class=\"wpb_text_column wpb_content_element   big-title\" >\n\t\t<div class=\"wpb_wrapper\">\n\t\t\t<p style=\"text-align: center;\">FEURICH Vienna<\/p>\n\n\t\t<\/div>\n\t<\/div>\n<\/div><\/div><\/div><\/div><\/div><div  class=\"sec_row container\"><div class=\"vc_row wpb_row vc_row-fluid\"><div class=\"wpb_column vc_column_container vc_col-sm-4 et-dark-column\"><div class=\"vc_column-inner\"><div class=\"wpb_wrapper\"><div class=\"vc_empty_space\"   style=\"height: 20px\"><span class=\"vc_empty_space_inner\"><\/span><\/div>\n\t<div  class=\"wpb_single_image wpb_content_element vc_align_left\">\n\t\t\n\t\t<figure class=\"wpb_wrapper vc_figure\">\n\t\t\t<div class=\"vc_single_image-wrapper   vc_box_border_grey\"><img decoding=\"async\" class=\"vc_single_image-img \" src=\"https:\/\/test.feurich.com\/wp-content\/uploads\/FEURICH-Vienna-Produktions-Team-1-357x238.jpg\" width=\"357\" height=\"238\" alt=\"FEURICH Vienna, Production Team\" title=\"FEURICH Vienna, Production Team\" loading=\"lazy\" \/><\/div><figcaption class=\"vc_figure-caption\">FEURICH Vienna, Production Team<\/figcaption>\n\t\t<\/figure>\n\t<\/div>\n<\/div><\/div><\/div><div class=\"wpb_column vc_column_container vc_col-sm-4 et-dark-column\"><div class=\"vc_column-inner\"><div class=\"wpb_wrapper\"><div class=\"vc_empty_space\"   style=\"height: 20px\"><span class=\"vc_empty_space_inner\"><\/span><\/div>\n\t<div  class=\"wpb_single_image wpb_content_element vc_align_left\">\n\t\t\n\t\t<figure class=\"wpb_wrapper vc_figure\">\n\t\t\t<div class=\"vc_single_image-wrapper   vc_box_border_grey\"><img decoding=\"async\" class=\"vc_single_image-img \" src=\"https:\/\/test.feurich.com\/wp-content\/uploads\/FEURICH-Wien-Pedalsystem-357x238.jpg\" width=\"357\" height=\"238\" alt=\"FEURICH Wien, pedal system\" title=\"FEURICH Wien, pedal system\" loading=\"lazy\" \/><\/div><figcaption class=\"vc_figure-caption\">FEURICH Wien, pedal system<\/figcaption>\n\t\t<\/figure>\n\t<\/div>\n<\/div><\/div><\/div><div class=\"wpb_column vc_column_container vc_col-sm-4 et-dark-column\"><div class=\"vc_column-inner\"><div class=\"wpb_wrapper\"><div class=\"vc_empty_space\"   style=\"height: 20px\"><span class=\"vc_empty_space_inner\"><\/span><\/div>\n\t<div  class=\"wpb_single_image wpb_content_element vc_align_left\">\n\t\t\n\t\t<figure class=\"wpb_wrapper vc_figure\">\n\t\t\t<div class=\"vc_single_image-wrapper   vc_box_border_grey\"><img decoding=\"async\" class=\"vc_single_image-img \" src=\"https:\/\/test.feurich.com\/wp-content\/uploads\/FEURICH-123-Vienna-RENNER-action-357x238.jpg\" width=\"357\" height=\"238\" alt=\"FEURICH Wien, RENNER action\" title=\"FEURICH Wien, RENNER action\" loading=\"lazy\" \/><\/div><figcaption class=\"vc_figure-caption\">FEURICH Wien, RENNER action<\/figcaption>\n\t\t<\/figure>\n\t<\/div>\n<\/div><\/div><\/div><\/div><\/div><div  class=\"sec_row container\"><div class=\"vc_row wpb_row vc_row-fluid\"><div class=\"wpb_column vc_column_container vc_col-sm-4 et-dark-column\"><div class=\"vc_column-inner\"><div class=\"wpb_wrapper\"><\/div><\/div><\/div><div class=\"wpb_column vc_column_container vc_col-sm-8 et-dark-column\"><div class=\"vc_column-inner\"><div class=\"wpb_wrapper\"><div class=\"vc_empty_space\"   style=\"height: 8px\"><span class=\"vc_empty_space_inner\"><\/span><\/div>\n\t<div class=\"wpb_text_column wpb_content_element  \" >\n\t\t<div class=\"wpb_wrapper\">\n\t\t\t<p>Am Standort Wien liegen die Schwerpunkte auf Forschung und Weiterentwicklung sowie der Produktion von innovativen neuen Klavieren, um unseren KundInnen ein bestm\u00f6gliches Spielerlebnis bieten zu k\u00f6nnen. Wir m\u00f6chten damit einen Beitrag dazu leisten, die Jahrhunderte alte Wiener Klavierbautradition wieder st\u00e4rker in der Stadt der Musik zu verankern.<\/p>\n\n\t\t<\/div>\n\t<\/div>\n<\/div><\/div><\/div><\/div><\/div><div  class=\"sec_row container\"><div class=\"vc_row wpb_row vc_row-fluid\"><div class=\"wpb_column vc_column_container vc_col-sm-4 et-dark-column\"><div class=\"vc_column-inner\"><div class=\"wpb_wrapper\"><div class=\"vc_empty_space\"   style=\"height: 20px\"><span class=\"vc_empty_space_inner\"><\/span><\/div>\n\t<div  class=\"wpb_single_image wpb_content_element vc_align_left\">\n\t\t\n\t\t<figure class=\"wpb_wrapper vc_figure\">\n\t\t\t<div class=\"vc_single_image-wrapper   vc_box_border_grey\"><img decoding=\"async\" class=\"vc_single_image-img \" src=\"https:\/\/test.feurich.com\/wp-content\/uploads\/FEURICH-123-Vienna-iron-frame-2-357x238.jpg\" width=\"357\" height=\"238\" alt=\"FEURICH Wien, iron frame\" title=\"FEURICH Wien, iron frame\" loading=\"lazy\" \/><\/div><figcaption class=\"vc_figure-caption\">FEURICH Wien, iron frame<\/figcaption>\n\t\t<\/figure>\n\t<\/div>\n<\/div><\/div><\/div><div class=\"wpb_column vc_column_container vc_col-sm-4 et-dark-column\"><div class=\"vc_column-inner\"><div class=\"wpb_wrapper\"><div class=\"vc_empty_space\"   style=\"height: 20px\"><span class=\"vc_empty_space_inner\"><\/span><\/div>\n\t<div  class=\"wpb_single_image wpb_content_element vc_align_left\">\n\t\t\n\t\t<figure class=\"wpb_wrapper vc_figure\">\n\t\t\t<div class=\"vc_single_image-wrapper   vc_box_border_grey\"><img decoding=\"async\" class=\"vc_single_image-img \" src=\"https:\/\/test.feurich.com\/wp-content\/uploads\/FEURICH-123-Vienna-iron-frame-357x238.jpg\" width=\"357\" height=\"238\" alt=\"FEURICH Wien, iron frame 2\" title=\"FEURICH Wien, iron frame 2\" loading=\"lazy\" \/><\/div><figcaption class=\"vc_figure-caption\">FEURICH Wien, iron frame 2<\/figcaption>\n\t\t<\/figure>\n\t<\/div>\n<\/div><\/div><\/div><div class=\"wpb_column vc_column_container vc_col-sm-4 et-dark-column\"><div class=\"vc_column-inner\"><div class=\"wpb_wrapper\"><div class=\"vc_empty_space\"   style=\"height: 20px\"><span class=\"vc_empty_space_inner\"><\/span><\/div>\n\t<div  class=\"wpb_single_image wpb_content_element vc_align_left\">\n\t\t\n\t\t<figure class=\"wpb_wrapper vc_figure\">\n\t\t\t<div class=\"vc_single_image-wrapper   vc_box_border_grey\"><img decoding=\"async\" class=\"vc_single_image-img \" src=\"https:\/\/test.feurich.com\/wp-content\/uploads\/FEURICH-123-Vienna-keyboard-felts-with-FEUFIX-357x238.jpg\" width=\"357\" height=\"238\" alt=\"FEURICH Wien, keyboard felts with FEUFIX\" title=\"FEURICH Wien, keyboard felts with FEUFIX\" loading=\"lazy\" \/><\/div><figcaption class=\"vc_figure-caption\">FEURICH Wien, keyboard felts with FEUFIX<\/figcaption>\n\t\t<\/figure>\n\t<\/div>\n<\/div><\/div><\/div><\/div><\/div><div  class=\"sec_row container\"><div class=\"vc_row wpb_row vc_row-fluid\"><div class=\"wpb_column vc_column_container vc_col-sm-4 et-dark-column\"><div class=\"vc_column-inner\"><div class=\"wpb_wrapper\"><\/div><\/div><\/div><div class=\"wpb_column vc_column_container vc_col-sm-8 et-dark-column\"><div class=\"vc_column-inner\"><div class=\"wpb_wrapper\"><div class=\"vc_empty_space\"   style=\"height: 8px\"><span class=\"vc_empty_space_inner\"><\/span><\/div>\n\t<div class=\"wpb_text_column wpb_content_element  \" >\n\t\t<div class=\"wpb_wrapper\">\n\t\t\t<h3>Hier entstehen Innovationen<\/h3>\n<p>Obwohl Pianos die weltweit meistverkauften Klaviere sind, wird kaum in deren Weiterentwicklung investiert. Der klassische Klavierbau ist eine konservative Branche, die in den letzten 100 Jahren wenig Innovation hervorbrachte. Der Fokus der Hersteller liegt vor allem auf den prestigetr\u00e4chtigen Konzertfl\u00fcgeln. Daher basiert die wesentliche Technik aktueller Pianos noch auf Technologien aus dem 19. Jahrhundert. Diesem Umstand wirkt FEURICH durch gezielte Weiterentwicklung aller technischen Details des Pianos entgegen und schafft so akustische Instrumente, die den M\u00f6glichkeiten des 21. Jahrhunderts angemessen sind.<\/p>\n\n\t\t<\/div>\n\t<\/div>\n<\/div><\/div><\/div><\/div><\/div><div  class=\"sec_row container\"><div class=\"vc_row wpb_row vc_row-fluid\"><div class=\"wpb_column vc_column_container vc_col-sm-4 et-dark-column\"><div class=\"vc_column-inner\"><div class=\"wpb_wrapper\"><div class=\"vc_empty_space\"   style=\"height: 20px\"><span class=\"vc_empty_space_inner\"><\/span><\/div>\n\t<div  class=\"wpb_single_image wpb_content_element vc_align_left\">\n\t\t\n\t\t<figure class=\"wpb_wrapper vc_figure\">\n\t\t\t<div class=\"vc_single_image-wrapper   vc_box_border_grey\"><img decoding=\"async\" class=\"vc_single_image-img \" src=\"https:\/\/test.feurich.com\/wp-content\/uploads\/FEURICH-Wien-KLAVIERmanufaktur-357x238.jpg\" width=\"357\" height=\"238\" alt=\"FEURICH Wien, KLAVIERmanufaktur\" title=\"FEURICH Wien KLAVIERmanufaktur\" loading=\"lazy\" \/><\/div><figcaption class=\"vc_figure-caption\">FEURICH Wien, KLAVIERmanufaktur<\/figcaption>\n\t\t<\/figure>\n\t<\/div>\n<\/div><\/div><\/div><div class=\"wpb_column vc_column_container vc_col-sm-4 et-dark-column\"><div class=\"vc_column-inner\"><div class=\"wpb_wrapper\"><div class=\"vc_empty_space\"   style=\"height: 20px\"><span class=\"vc_empty_space_inner\"><\/span><\/div>\n\t<div  class=\"wpb_single_image wpb_content_element vc_align_left\">\n\t\t\n\t\t<figure class=\"wpb_wrapper vc_figure\">\n\t\t\t<div class=\"vc_single_image-wrapper   vc_box_border_grey\"><img decoding=\"async\" class=\"vc_single_image-img \" src=\"https:\/\/test.feurich.com\/wp-content\/uploads\/FEURICH-123-Vienna-player-machine-357x238.jpg\" width=\"357\" height=\"238\" alt=\"FEURICH Wien, player machine\" title=\"FEURICH Wien, player machine\" loading=\"lazy\" \/><\/div><figcaption class=\"vc_figure-caption\">FEURICH Wien, player machine<\/figcaption>\n\t\t<\/figure>\n\t<\/div>\n<\/div><\/div><\/div><div class=\"wpb_column vc_column_container vc_col-sm-4 et-dark-column\"><div class=\"vc_column-inner\"><div class=\"wpb_wrapper\"><div class=\"vc_empty_space\"   style=\"height: 20px\"><span class=\"vc_empty_space_inner\"><\/span><\/div>\n\t<div  class=\"wpb_single_image wpb_content_element vc_align_left\">\n\t\t\n\t\t<figure class=\"wpb_wrapper vc_figure\">\n\t\t\t<div class=\"vc_single_image-wrapper   vc_box_border_grey\"><img decoding=\"async\" class=\"vc_single_image-img \" src=\"https:\/\/test.feurich.com\/wp-content\/uploads\/FEURICH-123-Vienna-hammer-shank-357x238.jpg\" width=\"357\" height=\"238\" alt=\"FEURICH Wien, hammer shanks\" title=\"FEURICH Wien, hammer shanks\" loading=\"lazy\" \/><\/div><figcaption class=\"vc_figure-caption\">FEURICH Wien, hammer shanks<\/figcaption>\n\t\t<\/figure>\n\t<\/div>\n<\/div><\/div><\/div><\/div><\/div><div  class=\"sec_row container\"><div class=\"vc_row wpb_row vc_row-fluid\"><div class=\"wpb_column vc_column_container vc_col-sm-4 et-dark-column\"><div class=\"vc_column-inner\"><div class=\"wpb_wrapper\"><\/div><\/div><\/div><div class=\"wpb_column vc_column_container vc_col-sm-8 et-dark-column\"><div class=\"vc_column-inner\"><div class=\"wpb_wrapper\"><div class=\"vc_empty_space\"   style=\"height: 8px\"><span class=\"vc_empty_space_inner\"><\/span><\/div>\n\t<div class=\"wpb_text_column wpb_content_element  \" >\n\t\t<div class=\"wpb_wrapper\">\n\t\t\t<h3>Handwerkskunst aus dem Herzen Europas<\/h3>\n<p>Klaviere haben ihren Ursprung in Europa, hier ist daher auch die Jahrhunderte lange Erfahrung geb\u00fcndelt. Allerdings kann sich eine Produktion in Wien nur dann am Weltmarkt behaupten, wenn man Innovationen und Vorteile f\u00fcr die KundInnen entwickelt, die das Instrument deutlich vom Mitbewerb abheben. Das schafft unser Piano FEURICH <a href=\"https:\/\/test.feurich.com\/de\/produkte\/vienna-pianos\/\">Mod. 123 \u2013 Vienna<\/a>, das in den verschiedenen Bereichen des Klaviers v\u00f6llig neue technische Konzepte aufweist und in Wiener Handwerkstradition gefertigt wird.<\/p>\n\n\t\t<\/div>\n\t<\/div>\n<\/div><\/div><\/div><\/div><\/div><div  class=\"sec_row container\"><div class=\"vc_row wpb_row vc_row-fluid\"><div class=\"wpb_column vc_column_container vc_col-sm-4 et-dark-column\"><div class=\"vc_column-inner\"><div class=\"wpb_wrapper\"><div class=\"vc_empty_space\"   style=\"height: 20px\"><span class=\"vc_empty_space_inner\"><\/span><\/div>\n\t<div  class=\"wpb_single_image wpb_content_element vc_align_left\">\n\t\t\n\t\t<figure class=\"wpb_wrapper vc_figure\">\n\t\t\t<div class=\"vc_single_image-wrapper   vc_box_border_grey\"><img decoding=\"async\" class=\"vc_single_image-img \" src=\"https:\/\/test.feurich.com\/wp-content\/uploads\/FEURICH-123-Vienna-fall-board-and-legs-wood-357x238.jpg\" width=\"357\" height=\"238\" alt=\"FEURICH 123 - Vienna, fall board and legs wood\" title=\"FEURICH 123 - Vienna, fall board and legs wood\" loading=\"lazy\" \/><\/div><figcaption class=\"vc_figure-caption\">FEURICH 123 - Vienna, fall board and legs wood<\/figcaption>\n\t\t<\/figure>\n\t<\/div>\n<\/div><\/div><\/div><div class=\"wpb_column vc_column_container vc_col-sm-4 et-dark-column\"><div class=\"vc_column-inner\"><div class=\"wpb_wrapper\"><div class=\"vc_empty_space\"   style=\"height: 20px\"><span class=\"vc_empty_space_inner\"><\/span><\/div>\n\t<div  class=\"wpb_single_image wpb_content_element vc_align_left\">\n\t\t\n\t\t<figure class=\"wpb_wrapper vc_figure\">\n\t\t\t<div class=\"vc_single_image-wrapper   vc_box_border_grey\"><img decoding=\"async\" class=\"vc_single_image-img \" src=\"https:\/\/test.feurich.com\/wp-content\/uploads\/FEURICH-123-Vienna-CNC-wood-cutting-357x238.jpg\" width=\"357\" height=\"238\" alt=\"FEURICH 123 - Vienna, CNC-wood cutting\" title=\"FEURICH 123 - Vienna, CNC-wood cutting\" loading=\"lazy\" \/><\/div><figcaption class=\"vc_figure-caption\">FEURICH 123 - Vienna, CNC-wood cutting<\/figcaption>\n\t\t<\/figure>\n\t<\/div>\n<\/div><\/div><\/div><div class=\"wpb_column vc_column_container vc_col-sm-4 et-dark-column\"><div class=\"vc_column-inner\"><div class=\"wpb_wrapper\"><div class=\"vc_empty_space\"   style=\"height: 20px\"><span class=\"vc_empty_space_inner\"><\/span><\/div>\n\t<div  class=\"wpb_single_image wpb_content_element vc_align_left\">\n\t\t\n\t\t<figure class=\"wpb_wrapper vc_figure\">\n\t\t\t<div class=\"vc_single_image-wrapper   vc_box_border_grey\"><img decoding=\"async\" class=\"vc_single_image-img \" src=\"https:\/\/test.feurich.com\/wp-content\/uploads\/FEURICH-123-Vienna-case-parts-front-walnut-satin-357x238.jpg\" width=\"357\" height=\"238\" alt=\"FEURICH 123 - Vienna, case parts, front walnut satin\" title=\"FEURICH 123 - Vienna, case parts, front walnut satin\" loading=\"lazy\" \/><\/div><figcaption class=\"vc_figure-caption\">FEURICH 123 - Vienna, case parts, front walnut satin<\/figcaption>\n\t\t<\/figure>\n\t<\/div>\n<\/div><\/div><\/div><\/div><\/div><div  class=\"sec_row container\"><div class=\"vc_row wpb_row vc_row-fluid\"><div class=\"wpb_column vc_column_container vc_col-sm-4 et-dark-column\"><div class=\"vc_column-inner\"><div class=\"wpb_wrapper\"><div class=\"vc_empty_space\"   style=\"height: 20px\"><span class=\"vc_empty_space_inner\"><\/span><\/div>\n\t<div class=\"wpb_text_column wpb_content_element  \" >\n\t\t<div class=\"wpb_wrapper\">\n\t\t\t\n\n<span class=\"arve-error\"><abbr title=\"Advanced Responsive Video Embedder\">ARVE<\/abbr> Error: Invalid URL <code>\/wp-content\/uploads\/Key-weight.mp4<\/code> in <code>mp4<\/code><br><\/span>\n<div class=\"arve\" data-mode=\"normal\" data-provider=\"html5\" id=\"arve-html5-69db65f3ba18f756152682\">\n<span class=\"arve-inner\">\n<span class=\"arve-embed\">\n<video controls controlslist preload=\"metadata\" data-arve=\"arve-html5-69db65f3ba18f756152682\" class=\"arve-video fitvidsignore\">\n<source type=\"video\/mp4\" src=\"\/wp-content\/uploads\/Key-weight.mp4\">\n<\/video>\n\n<\/span>\n\n<\/span>\n<script type=\"application\/ld+json\">{\"@context\":\"http:\\\/\\\/schema.org\\\/\",\"@id\":\"https:\\\/\\\/test.feurich.com\\\/de\\\/produktion\\\/feurich-wien\\\/#arve-html5-69db65f3ba18f756152682\",\"type\":\"VideoObject\",\"contentURL\":\"\\\/wp-content\\\/uploads\\\/Key-weight.mp4\"}<\/script>\n<\/div>\n\n\n\t\t<\/div>\n\t<\/div>\n<\/div><\/div><\/div><div class=\"wpb_column vc_column_container vc_col-sm-8 et-dark-column\"><div class=\"vc_column-inner\"><div class=\"wpb_wrapper\"><div class=\"vc_empty_space\"   style=\"height: 8px\"><span class=\"vc_empty_space_inner\"><\/span><\/div><div class=\"vc_empty_space\"   style=\"height: 8px\"><span class=\"vc_empty_space_inner\"><\/span><\/div>\n\t<div class=\"wpb_text_column wpb_content_element  \" >\n\t\t<div class=\"wpb_wrapper\">\n\t\t\t<p>Ganz im Sinne des traditionellen Klavierbaus verwenden wir nur hochwertige H\u00f6lzer und Ausgangsmaterialien. Alle Geh\u00e4useteile werden mit CNC-Maschinen zugeschnitten \u2013 f\u00fcr h\u00f6chste Pr\u00e4zision und Passgenauigkeit.<\/p>\n\n\t\t<\/div>\n\t<\/div>\n<div class=\"vc_empty_space\"   style=\"height: 36px\"><span class=\"vc_empty_space_inner\"><\/span><\/div><\/div><\/div><\/div><\/div><\/div>\n<\/div>","protected":false},"excerpt":{"rendered":"<p>Am Standort Wien liegen die Schwerpunkte auf Forschung, Weiterentwicklung und der Produktion von innovativen Klavieren \u2013 f\u00fcr das bestm\u00f6gliche Spielerlebnis.<\/p>\n","protected":false},"author":4,"featured_media":0,"parent":404,"menu_order":0,"comment_status":"closed","ping_status":"closed","template":"template-fullwidth.php","meta":{"inline_featured_image":false,"footnotes":""},"class_list":["post-412","page","type-page","status-publish","hentry"],"acf":[],"_links":{"self":[{"href":"https:\/\/test.feurich.com\/de\/wp-json\/wp\/v2\/pages\/412"}],"collection":[{"href":"https:\/\/test.feurich.com\/de\/wp-json\/wp\/v2\/pages"}],"about":[{"href":"https:\/\/test.feurich.com\/de\/wp-json\/wp\/v2\/types\/page"}],"author":[{"embeddable":true,"href":"https:\/\/test.feurich.com\/de\/wp-json\/wp\/v2\/users\/4"}],"replies":[{"embeddable":true,"href":"https:\/\/test.feurich.com\/de\/wp-json\/wp\/v2\/comments?post=412"}],"version-history":[{"count":38,"href":"https:\/\/test.feurich.com\/de\/wp-json\/wp\/v2\/pages\/412\/revisions"}],"predecessor-version":[{"id":13202,"href":"https:\/\/test.feurich.com\/de\/wp-json\/wp\/v2\/pages\/412\/revisions\/13202"}],"up":[{"embeddable":true,"href":"https:\/\/test.feurich.com\/de\/wp-json\/wp\/v2\/pages\/404"}],"wp:attachment":[{"href":"https:\/\/test.feurich.com\/de\/wp-json\/wp\/v2\/media?parent=412"}],"curies":[{"name":"wp","href":"https:\/\/api.w.org\/{rel}","templated":true}]}}