{"id":418,"date":"2017-08-08T21:07:41","date_gmt":"2017-08-08T21:07:41","guid":{"rendered":"\/?page_id=418"},"modified":"2018-12-12T10:44:54","modified_gmt":"2018-12-12T10:44:54","slug":"auszeichnungen","status":"publish","type":"page","link":"https:\/\/test.feurich.com\/de\/referenzen\/auszeichnungen\/","title":{"rendered":"Auszeichnungen"},"content":{"rendered":"<div class=\"wpb-content-wrapper\"><div  class=\"sec_row container\"><div class=\"vc_row wpb_row vc_row-fluid\"><div class=\"wpb_column vc_column_container vc_col-sm-12 et-dark-column\"><div class=\"vc_column-inner\"><div class=\"wpb_wrapper\"><div class=\"vc_empty_space\"   style=\"height: 52px\"><span class=\"vc_empty_space_inner\"><\/span><\/div><\/div><\/div><\/div><\/div><\/div><div  class=\"sec_row container\"><div class=\"vc_row wpb_row vc_row-fluid\"><div class=\"wpb_column vc_column_container vc_col-sm-4 et-dark-column\"><div class=\"vc_column-inner\"><div class=\"wpb_wrapper\"><div class=\"vc_empty_space\"   style=\"height: 10px\"><span class=\"vc_empty_space_inner\"><\/span><\/div>\n\t<div  class=\"wpb_single_image wpb_content_element vc_align_center\">\n\t\t\n\t\t<figure class=\"wpb_wrapper vc_figure\">\n\t\t\t<div class=\"vc_single_image-wrapper   vc_box_border_grey\"><img decoding=\"async\" class=\"vc_single_image-img \" src=\"https:\/\/test.feurich.com\/wp-content\/uploads\/diapason-or-1-220x220.png\" width=\"220\" height=\"220\" alt=\"diapason D&#039;OR, LOGO\" title=\"diapason D&#039;OR\" loading=\"lazy\" \/><\/div>\n\t\t<\/figure>\n\t<\/div>\n<\/div><\/div><\/div><div class=\"wpb_column vc_column_container vc_col-sm-8 et-dark-column\"><div class=\"vc_column-inner\"><div class=\"wpb_wrapper\">\n\t<div class=\"wpb_text_column wpb_content_element   big-title\" >\n\t\t<div class=\"wpb_wrapper\">\n\t\t\t<p style=\"text-align: left;\">DIAPASON D\u2019OR<\/p>\n\n\t\t<\/div>\n\t<\/div>\n\n\t<div class=\"wpb_text_column wpb_content_element  \" >\n\t\t<div class=\"wpb_wrapper\">\n\t\t\t<p>Das renommierte franz\u00f6sische Fachmagazin <a href=\"https:\/\/www.diapasonmag.fr\">Diapason<\/a>\u00a0vergibt neben einem monatlichen Schallplattenpreis f\u00fcr klassische Musik auch j\u00e4hrlich eine Auszeichnung f\u00fcr Pianos und Klaviere. Der Diapason D\u2019OR gilt neben dem \u201ePreis der deutschen Schallplattenkritik\u201c und dem britischen \u201eGramophone Award\u201c als einer der bedeutendsten Schallplattenpreise f\u00fcr klassische Musik.<\/p>\n<p>Mehrere Pianisten testen die Klaviere in einem objektiven Blindtest zu identischen akustischen Bedingungen.<\/p>\n<h3>FEURICH Pianos und Fl\u00fcgel wurden bereits drei Mal<br \/>\nmit dem Diapason D\u2019OR ausgezeichnet:<\/h3>\n<p><strong><span style=\"font-size: 14pt;\">2007 &amp; 2011: FEURICH Mod. 122 \u2013 Universal<\/span><br \/>\n<\/strong>Ein PDF mit dem Originalartikel von 2011 und einer \u00dcbersetzung gibt es <a href=\"\/wp-content\/uploads\/DIAPASON-2011-fu\u0308r-FEURICH-122-Deutsch.pdf\" target=\"_blank\" rel=\"noopener\">HIER<\/a>.<\/p>\n<p><span style=\"font-size: 14pt;\"><strong>2008: Mod. 178\u00a0<\/strong><\/span> (Vorg\u00e4ngermodell des FEURICH Mod. 179 \u2013 Dynamic II)<br \/>\nDer DIAPASON d\u2019or wurde uns f\u00fcr den Fl\u00fcgel FEURICH Mod. 178 \u2013 Professional II verliehen. Das war f\u00fcr uns nicht nur eine Best\u00e4tigung unserer Arbeit, sondern zugleich Ansporn, dieses Piano noch weiter zu perfektionieren. F\u00fcr das Nachfolger-Modell FEURICH Mod. 179 \u2013 Dynamic II haben wir eine F\u00fclle weiterer Verbesserungen und Innovationen integriert.<\/p>\n<p>Ein PDF mit dem Originalartikel und einer \u00dcbersetzung gibt es <a href=\"\/wp-content\/uploads\/DIAPASON-2008-fu\u0308r-FEURICH-178-Deutsch.pdf\" target=\"_blank\" rel=\"noopener\">HIER<\/a>.<\/p>\n\n\t\t<\/div>\n\t<\/div>\n<\/div><\/div><\/div><\/div><\/div><div  class=\"sec_row container\"><div class=\"vc_row wpb_row vc_row-fluid\"><div class=\"wpb_column vc_column_container vc_col-sm-4 et-dark-column\"><div class=\"vc_column-inner\"><div class=\"wpb_wrapper\"><div class=\"vc_empty_space\"   style=\"height: 42px\"><span class=\"vc_empty_space_inner\"><\/span><\/div>\n\t<div  class=\"wpb_single_image wpb_content_element vc_align_center\">\n\t\t\n\t\t<figure class=\"wpb_wrapper vc_figure\">\n\t\t\t<div class=\"vc_single_image-wrapper   vc_box_border_grey\"><img loading=\"lazy\" decoding=\"async\" width=\"300\" height=\"156\" src=\"https:\/\/test.feurich.com\/wp-content\/uploads\/Pianiste_Maestro_Logo-300x156.jpg\" class=\"vc_single_image-img attachment-medium\" alt=\"Pianiste Maestro Logo\" title=\"Pianiste_Maestro_Logo\" srcset=\"https:\/\/test.feurich.com\/wp-content\/uploads\/Pianiste_Maestro_Logo-300x156.jpg 300w, https:\/\/test.feurich.com\/wp-content\/uploads\/Pianiste_Maestro_Logo.jpg 350w\" sizes=\"(max-width: 300px) 100vw, 300px\" \/><\/div>\n\t\t<\/figure>\n\t<\/div>\n<\/div><\/div><\/div><div class=\"wpb_column vc_column_container vc_col-sm-8 et-dark-column\"><div class=\"vc_column-inner\"><div class=\"wpb_wrapper\"><div class=\"vc_empty_space\"   style=\"height: 32px\"><span class=\"vc_empty_space_inner\"><\/span><\/div>\n\t<div class=\"wpb_text_column wpb_content_element   big-title\" >\n\t\t<div class=\"wpb_wrapper\">\n\t\t\t<p style=\"text-align: left;\">PIANISTE MAESTRO<\/p>\n\n\t\t<\/div>\n\t<\/div>\n\n\t<div class=\"wpb_text_column wpb_content_element  \" >\n\t\t<div class=\"wpb_wrapper\">\n\t\t\t<p>Das international viel beachtete franz\u00f6sische Fachmagazin <a href=\"https:\/\/www.facebook.com\/pianistemag\/\">Pianiste<\/a> testet regelm\u00e4\u00dfig neue Pianos auf Herz und Nieren. Sogar bei den renommierten Herstellern im oberen Preissegment werden allf\u00e4llige Schwachstellen aufgezeigt.<\/p>\n<p><strong>Unser neues, innovatives \u201eWien-Klavier\u201c FEURICH Mod. 123 \u2013 Vienna \u00fcberzeugte in jeder Hinsicht und wurde mit dem Titel \u201ePIANISTE MAESTRO\u201c ausgezeichnet.<\/strong><\/p>\n\n\t\t<\/div>\n\t<\/div>\n<\/div><\/div><\/div><\/div><\/div><div  class=\"sec_row container\"><div class=\"vc_row wpb_row vc_row-fluid\"><div class=\"wpb_column vc_column_container vc_col-sm-12 et-dark-column\"><div class=\"vc_column-inner\"><div class=\"wpb_wrapper\"><div class=\"vc_empty_space\"   style=\"height: 26px\"><span class=\"vc_empty_space_inner\"><\/span><\/div><\/div><\/div><\/div><\/div><\/div>\n<\/div>","protected":false},"excerpt":{"rendered":"DIAPASON D\u2019OR Das renommierte franz\u00f6sische Fachmagazin Diapason\u00a0vergibt neben einem monatlichen Schallplattenpreis f\u00fcr klassische Musik auch j\u00e4hrlich eine Auszeichnung f\u00fcr Pianos und Klaviere. Der Diapason D\u2019OR gilt neben dem \u201ePreis der deutschen Schallplattenkritik\u201c und dem britischen \u201eGramophone Award\u201c als einer der bedeutendsten Schallplattenpreise f\u00fcr klassische Musik. Mehrere Pianisten testen die Klaviere&hellip;","protected":false},"author":4,"featured_media":0,"parent":416,"menu_order":0,"comment_status":"closed","ping_status":"closed","template":"template-fullwidth.php","meta":{"inline_featured_image":false,"footnotes":""},"class_list":["post-418","page","type-page","status-publish","hentry"],"acf":[],"_links":{"self":[{"href":"https:\/\/test.feurich.com\/de\/wp-json\/wp\/v2\/pages\/418"}],"collection":[{"href":"https:\/\/test.feurich.com\/de\/wp-json\/wp\/v2\/pages"}],"about":[{"href":"https:\/\/test.feurich.com\/de\/wp-json\/wp\/v2\/types\/page"}],"author":[{"embeddable":true,"href":"https:\/\/test.feurich.com\/de\/wp-json\/wp\/v2\/users\/4"}],"replies":[{"embeddable":true,"href":"https:\/\/test.feurich.com\/de\/wp-json\/wp\/v2\/comments?post=418"}],"version-history":[{"count":17,"href":"https:\/\/test.feurich.com\/de\/wp-json\/wp\/v2\/pages\/418\/revisions"}],"predecessor-version":[{"id":21042,"href":"https:\/\/test.feurich.com\/de\/wp-json\/wp\/v2\/pages\/418\/revisions\/21042"}],"up":[{"embeddable":true,"href":"https:\/\/test.feurich.com\/de\/wp-json\/wp\/v2\/pages\/416"}],"wp:attachment":[{"href":"https:\/\/test.feurich.com\/de\/wp-json\/wp\/v2\/media?parent=418"}],"curies":[{"name":"wp","href":"https:\/\/api.w.org\/{rel}","templated":true}]}}