{"id":420,"date":"2017-08-08T21:07:54","date_gmt":"2017-08-08T21:07:54","guid":{"rendered":"\/?page_id=420"},"modified":"2022-02-28T12:28:21","modified_gmt":"2022-02-28T12:28:21","slug":"institutionen","status":"publish","type":"page","link":"https:\/\/test.feurich.com\/de\/referenzen\/institutionen\/","title":{"rendered":"Institutionen"},"content":{"rendered":"<div class=\"wpb-content-wrapper\"><div  class=\"sec_row container\"><div class=\"vc_row wpb_row vc_row-fluid\"><div class=\"wpb_column vc_column_container vc_col-sm-12 et-dark-column\"><div class=\"vc_column-inner\"><div class=\"wpb_wrapper\"><div class=\"vc_empty_space\"   style=\"height: 32px\"><span class=\"vc_empty_space_inner\"><\/span><\/div>\n\t<div class=\"wpb_text_column wpb_content_element   big-title\" >\n\t\t<div class=\"wpb_wrapper\">\n\t\t\t<p style=\"text-align: center;\">Institutionen<\/p>\n\n\t\t<\/div>\n\t<\/div>\n<div class=\"vc_empty_space\"   style=\"height: 24px\"><span class=\"vc_empty_space_inner\"><\/span><\/div>\n<div class=\"vc_grid-container-wrapper vc_clearfix vc_grid-animation-fadeIn\">\n\t<div class=\"vc_grid-container vc_clearfix wpb_content_element vc_basic_grid\" data-initial-loading-animation=\"fadeIn\" data-vc-grid-settings=\"{&quot;page_id&quot;:420,&quot;style&quot;:&quot;lazy&quot;,&quot;action&quot;:&quot;vc_get_vc_grid_data&quot;,&quot;shortcode_id&quot;:&quot;1646051284703-43e33b09-4c64-2&quot;,&quot;items_per_page&quot;:&quot;12&quot;,&quot;tag&quot;:&quot;vc_basic_grid&quot;}\" data-vc-request=\"https:\/\/test.feurich.com\/wp-admin\/admin-ajax.php?lang=de\" data-vc-post-id=\"420\" data-vc-public-nonce=\"ece9a6cc3a\">\n\t\t<div class=\"vc_grid vc_row vc_grid-gutter-30px vc_pageable-wrapper vc_hook_hover\" data-vc-pageable-content=\"true\"><div class=\"vc_pageable-slide-wrapper vc_clearfix\" data-vc-grid-content=\"true\"><div class=\"vc_grid-item vc_clearfix vc_col-sm-4 vc_grid-item-zone-c-bottom\"><div class=\"vc_grid-item-mini vc_clearfix \"><div class=\"vc_gitem-animated-block\" ><div class=\"vc_gitem-zone vc_gitem-zone-a references-pic vc_gitem-is-link\" style=\"background-image: url('https:\/\/test.feurich.com\/wp-content\/uploads\/Tabasalu-Muusikakool_2-2.jpg') !important;\"><a href=\"https:\/\/test.feurich.com\/de\/tabasalu-muusika-ja-kunstikool-music-school\/\" title=\"Tabasalu Muusika &#8211; ja Kunstikool Music School\" class=\"vc_gitem-link vc-zone-link\" ><\/a><img decoding=\"async\" class=\"vc_gitem-zone-img\" src=\"https:\/\/test.feurich.com\/wp-content\/uploads\/Tabasalu-Muusikakool_2-2.jpg\" alt=\"The Tabasalu Muusika - ja Kunstikool, a Music School located in Harjumaa, Estonia, received a new FEURICH 179 grand piano.\" loading=\"lazy\"><div class=\"vc_gitem-zone-mini\"><\/div><\/div><\/div><div class=\"vc_gitem-zone vc_gitem-zone-c\"><div class=\"vc_gitem-zone-mini\"><div class=\"vc_gitem_row vc_row vc_gitem-row-position-top\"><div class=\"vc_col-sm-12 vc_gitem-col vc_gitem-col-align-\"><div class=\"vc_custom_heading vc_gitem-post-data vc_gitem-post-data-source-post_title\" ><h4 style=\"text-align: left\" ><a href=\"https:\/\/test.feurich.com\/de\/tabasalu-muusika-ja-kunstikool-music-school\/\" class=\"vc_gitem-link\" title=\"Tabasalu Muusika &#8211; ja Kunstikool Music School\">Tabasalu Muusika &#8211; ja Kunstikool Music School<\/a><\/h4><\/div><div class=\"vc_custom_heading vc_gitem-post-data vc_gitem-post-data-source-post_excerpt\" ><div style=\"text-align: left\" ><a href=\"https:\/\/test.feurich.com\/de\/tabasalu-muusika-ja-kunstikool-music-school\/\" class=\"vc_gitem-link\" title=\"Tabasalu Muusika &#8211; ja Kunstikool Music School\"><p>The Tabasalu Muusika &#8211; ja Kunstikool, a Music School located in Harjumaa, Estonia, received a new FEURICH 179 grand piano.<\/p>\n<\/a><\/div><\/div><\/div><\/div><\/div><\/div><\/div><div class=\"vc_clearfix\"><\/div><\/div><div class=\"vc_grid-item vc_clearfix vc_col-sm-4 vc_grid-item-zone-c-bottom\"><div class=\"vc_grid-item-mini vc_clearfix \"><div class=\"vc_gitem-animated-block\" ><div class=\"vc_gitem-zone vc_gitem-zone-a references-pic vc_gitem-is-link\" style=\"background-image: url('https:\/\/test.feurich.com\/wp-content\/uploads\/IMG_20211121_112845b.jpg') !important;\"><a href=\"https:\/\/test.feurich.com\/de\/stefan-gajdov-music-school\/\" title=\"Stefan Gajdov Music School\" class=\"vc_gitem-link vc-zone-link\" ><\/a><img decoding=\"async\" class=\"vc_gitem-zone-img\" src=\"https:\/\/test.feurich.com\/wp-content\/uploads\/IMG_20211121_112845b.jpg\" alt=\"Piano teacher Ilija Nastovski from Veles, Macedonia is happy to have two FEURICH 218 grands singing in their local music school.\" loading=\"lazy\"><div class=\"vc_gitem-zone-mini\"><\/div><\/div><\/div><div class=\"vc_gitem-zone vc_gitem-zone-c\"><div class=\"vc_gitem-zone-mini\"><div class=\"vc_gitem_row vc_row vc_gitem-row-position-top\"><div class=\"vc_col-sm-12 vc_gitem-col vc_gitem-col-align-\"><div class=\"vc_custom_heading vc_gitem-post-data vc_gitem-post-data-source-post_title\" ><h4 style=\"text-align: left\" ><a href=\"https:\/\/test.feurich.com\/de\/stefan-gajdov-music-school\/\" class=\"vc_gitem-link\" title=\"Stefan Gajdov Music School\">Stefan Gajdov Music School<\/a><\/h4><\/div><div class=\"vc_custom_heading vc_gitem-post-data vc_gitem-post-data-source-post_excerpt\" ><div style=\"text-align: left\" ><a href=\"https:\/\/test.feurich.com\/de\/stefan-gajdov-music-school\/\" class=\"vc_gitem-link\" title=\"Stefan Gajdov Music School\"><p>Piano teacher Ilija Nastovski from Veles, Macedonia is happy to have two FEURICH 218 grands singing in their local music school.<\/p>\n<\/a><\/div><\/div><\/div><\/div><\/div><\/div><\/div><div class=\"vc_clearfix\"><\/div><\/div><div class=\"vc_grid-item vc_clearfix vc_col-sm-4 vc_grid-item-zone-c-bottom\"><div class=\"vc_grid-item-mini vc_clearfix \"><div class=\"vc_gitem-animated-block\" ><div class=\"vc_gitem-zone vc_gitem-zone-a references-pic vc_gitem-is-link\" style=\"background-image: url('https:\/\/test.feurich.com\/wp-content\/uploads\/StudioBuller-1024x745.jpg') !important;\"><a href=\"https:\/\/test.feurich.com\/de\/studio-buller\/\" title=\"Studio Buller\" class=\"vc_gitem-link vc-zone-link\" ><\/a><img decoding=\"async\" class=\"vc_gitem-zone-img\" src=\"https:\/\/test.feurich.com\/wp-content\/uploads\/StudioBuller-1024x745.jpg\" alt=\"Studio Buller ist ein professionelles Aufnahmestudio in Stockholm. Seit 2021 ist ein FEURICH 133 Konzertpiano dort im Einsatz.\" loading=\"lazy\"><div class=\"vc_gitem-zone-mini\"><\/div><\/div><\/div><div class=\"vc_gitem-zone vc_gitem-zone-c\"><div class=\"vc_gitem-zone-mini\"><div class=\"vc_gitem_row vc_row vc_gitem-row-position-top\"><div class=\"vc_col-sm-12 vc_gitem-col vc_gitem-col-align-\"><div class=\"vc_custom_heading vc_gitem-post-data vc_gitem-post-data-source-post_title\" ><h4 style=\"text-align: left\" ><a href=\"https:\/\/test.feurich.com\/de\/studio-buller\/\" class=\"vc_gitem-link\" title=\"Studio Buller\">Studio Buller<\/a><\/h4><\/div><div class=\"vc_custom_heading vc_gitem-post-data vc_gitem-post-data-source-post_excerpt\" ><div style=\"text-align: left\" ><a href=\"https:\/\/test.feurich.com\/de\/studio-buller\/\" class=\"vc_gitem-link\" title=\"Studio Buller\"><p>Studio Buller ist ein professionelles Aufnahmestudio in Stockholm. Seit 2021 ist ein FEURICH 133 Konzertpiano dort im Einsatz.<\/p>\n<\/a><\/div><\/div><\/div><\/div><\/div><\/div><\/div><div class=\"vc_clearfix\"><\/div><\/div><div class=\"vc_grid-item vc_clearfix vc_col-sm-4 vc_grid-item-zone-c-bottom\"><div class=\"vc_grid-item-mini vc_clearfix \"><div class=\"vc_gitem-animated-block\" ><div class=\"vc_gitem-zone vc_gitem-zone-a references-pic vc_gitem-is-link\" style=\"background-image: url('https:\/\/test.feurich.com\/wp-content\/uploads\/CompagnieAlbertine.jpg') !important;\"><a href=\"https:\/\/test.feurich.com\/de\/compagnie-albertine\/\" title=\"Compagnie Albertine\" class=\"vc_gitem-link vc-zone-link\" ><\/a><img decoding=\"async\" class=\"vc_gitem-zone-img\" src=\"https:\/\/test.feurich.com\/wp-content\/uploads\/CompagnieAlbertine.jpg\" alt=\"CompagnieAlbertine\" loading=\"lazy\"><div class=\"vc_gitem-zone-mini\"><\/div><\/div><\/div><div class=\"vc_gitem-zone vc_gitem-zone-c\"><div class=\"vc_gitem-zone-mini\"><div class=\"vc_gitem_row vc_row vc_gitem-row-position-top\"><div class=\"vc_col-sm-12 vc_gitem-col vc_gitem-col-align-\"><div class=\"vc_custom_heading vc_gitem-post-data vc_gitem-post-data-source-post_title\" ><h4 style=\"text-align: left\" ><a href=\"https:\/\/test.feurich.com\/de\/compagnie-albertine\/\" class=\"vc_gitem-link\" title=\"Compagnie Albertine\">Compagnie Albertine<\/a><\/h4><\/div><div class=\"vc_custom_heading vc_gitem-post-data vc_gitem-post-data-source-post_excerpt\" ><div style=\"text-align: left\" ><a href=\"https:\/\/test.feurich.com\/de\/compagnie-albertine\/\" class=\"vc_gitem-link\" title=\"Compagnie Albertine\"><p>An der &#8216;Compagnie Albertine&#8217; Musikschule in Lausanne (Schweiz) tun zwei FEURICH 122 Klaviere seit 10 Jahren verl\u00e4sslich ihren Dienst und halten die Stimmung au\u00dfergew\u00f6hnlich gut.<\/p>\n<\/a><\/div><\/div><\/div><\/div><\/div><\/div><\/div><div class=\"vc_clearfix\"><\/div><\/div><div class=\"vc_grid-item vc_clearfix vc_col-sm-4 vc_grid-item-zone-c-bottom\"><div class=\"vc_grid-item-mini vc_clearfix \"><div class=\"vc_gitem-animated-block\" ><div class=\"vc_gitem-zone vc_gitem-zone-a references-pic vc_gitem-is-link\" style=\"background-image: url('https:\/\/test.feurich.com\/wp-content\/uploads\/cvmusic_logo.png') !important;\"><a href=\"https:\/\/test.feurich.com\/de\/cvmusic-filmton\/\" title=\"cvmusic film\/ton\" class=\"vc_gitem-link vc-zone-link\" ><\/a><img decoding=\"async\" class=\"vc_gitem-zone-img\" src=\"https:\/\/test.feurich.com\/wp-content\/uploads\/cvmusic_logo.png\" alt=\"cvmusic\" loading=\"lazy\"><div class=\"vc_gitem-zone-mini\"><\/div><\/div><\/div><div class=\"vc_gitem-zone vc_gitem-zone-c\"><div class=\"vc_gitem-zone-mini\"><div class=\"vc_gitem_row vc_row vc_gitem-row-position-top\"><div class=\"vc_col-sm-12 vc_gitem-col vc_gitem-col-align-\"><div class=\"vc_custom_heading vc_gitem-post-data vc_gitem-post-data-source-post_title\" ><h4 style=\"text-align: left\" ><a href=\"https:\/\/test.feurich.com\/de\/cvmusic-filmton\/\" class=\"vc_gitem-link\" title=\"cvmusic film\/ton\">cvmusic film\/ton<\/a><\/h4><\/div><div class=\"vc_custom_heading vc_gitem-post-data vc_gitem-post-data-source-post_excerpt\" ><div style=\"text-align: left\" ><a href=\"https:\/\/test.feurich.com\/de\/cvmusic-filmton\/\" class=\"vc_gitem-link\" title=\"cvmusic film\/ton\"><p>Christian Vaida: \u201eIch kaufte das FEURICH Mod. 218 \u2013 Concert I vom Fleck weg, &#8230; F\u00fcr mich ist es auch heute noch der sch\u00f6nste Fl\u00fcgelklang, den ich kenne.\u201c<\/p>\n<\/a><\/div><\/div><\/div><\/div><\/div><\/div><\/div><div class=\"vc_clearfix\"><\/div><\/div><div class=\"vc_grid-item vc_clearfix vc_col-sm-4 vc_grid-item-zone-c-bottom\"><div class=\"vc_grid-item-mini vc_clearfix \"><div class=\"vc_gitem-animated-block\" ><div class=\"vc_gitem-zone vc_gitem-zone-a references-pic vc_gitem-is-link\" style=\"background-image: url('https:\/\/test.feurich.com\/wp-content\/uploads\/Jam_Music_Lab_Logo-1024x553.png') !important;\"><a href=\"https:\/\/test.feurich.com\/de\/jam-music-lab\/\" title=\"JAM MUSIC LAB\" class=\"vc_gitem-link vc-zone-link\" ><\/a><img decoding=\"async\" class=\"vc_gitem-zone-img\" src=\"https:\/\/test.feurich.com\/wp-content\/uploads\/Jam_Music_Lab_Logo-1024x553.png\" alt=\"Jam Music Lab Logo\" loading=\"lazy\"><div class=\"vc_gitem-zone-mini\"><\/div><\/div><\/div><div class=\"vc_gitem-zone vc_gitem-zone-c\"><div class=\"vc_gitem-zone-mini\"><div class=\"vc_gitem_row vc_row vc_gitem-row-position-top\"><div class=\"vc_col-sm-12 vc_gitem-col vc_gitem-col-align-\"><div class=\"vc_custom_heading vc_gitem-post-data vc_gitem-post-data-source-post_title\" ><h4 style=\"text-align: left\" ><a href=\"https:\/\/test.feurich.com\/de\/jam-music-lab\/\" class=\"vc_gitem-link\" title=\"JAM MUSIC LAB\">JAM MUSIC LAB<\/a><\/h4><\/div><div class=\"vc_custom_heading vc_gitem-post-data vc_gitem-post-data-source-post_excerpt\" ><div style=\"text-align: left\" ><a href=\"https:\/\/test.feurich.com\/de\/jam-music-lab\/\" class=\"vc_gitem-link\" title=\"JAM MUSIC LAB\"><p>Das JAM MUSIC LAB UNIVERSITY ist die erste und bislang einzige Privatuniversit\u00e4t, die sich ganzheitlich der Jazz- und Popul\u00e4rmusik verschrieben hat.<\/p>\n<\/a><\/div><\/div><\/div><\/div><\/div><\/div><\/div><div class=\"vc_clearfix\"><\/div><\/div><div class=\"vc_grid-item vc_clearfix vc_col-sm-4 vc_grid-item-zone-c-bottom\"><div class=\"vc_grid-item-mini vc_clearfix \"><div class=\"vc_gitem-animated-block\" ><div class=\"vc_gitem-zone vc_gitem-zone-a references-pic vc_gitem-is-link\" style=\"background-image: url('https:\/\/test.feurich.com\/wp-content\/uploads\/SCAT_Funchal_Stage_logo_narrow-1-1024x501.jpg') !important;\"><a href=\"https:\/\/test.feurich.com\/de\/istitutionsscatfunchaljazzclub\/\" title=\"SCAT Funchal Jazz Club, Madeira\" class=\"vc_gitem-link vc-zone-link\" ><\/a><img decoding=\"async\" class=\"vc_gitem-zone-img\" src=\"https:\/\/test.feurich.com\/wp-content\/uploads\/SCAT_Funchal_Stage_logo_narrow-1-1024x501.jpg\" alt=\"SCAT Funchal Jazz Club Logo\" loading=\"lazy\"><div class=\"vc_gitem-zone-mini\"><\/div><\/div><\/div><div class=\"vc_gitem-zone vc_gitem-zone-c\"><div class=\"vc_gitem-zone-mini\"><div class=\"vc_gitem_row vc_row vc_gitem-row-position-top\"><div class=\"vc_col-sm-12 vc_gitem-col vc_gitem-col-align-\"><div class=\"vc_custom_heading vc_gitem-post-data vc_gitem-post-data-source-post_title\" ><h4 style=\"text-align: left\" ><a href=\"https:\/\/test.feurich.com\/de\/istitutionsscatfunchaljazzclub\/\" class=\"vc_gitem-link\" title=\"SCAT Funchal Jazz Club, Madeira\">SCAT Funchal Jazz Club, Madeira<\/a><\/h4><\/div><div class=\"vc_custom_heading vc_gitem-post-data vc_gitem-post-data-source-post_excerpt\" ><div style=\"text-align: left\" ><a href=\"https:\/\/test.feurich.com\/de\/istitutionsscatfunchaljazzclub\/\" class=\"vc_gitem-link\" title=\"SCAT Funchal Jazz Club, Madeira\"><p>SCAT ist DER Jazz Club in Funchal auf Madeira, um urspr\u00fcnglichen Jazz zu h\u00f6ren und einen gem\u00fctlichen Abend zu genie\u00dfen.<\/p>\n<\/a><\/div><\/div><\/div><\/div><\/div><\/div><\/div><div class=\"vc_clearfix\"><\/div><\/div><div class=\"vc_grid-item vc_clearfix vc_col-sm-4 vc_grid-item-zone-c-bottom\"><div class=\"vc_grid-item-mini vc_clearfix \"><div class=\"vc_gitem-animated-block\" ><div class=\"vc_gitem-zone vc_gitem-zone-a references-pic vc_gitem-is-link\" style=\"background-image: url('https:\/\/test.feurich.com\/wp-content\/uploads\/Volksoper_Wien_Logo.png') !important;\"><a href=\"https:\/\/test.feurich.com\/de\/institutionenvolksoper-wien\/\" title=\"Volksoper Wien\" class=\"vc_gitem-link vc-zone-link\" ><\/a><img decoding=\"async\" class=\"vc_gitem-zone-img\" src=\"https:\/\/test.feurich.com\/wp-content\/uploads\/Volksoper_Wien_Logo.png\" alt=\"Volksoper Wien Logo\" loading=\"lazy\"><div class=\"vc_gitem-zone-mini\"><\/div><\/div><\/div><div class=\"vc_gitem-zone vc_gitem-zone-c\"><div class=\"vc_gitem-zone-mini\"><div class=\"vc_gitem_row vc_row vc_gitem-row-position-top\"><div class=\"vc_col-sm-12 vc_gitem-col vc_gitem-col-align-\"><div class=\"vc_custom_heading vc_gitem-post-data vc_gitem-post-data-source-post_title\" ><h4 style=\"text-align: left\" ><a href=\"https:\/\/test.feurich.com\/de\/institutionenvolksoper-wien\/\" class=\"vc_gitem-link\" title=\"Volksoper Wien\">Volksoper Wien<\/a><\/h4><\/div><div class=\"vc_custom_heading vc_gitem-post-data vc_gitem-post-data-source-post_excerpt\" ><div style=\"text-align: left\" ><a href=\"https:\/\/test.feurich.com\/de\/institutionenvolksoper-wien\/\" class=\"vc_gitem-link\" title=\"Volksoper Wien\"><p>Seit 2005 setzt die Volksoper, in Wien die wichtigste B\u00fchne f\u00fcr Operetten, auf Fl\u00fcgel und Pianos von FEURICH.<\/p>\n<\/a><\/div><\/div><\/div><\/div><\/div><\/div><\/div><div class=\"vc_clearfix\"><\/div><\/div><div class=\"vc_grid-item vc_clearfix vc_col-sm-4 vc_grid-item-zone-c-bottom\"><div class=\"vc_grid-item-mini vc_clearfix \"><div class=\"vc_gitem-animated-block\" ><div class=\"vc_gitem-zone vc_gitem-zone-a references-pic vc_gitem-is-link\" style=\"background-image: url('https:\/\/test.feurich.com\/wp-content\/uploads\/turkish-airlines-lounge-istanbul-logo.jpg') !important;\"><a href=\"https:\/\/test.feurich.com\/de\/institutionenturkishairlineslounge-istanbul\/\" title=\"Turkish Airlines Lounge Istanbul\" class=\"vc_gitem-link vc-zone-link\" ><\/a><img decoding=\"async\" class=\"vc_gitem-zone-img\" src=\"https:\/\/test.feurich.com\/wp-content\/uploads\/turkish-airlines-lounge-istanbul-logo.jpg\" alt=\"Turkish Airlines Lounge Istanbul Logo\" loading=\"lazy\"><div class=\"vc_gitem-zone-mini\"><\/div><\/div><\/div><div class=\"vc_gitem-zone vc_gitem-zone-c\"><div class=\"vc_gitem-zone-mini\"><div class=\"vc_gitem_row vc_row vc_gitem-row-position-top\"><div class=\"vc_col-sm-12 vc_gitem-col vc_gitem-col-align-\"><div class=\"vc_custom_heading vc_gitem-post-data vc_gitem-post-data-source-post_title\" ><h4 style=\"text-align: left\" ><a href=\"https:\/\/test.feurich.com\/de\/institutionenturkishairlineslounge-istanbul\/\" class=\"vc_gitem-link\" title=\"Turkish Airlines Lounge Istanbul\">Turkish Airlines Lounge Istanbul<\/a><\/h4><\/div><div class=\"vc_custom_heading vc_gitem-post-data vc_gitem-post-data-source-post_excerpt\" ><div style=\"text-align: left\" ><a href=\"https:\/\/test.feurich.com\/de\/institutionenturkishairlineslounge-istanbul\/\" class=\"vc_gitem-link\" title=\"Turkish Airlines Lounge Istanbul\"><p>Unter Reisenden gilt die Turkish Airlines Lounge in Istanbul als eine der besten Lounges der Welt: der perfekte Platz f\u00fcr Fl\u00fcgel von FEURICH.<\/p>\n<\/a><\/div><\/div><\/div><\/div><\/div><\/div><\/div><div class=\"vc_clearfix\"><\/div><\/div><div class=\"vc_grid-item vc_clearfix vc_col-sm-4 vc_grid-item-zone-c-bottom\"><div class=\"vc_grid-item-mini vc_clearfix \"><div class=\"vc_gitem-animated-block\" ><div class=\"vc_gitem-zone vc_gitem-zone-a references-pic vc_gitem-is-link\" style=\"background-image: url('https:\/\/test.feurich.com\/wp-content\/uploads\/Valletta_Piano_Festival_2018.jpg') !important;\"><a href=\"https:\/\/test.feurich.com\/de\/institutionenmaltapianoteachers\/\" title=\"Malta Piano Teachers Association\u00a0\u2013 European Piano Teachers Association\" class=\"vc_gitem-link vc-zone-link\" ><\/a><img decoding=\"async\" class=\"vc_gitem-zone-img\" src=\"https:\/\/test.feurich.com\/wp-content\/uploads\/Valletta_Piano_Festival_2018.jpg\" alt=\"Malta Piano Teachers Association: Valletta Piano Festival 2018\" loading=\"lazy\"><div class=\"vc_gitem-zone-mini\"><\/div><\/div><\/div><div class=\"vc_gitem-zone vc_gitem-zone-c\"><div class=\"vc_gitem-zone-mini\"><div class=\"vc_gitem_row vc_row vc_gitem-row-position-top\"><div class=\"vc_col-sm-12 vc_gitem-col vc_gitem-col-align-\"><div class=\"vc_custom_heading vc_gitem-post-data vc_gitem-post-data-source-post_title\" ><h4 style=\"text-align: left\" ><a href=\"https:\/\/test.feurich.com\/de\/institutionenmaltapianoteachers\/\" class=\"vc_gitem-link\" title=\"Malta Piano Teachers Association\u00a0\u2013 European Piano Teachers Association\">Malta Piano Teachers Association\u00a0\u2013 European Piano Teachers Association<\/a><\/h4><\/div><div class=\"vc_custom_heading vc_gitem-post-data vc_gitem-post-data-source-post_excerpt\" ><div style=\"text-align: left\" ><a href=\"https:\/\/test.feurich.com\/de\/institutionenmaltapianoteachers\/\" class=\"vc_gitem-link\" title=\"Malta Piano Teachers Association\u00a0\u2013 European Piano Teachers Association\"><p>Bei den Veranstaltungen der Malta Piano Teachers Association brillieren PianistInnen aus der ganzen Welt auf einem wei\u00dfen Fl\u00fcgel von FEURICH.<\/p>\n<\/a><\/div><\/div><\/div><\/div><\/div><\/div><\/div><div class=\"vc_clearfix\"><\/div><\/div><\/div><div data-lazy-loading-btn=\"true\" style=\"display: none;\"><a href=\"https:\/\/test.feurich.com\/de\/referenzen\/institutionen\/\"><\/a><\/div><\/div>\n\t<\/div>\n<\/div><\/div><\/div><\/div><\/div><\/div>\n<\/div>","protected":false},"excerpt":{"rendered":"<p>Von der gro\u00dfen Operetten-B\u00fchne in Wien bis zum hei\u00dfesten Jazz-Club auf Madeira: ein kleiner Auszug von Institutionen, die auf FEURICH-Pianos setzen.<\/p>\n","protected":false},"author":4,"featured_media":0,"parent":416,"menu_order":0,"comment_status":"closed","ping_status":"closed","template":"template-fullwidth.php","meta":{"inline_featured_image":false,"footnotes":""},"class_list":["post-420","page","type-page","status-publish","hentry"],"acf":[],"_links":{"self":[{"href":"https:\/\/test.feurich.com\/de\/wp-json\/wp\/v2\/pages\/420"}],"collection":[{"href":"https:\/\/test.feurich.com\/de\/wp-json\/wp\/v2\/pages"}],"about":[{"href":"https:\/\/test.feurich.com\/de\/wp-json\/wp\/v2\/types\/page"}],"author":[{"embeddable":true,"href":"https:\/\/test.feurich.com\/de\/wp-json\/wp\/v2\/users\/4"}],"replies":[{"embeddable":true,"href":"https:\/\/test.feurich.com\/de\/wp-json\/wp\/v2\/comments?post=420"}],"version-history":[{"count":12,"href":"https:\/\/test.feurich.com\/de\/wp-json\/wp\/v2\/pages\/420\/revisions"}],"predecessor-version":[{"id":58022,"href":"https:\/\/test.feurich.com\/de\/wp-json\/wp\/v2\/pages\/420\/revisions\/58022"}],"up":[{"embeddable":true,"href":"https:\/\/test.feurich.com\/de\/wp-json\/wp\/v2\/pages\/416"}],"wp:attachment":[{"href":"https:\/\/test.feurich.com\/de\/wp-json\/wp\/v2\/media?parent=420"}],"curies":[{"name":"wp","href":"https:\/\/api.w.org\/{rel}","templated":true}]}}