{"id":434,"date":"2017-08-08T21:12:37","date_gmt":"2017-08-08T21:12:37","guid":{"rendered":"\/?page_id=434"},"modified":"2021-09-02T14:19:22","modified_gmt":"2021-09-02T14:19:22","slug":"high-speed-kamm-action","status":"publish","type":"page","link":"https:\/\/test.feurich.com\/de\/innovationen\/high-speed-kamm-action\/","title":{"rendered":"High Speed KAMM Action"},"content":{"rendered":"<div class=\"wpb-content-wrapper\"><div  class=\"sec_row container\"><div class=\"vc_row wpb_row vc_row-fluid\"><div class=\"wpb_column vc_column_container vc_col-sm-12 et-dark-column\"><div class=\"vc_column-inner\"><div class=\"wpb_wrapper\"><div class=\"vc_empty_space\"   style=\"height: 32px\"><span class=\"vc_empty_space_inner\"><\/span><\/div>\n\t<div class=\"wpb_text_column wpb_content_element   big-title\" >\n\t\t<div class=\"wpb_wrapper\">\n\t\t\t<p>High Speed KAMM Action<\/p>\n\n\t\t<\/div>\n\t<\/div>\n<div class=\"vc_empty_space\"   style=\"height: 20px\"><span class=\"vc_empty_space_inner\"><\/span><\/div><\/div><\/div><\/div><\/div><\/div><div  class=\"sec_row container\"><div class=\"vc_row wpb_row vc_row-fluid\"><div class=\"wpb_column vc_column_container vc_col-sm-6 et-dark-column\"><div class=\"vc_column-inner\"><div class=\"wpb_wrapper\">\n\t<div class=\"wpb_text_column wpb_content_element  \" >\n\t\t<div class=\"wpb_wrapper\">\n\t\t\t<p>[feurich_vid youtube=&#8221;roAPxagOb-4&#8243; youku=&#8221;XMzI4MTMzMTE4NA==&#8221;]<\/p>\n\n\t\t<\/div>\n\t<\/div>\n<\/div><\/div><\/div><div class=\"wpb_column vc_column_container vc_col-sm-6 et-dark-column\"><div class=\"vc_column-inner\"><div class=\"wpb_wrapper\">\n\t<div class=\"wpb_text_column wpb_content_element  \" >\n\t\t<div class=\"wpb_wrapper\">\n\t\t\t<p>Professionelle Pianisten haben schon immer Fl\u00fcgeln gegen\u00fcber Klavieren den Vorzug gegeben. Feinf\u00fchlige Repetitionen sind auf einem Klavier eben zu schwer zu reproduzieren \u2013 zumindest bis jetzt. Der deutsche Klavierbauer Udo Kamm hat in Zusammenarbeit mit FEURICH ein Einbauteil f\u00fcr die Pianomechanik entwickelt, das die Spieleigenschaften des Pianos deutlich verbessert.<\/p>\n<p>Wissenschaftliche Untersuchungen am Institut f\u00fcr Musikalische Akustik an der Universit\u00e4t f\u00fcr Musik und darstellende Kunst Wien best\u00e4tigten die Wirksamkeit der High Speed KAMM Action: Das Patent f\u00fchrt zu messbar besseren Repetitionseigenschaften, auch wenn die Taste nicht vollst\u00e4ndig losgelassen wird. Das Ergebnis: Schnelle Repetitionen sind leichter zu spielen, und zwar in allen Dynamikstufen.<\/p>\n\n\t\t<\/div>\n\t<\/div>\n\n\t<div class=\"wpb_text_column wpb_content_element  \" >\n\t\t<div class=\"wpb_wrapper\">\n\t\t\t<p><strong>Das Besten daran<\/strong>: Sie k\u00f6nnen die \u00a9 FEURICH \u2013 High Speed KAMM Action von Ihrem Klaviertechniker in<strong> jedes Piano s\u00e4mtlicher Hersteller<\/strong> einbauen lassen &#8211; und das f\u00fcr nur 599\u20ac!<\/p>\n<p>F\u00fcr weitere Informationen und zur Bestellung nutzen Sie bitte unser Kontaktformular:<\/p>\n\n\t\t<\/div>\n\t<\/div>\n<div class=\"vc_btn3-container vc_btn3-inline\" ><a class=\"vc_general vc_btn3 vc_btn3-size-md vc_btn3-shape-rounded vc_btn3-style-classic vc_btn3-color-grey\" href=\"https:\/\/www.feurich.com\/de\/information-kontakt\/kontakt\/\" title=\"\">High Speed KAMM Action bestellen<\/a><\/div><\/div><\/div><\/div><\/div><\/div><div  class=\"sec_row container\"><div class=\"vc_row wpb_row vc_row-fluid\"><div class=\"wpb_column vc_column_container vc_col-sm-12 et-dark-column\"><div class=\"vc_column-inner\"><div class=\"wpb_wrapper\"><div class=\"vc_empty_space\"   style=\"height: 32px\"><span class=\"vc_empty_space_inner\"><\/span><\/div>\n<div class=\"vc_grid-container-wrapper vc_clearfix vc_grid-animation-fadeIn\">\n\t<div class=\"vc_grid-container vc_clearfix wpb_content_element vc_media_grid\" data-initial-loading-animation=\"fadeIn\" data-vc-grid-settings=\"{&quot;page_id&quot;:434,&quot;style&quot;:&quot;all&quot;,&quot;action&quot;:&quot;vc_get_vc_grid_data&quot;,&quot;shortcode_id&quot;:&quot;1630592315861-3e87aff0-7173-1&quot;,&quot;tag&quot;:&quot;vc_media_grid&quot;}\" data-vc-request=\"https:\/\/test.feurich.com\/wp-admin\/admin-ajax.php?lang=de\" data-vc-post-id=\"434\" data-vc-public-nonce=\"5f9d30fde1\">\n\t\t\n\t<\/div>\n<\/div><div class=\"vc_empty_space\"   style=\"height: 32px\"><span class=\"vc_empty_space_inner\"><\/span><\/div><\/div><\/div><\/div><\/div><\/div>\n<\/div>","protected":false},"excerpt":{"rendered":"<p>Fl\u00fcgel sind wunderbar, aber wenn Sie zuhause keinen haben, gibt es jetzt eine M\u00f6glichkeit, Ihr Piano wesentlich zu verbessern &#8211; die High Speed KAMM Action.<\/p>\n","protected":false},"author":4,"featured_media":0,"parent":430,"menu_order":0,"comment_status":"closed","ping_status":"closed","template":"template-fullwidth.php","meta":{"inline_featured_image":false,"footnotes":""},"class_list":["post-434","page","type-page","status-publish","hentry"],"acf":[],"_links":{"self":[{"href":"https:\/\/test.feurich.com\/de\/wp-json\/wp\/v2\/pages\/434"}],"collection":[{"href":"https:\/\/test.feurich.com\/de\/wp-json\/wp\/v2\/pages"}],"about":[{"href":"https:\/\/test.feurich.com\/de\/wp-json\/wp\/v2\/types\/page"}],"author":[{"embeddable":true,"href":"https:\/\/test.feurich.com\/de\/wp-json\/wp\/v2\/users\/4"}],"replies":[{"embeddable":true,"href":"https:\/\/test.feurich.com\/de\/wp-json\/wp\/v2\/comments?post=434"}],"version-history":[{"count":31,"href":"https:\/\/test.feurich.com\/de\/wp-json\/wp\/v2\/pages\/434\/revisions"}],"predecessor-version":[{"id":53870,"href":"https:\/\/test.feurich.com\/de\/wp-json\/wp\/v2\/pages\/434\/revisions\/53870"}],"up":[{"embeddable":true,"href":"https:\/\/test.feurich.com\/de\/wp-json\/wp\/v2\/pages\/430"}],"wp:attachment":[{"href":"https:\/\/test.feurich.com\/de\/wp-json\/wp\/v2\/media?parent=434"}],"curies":[{"name":"wp","href":"https:\/\/api.w.org\/{rel}","templated":true}]}}