{"id":438,"date":"2017-08-08T21:13:11","date_gmt":"2017-08-08T21:13:11","guid":{"rendered":"\/?page_id=438"},"modified":"2021-11-23T10:54:41","modified_gmt":"2021-11-23T10:54:41","slug":"silencer","status":"publish","type":"page","link":"https:\/\/test.feurich.com\/de\/innovationen\/silencer\/","title":{"rendered":"Silencer"},"content":{"rendered":"<div class=\"wpb-content-wrapper\"><div  class=\"sec_row container\"><div class=\"vc_row wpb_row vc_row-fluid\"><div class=\"wpb_column vc_column_container vc_col-sm-4 et-dark-column\"><div class=\"vc_column-inner\"><div class=\"wpb_wrapper\"><div class=\"vc_empty_space\"   style=\"height: 32px\"><span class=\"vc_empty_space_inner\"><\/span><\/div><\/div><\/div><\/div><div class=\"wpb_column vc_column_container vc_col-sm-8 et-dark-column\"><div class=\"vc_column-inner\"><div class=\"wpb_wrapper\"><div class=\"vc_empty_space\"   style=\"height: 32px\"><span class=\"vc_empty_space_inner\"><\/span><\/div>\n\t<div class=\"wpb_text_column wpb_content_element   big-title\" >\n\t\t<div class=\"wpb_wrapper\">\n\t\t\t<p style=\"text-align: left;\">Silencer<\/p>\n\n\t\t<\/div>\n\t<\/div>\n<div class=\"vc_empty_space\"   style=\"height: 20px\"><span class=\"vc_empty_space_inner\"><\/span><\/div><\/div><\/div><\/div><\/div><\/div><div  class=\"sec_row container\"><div class=\"vc_row wpb_row vc_row-fluid\"><div class=\"wpb_column vc_column_container vc_col-sm-4 et-dark-column\"><div class=\"vc_column-inner\"><div class=\"wpb_wrapper\">\n\t<div  class=\"wpb_single_image wpb_content_element vc_align_left\">\n\t\t\n\t\t<figure class=\"wpb_wrapper vc_figure\">\n\t\t\t<div class=\"vc_single_image-wrapper   vc_box_border_grey\"><img loading=\"lazy\" decoding=\"async\" width=\"1024\" height=\"683\" src=\"https:\/\/test.feurich.com\/wp-content\/uploads\/FEURICH_Silencer_on_1_web-1024x683.jpg\" class=\"vc_single_image-img attachment-large\" alt=\"\" title=\"FEURICH_Silencer_on_1_web\" srcset=\"https:\/\/test.feurich.com\/wp-content\/uploads\/FEURICH_Silencer_on_1_web.jpg 1024w, https:\/\/test.feurich.com\/wp-content\/uploads\/FEURICH_Silencer_on_1_web-450x300.jpg 450w, https:\/\/test.feurich.com\/wp-content\/uploads\/FEURICH_Silencer_on_1_web-1000x667.jpg 1000w, https:\/\/test.feurich.com\/wp-content\/uploads\/FEURICH_Silencer_on_1_web-300x200.jpg 300w, https:\/\/test.feurich.com\/wp-content\/uploads\/FEURICH_Silencer_on_1_web-768x512.jpg 768w, https:\/\/test.feurich.com\/wp-content\/uploads\/FEURICH_Silencer_on_1_web-800x534.jpg 800w\" sizes=\"(max-width: 1024px) 100vw, 1024px\" \/><\/div>\n\t\t<\/figure>\n\t<\/div>\n<\/div><\/div><\/div><div class=\"wpb_column vc_column_container vc_col-sm-8 et-dark-column\"><div class=\"vc_column-inner\"><div class=\"wpb_wrapper\">\n\t<div class=\"wpb_text_column wpb_content_element  \" >\n\t\t<div class=\"wpb_wrapper\">\n\t\t\t<p>Nie wieder ver\u00e4rgerte Nachbarn wegen einer zu lauten Ger\u00e4uschkulisse beim \u00dcben! Mit dem von uns eigens entwickelten \u201eReal Touch Silencer System\u201c k\u00f6nnen PianistInnen ihre Finger nun auch problemlos in der Nacht trainieren. Durch den Stummschaltmodus k\u00f6nnen Sie Ihr Instrument <strong>komplett lautlos<\/strong> schalten und den Klang \u00fcber Kopfh\u00f6rer h\u00f6ren. Das Piano kann unkompliziert deaktiviert werden, ohne es absperren zu m\u00fcssen. So kommen die lieben Kleinen auch nicht in Versuchung, lautstark auf dem Klavier zu h\u00e4mmern.<\/p>\n<h5>F\u00fcr Pianos<\/h5>\n<p>Das Silencer System l\u00e4sst sich in alle unsere Piano-Modelle einbauen. Es kann auch nachtr\u00e4glich in Modelle von anderen Herstellern eingebaut werden. Nur bei extrem kleinen Pianinos k\u00f6nnen manchmal aus Platzgr\u00fcnden individuelle L\u00f6sungen notwendig werden.<\/p>\n<h5>F\u00fcr Fl\u00fcgel<\/h5>\n<p>Unser Silencer-System mit Stoppleiste eignet sich f\u00fcr nahezu alle Fl\u00fcgel s\u00e4mtlicher Hersteller. Die Ausl\u00f6sung wird auf 6-8 mm von den Saiten eingestellt.<\/p>\n<p>Wir beraten Sie gerne pers\u00f6nlich \u00fcber unser vielf\u00e4ltiges Angebot. \u00a0<a href=\"https:\/\/test.feurich.com\/de\/information-kontakt\/kontakt\/\">&gt;&gt; Kontakt<\/a><\/p>\n\n\t\t<\/div>\n\t<\/div>\n<\/div><\/div><\/div><\/div><\/div>\n<\/div>","protected":false},"excerpt":{"rendered":"<p>Nie wieder ver\u00e4rgerte Nachbarn! Mit dem von uns entwickelten \u201eReal Touch Silencer System\u201c k\u00f6nnen Sie Ihr Instrument komplett lautlos schalten.<\/p>\n","protected":false},"author":4,"featured_media":1035,"parent":430,"menu_order":0,"comment_status":"closed","ping_status":"closed","template":"template-fullwidth.php","meta":{"inline_featured_image":false,"footnotes":""},"class_list":["post-438","page","type-page","status-publish","has-post-thumbnail","hentry"],"acf":[],"_links":{"self":[{"href":"https:\/\/test.feurich.com\/de\/wp-json\/wp\/v2\/pages\/438"}],"collection":[{"href":"https:\/\/test.feurich.com\/de\/wp-json\/wp\/v2\/pages"}],"about":[{"href":"https:\/\/test.feurich.com\/de\/wp-json\/wp\/v2\/types\/page"}],"author":[{"embeddable":true,"href":"https:\/\/test.feurich.com\/de\/wp-json\/wp\/v2\/users\/4"}],"replies":[{"embeddable":true,"href":"https:\/\/test.feurich.com\/de\/wp-json\/wp\/v2\/comments?post=438"}],"version-history":[{"count":10,"href":"https:\/\/test.feurich.com\/de\/wp-json\/wp\/v2\/pages\/438\/revisions"}],"predecessor-version":[{"id":55709,"href":"https:\/\/test.feurich.com\/de\/wp-json\/wp\/v2\/pages\/438\/revisions\/55709"}],"up":[{"embeddable":true,"href":"https:\/\/test.feurich.com\/de\/wp-json\/wp\/v2\/pages\/430"}],"wp:featuredmedia":[{"embeddable":true,"href":"https:\/\/test.feurich.com\/de\/wp-json\/wp\/v2\/media\/1035"}],"wp:attachment":[{"href":"https:\/\/test.feurich.com\/de\/wp-json\/wp\/v2\/media?parent=438"}],"curies":[{"name":"wp","href":"https:\/\/api.w.org\/{rel}","templated":true}]}}