{"id":752,"date":"2017-08-17T08:54:30","date_gmt":"2017-08-17T08:54:30","guid":{"rendered":"\/?page_id=752"},"modified":"2017-11-29T23:06:52","modified_gmt":"2017-11-29T23:06:52","slug":"joerg-wachler","status":"publish","type":"page","link":"https:\/\/test.feurich.com\/de\/ueber-uns\/expertenteam\/joerg-wachler\/","title":{"rendered":"J\u00f6rg Wachler"},"content":{"rendered":"<div class=\"wpb-content-wrapper\"><div  class=\"sec_row container\"><div class=\"vc_row wpb_row vc_row-fluid\"><div class=\"wpb_column vc_column_container vc_col-sm-12 et-dark-column\"><div class=\"vc_column-inner\"><div class=\"wpb_wrapper\"><div class=\"vc_empty_space\"   style=\"height: 32px\"><span class=\"vc_empty_space_inner\"><\/span><\/div><\/div><\/div><\/div><\/div><\/div><div  class=\"sec_row container\"><div class=\"vc_row wpb_row vc_row-fluid\"><div class=\"wpb_column vc_column_container vc_col-sm-4 et-dark-column\"><div class=\"vc_column-inner\"><div class=\"wpb_wrapper\">\n\t<div  class=\"wpb_single_image wpb_content_element vc_align_left\">\n\t\t\n\t\t<figure class=\"wpb_wrapper vc_figure\">\n\t\t\t<div class=\"vc_single_image-wrapper   vc_box_border_grey\"><img loading=\"lazy\" decoding=\"async\" width=\"1024\" height=\"683\" src=\"https:\/\/test.feurich.com\/wp-content\/uploads\/J\u00f6rg_1-1024x683.jpg\" class=\"vc_single_image-img attachment-large\" alt=\"\" title=\"J\u00f6rg_1\" srcset=\"https:\/\/test.feurich.com\/wp-content\/uploads\/J\u00f6rg_1-1024x683.jpg 1024w, https:\/\/test.feurich.com\/wp-content\/uploads\/J\u00f6rg_1-scaled-450x300.jpg 450w, https:\/\/test.feurich.com\/wp-content\/uploads\/J\u00f6rg_1-scaled-1000x667.jpg 1000w, https:\/\/test.feurich.com\/wp-content\/uploads\/J\u00f6rg_1-300x200.jpg 300w, https:\/\/test.feurich.com\/wp-content\/uploads\/J\u00f6rg_1-768x512.jpg 768w, https:\/\/test.feurich.com\/wp-content\/uploads\/J\u00f6rg_1-800x533.jpg 800w\" sizes=\"(max-width: 1024px) 100vw, 1024px\" \/><\/div>\n\t\t<\/figure>\n\t<\/div>\n<\/div><\/div><\/div><div class=\"wpb_column vc_column_container vc_col-sm-8 et-dark-column\"><div class=\"vc_column-inner\"><div class=\"wpb_wrapper\">\n\t<div class=\"wpb_text_column wpb_content_element   big-title\" >\n\t\t<div class=\"wpb_wrapper\">\n\t\t\t<p style=\"text-align: left;\">J\u00f6rg Wachler<\/p>\n\n\t\t<\/div>\n\t<\/div>\n\n\t<div class=\"wpb_text_column wpb_content_element  \" >\n\t\t<div class=\"wpb_wrapper\">\n\t\t\t<div class=\"wpb_text_column wpb_content_element products-title\">\n<div class=\"wpb_wrapper\">\n<p><strong>Chefintonateur FEURICH Wien &amp; Konzertstimmer<\/strong><\/p>\n<\/div>\n<\/div>\n<div class=\"wpb_text_column wpb_content_element \">\n<div class=\"wpb_wrapper\">\n<p>J\u00f6rg Wachler ist f\u00fcr die Endausarbeitung der Klaviere aus der FEURICH Wien Produktion verantwortlich und feilt unaufh\u00f6rlich an neuen Techniken sowie der Weiterentwicklung im Bereich Klangfarben\/Intonation. Er steht stets im weltweiten Austausch mit unserem Team und unseren Partnern.<span id=\"more-406\"><\/span><\/p>\n<p>Bereits als Kind sehr musikalisch aufgewachsen begann J\u00f6rg Wachler 1981 seine Lehre als Klavierbauer in Eisenberg in Th\u00fcringen (Deutschland), die er mit Auszeichnung abschloss. Eine anschlie\u00dfende dreij\u00e4hrige Ausbildung im Orgelbau bei Schuster &amp; Sohn in Zittau erg\u00e4nzte sein umfassendes musikalisches Wissen. Weitere Erfahrungen sammelte J\u00f6rg Wachler als Klavierstimmer bei der Deutschen Piano Union Leipzig sowie ab 1998 beim renommierten Klavierhersteller C. Bechstein. Er arbeitete mit anerkannten Gr\u00f6\u00dfen wie Naoki Yamauchi (Bechstein Berlin), Ewald V\u00f6gele (T\u00fcbingen), Gert G\u00e4bler (Steinway Dresden) oder August F\u00f6rster. Wir sind stolz, dass J\u00f6rg als Chefintonateur mit seiner \u00fcber 30-j\u00e4hrigen Erfahrung seit 2013 unser Team bereichert und die Verantwortung der Endausarbeitung der FEURICH Wien Produktion \u00fcbernommen hat.<\/p>\n<p><a href=\"https:\/\/test.feurich.com\/de\/ueber-uns\/expertenteam\/\">&gt;&gt; zur\u00fcck<\/a><\/p>\n<\/div>\n<\/div>\n\n\t\t<\/div>\n\t<\/div>\n<\/div><\/div><\/div><\/div><\/div>\n<\/div>","protected":false},"excerpt":{"rendered":"J\u00f6rg Wachler Chefintonateur FEURICH Wien &amp; Konzertstimmer J\u00f6rg Wachler ist f\u00fcr die Endausarbeitung der Klaviere aus der FEURICH Wien Produktion verantwortlich und feilt unaufh\u00f6rlich an neuen Techniken sowie der Weiterentwicklung im Bereich Klangfarben\/Intonation. Er steht stets im weltweiten Austausch mit unserem Team und unseren Partnern. Bereits als Kind sehr musikalisch&hellip;","protected":false},"author":4,"featured_media":0,"parent":406,"menu_order":0,"comment_status":"closed","ping_status":"closed","template":"","meta":{"inline_featured_image":false,"footnotes":""},"class_list":["post-752","page","type-page","status-publish","hentry"],"acf":[],"_links":{"self":[{"href":"https:\/\/test.feurich.com\/de\/wp-json\/wp\/v2\/pages\/752"}],"collection":[{"href":"https:\/\/test.feurich.com\/de\/wp-json\/wp\/v2\/pages"}],"about":[{"href":"https:\/\/test.feurich.com\/de\/wp-json\/wp\/v2\/types\/page"}],"author":[{"embeddable":true,"href":"https:\/\/test.feurich.com\/de\/wp-json\/wp\/v2\/users\/4"}],"replies":[{"embeddable":true,"href":"https:\/\/test.feurich.com\/de\/wp-json\/wp\/v2\/comments?post=752"}],"version-history":[{"count":8,"href":"https:\/\/test.feurich.com\/de\/wp-json\/wp\/v2\/pages\/752\/revisions"}],"predecessor-version":[{"id":4628,"href":"https:\/\/test.feurich.com\/de\/wp-json\/wp\/v2\/pages\/752\/revisions\/4628"}],"up":[{"embeddable":true,"href":"https:\/\/test.feurich.com\/de\/wp-json\/wp\/v2\/pages\/406"}],"wp:attachment":[{"href":"https:\/\/test.feurich.com\/de\/wp-json\/wp\/v2\/media?parent=752"}],"curies":[{"name":"wp","href":"https:\/\/api.w.org\/{rel}","templated":true}]}}