{"id":11477,"date":"2018-02-13T16:29:39","date_gmt":"2018-02-13T16:29:39","guid":{"rendered":"https:\/\/www.feurich.com\/lamparas-para-piano\/"},"modified":"2018-04-05T17:27:56","modified_gmt":"2018-04-05T17:27:56","slug":"lamparas-para-piano","status":"publish","type":"page","link":"https:\/\/test.feurich.com\/es\/productos\/accesorios\/lamparas-para-piano\/","title":{"rendered":"L\u00e1mparas para piano"},"content":{"rendered":"<div class=\"wpb-content-wrapper\"><div  class=\"sec_row container\"><div class=\"vc_row wpb_row vc_row-fluid\"><div class=\"wpb_column vc_column_container vc_col-sm-12 et-dark-column\"><div class=\"vc_column-inner\"><div class=\"wpb_wrapper\"><div class=\"vc_empty_space\"   style=\"height: 5px\"><span class=\"vc_empty_space_inner\"><\/span><\/div><div class=\"vc_row wpb_row vc_inner vc_row-fluid max_width\"><div class=\"wpb_column vc_column_container vc_col-sm-2 et-dark-column\"><div class=\"vc_column-inner\"><div class=\"wpb_wrapper\"><\/div><\/div><\/div><div class=\"wpb_column vc_column_container vc_col-sm-8 et-dark-column\"><div class=\"vc_column-inner\"><div class=\"wpb_wrapper\">\n\t<div class=\"wpb_text_column wpb_content_element   vc_custom_1511724718541 big-title\" >\n\t\t<div class=\"wpb_wrapper\">\n\t\t\t<p style=\"text-align: center\"><span style=\"color: #999999\">L\u00e1mparas para piano<\/span><\/p>\n\n\t\t<\/div>\n\t<\/div>\n\n\t<div class=\"wpb_text_column wpb_content_element  \" >\n\t\t<div class=\"wpb_wrapper\">\n\t\t\t\n\t\t<\/div>\n\t<\/div>\n<\/div><\/div><\/div><div class=\"wpb_column vc_column_container vc_col-sm-2 et-dark-column\"><div class=\"vc_column-inner\"><div class=\"wpb_wrapper\"><\/div><\/div><\/div><\/div><div class=\"vc_empty_space\"   style=\"height: 32px\"><span class=\"vc_empty_space_inner\"><\/span><\/div><\/div><\/div><\/div><\/div><\/div><!-- Row Backgrounds --><div class=\"upb_bg_img\" data-ultimate-bg=\"url(https:\/\/test.feurich.com\/wp-content\/uploads\/2017\/08\/home-fon-bl3.jpg)\" data-image-id=\"id^521|url^\/wp-content\/uploads\/2017\/08\/home-fon-bl3.jpg|caption^null|alt^null|title^home-fon-bl3|description^null\" data-ultimate-bg-style=\"vcpb-default\" data-bg-img-repeat=\"no-repeat\" data-bg-img-size=\"cover\" data-bg-img-position=\"\" data-parallx_sense=\"30\" data-bg-override=\"full\" data-bg_img_attach=\"scroll\" data-upb-overlay-color=\"\" data-upb-bg-animation=\"\" data-fadeout=\"\" data-bg-animation=\"left-animation\" data-bg-animation-type=\"h\" data-animation-repeat=\"repeat\" data-fadeout-percentage=\"30\" data-parallax-content=\"\" data-parallax-content-sense=\"30\" data-row-effect-mobile-disable=\"true\" data-img-parallax-mobile-disable=\"true\" data-rtl=\"false\"  data-custom-vc-row=\"\"  data-vc=\"7.4\"  data-is_old_vc=\"\"  data-theme-support=\"\"   data-overlay=\"false\" data-overlay-color=\"\" data-overlay-pattern=\"\" data-overlay-pattern-opacity=\"\" data-overlay-pattern-size=\"\"    ><\/div><div  class=\"sec_row container\"><div class=\"vc_row wpb_row vc_row-fluid\"><div class=\"wpb_column vc_column_container vc_col-sm-4 et-dark-column\"><div class=\"vc_column-inner\"><div class=\"wpb_wrapper\">\n\t<div  class=\"wpb_single_image wpb_content_element vc_align_center  vc_custom_1511724870409\">\n\t\t\n\t\t<figure class=\"wpb_wrapper vc_figure\">\n\t\t\t<div class=\"vc_single_image-wrapper   vc_box_border_grey\"><img decoding=\"async\" class=\"vc_single_image-img \" src=\"https:\/\/test.feurich.com\/wp-content\/uploads\/LED-upright-piano-lamps-360x260.jpg\" width=\"360\" height=\"260\" alt=\"LED upright piano lamps\" title=\"LED upright piano lamps\" loading=\"lazy\" \/><\/div>\n\t\t<\/figure>\n\t<\/div>\n<\/div><\/div><\/div><div class=\"wpb_column vc_column_container vc_col-sm-4 et-dark-column\"><div class=\"vc_column-inner\"><div class=\"wpb_wrapper\">\n\t<div class=\"wpb_text_column wpb_content_element   products-title\" >\n\t\t<div class=\"wpb_wrapper\">\n\t\t\t<p>Puntual y sin reflejos<\/p>\n\n\t\t<\/div>\n\t<\/div>\n\n\t<div class=\"wpb_text_column wpb_content_element  \" >\n\t\t<div class=\"wpb_wrapper\">\n\t\t\t<p>Las l\u00e1mparas\u00a0FEURICH para piano son algo para los ojos, en muchos sentidos. El dise\u00f1o purista se adapta en su forma tanto a la sala del piano como al escenario. La forma de las luces LED est\u00e1 completamente adaptada a su funci\u00f3n: el punto preciso, la iluminaci\u00f3n completa de las partituras, sin deslumbrarte. Para combinar con su piano FEURICH, puede elegir entre los colores negro, dorado y cromo.<\/p>\n<p>\u00bfLe gustar\u00eda saber m\u00e1s sobre nuestras l\u00e1mparas para piano? \u00a1Estamos encantados de aconsejarlo! &gt;&gt; contacto<\/p>\n\n\t\t<\/div>\n\t<\/div>\n<\/div><\/div><\/div><div class=\"wpb_column vc_column_container vc_col-sm-4 et-dark-column\"><div class=\"vc_column-inner\"><div class=\"wpb_wrapper\">\n\t<div  class=\"wpb_single_image wpb_content_element vc_align_center  vc_custom_1511724893697\">\n\t\t\n\t\t<figure class=\"wpb_wrapper vc_figure\">\n\t\t\t<div class=\"vc_single_image-wrapper   vc_box_border_grey\"><img decoding=\"async\" class=\"vc_single_image-img \" src=\"https:\/\/test.feurich.com\/wp-content\/uploads\/LED-upright-piano-lamps-black-brass-chrome-360x260.jpg\" width=\"360\" height=\"260\" alt=\"ED upright piano lamps (black, brass &amp; chrome)\" title=\"LED upright piano lamps (black, brass &amp; chrome)\" loading=\"lazy\" \/><\/div>\n\t\t<\/figure>\n\t<\/div>\n<\/div><\/div><\/div><\/div><\/div>\n<\/div>","protected":false},"excerpt":{"rendered":"<p>Hermosa forma, sin reflejo y con iluminaci\u00f3n puntual: l\u00e1mparas de piano FEURICH con LED<\/p>\n","protected":false},"author":7,"featured_media":8538,"parent":11832,"menu_order":3,"comment_status":"closed","ping_status":"closed","template":"template-fullwidth.php","meta":{"inline_featured_image":false,"footnotes":""},"class_list":["post-11477","page","type-page","status-publish","has-post-thumbnail","hentry"],"acf":[],"_links":{"self":[{"href":"https:\/\/test.feurich.com\/es\/wp-json\/wp\/v2\/pages\/11477"}],"collection":[{"href":"https:\/\/test.feurich.com\/es\/wp-json\/wp\/v2\/pages"}],"about":[{"href":"https:\/\/test.feurich.com\/es\/wp-json\/wp\/v2\/types\/page"}],"author":[{"embeddable":true,"href":"https:\/\/test.feurich.com\/es\/wp-json\/wp\/v2\/users\/7"}],"replies":[{"embeddable":true,"href":"https:\/\/test.feurich.com\/es\/wp-json\/wp\/v2\/comments?post=11477"}],"version-history":[{"count":5,"href":"https:\/\/test.feurich.com\/es\/wp-json\/wp\/v2\/pages\/11477\/revisions"}],"predecessor-version":[{"id":13976,"href":"https:\/\/test.feurich.com\/es\/wp-json\/wp\/v2\/pages\/11477\/revisions\/13976"}],"up":[{"embeddable":true,"href":"https:\/\/test.feurich.com\/es\/wp-json\/wp\/v2\/pages\/11832"}],"wp:featuredmedia":[{"embeddable":true,"href":"https:\/\/test.feurich.com\/es\/wp-json\/wp\/v2\/media\/8538"}],"wp:attachment":[{"href":"https:\/\/test.feurich.com\/es\/wp-json\/wp\/v2\/media?parent=11477"}],"curies":[{"name":"wp","href":"https:\/\/api.w.org\/{rel}","templated":true}]}}