{"id":11487,"date":"2018-02-13T17:35:56","date_gmt":"2018-02-13T17:35:56","guid":{"rendered":"https:\/\/www.feurich.com\/bases-para-piano\/"},"modified":"2018-02-13T17:35:57","modified_gmt":"2018-02-13T17:35:57","slug":"bases-para-piano","status":"publish","type":"page","link":"https:\/\/test.feurich.com\/es\/productos\/accesorios\/bases-para-piano\/","title":{"rendered":"Bases para piano"},"content":{"rendered":"<div class=\"wpb-content-wrapper\"><div  class=\"sec_row container\"><div class=\"vc_row wpb_row vc_row-fluid\"><div class=\"wpb_column vc_column_container vc_col-sm-12 et-dark-column\"><div class=\"vc_column-inner\"><div class=\"wpb_wrapper\"><div class=\"vc_empty_space\"   style=\"height: 5px\"><span class=\"vc_empty_space_inner\"><\/span><\/div><div class=\"vc_row wpb_row vc_inner vc_row-fluid max_width\"><div class=\"wpb_column vc_column_container vc_col-sm-2 et-dark-column\"><div class=\"vc_column-inner\"><div class=\"wpb_wrapper\"><\/div><\/div><\/div><div class=\"wpb_column vc_column_container vc_col-sm-8 et-dark-column\"><div class=\"vc_column-inner\"><div class=\"wpb_wrapper\">\n\t<div class=\"wpb_text_column wpb_content_element   vc_custom_1507016193627 big-title\" >\n\t\t<div class=\"wpb_wrapper\">\n\t\t\t<p style=\"text-align: center\">Bases para piano<\/p>\n\n\t\t<\/div>\n\t<\/div>\n\n\t<div class=\"wpb_text_column wpb_content_element  \" >\n\t\t<div class=\"wpb_wrapper\">\n\t\t\t\n\t\t<\/div>\n\t<\/div>\n<\/div><\/div><\/div><div class=\"wpb_column vc_column_container vc_col-sm-2 et-dark-column\"><div class=\"vc_column-inner\"><div class=\"wpb_wrapper\"><\/div><\/div><\/div><\/div><div class=\"vc_empty_space\"   style=\"height: 32px\"><span class=\"vc_empty_space_inner\"><\/span><\/div><\/div><\/div><\/div><\/div><\/div><!-- Row Backgrounds --><div class=\"upb_bg_img\" data-ultimate-bg=\"url(https:\/\/test.feurich.com\/wp-content\/uploads\/2017\/08\/home-fon-bl3.jpg)\" data-image-id=\"id^521|url^\/wp-content\/uploads\/2017\/08\/home-fon-bl3.jpg|caption^null|alt^null|title^home-fon-bl3|description^null\" data-ultimate-bg-style=\"vcpb-default\" data-bg-img-repeat=\"no-repeat\" data-bg-img-size=\"cover\" data-bg-img-position=\"\" data-parallx_sense=\"30\" data-bg-override=\"full\" data-bg_img_attach=\"scroll\" data-upb-overlay-color=\"\" data-upb-bg-animation=\"\" data-fadeout=\"\" data-bg-animation=\"left-animation\" data-bg-animation-type=\"h\" data-animation-repeat=\"repeat\" data-fadeout-percentage=\"30\" data-parallax-content=\"\" data-parallax-content-sense=\"30\" data-row-effect-mobile-disable=\"true\" data-img-parallax-mobile-disable=\"true\" data-rtl=\"false\"  data-custom-vc-row=\"\"  data-vc=\"7.4\"  data-is_old_vc=\"\"  data-theme-support=\"\"   data-overlay=\"false\" data-overlay-color=\"\" data-overlay-pattern=\"\" data-overlay-pattern-opacity=\"\" data-overlay-pattern-size=\"\"    ><\/div><div  class=\"sec_row container\"><div class=\"vc_row wpb_row vc_row-fluid\"><div class=\"wpb_column vc_column_container vc_col-sm-4 et-dark-column\"><div class=\"vc_column-inner\"><div class=\"wpb_wrapper\">\n\t<div  class=\"wpb_single_image wpb_content_element vc_align_center  vc_custom_1511724262122\">\n\t\t\n\t\t<figure class=\"wpb_wrapper vc_figure\">\n\t\t\t<div class=\"vc_single_image-wrapper   vc_box_border_grey\"><img loading=\"lazy\" decoding=\"async\" width=\"720\" height=\"480\" src=\"https:\/\/test.feurich.com\/wp-content\/uploads\/FEURICH-Piano-Coster.jpg\" class=\"vc_single_image-img attachment-large\" alt=\"\" title=\"FEURICH Piano Coster\" srcset=\"https:\/\/test.feurich.com\/wp-content\/uploads\/FEURICH-Piano-Coster.jpg 720w, https:\/\/test.feurich.com\/wp-content\/uploads\/FEURICH-Piano-Coster-450x300.jpg 450w, https:\/\/test.feurich.com\/wp-content\/uploads\/FEURICH-Piano-Coster-600x400.jpg 600w, https:\/\/test.feurich.com\/wp-content\/uploads\/FEURICH-Piano-Coster-300x200.jpg 300w\" sizes=\"(max-width: 720px) 100vw, 720px\" \/><\/div>\n\t\t<\/figure>\n\t<\/div>\n<\/div><\/div><\/div><div class=\"wpb_column vc_column_container vc_col-sm-4 et-dark-column\"><div class=\"vc_column-inner\"><div class=\"wpb_wrapper\">\n\t<div class=\"wpb_text_column wpb_content_element   products-title\" >\n\t\t<div class=\"wpb_wrapper\">\n\t\t\t<p>Protecci\u00f3n para el suelo &#8230;<\/p>\n\n\t\t<\/div>\n\t<\/div>\n\n\t<div class=\"wpb_text_column wpb_content_element  \" >\n\t\t<div class=\"wpb_wrapper\">\n\t\t\t<p>Para que su instrumento FEURICH est\u00e9 bien posicionado, hemos desarrollado bases especiales para piano. Plexiglas de larga vida ha sido nuestro material escogido, gracias a su transparencia, durabilidad y longevidad, ofrece una soluci\u00f3n conveniente y agradable.<\/p>\n\n\t\t<\/div>\n\t<\/div>\n<\/div><\/div><\/div><div class=\"wpb_column vc_column_container vc_col-sm-4 et-dark-column\"><div class=\"vc_column-inner\"><div class=\"wpb_wrapper\">\n\t<div class=\"wpb_text_column wpb_content_element   products-title\" >\n\t\t<div class=\"wpb_wrapper\">\n\t\t\t<p>&#8230; y tus vecinos<\/p>\n\n\t\t<\/div>\n\t<\/div>\n\n\t<div class=\"wpb_text_column wpb_content_element  \" >\n\t\t<div class=\"wpb_wrapper\">\n\t\t\t<p>Las bases para piano no necesariamente hacen que el instrumento sea m\u00e1s resistente, pero proporcionan protecci\u00f3n para el piso y, combinado con espuma especial, pueden reducir significativamente la transmisi\u00f3n de sonido del instrumento, por el bien de sus vecinos.<\/p>\n<p>\u00a1Estaremos encantados de informarle! &gt;&gt; contacto<\/p>\n\n\t\t<\/div>\n\t<\/div>\n<\/div><\/div><\/div><\/div><\/div>\n<\/div>","protected":false},"excerpt":{"rendered":"<p>La protecci\u00f3n casi invisible para el suelo y sus vecinos<\/p>\n","protected":false},"author":7,"featured_media":8559,"parent":11832,"menu_order":4,"comment_status":"closed","ping_status":"closed","template":"template-fullwidth.php","meta":{"inline_featured_image":false,"footnotes":""},"class_list":["post-11487","page","type-page","status-publish","has-post-thumbnail","hentry"],"acf":[],"_links":{"self":[{"href":"https:\/\/test.feurich.com\/es\/wp-json\/wp\/v2\/pages\/11487"}],"collection":[{"href":"https:\/\/test.feurich.com\/es\/wp-json\/wp\/v2\/pages"}],"about":[{"href":"https:\/\/test.feurich.com\/es\/wp-json\/wp\/v2\/types\/page"}],"author":[{"embeddable":true,"href":"https:\/\/test.feurich.com\/es\/wp-json\/wp\/v2\/users\/7"}],"replies":[{"embeddable":true,"href":"https:\/\/test.feurich.com\/es\/wp-json\/wp\/v2\/comments?post=11487"}],"version-history":[{"count":5,"href":"https:\/\/test.feurich.com\/es\/wp-json\/wp\/v2\/pages\/11487\/revisions"}],"predecessor-version":[{"id":11492,"href":"https:\/\/test.feurich.com\/es\/wp-json\/wp\/v2\/pages\/11487\/revisions\/11492"}],"up":[{"embeddable":true,"href":"https:\/\/test.feurich.com\/es\/wp-json\/wp\/v2\/pages\/11832"}],"wp:featuredmedia":[{"embeddable":true,"href":"https:\/\/test.feurich.com\/es\/wp-json\/wp\/v2\/media\/8559"}],"wp:attachment":[{"href":"https:\/\/test.feurich.com\/es\/wp-json\/wp\/v2\/media?parent=11487"}],"curies":[{"name":"wp","href":"https:\/\/api.w.org\/{rel}","templated":true}]}}