{"id":11494,"date":"2018-02-13T17:56:05","date_gmt":"2018-02-13T17:56:05","guid":{"rendered":"https:\/\/www.feurich.com\/funda-cobertora-para-piano\/"},"modified":"2018-02-13T17:56:06","modified_gmt":"2018-02-13T17:56:06","slug":"funda-cobertora-para-piano","status":"publish","type":"page","link":"https:\/\/test.feurich.com\/es\/productos\/accesorios\/funda-cobertora-para-piano\/","title":{"rendered":"Funda cobertora para piano"},"content":{"rendered":"<div class=\"wpb-content-wrapper\"><div  class=\"sec_row container\"><div class=\"vc_row wpb_row vc_row-fluid\"><div class=\"wpb_column vc_column_container vc_col-sm-12 et-dark-column\"><div class=\"vc_column-inner\"><div class=\"wpb_wrapper\"><div class=\"vc_empty_space\"   style=\"height: 5px\"><span class=\"vc_empty_space_inner\"><\/span><\/div><div class=\"vc_row wpb_row vc_inner vc_row-fluid max_width\"><div class=\"wpb_column vc_column_container vc_col-sm-2 et-dark-column\"><div class=\"vc_column-inner\"><div class=\"wpb_wrapper\"><\/div><\/div><\/div><div class=\"wpb_column vc_column_container vc_col-sm-8 et-dark-column\"><div class=\"vc_column-inner\"><div class=\"wpb_wrapper\">\n\t<div class=\"wpb_text_column wpb_content_element   vc_custom_1507013745650 big-title\" >\n\t\t<div class=\"wpb_wrapper\">\n\t\t\t<p>Fundas cobertoras<\/p>\n\n\t\t<\/div>\n\t<\/div>\n\n\t<div class=\"wpb_text_column wpb_content_element  \" >\n\t\t<div class=\"wpb_wrapper\">\n\t\t\t\n\t\t<\/div>\n\t<\/div>\n<\/div><\/div><\/div><div class=\"wpb_column vc_column_container vc_col-sm-2 et-dark-column\"><div class=\"vc_column-inner\"><div class=\"wpb_wrapper\"><\/div><\/div><\/div><\/div><div class=\"vc_empty_space\"   style=\"height: 32px\"><span class=\"vc_empty_space_inner\"><\/span><\/div><\/div><\/div><\/div><\/div><\/div><!-- Row Backgrounds --><div class=\"upb_bg_img\" data-ultimate-bg=\"url(https:\/\/test.feurich.com\/wp-content\/uploads\/2017\/08\/home-fon-bl3.jpg)\" data-image-id=\"id^521|url^\/wp-content\/uploads\/2017\/08\/home-fon-bl3.jpg|caption^null|alt^null|title^home-fon-bl3|description^null\" data-ultimate-bg-style=\"vcpb-default\" data-bg-img-repeat=\"no-repeat\" data-bg-img-size=\"cover\" data-bg-img-position=\"\" data-parallx_sense=\"30\" data-bg-override=\"full\" data-bg_img_attach=\"scroll\" data-upb-overlay-color=\"\" data-upb-bg-animation=\"\" data-fadeout=\"\" data-bg-animation=\"left-animation\" data-bg-animation-type=\"h\" data-animation-repeat=\"repeat\" data-fadeout-percentage=\"30\" data-parallax-content=\"\" data-parallax-content-sense=\"30\" data-row-effect-mobile-disable=\"true\" data-img-parallax-mobile-disable=\"true\" data-rtl=\"false\"  data-custom-vc-row=\"\"  data-vc=\"7.4\"  data-is_old_vc=\"\"  data-theme-support=\"\"   data-overlay=\"false\" data-overlay-color=\"\" data-overlay-pattern=\"\" data-overlay-pattern-opacity=\"\" data-overlay-pattern-size=\"\"    ><\/div><div  class=\"sec_row container\"><div class=\"vc_row wpb_row vc_row-fluid\"><div class=\"wpb_column vc_column_container vc_col-sm-4 et-dark-column\"><div class=\"vc_column-inner\"><div class=\"wpb_wrapper\">\n\t<div class=\"wpb_text_column wpb_content_element   products-title\" >\n\t\t<div class=\"wpb_wrapper\">\n\t\t\t<p>Bien protegido<\/p>\n\n\t\t<\/div>\n\t<\/div>\n\n\t<div class=\"wpb_text_column wpb_content_element  \" >\n\t\t<div class=\"wpb_wrapper\">\n\t\t\t<p>Para la mejor protecci\u00f3n posible de su precioso modelo FEURICH, hemos desarrollado fundas cobertoras de piano extra duraderas. Estas fundas est\u00e1n disponibles para pianos de todas las marcas, hechas a medida en el tama\u00f1o del modelo respectivo.<\/p>\n<p>Nuestros cobertores son de skai en el exterior, una piel sint\u00e9tica fina en el interior, mas un fieltro extra suave para proteger de rayones la superficie del instrumento.<\/p>\n\n\t\t<\/div>\n\t<\/div>\n<\/div><\/div><\/div><div class=\"wpb_column vc_column_container vc_col-sm-4 et-dark-column\"><div class=\"vc_column-inner\"><div class=\"wpb_wrapper\">\n\t<div  class=\"wpb_single_image wpb_content_element vc_align_center  vc_custom_1512626822914\">\n\t\t\n\t\t<figure class=\"wpb_wrapper vc_figure\">\n\t\t\t<div class=\"vc_single_image-wrapper   vc_box_border_grey\"><img loading=\"lazy\" decoding=\"async\" width=\"1024\" height=\"683\" src=\"https:\/\/test.feurich.com\/wp-content\/uploads\/Covers-Fine-black-imitation-leather-with-soft-felt-inside-Custom-Made-3-1024x683.jpg\" class=\"vc_single_image-img attachment-large\" alt=\"\" title=\"Covers Fine black imitation leather with soft felt inside (Custom-Made)-2\" srcset=\"https:\/\/test.feurich.com\/wp-content\/uploads\/Covers-Fine-black-imitation-leather-with-soft-felt-inside-Custom-Made-3-1024x683.jpg 1024w, https:\/\/test.feurich.com\/wp-content\/uploads\/Covers-Fine-black-imitation-leather-with-soft-felt-inside-Custom-Made-3-450x300.jpg 450w, https:\/\/test.feurich.com\/wp-content\/uploads\/Covers-Fine-black-imitation-leather-with-soft-felt-inside-Custom-Made-3-1000x667.jpg 1000w, https:\/\/test.feurich.com\/wp-content\/uploads\/Covers-Fine-black-imitation-leather-with-soft-felt-inside-Custom-Made-3-300x200.jpg 300w, https:\/\/test.feurich.com\/wp-content\/uploads\/Covers-Fine-black-imitation-leather-with-soft-felt-inside-Custom-Made-3-768x512.jpg 768w, https:\/\/test.feurich.com\/wp-content\/uploads\/Covers-Fine-black-imitation-leather-with-soft-felt-inside-Custom-Made-3-800x533.jpg 800w, https:\/\/test.feurich.com\/wp-content\/uploads\/Covers-Fine-black-imitation-leather-with-soft-felt-inside-Custom-Made-3.jpg 1080w\" sizes=\"(max-width: 1024px) 100vw, 1024px\" \/><\/div>\n\t\t<\/figure>\n\t<\/div>\n<\/div><\/div><\/div><div class=\"wpb_column vc_column_container vc_col-sm-4 et-dark-column\"><div class=\"vc_column-inner\"><div class=\"wpb_wrapper\">\n\t<div class=\"wpb_text_column wpb_content_element   products-title\" >\n\t\t<div class=\"wpb_wrapper\">\n\t\t\t<p>De acuerdo a su deseo<\/p>\n\n\t\t<\/div>\n\t<\/div>\n\n\t<div class=\"wpb_text_column wpb_content_element  \" >\n\t\t<div class=\"wpb_wrapper\">\n\t\t\t<p>Las fundas de piano FEURICH est\u00e1n hechas a mano, son de alta calidad, robustas y duraderas. Tambi\u00e9n se pueden realizar muchos tipos de pedidos especiales.<\/p>\n\n\t\t<\/div>\n\t<\/div>\n<\/div><\/div><\/div><\/div><\/div>\n<\/div>","protected":false},"excerpt":{"rendered":"<p>La protecci\u00f3n \u00f3ptima y de buen gusto para pianos verticales y pianos de cola<\/p>\n","protected":false},"author":7,"featured_media":11495,"parent":11832,"menu_order":2,"comment_status":"closed","ping_status":"closed","template":"template-fullwidth.php","meta":{"inline_featured_image":false,"footnotes":""},"class_list":["post-11494","page","type-page","status-publish","has-post-thumbnail","hentry"],"acf":[],"_links":{"self":[{"href":"https:\/\/test.feurich.com\/es\/wp-json\/wp\/v2\/pages\/11494"}],"collection":[{"href":"https:\/\/test.feurich.com\/es\/wp-json\/wp\/v2\/pages"}],"about":[{"href":"https:\/\/test.feurich.com\/es\/wp-json\/wp\/v2\/types\/page"}],"author":[{"embeddable":true,"href":"https:\/\/test.feurich.com\/es\/wp-json\/wp\/v2\/users\/7"}],"replies":[{"embeddable":true,"href":"https:\/\/test.feurich.com\/es\/wp-json\/wp\/v2\/comments?post=11494"}],"version-history":[{"count":5,"href":"https:\/\/test.feurich.com\/es\/wp-json\/wp\/v2\/pages\/11494\/revisions"}],"predecessor-version":[{"id":11500,"href":"https:\/\/test.feurich.com\/es\/wp-json\/wp\/v2\/pages\/11494\/revisions\/11500"}],"up":[{"embeddable":true,"href":"https:\/\/test.feurich.com\/es\/wp-json\/wp\/v2\/pages\/11832"}],"wp:featuredmedia":[{"embeddable":true,"href":"https:\/\/test.feurich.com\/es\/wp-json\/wp\/v2\/media\/11495"}],"wp:attachment":[{"href":"https:\/\/test.feurich.com\/es\/wp-json\/wp\/v2\/media?parent=11494"}],"curies":[{"name":"wp","href":"https:\/\/api.w.org\/{rel}","templated":true}]}}