{"id":11513,"date":"2018-02-14T11:15:08","date_gmt":"2018-02-14T11:15:08","guid":{"rendered":"https:\/\/www.feurich.com\/banquetas-para-piano\/"},"modified":"2018-02-14T11:15:08","modified_gmt":"2018-02-14T11:15:08","slug":"banquetas-para-piano","status":"publish","type":"page","link":"https:\/\/test.feurich.com\/es\/productos\/accesorios\/banquetas-para-piano\/","title":{"rendered":"Banquetas para piano"},"content":{"rendered":"<div class=\"wpb-content-wrapper\"><div  class=\"sec_row container\"><div class=\"vc_row wpb_row vc_row-fluid\"><div class=\"wpb_column vc_column_container vc_col-sm-12 et-dark-column\"><div class=\"vc_column-inner\"><div class=\"wpb_wrapper\"><div class=\"vc_empty_space\"   style=\"height: 5px\"><span class=\"vc_empty_space_inner\"><\/span><\/div><div class=\"vc_row wpb_row vc_inner vc_row-fluid max_width\"><div class=\"wpb_column vc_column_container vc_col-sm-2 et-dark-column\"><div class=\"vc_column-inner\"><div class=\"wpb_wrapper\"><\/div><\/div><\/div><div class=\"wpb_column vc_column_container vc_col-sm-8 et-dark-column\"><div class=\"vc_column-inner\"><div class=\"wpb_wrapper\">\n\t<div class=\"wpb_text_column wpb_content_element   vc_custom_1507013499500 big-title\" >\n\t\t<div class=\"wpb_wrapper\">\n\t\t\t<p style=\"text-align: center\">Banquetas para piano<\/p>\n\n\t\t<\/div>\n\t<\/div>\n\n\t<div class=\"wpb_text_column wpb_content_element  \" >\n\t\t<div class=\"wpb_wrapper\">\n\t\t\t\n\t\t<\/div>\n\t<\/div>\n<\/div><\/div><\/div><div class=\"wpb_column vc_column_container vc_col-sm-2 et-dark-column\"><div class=\"vc_column-inner\"><div class=\"wpb_wrapper\"><\/div><\/div><\/div><\/div><div class=\"vc_empty_space\"   style=\"height: 32px\"><span class=\"vc_empty_space_inner\"><\/span><\/div><\/div><\/div><\/div><\/div><\/div><!-- Row Backgrounds --><div class=\"upb_bg_img\" data-ultimate-bg=\"url(https:\/\/test.feurich.com\/wp-content\/uploads\/2017\/08\/home-fon-bl3.jpg)\" data-image-id=\"id^521|url^\/wp-content\/uploads\/2017\/08\/home-fon-bl3.jpg|caption^null|alt^null|title^home-fon-bl3|description^null\" data-ultimate-bg-style=\"vcpb-default\" data-bg-img-repeat=\"no-repeat\" data-bg-img-size=\"cover\" data-bg-img-position=\"\" data-parallx_sense=\"30\" data-bg-override=\"full\" data-bg_img_attach=\"scroll\" data-upb-overlay-color=\"\" data-upb-bg-animation=\"\" data-fadeout=\"\" data-bg-animation=\"left-animation\" data-bg-animation-type=\"h\" data-animation-repeat=\"repeat\" data-fadeout-percentage=\"30\" data-parallax-content=\"\" data-parallax-content-sense=\"30\" data-row-effect-mobile-disable=\"true\" data-img-parallax-mobile-disable=\"true\" data-rtl=\"false\"  data-custom-vc-row=\"\"  data-vc=\"7.4\"  data-is_old_vc=\"\"  data-theme-support=\"\"   data-overlay=\"false\" data-overlay-color=\"\" data-overlay-pattern=\"\" data-overlay-pattern-opacity=\"\" data-overlay-pattern-size=\"\"    ><\/div><div  class=\"sec_row container\"><div class=\"vc_row wpb_row vc_row-fluid\"><div class=\"wpb_column vc_column_container vc_col-sm-4 et-dark-column\"><div class=\"vc_column-inner\"><div class=\"wpb_wrapper\">\n\t<div class=\"wpb_text_column wpb_content_element   products-title\" >\n\t\t<div class=\"wpb_wrapper\">\n\t\t\t<p>Desarrollado por pianistas<\/p>\n\n\t\t<\/div>\n\t<\/div>\n\n\t<div class=\"wpb_text_column wpb_content_element  \" >\n\t\t<div class=\"wpb_wrapper\">\n\t\t\t<p>\u00bfQui\u00e9n sabr\u00eda m\u00e1s acerca de las necesidades de los pianistas que ellos mismos? Es por eso que hemos desarrollado nuestras banquetas de piano exactamente a sus necesidades:<\/p>\n<ul>\n<li>altura ajustable para la correcta postura ergon\u00f3mica<\/li>\n<li>extra c\u00f3moda y robusta<\/li>\n<\/ul>\n\n\t\t<\/div>\n\t<\/div>\n<\/div><\/div><\/div><div class=\"wpb_column vc_column_container vc_col-sm-4 et-dark-column\"><div class=\"vc_column-inner\"><div class=\"wpb_wrapper\"><div class=\"wpb_gallery wpb_content_element vc_clearfix\" ><div class=\"wpb_wrapper\"><div class=\"wpb_gallery_slides wpb_flexslider flexslider_fade flexslider\" data-interval=\"5\" data-flex_fx=\"fade\"><ul class=\"slides\"><li><a class=\"\" href=\"https:\/\/test.feurich.com\/wp-content\/uploads\/XD1414_1_web-1024x1016.jpg\" data-lightbox=\"lightbox[rel-11513-440355159]\"><img loading=\"lazy\" decoding=\"async\" width=\"1024\" height=\"1016\" src=\"https:\/\/test.feurich.com\/wp-content\/uploads\/XD1414_1_web-1024x1016.jpg\" class=\"attachment-thumbnail\" alt=\"\" title=\"Concert bench bordeaux polished, with real leather\" srcset=\"https:\/\/test.feurich.com\/wp-content\/uploads\/XD1414_1_web.jpg 1024w, https:\/\/test.feurich.com\/wp-content\/uploads\/XD1414_1_web-450x446.jpg 450w, https:\/\/test.feurich.com\/wp-content\/uploads\/XD1414_1_web-100x100.jpg 100w, https:\/\/test.feurich.com\/wp-content\/uploads\/XD1414_1_web-1000x992.jpg 1000w, https:\/\/test.feurich.com\/wp-content\/uploads\/XD1414_1_web-300x298.jpg 300w, https:\/\/test.feurich.com\/wp-content\/uploads\/XD1414_1_web-768x762.jpg 768w, https:\/\/test.feurich.com\/wp-content\/uploads\/XD1414_1_web-150x150.jpg 150w, https:\/\/test.feurich.com\/wp-content\/uploads\/XD1414_1_web-800x794.jpg 800w\" sizes=\"(max-width: 1024px) 100vw, 1024px\" \/><\/a><\/li><li><a class=\"\" href=\"https:\/\/test.feurich.com\/wp-content\/uploads\/Concert-bench_XD14-white-pol._web-1024x953.jpg\" data-lightbox=\"lightbox[rel-11513-440355159]\"><img loading=\"lazy\" decoding=\"async\" width=\"1024\" height=\"953\" src=\"https:\/\/test.feurich.com\/wp-content\/uploads\/Concert-bench_XD14-white-pol._web-1024x953.jpg\" class=\"attachment-thumbnail\" alt=\"\" title=\"Concert bench white polished, with real leather\" srcset=\"https:\/\/test.feurich.com\/wp-content\/uploads\/Concert-bench_XD14-white-pol._web.jpg 1024w, https:\/\/test.feurich.com\/wp-content\/uploads\/Concert-bench_XD14-white-pol._web-450x419.jpg 450w, https:\/\/test.feurich.com\/wp-content\/uploads\/Concert-bench_XD14-white-pol._web-1000x931.jpg 1000w, https:\/\/test.feurich.com\/wp-content\/uploads\/Concert-bench_XD14-white-pol._web-300x279.jpg 300w, https:\/\/test.feurich.com\/wp-content\/uploads\/Concert-bench_XD14-white-pol._web-768x715.jpg 768w, https:\/\/test.feurich.com\/wp-content\/uploads\/Concert-bench_XD14-white-pol._web-800x745.jpg 800w\" sizes=\"(max-width: 1024px) 100vw, 1024px\" \/><\/a><\/li><li><a class=\"\" href=\"https:\/\/test.feurich.com\/wp-content\/uploads\/Concert-bench_XD14-black-pol._web-1024x867.jpg\" data-lightbox=\"lightbox[rel-11513-440355159]\"><img loading=\"lazy\" decoding=\"async\" width=\"1024\" height=\"867\" src=\"https:\/\/test.feurich.com\/wp-content\/uploads\/Concert-bench_XD14-black-pol._web-1024x867.jpg\" class=\"attachment-thumbnail\" alt=\"\" title=\"Concert bench black polished, with real leather\" srcset=\"https:\/\/test.feurich.com\/wp-content\/uploads\/Concert-bench_XD14-black-pol._web.jpg 1024w, https:\/\/test.feurich.com\/wp-content\/uploads\/Concert-bench_XD14-black-pol._web-600x508.jpg 600w, https:\/\/test.feurich.com\/wp-content\/uploads\/Concert-bench_XD14-black-pol._web-300x254.jpg 300w, https:\/\/test.feurich.com\/wp-content\/uploads\/Concert-bench_XD14-black-pol._web-768x650.jpg 768w, https:\/\/test.feurich.com\/wp-content\/uploads\/Concert-bench_XD14-black-pol._web-800x677.jpg 800w\" sizes=\"(max-width: 1024px) 100vw, 1024px\" \/><\/a><\/li><li><a class=\"\" href=\"https:\/\/test.feurich.com\/wp-content\/uploads\/Bench_XD3-black-pol.-open_web-883x1024.jpg\" data-lightbox=\"lightbox[rel-11513-440355159]\"><img loading=\"lazy\" decoding=\"async\" width=\"883\" height=\"1024\" src=\"https:\/\/test.feurich.com\/wp-content\/uploads\/Bench_XD3-black-pol.-open_web-883x1024.jpg\" class=\"attachment-thumbnail\" alt=\"\" title=\"Piano bench black polished, imitation leather with compartment for notes (open)\" srcset=\"https:\/\/test.feurich.com\/wp-content\/uploads\/Bench_XD3-black-pol.-open_web.jpg 883w, https:\/\/test.feurich.com\/wp-content\/uploads\/Bench_XD3-black-pol.-open_web-450x522.jpg 450w, https:\/\/test.feurich.com\/wp-content\/uploads\/Bench_XD3-black-pol.-open_web-600x696.jpg 600w, https:\/\/test.feurich.com\/wp-content\/uploads\/Bench_XD3-black-pol.-open_web-259x300.jpg 259w, https:\/\/test.feurich.com\/wp-content\/uploads\/Bench_XD3-black-pol.-open_web-768x891.jpg 768w, https:\/\/test.feurich.com\/wp-content\/uploads\/Bench_XD3-black-pol.-open_web-800x928.jpg 800w\" sizes=\"(max-width: 883px) 100vw, 883px\" \/><\/a><\/li><li><a class=\"\" href=\"https:\/\/test.feurich.com\/wp-content\/uploads\/Bench_XD3-black-pol._web-1024x867.jpg\" data-lightbox=\"lightbox[rel-11513-440355159]\"><img loading=\"lazy\" decoding=\"async\" width=\"1024\" height=\"867\" src=\"https:\/\/test.feurich.com\/wp-content\/uploads\/Bench_XD3-black-pol._web-1024x867.jpg\" class=\"attachment-thumbnail\" alt=\"\" title=\"Piano bench black polished, imitation leather with compartment for notes\" srcset=\"https:\/\/test.feurich.com\/wp-content\/uploads\/Bench_XD3-black-pol._web.jpg 1024w, https:\/\/test.feurich.com\/wp-content\/uploads\/Bench_XD3-black-pol._web-450x381.jpg 450w, https:\/\/test.feurich.com\/wp-content\/uploads\/Bench_XD3-black-pol._web-1000x847.jpg 1000w, https:\/\/test.feurich.com\/wp-content\/uploads\/Bench_XD3-black-pol._web-300x254.jpg 300w, https:\/\/test.feurich.com\/wp-content\/uploads\/Bench_XD3-black-pol._web-768x650.jpg 768w, https:\/\/test.feurich.com\/wp-content\/uploads\/Bench_XD3-black-pol._web-800x677.jpg 800w\" sizes=\"(max-width: 1024px) 100vw, 1024px\" \/><\/a><\/li><li><a class=\"\" href=\"https:\/\/test.feurich.com\/wp-content\/uploads\/Bench_XD2-black-pol._web-1024x980.jpg\" data-lightbox=\"lightbox[rel-11513-440355159]\"><img loading=\"lazy\" decoding=\"async\" width=\"1024\" height=\"980\" src=\"https:\/\/test.feurich.com\/wp-content\/uploads\/Bench_XD2-black-pol._web-1024x980.jpg\" class=\"attachment-thumbnail\" alt=\"\" title=\"Piano bench black polished, imitation leather\" srcset=\"https:\/\/test.feurich.com\/wp-content\/uploads\/Bench_XD2-black-pol._web.jpg 1024w, https:\/\/test.feurich.com\/wp-content\/uploads\/Bench_XD2-black-pol._web-450x431.jpg 450w, https:\/\/test.feurich.com\/wp-content\/uploads\/Bench_XD2-black-pol._web-1000x957.jpg 1000w, https:\/\/test.feurich.com\/wp-content\/uploads\/Bench_XD2-black-pol._web-300x287.jpg 300w, https:\/\/test.feurich.com\/wp-content\/uploads\/Bench_XD2-black-pol._web-768x735.jpg 768w, https:\/\/test.feurich.com\/wp-content\/uploads\/Bench_XD2-black-pol._web-800x766.jpg 800w\" sizes=\"(max-width: 1024px) 100vw, 1024px\" \/><\/a><\/li><li><a class=\"\" href=\"https:\/\/test.feurich.com\/wp-content\/uploads\/Bench_XD1-white-pol._web-1024x867.jpg\" data-lightbox=\"lightbox[rel-11513-440355159]\"><img loading=\"lazy\" decoding=\"async\" width=\"1024\" height=\"867\" src=\"https:\/\/test.feurich.com\/wp-content\/uploads\/Bench_XD1-white-pol._web-1024x867.jpg\" class=\"attachment-thumbnail\" alt=\"\" title=\"Piano bench white polished\" srcset=\"https:\/\/test.feurich.com\/wp-content\/uploads\/Bench_XD1-white-pol._web.jpg 1024w, https:\/\/test.feurich.com\/wp-content\/uploads\/Bench_XD1-white-pol._web-450x381.jpg 450w, https:\/\/test.feurich.com\/wp-content\/uploads\/Bench_XD1-white-pol._web-1000x847.jpg 1000w, https:\/\/test.feurich.com\/wp-content\/uploads\/Bench_XD1-white-pol._web-300x254.jpg 300w, https:\/\/test.feurich.com\/wp-content\/uploads\/Bench_XD1-white-pol._web-768x650.jpg 768w, https:\/\/test.feurich.com\/wp-content\/uploads\/Bench_XD1-white-pol._web-800x677.jpg 800w\" sizes=\"(max-width: 1024px) 100vw, 1024px\" \/><\/a><\/li><li><a class=\"\" href=\"https:\/\/test.feurich.com\/wp-content\/uploads\/Bench_XD1-walnut-satin_web-1024x867.jpg\" data-lightbox=\"lightbox[rel-11513-440355159]\"><img loading=\"lazy\" decoding=\"async\" width=\"1024\" height=\"867\" src=\"https:\/\/test.feurich.com\/wp-content\/uploads\/Bench_XD1-walnut-satin_web-1024x867.jpg\" class=\"attachment-thumbnail\" alt=\"\" title=\"Piano bench walnut satin\" srcset=\"https:\/\/test.feurich.com\/wp-content\/uploads\/Bench_XD1-walnut-satin_web.jpg 1024w, https:\/\/test.feurich.com\/wp-content\/uploads\/Bench_XD1-walnut-satin_web-450x381.jpg 450w, https:\/\/test.feurich.com\/wp-content\/uploads\/Bench_XD1-walnut-satin_web-1000x847.jpg 1000w, https:\/\/test.feurich.com\/wp-content\/uploads\/Bench_XD1-walnut-satin_web-300x254.jpg 300w, https:\/\/test.feurich.com\/wp-content\/uploads\/Bench_XD1-walnut-satin_web-768x650.jpg 768w, https:\/\/test.feurich.com\/wp-content\/uploads\/Bench_XD1-walnut-satin_web-800x677.jpg 800w\" sizes=\"(max-width: 1024px) 100vw, 1024px\" \/><\/a><\/li><li><a class=\"\" href=\"https:\/\/test.feurich.com\/wp-content\/uploads\/Bench_XD1-walnut-pol._web-1024x867.jpg\" data-lightbox=\"lightbox[rel-11513-440355159]\"><img loading=\"lazy\" decoding=\"async\" width=\"1024\" height=\"867\" src=\"https:\/\/test.feurich.com\/wp-content\/uploads\/Bench_XD1-walnut-pol._web-1024x867.jpg\" class=\"attachment-thumbnail\" alt=\"\" title=\"Piano bench walnut polished\" srcset=\"https:\/\/test.feurich.com\/wp-content\/uploads\/Bench_XD1-walnut-pol._web.jpg 1024w, https:\/\/test.feurich.com\/wp-content\/uploads\/Bench_XD1-walnut-pol._web-450x381.jpg 450w, https:\/\/test.feurich.com\/wp-content\/uploads\/Bench_XD1-walnut-pol._web-1000x847.jpg 1000w, https:\/\/test.feurich.com\/wp-content\/uploads\/Bench_XD1-walnut-pol._web-300x254.jpg 300w, https:\/\/test.feurich.com\/wp-content\/uploads\/Bench_XD1-walnut-pol._web-768x650.jpg 768w, https:\/\/test.feurich.com\/wp-content\/uploads\/Bench_XD1-walnut-pol._web-800x677.jpg 800w\" sizes=\"(max-width: 1024px) 100vw, 1024px\" \/><\/a><\/li><li><a class=\"\" href=\"https:\/\/test.feurich.com\/wp-content\/uploads\/Bench_XD1-mahogany-satin_web-1024x819.jpg\" data-lightbox=\"lightbox[rel-11513-440355159]\"><img loading=\"lazy\" decoding=\"async\" width=\"1024\" height=\"819\" src=\"https:\/\/test.feurich.com\/wp-content\/uploads\/Bench_XD1-mahogany-satin_web-1024x819.jpg\" class=\"attachment-thumbnail\" alt=\"\" title=\"Piano bench bordeaux satin\" srcset=\"https:\/\/test.feurich.com\/wp-content\/uploads\/Bench_XD1-mahogany-satin_web.jpg 1024w, https:\/\/test.feurich.com\/wp-content\/uploads\/Bench_XD1-mahogany-satin_web-450x360.jpg 450w, https:\/\/test.feurich.com\/wp-content\/uploads\/Bench_XD1-mahogany-satin_web-1000x800.jpg 1000w, https:\/\/test.feurich.com\/wp-content\/uploads\/Bench_XD1-mahogany-satin_web-300x240.jpg 300w, https:\/\/test.feurich.com\/wp-content\/uploads\/Bench_XD1-mahogany-satin_web-768x614.jpg 768w, https:\/\/test.feurich.com\/wp-content\/uploads\/Bench_XD1-mahogany-satin_web-800x640.jpg 800w\" sizes=\"(max-width: 1024px) 100vw, 1024px\" \/><\/a><\/li><li><a class=\"\" href=\"https:\/\/test.feurich.com\/wp-content\/uploads\/Bench_XD1-cherry-satin_web-1024x958.jpg\" data-lightbox=\"lightbox[rel-11513-440355159]\"><img loading=\"lazy\" decoding=\"async\" width=\"1024\" height=\"958\" src=\"https:\/\/test.feurich.com\/wp-content\/uploads\/Bench_XD1-cherry-satin_web-1024x958.jpg\" class=\"attachment-thumbnail\" alt=\"\" title=\"Piano benh cherry satin\" srcset=\"https:\/\/test.feurich.com\/wp-content\/uploads\/Bench_XD1-cherry-satin_web.jpg 1024w, https:\/\/test.feurich.com\/wp-content\/uploads\/Bench_XD1-cherry-satin_web-450x421.jpg 450w, https:\/\/test.feurich.com\/wp-content\/uploads\/Bench_XD1-cherry-satin_web-1000x936.jpg 1000w, https:\/\/test.feurich.com\/wp-content\/uploads\/Bench_XD1-cherry-satin_web-300x281.jpg 300w, https:\/\/test.feurich.com\/wp-content\/uploads\/Bench_XD1-cherry-satin_web-768x719.jpg 768w, https:\/\/test.feurich.com\/wp-content\/uploads\/Bench_XD1-cherry-satin_web-800x748.jpg 800w\" sizes=\"(max-width: 1024px) 100vw, 1024px\" \/><\/a><\/li><li><a class=\"\" href=\"https:\/\/test.feurich.com\/wp-content\/uploads\/Bench_XD1-bordeaux-pol._web-1024x867.jpg\" data-lightbox=\"lightbox[rel-11513-440355159]\"><img loading=\"lazy\" decoding=\"async\" width=\"1024\" height=\"867\" src=\"https:\/\/test.feurich.com\/wp-content\/uploads\/Bench_XD1-bordeaux-pol._web-1024x867.jpg\" class=\"attachment-thumbnail\" alt=\"\" title=\"Piano bench bordeaux polished\" srcset=\"https:\/\/test.feurich.com\/wp-content\/uploads\/Bench_XD1-bordeaux-pol._web.jpg 1024w, https:\/\/test.feurich.com\/wp-content\/uploads\/Bench_XD1-bordeaux-pol._web-450x381.jpg 450w, https:\/\/test.feurich.com\/wp-content\/uploads\/Bench_XD1-bordeaux-pol._web-1000x847.jpg 1000w, https:\/\/test.feurich.com\/wp-content\/uploads\/Bench_XD1-bordeaux-pol._web-300x254.jpg 300w, https:\/\/test.feurich.com\/wp-content\/uploads\/Bench_XD1-bordeaux-pol._web-768x650.jpg 768w, https:\/\/test.feurich.com\/wp-content\/uploads\/Bench_XD1-bordeaux-pol._web-800x677.jpg 800w\" sizes=\"(max-width: 1024px) 100vw, 1024px\" \/><\/a><\/li><li><a class=\"\" href=\"https:\/\/test.feurich.com\/wp-content\/uploads\/Bench_XD1-black-satin_web-1-1024x867.jpg\" data-lightbox=\"lightbox[rel-11513-440355159]\"><img loading=\"lazy\" decoding=\"async\" width=\"1024\" height=\"867\" src=\"https:\/\/test.feurich.com\/wp-content\/uploads\/Bench_XD1-black-satin_web-1-1024x867.jpg\" class=\"attachment-thumbnail\" alt=\"\" title=\"Piano bench black satin\" srcset=\"https:\/\/test.feurich.com\/wp-content\/uploads\/Bench_XD1-black-satin_web-1.jpg 1024w, https:\/\/test.feurich.com\/wp-content\/uploads\/Bench_XD1-black-satin_web-1-450x381.jpg 450w, https:\/\/test.feurich.com\/wp-content\/uploads\/Bench_XD1-black-satin_web-1-1000x847.jpg 1000w, https:\/\/test.feurich.com\/wp-content\/uploads\/Bench_XD1-black-satin_web-1-300x254.jpg 300w, https:\/\/test.feurich.com\/wp-content\/uploads\/Bench_XD1-black-satin_web-1-768x650.jpg 768w, https:\/\/test.feurich.com\/wp-content\/uploads\/Bench_XD1-black-satin_web-1-800x677.jpg 800w\" sizes=\"(max-width: 1024px) 100vw, 1024px\" \/><\/a><\/li><li><a class=\"\" href=\"https:\/\/test.feurich.com\/wp-content\/uploads\/Bench_XD1-black-pol._web-1024x867.jpg\" data-lightbox=\"lightbox[rel-11513-440355159]\"><img loading=\"lazy\" decoding=\"async\" width=\"1024\" height=\"867\" src=\"https:\/\/test.feurich.com\/wp-content\/uploads\/Bench_XD1-black-pol._web-1024x867.jpg\" class=\"attachment-thumbnail\" alt=\"\" title=\"Piano bench black polished\" srcset=\"https:\/\/test.feurich.com\/wp-content\/uploads\/Bench_XD1-black-pol._web.jpg 1024w, https:\/\/test.feurich.com\/wp-content\/uploads\/Bench_XD1-black-pol._web-450x381.jpg 450w, https:\/\/test.feurich.com\/wp-content\/uploads\/Bench_XD1-black-pol._web-1000x847.jpg 1000w, https:\/\/test.feurich.com\/wp-content\/uploads\/Bench_XD1-black-pol._web-300x254.jpg 300w, https:\/\/test.feurich.com\/wp-content\/uploads\/Bench_XD1-black-pol._web-768x650.jpg 768w, https:\/\/test.feurich.com\/wp-content\/uploads\/Bench_XD1-black-pol._web-800x677.jpg 800w\" sizes=\"(max-width: 1024px) 100vw, 1024px\" \/><\/a><\/li><li><a class=\"\" href=\"https:\/\/test.feurich.com\/wp-content\/uploads\/Bench_XD1-beech-satin_web-1024x998.jpg\" data-lightbox=\"lightbox[rel-11513-440355159]\"><img loading=\"lazy\" decoding=\"async\" width=\"1024\" height=\"998\" src=\"https:\/\/test.feurich.com\/wp-content\/uploads\/Bench_XD1-beech-satin_web-1024x998.jpg\" class=\"attachment-thumbnail\" alt=\"\" title=\"Piano bench beech satin\" srcset=\"https:\/\/test.feurich.com\/wp-content\/uploads\/Bench_XD1-beech-satin_web.jpg 1024w, https:\/\/test.feurich.com\/wp-content\/uploads\/Bench_XD1-beech-satin_web-450x439.jpg 450w, https:\/\/test.feurich.com\/wp-content\/uploads\/Bench_XD1-beech-satin_web-1000x975.jpg 1000w, https:\/\/test.feurich.com\/wp-content\/uploads\/Bench_XD1-beech-satin_web-300x292.jpg 300w, https:\/\/test.feurich.com\/wp-content\/uploads\/Bench_XD1-beech-satin_web-768x749.jpg 768w, https:\/\/test.feurich.com\/wp-content\/uploads\/Bench_XD1-beech-satin_web-800x780.jpg 800w\" sizes=\"(max-width: 1024px) 100vw, 1024px\" \/><\/a><\/li><\/ul><\/div><\/div><\/div><\/div><\/div><\/div><div class=\"wpb_column vc_column_container vc_col-sm-4 et-dark-column\"><div class=\"vc_column-inner\"><div class=\"wpb_wrapper\">\n\t<div class=\"wpb_text_column wpb_content_element   products-title\" >\n\t\t<div class=\"wpb_wrapper\">\n\t\t\t<p>Para profesionales e individualistas<\/p>\n\n\t\t<\/div>\n\t<\/div>\n\n\t<div class=\"wpb_text_column wpb_content_element  \" >\n\t\t<div class=\"wpb_wrapper\">\n\t\t\t<p>Los pianistas tiene requisitos\u00a0individuales visuales. Es por eso que puede elegir entre varios dise\u00f1os y colores, para su banco de piano FEURICH personal.<\/p>\n\n\t\t<\/div>\n\t<\/div>\n<\/div><\/div><\/div><\/div><\/div>\n<\/div>","protected":false},"excerpt":{"rendered":"<p>Desarrollado con pianistas para que tocar sea una alegr\u00eda.<\/p>\n","protected":false},"author":7,"featured_media":11514,"parent":11832,"menu_order":1,"comment_status":"closed","ping_status":"closed","template":"template-fullwidth.php","meta":{"inline_featured_image":false,"footnotes":""},"class_list":["post-11513","page","type-page","status-publish","has-post-thumbnail","hentry"],"acf":[],"_links":{"self":[{"href":"https:\/\/test.feurich.com\/es\/wp-json\/wp\/v2\/pages\/11513"}],"collection":[{"href":"https:\/\/test.feurich.com\/es\/wp-json\/wp\/v2\/pages"}],"about":[{"href":"https:\/\/test.feurich.com\/es\/wp-json\/wp\/v2\/types\/page"}],"author":[{"embeddable":true,"href":"https:\/\/test.feurich.com\/es\/wp-json\/wp\/v2\/users\/7"}],"replies":[{"embeddable":true,"href":"https:\/\/test.feurich.com\/es\/wp-json\/wp\/v2\/comments?post=11513"}],"version-history":[{"count":5,"href":"https:\/\/test.feurich.com\/es\/wp-json\/wp\/v2\/pages\/11513\/revisions"}],"predecessor-version":[{"id":11519,"href":"https:\/\/test.feurich.com\/es\/wp-json\/wp\/v2\/pages\/11513\/revisions\/11519"}],"up":[{"embeddable":true,"href":"https:\/\/test.feurich.com\/es\/wp-json\/wp\/v2\/pages\/11832"}],"wp:featuredmedia":[{"embeddable":true,"href":"https:\/\/test.feurich.com\/es\/wp-json\/wp\/v2\/media\/11514"}],"wp:attachment":[{"href":"https:\/\/test.feurich.com\/es\/wp-json\/wp\/v2\/media?parent=11513"}],"curies":[{"name":"wp","href":"https:\/\/api.w.org\/{rel}","templated":true}]}}