{"id":12045,"date":"2018-02-20T18:35:18","date_gmt":"2018-02-20T18:35:18","guid":{"rendered":"https:\/\/www.feurich.com\/mod-162-dynamic-i-detalles\/"},"modified":"2022-02-25T08:07:24","modified_gmt":"2022-02-25T08:07:24","slug":"mod-162-dynamic-i-detalles","status":"publish","type":"page","link":"https:\/\/test.feurich.com\/es\/productos\/classic-pianos\/piano-de-cola-mod-162-dynamic-i\/mod-162-dynamic-i-detalles\/","title":{"rendered":"Mod. 162 &#8211; Dynamic I: Detalles"},"content":{"rendered":"<div class=\"wpb-content-wrapper\"><div  class=\"sec_row container\"><div class=\"vc_row wpb_row vc_row-fluid\"><div class=\"wpb_column vc_column_container vc_col-sm-12 et-dark-column\"><div class=\"vc_column-inner\"><div class=\"wpb_wrapper\">\n\t<div class=\"wpb_text_column wpb_content_element  \" >\n\t\t<div class=\"wpb_wrapper\">\n\t\t\t<p>[class_piano_menu]<\/p>\n\n\t\t<\/div>\n\t<\/div>\n\n\t<div class=\"wpb_text_column wpb_content_element   big-title\" >\n\t\t<div class=\"wpb_wrapper\">\n\t\t\t<p style=\"text-align: center;\">FEURICH Mod. 162 \u2013 Dynamic I<\/p>\n\n\t\t<\/div>\n\t<\/div>\n<\/div><\/div><\/div><\/div><\/div><div  class=\"sec_row container\"><div class=\"vc_row wpb_row vc_row-fluid\"><div class=\"wpb_column vc_column_container vc_col-sm-6 et-dark-column\"><div class=\"vc_column-inner\"><div class=\"wpb_wrapper\">\n\t<div class=\"wpb_text_column wpb_content_element  \" >\n\t\t<div class=\"wpb_wrapper\">\n\t\t\t<div class=\"wonderplugingallery-container\" id=\"wonderplugingallery-container-5\" style=\"max-width:550px;margin:0 auto;\"><div class=\"wonderplugingallery\" id=\"wonderplugingallery-5\" data-galleryid=\"5\" data-width=\"550\" data-height=\"400\" data-skin=\"gallerywithtext\" data-random=\"false\" data-autoslide=\"false\" data-autoplayvideo=\"false\" data-schemamarkup=\"false\" data-stopallplaying=\"false\" data-hidetitlewhenvideoisplaying=\"false\" data-disablehovereventontouch=\"false\" data-autoslideandplayafterfirstplayed=\"false\" data-html5player=\"true\" data-responsive=\"true\" data-fullwidth=\"false\" data-showtitle=\"true\" data-showdescription=\"true\" data-showplaybutton=\"false\" data-showfullscreenbutton=\"true\" data-showtimer=\"false\" data-showcarousel=\"true\" data-galleryshadow=\"false\" data-slideshadow=\"false\" data-thumbshowtitle=\"false\" data-thumbshadow=\"false\" data-lightboxshowtitle=\"true\" data-lightboxshowdescription=\"true\" data-specifyid=\"true\" data-donotinit=\"false\" data-addinitscript=\"true\" data-triggerresize=\"false\" data-thumbcolumnsresponsive=\"false\" data-showimgtitle=\"false\" data-titlesmallscreen=\"false\" data-initsocial=\"true\" data-showsocial=\"false\" data-showemail=\"false\" data-showfacebook=\"true\" data-showtwitter=\"true\" data-showpinterest=\"true\" data-socialrotateeffect=\"true\" data-doshortcodeontext=\"false\" data-duration=\"1500\" data-slideduration=\"1000\" data-slideshowinterval=\"6000\" data-googleanalyticsaccount=\"\" data-resizemode=\"fill\" data-imagetoolboxmode=\"hide\" data-effect=\"fadeinout\" data-padding=\"12\" data-bgcolor=\"\" data-bgimage=\"\" data-thumbwidth=\"54\" data-thumbheight=\"42\" data-thumbgap=\"8\" data-thumbrowgap=\"16\" data-lightboxtextheight=\"72\" data-lightboxtitlecss=\"{color:#333333; font:bold 12px Arial,Helvetica,sans-serif; overflow:hidden; white-space:normal; line-height:18px;}\" data-lightboxdescriptioncss=\"{color:#333333; font:normal 12px Arial,Helvetica,sans-serif; overflow:hidden; white-space:normal; line-height:14px;}\" data-titlecss=\"{color:#333;font-size:14px;font-family:Armata,sans-serif,Arial;overflow:hidden;text-align:center;padding:16px 8px 4px 8px;display:none}\" data-descriptioncss=\"{color:#333;font-size:14px;font-family:Arial,Helvetica,sans-serif;overflow:hidden;text-align:center;padding:4px 8px; padding-top: 15px;}\" data-titleheight=\"35\" data-titlesmallscreenwidth=\"640\" data-titleheightsmallscreen=\"148\" data-socialmode=\"mouseover\" data-socialposition=\"position:absolute;top:8px;right:8px;\" data-socialpositionlightbox=\"position:absolute;top:8px;right:8px;\" data-socialdirection=\"horizontal\" data-socialbuttonsize=\"32\" data-socialbuttonfontsize=\"18\" data-triggerresizedelay=\"100\" data-thumbmediumsize=\"800\" data-thumbsmallsize=\"480\" data-thumbmediumwidth=\"64\" data-thumbmediumheight=\"64\" data-thumbsmallwidth=\"48\" data-thumbsmallheight=\"48\" data-imgtitle=\"title\" data-jsfolder=\"https:\/\/test.feurich.com\/wp-content\/plugins\/wonderplugin-gallery\/engine\/\" style=\"display:none;\" ><a href=\"https:\/\/www.feurich.com\/wp-content\/uploads\/Mod._162_-_Dynamic_I_10black_brass.png\" data-mediatype=1><img decoding=\"async\" class=\"html5galleryimg\" src=\"https:\/\/www.feurich.com\/wp-content\/uploads\/Mod._162_-_Dynamic_I_10black_brass-1024x768.png\" alt=\"Mod._162_-_Dynamic_I_#10black_brass\" data-description=\"Negro pulido- Dorado\"><\/a><a href=\"https:\/\/www.feurich.com\/wp-content\/uploads\/Mod._162_-_Dynamic_I_10black_chrome.png\" data-mediatype=1><img decoding=\"async\" class=\"html5galleryimg\" src=\"https:\/\/www.feurich.com\/wp-content\/uploads\/Mod._162_-_Dynamic_I_10black_chrome-1024x768.png\" alt=\"Mod._162_-_Dynamic_I_#10black_chrome\" data-description=\"Negro pulido- Cromo\"><\/a><a href=\"https:\/\/www.feurich.com\/wp-content\/uploads\/Mod._162_-_Dynamic_I_11white_chrome-1.png\" data-mediatype=1><img decoding=\"async\" class=\"html5galleryimg\" src=\"https:\/\/www.feurich.com\/wp-content\/uploads\/Mod._162_-_Dynamic_I_11white_chrome-1-1024x768.png\" alt=\"Mod._162_-_Dynamic_I_#11white_chrome\" data-description=\"Blanco pulido\u2013 Cromo\"><\/a><a href=\"https:\/\/www.feurich.com\/wp-content\/uploads\/Mod._162_-_Dynamic_I_11white_brass.png\" data-mediatype=1><img decoding=\"async\" class=\"html5galleryimg\" src=\"https:\/\/www.feurich.com\/wp-content\/uploads\/Mod._162_-_Dynamic_I_11white_brass-1024x768.png\" alt=\"Mod._162_-_Dynamic_I_#11white_brass\" data-description=\"Blanco pulido\u2013 Dorado\"><\/a><a href=\"https:\/\/www.feurich.com\/wp-content\/uploads\/Mod._162_-_Dynamic_I_bordeaux_polished.png\" data-mediatype=1><img decoding=\"async\" class=\"html5galleryimg\" src=\"https:\/\/www.feurich.com\/wp-content\/uploads\/Mod._162_-_Dynamic_I_bordeaux_polished-1024x768.png\" alt=\"Bordeaux poliert\" data-title=\"Mod._162_-_Dynamic_I_bordeaux_polished\" data-description=\"Bordeaux pulido\"><\/a><a href=\"https:\/\/www.feurich.com\/wp-content\/uploads\/Mod._162_-_Dynamic_I_18walnut_satin.png\" data-mediatype=1><img decoding=\"async\" class=\"html5galleryimg\" src=\"https:\/\/www.feurich.com\/wp-content\/uploads\/Mod._162_-_Dynamic_I_18walnut_satin-1024x768.png\" alt=\"Mod._162_-_Dynamic_I_#18walnut_satin\" data-description=\"Nogal satinado\"><\/a><div class=\"wonderplugin-engine\"><a href=\"http:\/\/www.wonderplugin.com\/wordpress-gallery\/\" title=\"WordPress YouTube Gallery Plugin\">WordPress YouTube Gallery Plugin<\/a><\/div><\/div><\/div><script>jQuery(document).ready(function(){jQuery(\".wonderplugin-engine\").css({display:\"none\"});jQuery(\".wonderplugingallery\").wonderplugingallery({forceinit:true});});<\/script>\n\n\t\t<\/div>\n\t<\/div>\n<\/div><\/div><\/div><div class=\"wpb_column vc_column_container vc_col-sm-6 et-dark-column\"><div class=\"vc_column-inner\"><div class=\"wpb_wrapper\">\n\t<div class=\"wpb_text_column wpb_content_element  \" >\n\t\t<div class=\"wpb_wrapper\">\n\t\t\t<p>Nuestro modelo 162 &#8211; Dynamic I es apreciado en todo el mundo como instrumento de ense\u00f1anza y acompa\u00f1amiento . Como uno de los pocos pianos de cola de este tama\u00f1o, ofrece una experiencia sonora completa <strong>incluso en los registros bajos<\/strong> y permite una afinaci\u00f3n perfecta.<\/p>\n<p>El alambre de acero inoxidable de las cuerdas Paulello constituyen una innovaci\u00f3n que mejora significativamente el sonido y la longevidad del instrumento. El modelo 162 &#8211; Dynamic I ofrece un <strong>rango din\u00e1mico excepcional y gran claridad para un instrumento de su tama\u00f1o.<\/strong><\/p>\n<p>\u2022 solo 162 cm de largo, ideal para espacios peque\u00f1os<br \/>\n\u2022 bajos impresionantes para un piano de cola de su tama\u00f1o<br \/>\n\u2022 sonido limpio y puro en todos los registros<br \/>\n\u2022 Escala d\u00faplex para un brillo sin igual en los agudos<br \/>\n\u2022 Clavijero de laminado m\u00faltiple resistente a cambios clim\u00e1ticos<br \/>\n\u2022 Alambre de acero inoxidable de las cuerdas <a href=\"https:\/\/test.feurich.com\/es\/sobre-nosotros\/grupo-de-expertos\/stephen-paulello\/\">Paulello<\/a><br \/>\n\u2022 Mec\u00e1nica innovadora FEURICH para un ataque r\u00e1pido y preciso<br \/>\n\u2022 Fieltros de los martillos de <a href=\"http:\/\/filzfabrik-wurzen.de\/produkte\/filze-fuer-musikinstrumente\/\">Fieltros Wurzen Calidad AA<\/a>.<br \/>\n\u2022 Cubierta\u00a0de madera para teclas negras para una sensaci\u00f3n de toque<br \/>\nparticularmente aut\u00e9ntica<br \/>\n\u2022 Dise\u00f1o del atril para notas FEURICH con l\u00e1mpara LED integrada antireflejo (<span class=\"tlid-translation translation\" lang=\"es\"><span class=\"\" title=\"\">solo en modelos en blanco y negro<\/span><\/span>)<\/p>\n<p>El modelo FEURICH 162 &#8211; Dynamic I est\u00e1 disponible en diferentes colores y adem\u00e1s puede ser equipado con el <a href=\"https:\/\/test.feurich.com\/es\/innovaciones\/silencer\/\">FEURICH Silencer System<\/a>. \u00bfDesea saber m\u00e1s? Nos alegraremos con su <a href=\"https:\/\/test.feurich.com\/es\/informacion-contacto\/contacto\/\">mensaje!<\/a>!<\/p>\n\n\t\t<\/div>\n\t<\/div>\n<\/div><\/div><\/div><\/div><\/div><div  class=\"sec_row container\"><div class=\"vc_row wpb_row vc_row-fluid\"><div class=\"wpb_column vc_column_container vc_col-sm-12 et-dark-column\"><div class=\"vc_column-inner\"><div class=\"wpb_wrapper\">\n<div class=\"vc_grid-container-wrapper vc_clearfix vc_grid-animation-zoomIn\">\n\t<div class=\"vc_grid-container vc_clearfix wpb_content_element vc_masonry_media_grid\" data-initial-loading-animation=\"zoomIn\" data-vc-grid-settings=\"{&quot;page_id&quot;:12045,&quot;style&quot;:&quot;all-masonry&quot;,&quot;action&quot;:&quot;vc_get_vc_grid_data&quot;,&quot;shortcode_id&quot;:&quot;1583416005932-a127616e-2c29-6&quot;,&quot;tag&quot;:&quot;vc_masonry_media_grid&quot;}\" data-vc-request=\"https:\/\/test.feurich.com\/wp-admin\/admin-ajax.php?lang=es\" data-vc-post-id=\"12045\" data-vc-public-nonce=\"d0f8191d67\">\n\t\t\n\t<\/div>\n<\/div><\/div><\/div><\/div><\/div><\/div><div  class=\"sec_row container\"><div class=\"vc_row wpb_row vc_row-fluid\"><div class=\"wpb_column vc_column_container vc_col-sm-4 et-dark-column\"><div class=\"vc_column-inner\"><div class=\"wpb_wrapper\">\n\t<div class=\"wpb_text_column wpb_content_element  \" >\n\t\t<div class=\"wpb_wrapper\">\n\t\t\t<h3>DESCARGAR FICHA T\u00c9CNICA<\/h3>\n\n\t\t<\/div>\n\t<\/div>\n\n\t<div  class=\"wpb_single_image wpb_content_element vc_align_left\">\n\t\t\n\t\t<figure class=\"wpb_wrapper vc_figure\">\n\t\t\t<a href=\"\/wp-content\/uploads\/Hoja_t\u00e9cnica_web_162.pdf\" target=\"_blank\" class=\"vc_single_image-wrapper   vc_box_border_grey\"><img loading=\"lazy\" decoding=\"async\" width=\"360\" height=\"260\" src=\"https:\/\/test.feurich.com\/wp-content\/uploads\/Infoblatt-FEURICH-Mod-162-Dynamic-I-1-1.jpg\" class=\"vc_single_image-img attachment-thumbnail\" alt=\"\" title=\"Infoblatt FEURICH Mod 162 - Dynamic I-1\" srcset=\"https:\/\/test.feurich.com\/wp-content\/uploads\/Infoblatt-FEURICH-Mod-162-Dynamic-I-1-1.jpg 360w, https:\/\/test.feurich.com\/wp-content\/uploads\/Infoblatt-FEURICH-Mod-162-Dynamic-I-1-1-300x217.jpg 300w\" sizes=\"(max-width: 360px) 100vw, 360px\" \/><\/a>\n\t\t<\/figure>\n\t<\/div>\n<\/div><\/div><\/div><div class=\"wpb_column vc_column_container vc_col-sm-4 et-dark-column\"><div class=\"vc_column-inner\"><div class=\"wpb_wrapper\">\n\t<div class=\"wpb_text_column wpb_content_element  \" >\n\t\t<div class=\"wpb_wrapper\">\n\t\t\t<h3>VIDEO<\/h3>\n\n\t\t<\/div>\n\t<\/div>\n\n\t<div class=\"wpb_text_column wpb_content_element  \" >\n\t\t<div class=\"wpb_wrapper\">\n\t\t\t<p>[feurich_vid youtube=&#8221;AbJO4AcbbHk&#8221; youku=&#8221;XMzg2MDM0MTU4MA==&#8221; el_class=&#8221;product-video&#8221;]<\/p>\n\n\t\t<\/div>\n\t<\/div>\n<\/div><\/div><\/div><div class=\"wpb_column vc_column_container vc_col-sm-4 et-dark-column\"><div class=\"vc_column-inner\"><div class=\"wpb_wrapper\">\n\t<div class=\"wpb_text_column wpb_content_element  \" >\n\t\t<div class=\"wpb_wrapper\">\n\t\t\t<h3>MEDIDAS<\/h3>\n\n\t\t<\/div>\n\t<\/div>\n\n\t<div  class=\"wpb_single_image wpb_content_element vc_align_left\">\n\t\t\n\t\t<figure class=\"wpb_wrapper vc_figure\">\n\t\t\t<div class=\"vc_single_image-wrapper   vc_box_border_grey\"><img decoding=\"async\" class=\"vc_single_image-img \" src=\"https:\/\/test.feurich.com\/wp-content\/uploads\/dimensions_162_web-360x260.jpg\" width=\"360\" height=\"260\" alt=\"dimensions_162_web\" title=\"dimensions_162_web\" loading=\"lazy\" \/><\/div>\n\t\t<\/figure>\n\t<\/div>\n<\/div><\/div><\/div><\/div><\/div>\n<\/div>","protected":false},"excerpt":{"rendered":"<p>El modelo FEURICH 162 &#8211; Dynamic I ofrece, para un instrumento de su tama\u00f1o, bajos llenos, un rango din\u00e1mico excepcional y claridad fina.<\/p>\n","protected":false},"author":7,"featured_media":0,"parent":12161,"menu_order":0,"comment_status":"closed","ping_status":"closed","template":"","meta":{"inline_featured_image":false,"footnotes":""},"class_list":["post-12045","page","type-page","status-publish","hentry"],"acf":[],"_links":{"self":[{"href":"https:\/\/test.feurich.com\/es\/wp-json\/wp\/v2\/pages\/12045"}],"collection":[{"href":"https:\/\/test.feurich.com\/es\/wp-json\/wp\/v2\/pages"}],"about":[{"href":"https:\/\/test.feurich.com\/es\/wp-json\/wp\/v2\/types\/page"}],"author":[{"embeddable":true,"href":"https:\/\/test.feurich.com\/es\/wp-json\/wp\/v2\/users\/7"}],"replies":[{"embeddable":true,"href":"https:\/\/test.feurich.com\/es\/wp-json\/wp\/v2\/comments?post=12045"}],"version-history":[{"count":40,"href":"https:\/\/test.feurich.com\/es\/wp-json\/wp\/v2\/pages\/12045\/revisions"}],"predecessor-version":[{"id":57733,"href":"https:\/\/test.feurich.com\/es\/wp-json\/wp\/v2\/pages\/12045\/revisions\/57733"}],"up":[{"embeddable":true,"href":"https:\/\/test.feurich.com\/es\/wp-json\/wp\/v2\/pages\/12161"}],"wp:attachment":[{"href":"https:\/\/test.feurich.com\/es\/wp-json\/wp\/v2\/media?parent=12045"}],"curies":[{"name":"wp","href":"https:\/\/api.w.org\/{rel}","templated":true}]}}