{"id":12067,"date":"2018-02-21T18:15:09","date_gmt":"2018-02-21T18:15:09","guid":{"rendered":"https:\/\/www.feurich.com\/mod-125-design-detalles\/"},"modified":"2019-02-06T12:32:17","modified_gmt":"2019-02-06T12:32:17","slug":"mod-125-design-detalles","status":"publish","type":"page","link":"https:\/\/test.feurich.com\/es\/productos\/classic-pianos\/piano-mod-125-design\/mod-125-design-detalles\/","title":{"rendered":"Mod. 125 &#8211; Design: Detalles"},"content":{"rendered":"<div class=\"wpb-content-wrapper\"><div  class=\"sec_row container\"><div class=\"vc_row wpb_row vc_row-fluid\"><div class=\"wpb_column vc_column_container vc_col-sm-12 et-dark-column\"><div class=\"vc_column-inner\"><div class=\"wpb_wrapper\">\n\t<div class=\"wpb_text_column wpb_content_element  \" >\n\t\t<div class=\"wpb_wrapper\">\n\t\t\t<p>[class_piano_menu]<\/p>\n\n\t\t<\/div>\n\t<\/div>\n\n\t<div class=\"wpb_text_column wpb_content_element   big-title\" >\n\t\t<div class=\"wpb_wrapper\">\n\t\t\t<p style=\"text-align: center;\">FEURICH Mod. 125 \u2013 Design<\/p>\n\n\t\t<\/div>\n\t<\/div>\n<\/div><\/div><\/div><\/div><\/div><div  class=\"sec_row container\"><div class=\"vc_row wpb_row vc_row-fluid\"><div class=\"wpb_column vc_column_container vc_col-sm-6 et-dark-column\"><div class=\"vc_column-inner\"><div class=\"wpb_wrapper\">\n\t<div class=\"wpb_text_column wpb_content_element  \" >\n\t\t<div class=\"wpb_wrapper\">\n\t\t\t<div class=\"wonderplugingallery-container\" id=\"wonderplugingallery-container-3\" style=\"max-width:550px;margin:0 auto;\"><div class=\"wonderplugingallery\" id=\"wonderplugingallery-3\" data-galleryid=\"3\" data-width=\"550\" data-height=\"400\" data-skin=\"gallerywithtext\" data-random=\"false\" data-autoslide=\"false\" data-autoplayvideo=\"false\" data-schemamarkup=\"false\" data-stopallplaying=\"false\" data-hidetitlewhenvideoisplaying=\"false\" data-disablehovereventontouch=\"false\" data-autoslideandplayafterfirstplayed=\"false\" data-html5player=\"true\" data-responsive=\"true\" data-fullwidth=\"false\" data-showtitle=\"true\" data-showdescription=\"true\" data-showplaybutton=\"false\" data-showfullscreenbutton=\"true\" data-showtimer=\"false\" data-showcarousel=\"true\" data-galleryshadow=\"false\" data-slideshadow=\"false\" data-thumbshowtitle=\"false\" data-thumbshadow=\"false\" data-lightboxshowtitle=\"true\" data-lightboxshowdescription=\"true\" data-specifyid=\"true\" data-donotinit=\"false\" data-addinitscript=\"true\" data-triggerresize=\"false\" data-thumbcolumnsresponsive=\"false\" data-showimgtitle=\"false\" data-titlesmallscreen=\"false\" data-initsocial=\"true\" data-showsocial=\"false\" data-showemail=\"false\" data-showfacebook=\"true\" data-showtwitter=\"true\" data-showpinterest=\"true\" data-socialrotateeffect=\"true\" data-doshortcodeontext=\"false\" data-duration=\"1500\" data-slideduration=\"1000\" data-slideshowinterval=\"6000\" data-googleanalyticsaccount=\"\" data-resizemode=\"fill\" data-imagetoolboxmode=\"hide\" data-effect=\"fadeinout\" data-padding=\"12\" data-bgcolor=\"\" data-bgimage=\"\" data-thumbwidth=\"54\" data-thumbheight=\"42\" data-thumbgap=\"8\" data-thumbrowgap=\"16\" data-lightboxtextheight=\"72\" data-lightboxtitlecss=\"{color:#333333; font:bold 12px Arial,Helvetica,sans-serif; overflow:hidden; white-space:normal; line-height:18px;}\" data-lightboxdescriptioncss=\"{color:#333333; font:normal 12px Arial,Helvetica,sans-serif; overflow:hidden; white-space:normal; line-height:14px;}\" data-titlecss=\"{color:#333;font-size:14px;font-family:Armata,sans-serif,Arial;overflow:hidden;text-align:center;padding:16px 8px 4px 8px;display:none}\" data-descriptioncss=\"{color:#333;font-size:14px;font-family:Arial,Helvetica,sans-serif;overflow:hidden;text-align:center;padding:4px 8px; padding-top: 15px;}\" data-titleheight=\"35\" data-titlesmallscreenwidth=\"640\" data-titleheightsmallscreen=\"148\" data-socialmode=\"mouseover\" data-socialposition=\"position:absolute;top:8px;right:8px;\" data-socialpositionlightbox=\"position:absolute;top:8px;right:8px;\" data-socialdirection=\"horizontal\" data-socialbuttonsize=\"32\" data-socialbuttonfontsize=\"18\" data-triggerresizedelay=\"100\" data-thumbmediumsize=\"800\" data-thumbsmallsize=\"480\" data-thumbmediumwidth=\"64\" data-thumbmediumheight=\"64\" data-thumbsmallwidth=\"48\" data-thumbsmallheight=\"48\" data-imgtitle=\"title\" data-jsfolder=\"https:\/\/test.feurich.com\/wp-content\/plugins\/wonderplugin-gallery\/engine\/\" style=\"display:none;\" ><a href=\"https:\/\/www.feurich.com\/wp-content\/uploads\/Mod._125_-_Design_10black_chrome-1.png\" data-mediatype=1><img decoding=\"async\" class=\"html5galleryimg\" src=\"https:\/\/www.feurich.com\/wp-content\/uploads\/Mod._125_-_Design_10black_chrome-1-1024x768.png\" alt=\"Mod._125_-_Design_#10black_chrome\" data-description=\"Negro pulido- Cromo\"><\/a><a href=\"https:\/\/www.feurich.com\/wp-content\/uploads\/Mod._125_-_Design_10black_brass.png\" data-mediatype=1><img decoding=\"async\" class=\"html5galleryimg\" src=\"https:\/\/www.feurich.com\/wp-content\/uploads\/Mod._125_-_Design_10black_brass-1024x768.png\" alt=\"Mod._125_-_Design_#10black_brass\" data-description=\"Negro pulido- Dorado\"><\/a><div class=\"wonderplugin-engine\"><a href=\"http:\/\/www.wonderplugin.com\/wordpress-gallery\/\" title=\"WordPress YouTube Gallery Plugin\">WordPress YouTube Gallery Plugin<\/a><\/div><\/div><\/div><script>jQuery(document).ready(function(){jQuery(\".wonderplugin-engine\").css({display:\"none\"});jQuery(\".wonderplugingallery\").wonderplugingallery({forceinit:true});});<\/script>\n\n\t\t<\/div>\n\t<\/div>\n<\/div><\/div><\/div><div class=\"wpb_column vc_column_container vc_col-sm-6 et-dark-column\"><div class=\"vc_column-inner\"><div class=\"wpb_wrapper\">\n\t<div class=\"wpb_text_column wpb_content_element  \" >\n\t\t<div class=\"wpb_wrapper\">\n\t\t\t<p>El modelo FEURICH 125 &#8211; Design es una versi\u00f3n mayor y t\u00e9cnicamente m\u00e1s sofisticada de nuestro modelo m\u00e1s popular, el 122 &#8211; Universal. El fresado CNC preciso y una escala d\u00faplex aseguran a\u00fan mejores vibraciones de las cuerdas y un sonido rico en arm\u00f3nicos. El elegante dise\u00f1o del mueble y su hermosa manufactura hacen que el modelo FEURICH 125 &#8211; Design se destaque en todo sal\u00f3n de m\u00fasica.<\/p>\n<p>El exclusivo dise\u00f1o de la mec\u00e1nica FEURICH y un peso del teclado similar al piano de cola permiten un ataque preciso incluso en el pian\u00edsimo y una repetici\u00f3n notablemente vel\u00f3z. FEURICH fieltros especiales de Inglaterra, as\u00ed como maderas macizas de Austria empleadas en el teclado y la mec\u00e1nica, completan el perfil. Este instrumento satisfar\u00e1 incluso a los pianistas m\u00e1s exigentes.<\/p>\n<p>\u2022 Escala d\u00faplex para un brillo y claridad \u00fanicos en los agudos<br \/>\n\u2022 Silienagraffen Revistas de silia mecanizadas por CNC para una mayor limpieza en los bajos<br \/>\n\u2022 Cubierta\u00a0de madera de las teclas negras para una sensaci\u00f3n de toque particularmente aut\u00e9ntica<br \/>\n\u2022 elegante dise\u00f1o del mueble y sistema&#8221;soft close&#8221; para cierre suabe de la tapa<br \/>\n\u2022 espacio extra para mayor libertad de las piernas bajo el teclado (65 cm)<br \/>\n\u2022 Pedal sordina FEURICH para el modo de reproducci\u00f3n a bajo volumen: \u00a1para vecinos sensibles!<\/p>\n<p>Nuestro modelo FEURICH 125 &#8211; Design est\u00e1 disponible en negro con incrustaciones en bronce o cromo y puede ser equipado con el sistema silenciador FEURICH. \u00bfQuieres saber m\u00e1s sobre este instrumento? Esperamos tu mensaje con inter\u00e9s!<\/p>\n\n\t\t<\/div>\n\t<\/div>\n<\/div><\/div><\/div><\/div><\/div><div  class=\"sec_row container\"><div class=\"vc_row wpb_row vc_row-fluid\"><div class=\"wpb_column vc_column_container vc_col-sm-12 et-dark-column\"><div class=\"vc_column-inner\"><div class=\"wpb_wrapper\">\n<div class=\"vc_grid-container-wrapper vc_clearfix vc_grid-animation-zoomIn\">\n\t<div class=\"vc_grid-container vc_clearfix wpb_content_element vc_masonry_media_grid\" data-initial-loading-animation=\"zoomIn\" data-vc-grid-settings=\"{&quot;page_id&quot;:12067,&quot;style&quot;:&quot;all-masonry&quot;,&quot;action&quot;:&quot;vc_get_vc_grid_data&quot;,&quot;shortcode_id&quot;:&quot;1549456238435-acc03863945c0972bc2e2774432d328c-7&quot;,&quot;tag&quot;:&quot;vc_masonry_media_grid&quot;}\" data-vc-request=\"https:\/\/test.feurich.com\/wp-admin\/admin-ajax.php?lang=es\" data-vc-post-id=\"12067\" data-vc-public-nonce=\"841c802f15\">\n\t\t\n\t<\/div>\n<\/div><\/div><\/div><\/div><\/div><\/div><div  class=\"sec_row container\"><div class=\"vc_row wpb_row vc_row-fluid\"><div class=\"wpb_column vc_column_container vc_col-sm-4 et-dark-column\"><div class=\"vc_column-inner\"><div class=\"wpb_wrapper\">\n\t<div class=\"wpb_text_column wpb_content_element  \" >\n\t\t<div class=\"wpb_wrapper\">\n\t\t\t<h3>DESCARGAR FICHA T\u00c9CNICA<\/h3>\n\n\t\t<\/div>\n\t<\/div>\n\n\t<div  class=\"wpb_single_image wpb_content_element vc_align_left\">\n\t\t\n\t\t<figure class=\"wpb_wrapper vc_figure\">\n\t\t\t<a href=\"\/wp-content\/uploads\/Hoja_t\u00e9cnica_web_125.pdf\" target=\"_blank\" class=\"vc_single_image-wrapper   vc_box_border_grey\"><img loading=\"lazy\" decoding=\"async\" width=\"360\" height=\"260\" src=\"https:\/\/test.feurich.com\/wp-content\/uploads\/Infoblatt-FEURICH-Mod-125-Design-1-1.jpg\" class=\"vc_single_image-img attachment-thumbnail\" alt=\"\" title=\"Infoblatt FEURICH Mod 125 - Design-1\" srcset=\"https:\/\/test.feurich.com\/wp-content\/uploads\/Infoblatt-FEURICH-Mod-125-Design-1-1.jpg 360w, https:\/\/test.feurich.com\/wp-content\/uploads\/Infoblatt-FEURICH-Mod-125-Design-1-1-300x217.jpg 300w\" sizes=\"(max-width: 360px) 100vw, 360px\" \/><\/a>\n\t\t<\/figure>\n\t<\/div>\n<\/div><\/div><\/div><div class=\"wpb_column vc_column_container vc_col-sm-4 et-dark-column\"><div class=\"vc_column-inner\"><div class=\"wpb_wrapper\">\n\t<div class=\"wpb_text_column wpb_content_element  \" >\n\t\t<div class=\"wpb_wrapper\">\n\t\t\t<h3>VIDEO<\/h3>\n\n\t\t<\/div>\n\t<\/div>\n\n\t<div class=\"wpb_text_column wpb_content_element  \" >\n\t\t<div class=\"wpb_wrapper\">\n\t\t\t<p>[feurich_vid youtube=&#8221;pa1pq1r5xLk&#8221; youku=&#8221;XMzg1OTkxODk3Ng==&#8221;]<\/p>\n\n\t\t<\/div>\n\t<\/div>\n<\/div><\/div><\/div><div class=\"wpb_column vc_column_container vc_col-sm-4 et-dark-column\"><div class=\"vc_column-inner\"><div class=\"wpb_wrapper\">\n\t<div class=\"wpb_text_column wpb_content_element  \" >\n\t\t<div class=\"wpb_wrapper\">\n\t\t\t<h3 style=\"text-align: left;\">MEDIDAS<\/h3>\n\n\t\t<\/div>\n\t<\/div>\n\n\t<div  class=\"wpb_single_image wpb_content_element vc_align_left\">\n\t\t\n\t\t<figure class=\"wpb_wrapper vc_figure\">\n\t\t\t<div class=\"vc_single_image-wrapper   vc_box_border_grey\"><img decoding=\"async\" class=\"vc_single_image-img \" src=\"https:\/\/test.feurich.com\/wp-content\/uploads\/masse_125_deutsch.jpg\" width=\"357\" height=\"258\" alt=\"FEURICH Mod. 125 Ma\u00dfe deutsch\" title=\"FEURICH Mod.125 Masse deutsch\" loading=\"lazy\" \/><\/div>\n\t\t<\/figure>\n\t<\/div>\n<\/div><\/div><\/div><\/div><\/div>\n<\/div>","protected":false},"excerpt":{"rendered":"<p>La hermosa mano de obra y la fineza t\u00e9cnica hacen que el modelo FEURICH 125 \u2013 Design llame la atenci\u00f3n de los pianistas m\u00e1s exigentes.<\/p>\n","protected":false},"author":7,"featured_media":0,"parent":12480,"menu_order":0,"comment_status":"closed","ping_status":"closed","template":"","meta":{"inline_featured_image":false,"footnotes":""},"class_list":["post-12067","page","type-page","status-publish","hentry"],"acf":[],"_links":{"self":[{"href":"https:\/\/test.feurich.com\/es\/wp-json\/wp\/v2\/pages\/12067"}],"collection":[{"href":"https:\/\/test.feurich.com\/es\/wp-json\/wp\/v2\/pages"}],"about":[{"href":"https:\/\/test.feurich.com\/es\/wp-json\/wp\/v2\/types\/page"}],"author":[{"embeddable":true,"href":"https:\/\/test.feurich.com\/es\/wp-json\/wp\/v2\/users\/7"}],"replies":[{"embeddable":true,"href":"https:\/\/test.feurich.com\/es\/wp-json\/wp\/v2\/comments?post=12067"}],"version-history":[{"count":20,"href":"https:\/\/test.feurich.com\/es\/wp-json\/wp\/v2\/pages\/12067\/revisions"}],"predecessor-version":[{"id":22213,"href":"https:\/\/test.feurich.com\/es\/wp-json\/wp\/v2\/pages\/12067\/revisions\/22213"}],"up":[{"embeddable":true,"href":"https:\/\/test.feurich.com\/es\/wp-json\/wp\/v2\/pages\/12480"}],"wp:attachment":[{"href":"https:\/\/test.feurich.com\/es\/wp-json\/wp\/v2\/media?parent=12067"}],"curies":[{"name":"wp","href":"https:\/\/api.w.org\/{rel}","templated":true}]}}