{"id":12079,"date":"2018-02-22T08:49:09","date_gmt":"2018-02-22T08:49:09","guid":{"rendered":"https:\/\/www.feurich.com\/productos\/"},"modified":"2023-11-25T15:19:04","modified_gmt":"2023-11-25T15:19:04","slug":"productos","status":"publish","type":"page","link":"https:\/\/test.feurich.com\/es\/productos\/","title":{"rendered":"PIANOS &#038; M\u00c1S"},"content":{"rendered":"<div class=\"wpb-content-wrapper\"><div  class=\"sec_row container\"><div class=\"vc_row wpb_row vc_row-fluid\"><div class=\"wpb_column vc_column_container vc_col-sm-12 et-dark-column\"><div class=\"vc_column-inner\"><div class=\"wpb_wrapper\"><div class=\"wpb_revslider_element wpb_content_element\">\n\t\t\t<!-- START productssl REVOLUTION SLIDER 6.6.20 --><p class=\"rs-p-wp-fix\"><\/p>\n\t\t\t<rs-module-wrap id=\"rev_slider_8_1_wrapper\" data-source=\"gallery\" style=\"visibility:hidden;background:transparent;padding:0;margin:0px auto;margin-top:0;margin-bottom:0;\">\n\t\t\t\t<rs-module id=\"rev_slider_8_1\" style=\"\" data-version=\"6.6.20\">\n\t\t\t\t\t<rs-slides style=\"overflow: hidden; position: absolute;\">\n\t\t\t\t\t\t<rs-slide style=\"position: absolute;\" data-key=\"rs-21\" data-title=\"Slide\" data-anim=\"adpr:false;\" data-in=\"o:0;\" data-out=\"a:false;\">\n\t\t\t\t\t\t\t<img decoding=\"async\" src=\"\/\/test.feurich.com\/wp-content\/plugins\/revslider\/public\/assets\/assets\/dummy.png\" alt=\"\" title=\"FEURICH-Mod.-162-Bodensee-1-1200&#215;570\" width=\"1200\" height=\"570\" class=\"rev-slidebg tp-rs-img rs-lazyload\" data-lazyload=\"\/\/feurich.com\/wp-content\/uploads\/FEURICH-Mod.-162-Bodensee-1-1200x570-1.jpg\" data-bg=\"p:center bottom;\" data-no-retina>\n<!---->\t\t\t\t\t\t<\/rs-slide>\n\t\t\t\t\t\t<rs-slide style=\"position: absolute;\" data-key=\"rs-22\" data-title=\"Slide\" data-anim=\"adpr:false;\">\n\t\t\t\t\t\t\t<img decoding=\"async\" src=\"\/\/test.feurich.com\/wp-content\/plugins\/revslider\/public\/assets\/assets\/dummy.png\" alt=\"\" title=\"PIANOS &#038; M\u00c1S\" class=\"rev-slidebg tp-rs-img rs-lazyload\" data-lazyload=\"\/\/www.feurich.com\/wp-content\/uploads\/FEURICH-Mod.-218-Ennio-Garden-Concert.jpg\" data-no-retina>\n<!---->\t\t\t\t\t\t<\/rs-slide>\n\t\t\t\t\t\t<rs-slide style=\"position: absolute;\" data-key=\"rs-23\" data-title=\"Slide\" data-anim=\"adpr:false;\">\n\t\t\t\t\t\t\t<img decoding=\"async\" src=\"\/\/test.feurich.com\/wp-content\/plugins\/revslider\/public\/assets\/assets\/dummy.png\" alt=\"\" title=\"PIANOS &#038; M\u00c1S\" class=\"rev-slidebg tp-rs-img rs-lazyload\" data-lazyload=\"\/\/www.feurich.com\/wp-content\/uploads\/FEURICH-Mod.-218-MAK-Matthias-Ruegg.jpg\" data-no-retina>\n<!---->\t\t\t\t\t\t<\/rs-slide>\n\t\t\t\t\t\t<rs-slide style=\"position: absolute;\" data-key=\"rs-24\" data-title=\"Slide\" data-anim=\"adpr:false;\">\n\t\t\t\t\t\t\t<img decoding=\"async\" src=\"\/\/test.feurich.com\/wp-content\/plugins\/revslider\/public\/assets\/assets\/dummy.png\" alt=\"\" title=\"PIANOS &#038; M\u00c1S\" class=\"rev-slidebg tp-rs-img rs-lazyload\" data-lazyload=\"\/\/www.feurich.com\/wp-content\/uploads\/FEURICH-Mod.-115-Baby.jpg\" data-no-retina>\n<!---->\t\t\t\t\t\t<\/rs-slide>\n\t\t\t\t\t<\/rs-slides>\n\t\t\t\t<\/rs-module>\n\t\t\t\t<script>\n\t\t\t\t\tsetREVStartSize({c: 'rev_slider_8_1',rl:[1240,1024,778,480],el:[568],gw:[1240],gh:[568],type:'standard',justify:'',layout:'fullwidth',mh:\"0\"});if (window.RS_MODULES!==undefined && window.RS_MODULES.modules!==undefined && window.RS_MODULES.modules[\"revslider81\"]!==undefined) {window.RS_MODULES.modules[\"revslider81\"].once = false;window.revapi8 = undefined;if (window.RS_MODULES.checkMinimal!==undefined) window.RS_MODULES.checkMinimal()}\n\t\t\t\t<\/script>\n\t\t\t<\/rs-module-wrap>\n\t\t\t<!-- END REVOLUTION SLIDER -->\n<\/div><\/div><\/div><\/div><\/div><\/div><div  class=\"sec_row container\"><div class=\"vc_row wpb_row vc_row-fluid\"><div class=\"wpb_column vc_column_container vc_col-sm-2 et-dark-column\"><div class=\"vc_column-inner\"><div class=\"wpb_wrapper\"><\/div><\/div><\/div><div class=\"wpb_column vc_column_container vc_col-sm-8 et-dark-column\"><div class=\"vc_column-inner\"><div class=\"wpb_wrapper\"><div class=\"vc_empty_space\"   style=\"height: 12px\"><span class=\"vc_empty_space_inner\"><\/span><\/div>\n\t<div class=\"wpb_text_column wpb_content_element   big-title\" >\n\t\t<div class=\"wpb_wrapper\">\n\t\t\t<p style=\"text-align: center;\">PIANOS Y PIANOS DE COLA<\/p>\n\n\t\t<\/div>\n\t<\/div>\n<div class=\"vc_empty_space\"   style=\"height: 15px\"><span class=\"vc_empty_space_inner\"><\/span><\/div>\n\t<div class=\"wpb_text_column wpb_content_element  \" >\n\t\t<div class=\"wpb_wrapper\">\n\t\t\t<p><span style=\"font-size: 14pt;\">Su dise\u00f1o refinado y las numerosas innovaciones hacen que los pianos FEURICH sean totalmente \u00fanicos. Nuestros procesos de producci\u00f3n se caracterizan por el uso de\u00a0materias primas\u00a0 especialmente seleccionadas y de la m\u00e1s alta calidad, as\u00ed como por la utilizaci\u00f3n de m\u00e1quinas CNC de alta tecnolog\u00eda, m\u00e9todos de ensamblaje precisos y un estricto control de calidad.<\/span><\/p>\n<p><span style=\"font-size: 14pt;\">M\u00e1s de 400 representantes de todo el mundo ofrecen el mejor servicio para su piano FEURICH.<\/span><\/p>\n\n\t\t<\/div>\n\t<\/div>\n<div class=\"vc_empty_space\"   style=\"height: 20px\"><span class=\"vc_empty_space_inner\"><\/span><\/div><\/div><\/div><\/div><div class=\"wpb_column vc_column_container vc_col-sm-2 et-dark-column\"><div class=\"vc_column-inner\"><div class=\"wpb_wrapper\"><\/div><\/div><\/div><\/div><\/div><div  class=\"sec_row container\"><div class=\"vc_row wpb_row vc_row-fluid\"><div class=\"wpb_column vc_column_container vc_col-sm-4 et-dark-column\"><div class=\"vc_column-inner\"><div class=\"wpb_wrapper\">\n\t<div  class=\"wpb_single_image wpb_content_element vc_align_center\">\n\t\t\n\t\t<figure class=\"wpb_wrapper vc_figure\">\n\t\t\t<a href=\"vienna-pianos\" target=\"_self\" class=\"vc_single_image-wrapper   vc_box_border_grey\"><img decoding=\"async\" class=\"vc_single_image-img \" src=\"https:\/\/test.feurich.com\/wp-content\/uploads\/Mod.-123-Vienne-white-scaled-350x240.jpg\" width=\"350\" height=\"240\" alt=\"Mod. 123 - Vienne white\" title=\"Mod. 123 - Vienne white\" loading=\"lazy\" \/><\/a>\n\t\t<\/figure>\n\t<\/div>\n\n\t<div class=\"wpb_text_column wpb_content_element   products-title\" >\n\t\t<div class=\"wpb_wrapper\">\n\t\t\t<p><a class=\"mega-menu-link\" href=\"https:\/\/www.feurich.com\/es\/productos\/vienna-pianos\/\">VIENNA PIANOS<\/a><\/p>\n\n\t\t<\/div>\n\t<\/div>\n\n\t<div class=\"wpb_text_column wpb_content_element  \" >\n\t\t<div class=\"wpb_wrapper\">\n\t\t\t<p>La \u00faltima innovaci\u00f3n de FEURICH es el modelo vertical 123 &#8211; Vienna. Un enfoque totalmente nuevo y \u00fanico se puede ver en sus componentes centrales como la acci\u00f3n, el mueble y el sistema de pedales.<\/p>\n<p><a href=\"https:\/\/www.feurich.com\/es\/productos\/vienna-pianos\/\">&gt;&gt; continuar<\/a><\/p>\n\n\t\t<\/div>\n\t<\/div>\n<\/div><\/div><\/div><div class=\"wpb_column vc_column_container vc_col-sm-4 et-dark-column\"><div class=\"vc_column-inner\"><div class=\"wpb_wrapper\">\n\t<div  class=\"wpb_single_image wpb_content_element vc_align_center\">\n\t\t\n\t\t<figure class=\"wpb_wrapper vc_figure\">\n\t\t\t<a href=\"classic-pianos\" target=\"_self\" class=\"vc_single_image-wrapper   vc_box_border_grey\"><img decoding=\"async\" class=\"vc_single_image-img \" src=\"https:\/\/test.feurich.com\/wp-content\/uploads\/Classic-Pianos-350x240.jpg\" width=\"350\" height=\"240\" alt=\"Classic Pianos\" title=\"Classic Pianos\" loading=\"lazy\" \/><\/a>\n\t\t<\/figure>\n\t<\/div>\n\n\t<div class=\"wpb_text_column wpb_content_element   products-title\" >\n\t\t<div class=\"wpb_wrapper\">\n\t\t\t<p><a class=\"mega-menu-link\" href=\"https:\/\/www.feurich.com\/es\/productos\/classic-pianos\/\">CLASSIC PIANOS<\/a><\/p>\n\n\t\t<\/div>\n\t<\/div>\n\n\t<div class=\"wpb_text_column wpb_content_element  \" >\n\t\t<div class=\"wpb_wrapper\">\n\t\t\t<p>Su dise\u00f1o refinado y numerosas innovaciones hacen que los pianos FEURICH sean instrumentos \u00fanicos. Nuestra compromiso: materias primas y componentes de alta calidad, corte y ensamblaje perfectos y el m\u00e1s estricto control de calidad.<\/p>\n<p><a href=\"https:\/\/www.feurich.com\/es\/productos\/classic-pianos\/\">&gt;&gt; continuar<\/a><\/p>\n\n\t\t<\/div>\n\t<\/div>\n<\/div><\/div><\/div><div class=\"wpb_column vc_column_container vc_col-sm-4 et-dark-column\"><div class=\"vc_column-inner\"><div class=\"wpb_wrapper\">\n\t<div  class=\"wpb_single_image wpb_content_element vc_align_center\">\n\t\t\n\t\t<figure class=\"wpb_wrapper vc_figure\">\n\t\t\t<a href=\"\/?page_id=1321\" target=\"_self\" class=\"vc_single_image-wrapper   vc_box_border_grey\"><img decoding=\"async\" class=\"vc_single_image-img \" src=\"https:\/\/test.feurich.com\/wp-content\/uploads\/Concert-Bench-FEURICH-Accessoires-350x240.jpg\" width=\"350\" height=\"240\" alt=\"Concert Bench FEURICH Accessoires\" title=\"Concert Bench FEURICH Accessoires\" loading=\"lazy\" \/><\/a>\n\t\t<\/figure>\n\t<\/div>\n\n\t<div class=\"wpb_text_column wpb_content_element   products-title\" >\n\t\t<div class=\"wpb_wrapper\">\n\t\t\t<p><a class=\"mega-menu-link\" href=\"https:\/\/www.feurich.com\/es\/productos\/accesorios\/\">ACCESORIOS<\/a><\/p>\n\n\t\t<\/div>\n\t<\/div>\n\n\t<div class=\"wpb_text_column wpb_content_element  \" >\n\t\t<div class=\"wpb_wrapper\">\n\t\t\t<p>Desde sistemas silenciadores hasta banquetas que cuadran con su piano y covertores dise\u00f1ados por FEURICH: aqu\u00ed encontrar\u00e1 accesorios de alta calidad para su instrumento<\/p>\n<p><a href=\"https:\/\/www.feurich.com\/es\/productos\/accesorios\/\">&gt;&gt; continuar<\/a><\/p>\n\n\t\t<\/div>\n\t<\/div>\n<\/div><\/div><\/div><\/div><\/div><div  class=\"sec_row container\"><div class=\"vc_row wpb_row vc_row-fluid\"><div class=\"wpb_column vc_column_container vc_col-sm-12 et-dark-column\"><div class=\"vc_column-inner\"><div class=\"wpb_wrapper\"><div class=\"vc_empty_space\"   style=\"height: 52px\"><span class=\"vc_empty_space_inner\"><\/span><\/div><\/div><\/div><\/div><\/div><\/div>\n<\/div>","protected":false},"excerpt":{"rendered":"PIANOS Y PIANOS DE COLA Su dise\u00f1o refinado y las numerosas innovaciones hacen que los pianos FEURICH sean totalmente \u00fanicos. Nuestros procesos de producci\u00f3n se caracterizan por el uso de\u00a0materias primas\u00a0 especialmente seleccionadas y de la m\u00e1s alta calidad, as\u00ed como por la utilizaci\u00f3n de m\u00e1quinas CNC de alta tecnolog\u00eda,&hellip;","protected":false},"author":4,"featured_media":0,"parent":0,"menu_order":0,"comment_status":"closed","ping_status":"closed","template":"template-fullwidth.php","meta":{"inline_featured_image":false,"footnotes":""},"class_list":["post-12079","page","type-page","status-publish","hentry"],"acf":[],"_links":{"self":[{"href":"https:\/\/test.feurich.com\/es\/wp-json\/wp\/v2\/pages\/12079"}],"collection":[{"href":"https:\/\/test.feurich.com\/es\/wp-json\/wp\/v2\/pages"}],"about":[{"href":"https:\/\/test.feurich.com\/es\/wp-json\/wp\/v2\/types\/page"}],"author":[{"embeddable":true,"href":"https:\/\/test.feurich.com\/es\/wp-json\/wp\/v2\/users\/4"}],"replies":[{"embeddable":true,"href":"https:\/\/test.feurich.com\/es\/wp-json\/wp\/v2\/comments?post=12079"}],"version-history":[{"count":38,"href":"https:\/\/test.feurich.com\/es\/wp-json\/wp\/v2\/pages\/12079\/revisions"}],"predecessor-version":[{"id":72707,"href":"https:\/\/test.feurich.com\/es\/wp-json\/wp\/v2\/pages\/12079\/revisions\/72707"}],"wp:attachment":[{"href":"https:\/\/test.feurich.com\/es\/wp-json\/wp\/v2\/media?parent=12079"}],"curies":[{"name":"wp","href":"https:\/\/api.w.org\/{rel}","templated":true}]}}