{"id":12089,"date":"2018-02-22T11:12:34","date_gmt":"2018-02-22T11:12:34","guid":{"rendered":"https:\/\/www.feurich.com\/productos\/vienna-pianos\/"},"modified":"2020-10-01T14:05:37","modified_gmt":"2020-10-01T14:05:37","slug":"vienna-pianos","status":"publish","type":"page","link":"https:\/\/test.feurich.com\/es\/productos\/vienna-pianos\/","title":{"rendered":"Vienna Pianos"},"content":{"rendered":"<div class=\"wpb-content-wrapper\"><div  class=\"sec_row container\"><div class=\"vc_row wpb_row vc_row-fluid\"><div class=\"wpb_column vc_column_container vc_col-sm-12 et-dark-column\"><div class=\"vc_column-inner\"><div class=\"wpb_wrapper\"><div class=\"vc_empty_space\"   style=\"height: 52px\"><span class=\"vc_empty_space_inner\"><\/span><\/div>\n\t<div class=\"wpb_text_column wpb_content_element   big-title\" >\n\t\t<div class=\"wpb_wrapper\">\n\t\t\t<p style=\"text-align: center;\">Modelo 123 \u2013 Vienna \u201eMade in Austria\u201c<\/p>\n\n\t\t<\/div>\n\t<\/div>\n<\/div><\/div><\/div><\/div><\/div><div  class=\"sec_row container\"><div class=\"vc_row wpb_row vc_row-fluid vc_row-o-content-middle vc_row-flex\"><div class=\"wpb_column vc_column_container vc_col-sm-12 et-dark-column\"><div class=\"vc_column-inner\"><div class=\"wpb_wrapper\"><div class=\"vc_empty_space\"   style=\"height: 20px\"><span class=\"vc_empty_space_inner\"><\/span><\/div><div class=\"vc_empty_space\"   style=\"height: 20px\"><span class=\"vc_empty_space_inner\"><\/span><\/div>\n\t<div class=\"wpb_text_column wpb_content_element  \" >\n\t\t<div class=\"wpb_wrapper\">\n\t\t\t<div class=\"arve\" data-mode=\"normal\" data-oembed=\"1\" data-provider=\"youtube\" id=\"arve-youtube-nzenovmqkni69d40ad58ba66649605511\">\n<span class=\"arve-inner\">\n<span class=\"arve-embed arve-embed--has-aspect-ratio\" style=\"aspect-ratio: 500 \/ 281\">\n<span class=\"arve-ar\" style=\"padding-top:56.200000%\"><\/span><iframe allow=\"accelerometer; autoplay; clipboard-write; encrypted-media; gyroscope; picture-in-picture\" allowfullscreen class=\"arve-iframe fitvidsignore\" data-arve=\"arve-youtube-nzenovmqkni69d40ad58ba66649605511\" data-src-no-ap=\"https:\/\/www.youtube-nocookie.com\/embed\/NzeNOVMqKNI?feature=oembed&amp;iv_load_policy=3&amp;modestbranding=1&amp;rel=0&amp;autohide=1&amp;playsinline=0&amp;autoplay=0\" frameborder=\"0\" height=\"0\" sandbox=\"allow-scripts allow-same-origin allow-presentation allow-popups allow-popups-to-escape-sandbox\" scrolling=\"no\" src=\"https:\/\/www.youtube-nocookie.com\/embed\/NzeNOVMqKNI?feature=oembed&#038;iv_load_policy=3&#038;modestbranding=1&#038;rel=0&#038;autohide=1&#038;playsinline=0&#038;autoplay=0\"><\/iframe>\n\n<\/span>\n\n<\/span>\n<script type=\"application\/ld+json\">{\"@context\":\"http:\\\/\\\/schema.org\\\/\",\"@id\":\"https:\\\/\\\/test.feurich.com\\\/es\\\/productos\\\/vienna-pianos\\\/#arve-youtube-nzenovmqkni69d40ad58ba66649605511\",\"type\":\"VideoObject\",\"embedURL\":\"https:\\\/\\\/www.youtube-nocookie.com\\\/embed\\\/NzeNOVMqKNI?feature=oembed&iv_load_policy=3&modestbranding=1&rel=0&autohide=1&playsinline=0&autoplay=0\"}<\/script>\n<\/div>\n\n\n\t\t<\/div>\n\t<\/div>\n<div class=\"vc_empty_space\"   style=\"height: 20px\"><span class=\"vc_empty_space_inner\"><\/span><\/div><div class=\"vc_empty_space\"   style=\"height: 20px\"><span class=\"vc_empty_space_inner\"><\/span><\/div><\/div><\/div><\/div><\/div><\/div><div  class=\"sec_row container\"><div class=\"vc_row wpb_row vc_row-fluid\"><div class=\"wpb_column vc_column_container vc_col-sm-4 et-dark-column\"><div class=\"vc_column-inner\"><div class=\"wpb_wrapper\">\n\t<div  class=\"wpb_single_image wpb_content_element vc_align_left\">\n\t\t\n\t\t<figure class=\"wpb_wrapper vc_figure\">\n\t\t\t<div class=\"vc_single_image-wrapper   vc_box_border_grey\"><img loading=\"lazy\" decoding=\"async\" width=\"1024\" height=\"683\" src=\"https:\/\/test.feurich.com\/wp-content\/uploads\/FEURICH-Mod.-123-Vienna-white-satin-1024x683.jpg\" class=\"vc_single_image-img attachment-large\" alt=\"\" title=\"FEURICH Mod. 123 - Vienna, white satin\" srcset=\"https:\/\/test.feurich.com\/wp-content\/uploads\/FEURICH-Mod.-123-Vienna-white-satin-1024x683.jpg 1024w, https:\/\/test.feurich.com\/wp-content\/uploads\/FEURICH-Mod.-123-Vienna-white-satin-450x300.jpg 450w, https:\/\/test.feurich.com\/wp-content\/uploads\/FEURICH-Mod.-123-Vienna-white-satin-1000x667.jpg 1000w, https:\/\/test.feurich.com\/wp-content\/uploads\/FEURICH-Mod.-123-Vienna-white-satin-300x200.jpg 300w, https:\/\/test.feurich.com\/wp-content\/uploads\/FEURICH-Mod.-123-Vienna-white-satin-768x512.jpg 768w, https:\/\/test.feurich.com\/wp-content\/uploads\/FEURICH-Mod.-123-Vienna-white-satin-800x533.jpg 800w, https:\/\/test.feurich.com\/wp-content\/uploads\/FEURICH-Mod.-123-Vienna-white-satin.jpg 1071w\" sizes=\"(max-width: 1024px) 100vw, 1024px\" \/><\/div>\n\t\t<\/figure>\n\t<\/div>\n<div class=\"vc_empty_space\"   style=\"height: 32px\"><span class=\"vc_empty_space_inner\"><\/span><\/div>\n\t<div class=\"wpb_text_column wpb_content_element  \" >\n\t\t<div class=\"wpb_wrapper\">\n\t\t\t<p>[feurich_vid youtube=&#8221;31tUOSku-gg&#8221; youku=&#8221;XMzI4MTMzMTE4NA==&#8221;]<\/p>\n\n\t\t<\/div>\n\t<\/div>\n\n\t<div class=\"wpb_text_column wpb_content_element  \" >\n\t\t<div class=\"wpb_wrapper\">\n\t\t\t<p>Presentaci\u00f3n del modelo 123 &#8211; Vienna: Univ.-Prof. Kharin demuestra la repetici\u00f3n incre\u00edblemente r\u00e1pida<\/p>\n\n\t\t<\/div>\n\t<\/div>\n<div class=\"vc_empty_space\"   style=\"height: 32px\"><span class=\"vc_empty_space_inner\"><\/span><\/div>\n\t<div class=\"wpb_text_column wpb_content_element  \" >\n\t\t<div class=\"wpb_wrapper\">\n\t\t\t<p>[feurich_vid youtube=&#8221;DhmUQkl3T7I&#8221; youku=&#8221;XMzI4MTg2MjMzMg==&#8221;]<\/p>\n\n\t\t<\/div>\n\t<\/div>\n\n\t<div class=\"wpb_text_column wpb_content_element  \" >\n\t\t<div class=\"wpb_wrapper\">\n\t\t\t<p>Bill Dobbins, renombrado pedagogo y pianista de jazz, en la prueba del modelo FEURICH 123 &#8211; Vienna<\/p>\n\n\t\t<\/div>\n\t<\/div>\n<div class=\"vc_empty_space\"   style=\"height: 32px\"><span class=\"vc_empty_space_inner\"><\/span><\/div><div class=\"wpb_gallery wpb_content_element vc_clearfix\" ><div class=\"wpb_wrapper\"><div class=\"wpb_gallery_slides wpb_flexslider flexslider_fade flexslider\" data-interval=\"3\" data-flex_fx=\"fade\"><ul class=\"slides\"><li><a class=\"\" href=\"https:\/\/test.feurich.com\/wp-content\/uploads\/FEURICH-123-Vienna-nut-1-1024x683.jpg\" data-lightbox=\"lightbox[rel-12089-2618235410]\"><img loading=\"lazy\" decoding=\"async\" width=\"1024\" height=\"683\" src=\"https:\/\/test.feurich.com\/wp-content\/uploads\/FEURICH-123-Vienna-nut-1-1024x683.jpg\" class=\"attachment-thumbnail\" alt=\"FEURICH 123 - Vienna nut\" title=\"FEURICH 123 - Vienna nut\" srcset=\"https:\/\/test.feurich.com\/wp-content\/uploads\/FEURICH-123-Vienna-nut-1.jpg 1024w, https:\/\/test.feurich.com\/wp-content\/uploads\/FEURICH-123-Vienna-nut-1-450x300.jpg 450w, https:\/\/test.feurich.com\/wp-content\/uploads\/FEURICH-123-Vienna-nut-1-1000x667.jpg 1000w, https:\/\/test.feurich.com\/wp-content\/uploads\/FEURICH-123-Vienna-nut-1-300x200.jpg 300w, https:\/\/test.feurich.com\/wp-content\/uploads\/FEURICH-123-Vienna-nut-1-768x512.jpg 768w, https:\/\/test.feurich.com\/wp-content\/uploads\/FEURICH-123-Vienna-nut-1-800x534.jpg 800w\" sizes=\"(max-width: 1024px) 100vw, 1024px\" \/><\/a><\/li><li><a class=\"\" href=\"https:\/\/test.feurich.com\/wp-content\/uploads\/FEURICH-123-Vienna-white-1024x683.jpg\" data-lightbox=\"lightbox[rel-12089-2618235410]\"><img loading=\"lazy\" decoding=\"async\" width=\"1024\" height=\"683\" src=\"https:\/\/test.feurich.com\/wp-content\/uploads\/FEURICH-123-Vienna-white-1024x683.jpg\" class=\"attachment-thumbnail\" alt=\"FEURICH 123 - Vienna white\" title=\"FEURICH 123 - Vienna white\" srcset=\"https:\/\/test.feurich.com\/wp-content\/uploads\/FEURICH-123-Vienna-white.jpg 1024w, https:\/\/test.feurich.com\/wp-content\/uploads\/FEURICH-123-Vienna-white-450x300.jpg 450w, https:\/\/test.feurich.com\/wp-content\/uploads\/FEURICH-123-Vienna-white-1000x667.jpg 1000w, https:\/\/test.feurich.com\/wp-content\/uploads\/FEURICH-123-Vienna-white-300x200.jpg 300w, https:\/\/test.feurich.com\/wp-content\/uploads\/FEURICH-123-Vienna-white-768x512.jpg 768w, https:\/\/test.feurich.com\/wp-content\/uploads\/FEURICH-123-Vienna-white-800x534.jpg 800w\" sizes=\"(max-width: 1024px) 100vw, 1024px\" \/><\/a><\/li><\/ul><\/div><\/div><\/div><\/div><\/div><\/div><div class=\"wpb_column vc_column_container vc_col-sm-8 et-dark-column\"><div class=\"vc_column-inner\"><div class=\"wpb_wrapper\">\n\t<div class=\"wpb_text_column wpb_content_element  \" >\n\t\t<div class=\"wpb_wrapper\">\n\t\t\t<p><span style=\"font-size: 14pt;\"><strong>La \u00faltima innovaci\u00f3n de FEURICH es el modelo vertical 123 &#8211; Vienna. Un enfoque totalmente nuevo y \u00fanico se puede ver en sus componentes centrales como la acci\u00f3n, el mueble y el sistema de pedales.<\/strong><\/span><\/p>\n<p>&nbsp;<\/p>\n<p>FEURICH dise\u00f1\u00f3 un nuevo concepto de mec\u00e1nica para este modelo y lo equip\u00f3 con la acci\u00f3n <a href=\"https:\/\/test.feurich.com\/es\/innovaciones\/high-speed-kamm-action\/\"><sup>\u00a9<\/sup> FEURICH &#8211; High Speed KAMM<\/a>. Esta innovaci\u00f3n permite una <strong>repetici\u00f3n extremadamente r\u00e1pida<\/strong> que el pianista normalmente solo puede experimentar <strong>en los mejores pianos de cola de concierto<\/strong> . Gracias a esta nueva acci\u00f3n, el 123 &#8211; Vienna permite un toque m\u00e1s ligero y una respuesta m\u00e1s precisa que cualquier otro piano vertical en el mercado.<\/p>\n<p>&nbsp;<\/p>\n<h3>UNA EXPLOCI\u00d3N DE INNOVACIONES<\/h3>\n<p>Adem\u00e1s de esto, el FEURICH 123 &#8211; Vienna es uno de los primeros pianos de producci\u00f3n en serie que emplea un dise\u00f1o de teclado totalmente libre de plomo. El resultado es una acci\u00f3n y un teclado m\u00e1s estables y duraderos. Otra innovaci\u00f3n con visi\u00f3n de futuro es el uso de una laca ecol\u00f3gica para el mueble del Modelo 123 &#8211; Vienna.<\/p>\n<p>Gracias al dise\u00f1o totalmente nuevo y robusto del sistema de pedales, muchos m\u00e1s matices est\u00e1n disponibles para el pianista al hacer uso de los mismos. Ruidos indeseables del sistema de pedales son ahora cosa del pasado.<\/p>\n<p>&nbsp;<\/p>\n<h3>MUEBLE CON FINURA<\/h3>\n<p>El marco de hierro recientemente dise\u00f1ado para sostener mueble y marcos, permite que todo el mueble incluidos los paneles laterales se puedan separar o reemplazar f\u00e1cilmente. Incluso es posible tocar el instrumento sin mueble alguno.<\/p>\n<p><strong>Por primera vez en la historia de la construcci\u00f3n del piano, un piano producido en serie puede ser tocado sin mueble<\/strong>; perfecto para grabaciones, conciertos y transportes delicados.<\/p>\n<p>En general el panel frontal absorbe gran parte del sonido producido en pianos verticales. Por esta raz\u00f3n en el \u201eWien-Klavier\u201c (como tambi\u00e9n se le llama coloquialmente en Viena) se introdujo una <strong>fina apertura<\/strong> que permite la transmisi\u00f3n directa del sonido desde la caja de resonancia dando como resultado un sonido m\u00e1s directo y completo, as\u00ed como una vista interesante del funcionamiento interno del piano.<\/p>\n<ul>\n<li>Mec\u00e1nica exclusiva <a href=\"https:\/\/www.pianos.de\/de\/mitglieder\/index.php?id=30\" target=\"_blank\" rel=\"noopener\">RENNER<\/a> con nuevos componentes seg\u00fan nuestras especificaciones<\/li>\n<li><a href=\"https:\/\/test.feurich.com\/es\/innovaciones\/high-speed-kamm-action\/\"><sup>\u00a9<\/sup>Acci\u00f3n \u00a9FEURICH \u2013 High Speed KAMM<\/a> de alta velocidad para una repetici\u00f3n extremadamente r\u00e1pida<\/li>\n<li>Cabezas de los martillos RENNER con fieltros &#8220;Weickert-Special&#8221; para un sonido excepcionalmente rico<\/li>\n<li>Dise\u00f1o innovador del mueble (todas las piezas, incluidas las partes laterales intercambiables, el piano tambi\u00e9n se puede tocar sin mueble) y lacas respetuosas con el medio ambiente<\/li>\n<li>Cuerdas de acero inoxidable PAULELLO<\/li>\n<li>Iluminaci\u00f3n LED integrada en el mueble<\/li>\n<li>Apertura localizada en el panel frontal que conlleva a una mejor experiencia sonora.<\/li>\n<li>Sistema de pedales FEURICH sin necesidad de mantenimiento, proporciona matizes delicados<\/li>\n<li>Teclado sin plomo y no uso de pl\u00e1sticosen acabados<\/li>\n<li>Sistema sordina: sin perder respuesta de toque<\/li>\n<\/ul>\n<p>&nbsp;<\/p>\n<p>Das in Wien produzierte FEURICH Piano Mod. 123 \u2013 Vienna bieten wir standardm\u00e4\u00dfig in den Farbvarianten Schwarz satiniert, Wei\u00df satiniert und Nuss satiniert + Chrom an. Auf Wunsch k\u00f6nnen wir das Geh\u00e4use auch in <strong>Individuallackierung<\/strong> anbieten, wobei Sie aus der gesamten <a href=\"https:\/\/www.ralfarbpalette.de\/\" target=\"_blank\" rel=\"noopener\">RAL-Farbpalette<\/a> ausw\u00e4hlen k\u00f6nnen. Lassen Sie Ihrer Fantasie freien Lauf!<\/p>\n<p>Weitere Geh\u00e4use-Variationen und Designs auf Anfrage \u2013 aufgrund der durchdachten Konstruktion sind wir in der Lage, nahezu alle Geh\u00e4usew\u00fcnsche unabh\u00e4ngig vom Innenleben zu realisieren.<\/p>\n<p>Sie wollen mehr \u00fcber dieses Instrument erfahren? <a href=\"https:\/\/test.feurich.com\/de\/information-kontakt\/kontakt\/\">Schreiben Sie uns!<\/a><\/p>\n\n\t\t<\/div>\n\t<\/div>\n<\/div><\/div><\/div><\/div><\/div><div  class=\"sec_row container\"><div class=\"vc_row wpb_row vc_row-fluid\"><div class=\"wpb_column vc_column_container vc_col-sm-12 et-dark-column\"><div class=\"vc_column-inner\"><div class=\"wpb_wrapper\"><div class=\"vc_empty_space\"   style=\"height: 24px\"><span class=\"vc_empty_space_inner\"><\/span><\/div>\n<div class=\"vc_grid-container-wrapper vc_clearfix vc_grid-animation-zoomIn\">\n\t<div class=\"vc_grid-container vc_clearfix wpb_content_element vc_masonry_media_grid\" data-initial-loading-animation=\"zoomIn\" data-vc-grid-settings=\"{&quot;page_id&quot;:12089,&quot;style&quot;:&quot;all-masonry&quot;,&quot;action&quot;:&quot;vc_get_vc_grid_data&quot;,&quot;shortcode_id&quot;:&quot;1601561069581-1d8b1437-1582-2&quot;,&quot;tag&quot;:&quot;vc_masonry_media_grid&quot;}\" data-vc-request=\"https:\/\/test.feurich.com\/wp-admin\/admin-ajax.php?lang=es\" data-vc-post-id=\"12089\" data-vc-public-nonce=\"a9dc2a4b51\">\n\t\t\n\t<\/div>\n<\/div><\/div><\/div><\/div><\/div><\/div><div  class=\"sec_row container\"><div class=\"vc_row wpb_row vc_row-fluid\"><div class=\"wpb_column vc_column_container vc_col-sm-12 et-dark-column\"><div class=\"vc_column-inner\"><div class=\"wpb_wrapper\"><div class=\"vc_empty_space\"   style=\"height: 72px\"><span class=\"vc_empty_space_inner\"><\/span><\/div>\n\t<div class=\"wpb_text_column wpb_content_element   big-title\" >\n\t\t<div class=\"wpb_wrapper\">\n\t\t\t<p style=\"text-align: center;\">Special Edition: Mod. 123 \u2013 Vienna Modern<\/p>\n\n\t\t<\/div>\n\t<\/div>\n<div class=\"vc_empty_space\"   style=\"height: 36px\"><span class=\"vc_empty_space_inner\"><\/span><\/div><\/div><\/div><\/div><\/div><\/div><div  class=\"sec_row container\"><div class=\"vc_row wpb_row vc_row-fluid\"><div class=\"wpb_column vc_column_container vc_col-sm-4 et-dark-column\"><div class=\"vc_column-inner\"><div class=\"wpb_wrapper\">\n\t<div  class=\"wpb_single_image wpb_content_element vc_align_left\">\n\t\t\n\t\t<figure class=\"wpb_wrapper vc_figure\">\n\t\t\t<div class=\"vc_single_image-wrapper   vc_box_border_grey\"><img loading=\"lazy\" decoding=\"async\" width=\"716\" height=\"520\" src=\"https:\/\/test.feurich.com\/wp-content\/uploads\/FEURICH-123-Produktion.jpg\" class=\"vc_single_image-img attachment-thumbnail\" alt=\"FEURICH-123-Produktion\" title=\"FEURICH-123-Produktion\" srcset=\"https:\/\/test.feurich.com\/wp-content\/uploads\/FEURICH-123-Produktion.jpg 716w, https:\/\/test.feurich.com\/wp-content\/uploads\/FEURICH-123-Produktion-450x327.jpg 450w, https:\/\/test.feurich.com\/wp-content\/uploads\/FEURICH-123-Produktion-600x436.jpg 600w, https:\/\/test.feurich.com\/wp-content\/uploads\/FEURICH-123-Produktion-300x218.jpg 300w\" sizes=\"(max-width: 716px) 100vw, 716px\" \/><\/div>\n\t\t<\/figure>\n\t<\/div>\n<\/div><\/div><\/div><div class=\"wpb_column vc_column_container vc_col-sm-8 et-dark-column\"><div class=\"vc_column-inner\"><div class=\"wpb_wrapper\">\n\t<div class=\"wpb_text_column wpb_content_element  \" >\n\t\t<div class=\"wpb_wrapper\">\n\t\t\t<p><strong>Auf Wunsch produzieren wir individuelle Design-Klaviere oder Sondermodelle wie das Mod. 123 &#8211; Vienna Modern!<\/strong><\/p>\n<p>W\u00e4hrend sich unser serienm\u00e4\u00dfig produziertes Modell 123 &#8211; Vienna an der Formensprache des traditionellen Klavierbaus bedient, bieten wir auf Nachfrage auch eine Sonderanfertigung im modernen, geradlinigen Design an.<\/p>\n<p>Das Sondermodell 123 &#8211; Vienna Modern beherbergt in seinem neuentwickelten Geh\u00e4use dasselbe technisch ausgereifte Innenleben wie das Serienmodell. Das Geh\u00e4use selbst unterscheidet sich in der klaren, am Bauhaus-Stil orientierten Gestaltung und verzichtet auf die \u00d6ffnung in der F\u00fcllung. Damit \u00e4hnelt es optisch unserem Erfolgsmodell 115 &#8211; Premiere, bietet jedoch eine Vielzahl an technischen Vorteilen.<\/p>\n\n\t\t<\/div>\n\t<\/div>\n<div class=\"vc_empty_space\"   style=\"height: 24px\"><span class=\"vc_empty_space_inner\"><\/span><\/div><\/div><\/div><\/div><\/div><\/div><div  class=\"sec_row container\"><div class=\"vc_row wpb_row vc_row-fluid\"><div class=\"wpb_column vc_column_container vc_col-sm-12 et-dark-column\"><div class=\"vc_column-inner\"><div class=\"wpb_wrapper\"><div class=\"vc_empty_space\"   style=\"height: 36px\"><span class=\"vc_empty_space_inner\"><\/span><\/div>\n<div class=\"vc_grid-container-wrapper vc_clearfix vc_grid-animation-zoomIn\">\n\t<div class=\"vc_grid-container vc_clearfix wpb_content_element vc_masonry_media_grid\" data-initial-loading-animation=\"zoomIn\" data-vc-grid-settings=\"{&quot;page_id&quot;:12089,&quot;style&quot;:&quot;all-masonry&quot;,&quot;action&quot;:&quot;vc_get_vc_grid_data&quot;,&quot;shortcode_id&quot;:&quot;1601561069590-ecaafab1-e198-1&quot;,&quot;tag&quot;:&quot;vc_masonry_media_grid&quot;}\" data-vc-request=\"https:\/\/test.feurich.com\/wp-admin\/admin-ajax.php?lang=es\" data-vc-post-id=\"12089\" data-vc-public-nonce=\"a9dc2a4b51\">\n\t\t\n\t<\/div>\n<\/div><\/div><\/div><\/div><\/div><\/div>\n<\/div>","protected":false},"excerpt":{"rendered":"<p>La \u00faltima innovaci\u00f3n de FEURICH es el modelo vertical 123 &#8211; Vienna. Un enfoque totalmente nuevo y \u00fanico se puede ver en sus componentes centrales como la acci\u00f3n, el mueble y el sistema de pedales.<\/p>\n","protected":false},"author":4,"featured_media":0,"parent":12079,"menu_order":0,"comment_status":"closed","ping_status":"closed","template":"template-fullwidth.php","meta":{"inline_featured_image":false,"footnotes":""},"class_list":["post-12089","page","type-page","status-publish","hentry"],"acf":[],"_links":{"self":[{"href":"https:\/\/test.feurich.com\/es\/wp-json\/wp\/v2\/pages\/12089"}],"collection":[{"href":"https:\/\/test.feurich.com\/es\/wp-json\/wp\/v2\/pages"}],"about":[{"href":"https:\/\/test.feurich.com\/es\/wp-json\/wp\/v2\/types\/page"}],"author":[{"embeddable":true,"href":"https:\/\/test.feurich.com\/es\/wp-json\/wp\/v2\/users\/4"}],"replies":[{"embeddable":true,"href":"https:\/\/test.feurich.com\/es\/wp-json\/wp\/v2\/comments?post=12089"}],"version-history":[{"count":2,"href":"https:\/\/test.feurich.com\/es\/wp-json\/wp\/v2\/pages\/12089\/revisions"}],"predecessor-version":[{"id":45908,"href":"https:\/\/test.feurich.com\/es\/wp-json\/wp\/v2\/pages\/12089\/revisions\/45908"}],"up":[{"embeddable":true,"href":"https:\/\/test.feurich.com\/es\/wp-json\/wp\/v2\/pages\/12079"}],"wp:attachment":[{"href":"https:\/\/test.feurich.com\/es\/wp-json\/wp\/v2\/media?parent=12089"}],"curies":[{"name":"wp","href":"https:\/\/api.w.org\/{rel}","templated":true}]}}