{"id":12161,"date":"2018-02-24T11:43:34","date_gmt":"2018-02-24T11:43:34","guid":{"rendered":"https:\/\/www.feurich.com\/productos\/classic-pianos\/piano-de-cola-mod-162-dynamic-i\/"},"modified":"2019-02-06T12:33:03","modified_gmt":"2019-02-06T12:33:03","slug":"piano-de-cola-mod-162-dynamic-i","status":"publish","type":"page","link":"https:\/\/test.feurich.com\/es\/productos\/classic-pianos\/piano-de-cola-mod-162-dynamic-i\/","title":{"rendered":"Piano de cola Mod. 162 \u2013 Dynamic I"},"content":{"rendered":"<div class=\"wpb-content-wrapper\"><div  class=\"sec_row container\"><div class=\"vc_row wpb_row vc_row-fluid\"><div class=\"wpb_column vc_column_container vc_col-sm-12 et-dark-column\"><div class=\"vc_column-inner\"><div class=\"wpb_wrapper\">\n\t<div class=\"wpb_text_column wpb_content_element   no-bottom-margin\" >\n\t\t<div class=\"wpb_wrapper\">\n\t\t\t<p>[class_piano_menu]<\/p>\n\n\t\t<\/div>\n\t<\/div>\n\n\t<div class=\"wpb_text_column wpb_content_element  \" >\n\t\t<div class=\"wpb_wrapper\">\n\t\t\t<div class=\"as-styles-warning\" style=\"width: 450px; background-color: #FFF; color: #F00; border: 1px solid #F00; padding: 10px; font-size: 14px;\">\n\t\t\t<span style=\"font-weight: bold;\">Warning: The stylesheets were not loaded!<\/span> \n\t\t\tYou will need to change the <i>Load stylesheets<\/i> setting from <i>Automatically<\/i> to <i>On homepage<\/i> or <i>On all pages<\/i>. \n\t\t\tYou can set that <a style=\"text-decoration: underline; color: #F00;\" href=\"https:\/\/test.feurich.com\/wp-admin\/admin.php?page=accordion-slider-lite-settings\">here<\/a>.\n\t\t\t<\/div>\r\n<div id=\"accordion-slider-13\" class=\"accordion-slider as-no-js\" style=\"width: 100%px; height: 440px;\">\r\n\t<div class=\"as-panels\">\r\n\t\t\r\n\t\t<div class=\"as-panel\">\r\n\t\t\t<img loading=\"lazy\" decoding=\"async\" class=\"as-background\" src=\"\/wp-content\/uploads\/FEURICH-Mod.-162-Dynamic-I-LED.jpg\" alt=\"FEURICH, Mod. 162 Dynamic I, LED\" title=\"FEURICH, Mod. 162 Dynamic I, LED\" width=\"660\" height=\"440\" \/>\r\n\t\t<\/div>\r\n\t\t<div class=\"as-panel\">\r\n\t\t\t<img loading=\"lazy\" decoding=\"async\" class=\"as-background\" src=\"\/wp-content\/uploads\/FERUICH-Mod.-162-Dynamic-I-Angelo-Wang.jpg\" alt=\"FERUICH, Mod. 162 Dynamic I, Angelo Wang\" title=\"FERUICH, Mod. 162 Dynamic I, Angelo Wang\" width=\"601\" height=\"400\" \/>\r\n\t\t<\/div>\r\n\t\t<div class=\"as-panel\">\r\n\t\t\t<img loading=\"lazy\" decoding=\"async\" class=\"as-background\" src=\"\/wp-content\/uploads\/FEURICH-Mod.-162-Dynamic-I-Gr\u00fcnbichler_Jabr_Saleh_\u00a9Georg-Cizek-Graf.jpg\" alt=\"FEURICH, Mod. 162 Dynamic I, Gr\u00fcnbichler_Jabr_Saleh_\u00a9Georg Cizek-Graf\" title=\"FEURICH, Mod. 162 Dynamic I, Gr\u00fcnbichler_Jabr_Saleh_\u00a9Georg Cizek-Graf\" width=\"587\" height=\"440\" \/>\r\n\t\t<\/div>\r\n\t\t<div class=\"as-panel\">\r\n\t\t\t<img loading=\"lazy\" decoding=\"async\" class=\"as-background\" src=\"\/wp-content\/uploads\/FEURICH-Mod.-162-Dynamic-I-sound-board-1.jpg\" alt=\"FEURICH, Mod. 162 Dynamic I, sound board\" title=\"FEURICH, Mod. 162 Dynamic I, sound board\" width=\"660\" height=\"440\" \/>\r\n\t\t<\/div>\r\n\t\t<div class=\"as-panel\">\r\n\t\t\t<img loading=\"lazy\" decoding=\"async\" class=\"as-background\" src=\"\/wp-content\/uploads\/FEURICH-Mod.-162-Dynamic-I-cat.jpg\" alt=\"FEURICH Mod. 162 - Dynamic I, cat\" title=\"FEURICH Mod. 162 - Dynamic I, cat\" width=\"330\" height=\"440\" \/>\r\n\t\t<\/div>\r\n\t<\/div>\r\n<\/div>\n\n\t\t<\/div>\n\t<\/div>\n<\/div><\/div><\/div><\/div><\/div><div  class=\"sec_row container\"><div class=\"vc_row wpb_row vc_row-fluid\"><div class=\"wpb_column vc_column_container vc_col-sm-4 et-dark-column\"><div class=\"vc_column-inner\"><div class=\"wpb_wrapper\">\n\t<div class=\"wpb_text_column wpb_content_element   piano-title\" >\n\t\t<div class=\"wpb_wrapper\">\n\t\t\t<p>Mod. 162 \u2013 Dynamic I<\/p>\n\n\t\t<\/div>\n\t<\/div>\n\n\t<div  class=\"wpb_single_image wpb_content_element vc_align_center  vc_custom_1536072712598\">\n\t\t\n\t\t<figure class=\"wpb_wrapper vc_figure\">\n\t\t\t<a href=\"?page_id=12045\" target=\"_self\" class=\"vc_single_image-wrapper   vc_box_border_grey\"><img decoding=\"async\" class=\"vc_single_image-img \" src=\"https:\/\/test.feurich.com\/wp-content\/uploads\/Mod._162_-_Dynamic_I_11white_chrome-357x258.png\" width=\"357\" height=\"258\" alt=\"Mod._162_-_Dynamic_I_#11white_chrome\" title=\"Mod._162_-_Dynamic_I_#11white_chrome\" loading=\"lazy\" \/><\/a>\n\t\t<\/figure>\n\t<\/div>\n\n\t<div class=\"wpb_text_column wpb_content_element  \" >\n\t\t<div class=\"wpb_wrapper\">\n\t\t\t<p>Como uno de los pocos pianos de cola de su tama\u00f1o (longitud de solo 162 cm) \u00e9ste ofrece un sonido completo, un rango din\u00e1mico excepcional y una claridad fina incluso en los bajos.\u00a0<a href=\"https:\/\/www.feurich.com\/es\/productos\/classic-pianos\/piano-de-cola-mod-162-dynamic-i\/mod-162-dynamic-i-detalles\/\">&gt;&gt; Detalles<\/a><\/p>\n\n\t\t<\/div>\n\t<\/div>\n<\/div><\/div><\/div><div class=\"wpb_column vc_column_container vc_col-sm-4 et-dark-column\"><div class=\"vc_column-inner\"><div class=\"wpb_wrapper\">\n\t<div class=\"wpb_text_column wpb_content_element   piano-title\" >\n\t\t<div class=\"wpb_wrapper\">\n\t\t\t<p>Detalles t\u00e9cnicos<\/p>\n\n\t\t<\/div>\n\t<\/div>\n\n\t<div  class=\"wpb_single_image wpb_content_element vc_align_center  vc_custom_1536072721176\">\n\t\t\n\t\t<figure class=\"wpb_wrapper vc_figure\">\n\t\t\t<a href=\"?page_id=12045\" target=\"_self\" class=\"vc_single_image-wrapper   vc_box_border_grey\"><img decoding=\"async\" class=\"vc_single_image-img \" src=\"https:\/\/test.feurich.com\/wp-content\/uploads\/masse_162_deutsch.jpg\" width=\"357\" height=\"258\" alt=\"FEURICH Mod. 162 \u2013 Dynamic I, Ma\u00dfe deutsch\" title=\"FEURICH_Mod.162_Masse_deutsch\" loading=\"lazy\" \/><\/a>\n\t\t<\/figure>\n\t<\/div>\n\n\t<div class=\"wpb_text_column wpb_content_element  \" >\n\t\t<div class=\"wpb_wrapper\">\n\t\t\t<p>El instrumento preferido mundialmente para la ense\u00f1anza y el acompa\u00f1amiento es seguro a cambios clim\u00e1ticos y permite afinarse a la perfecci\u00f3n. &gt;&gt; Detalles<\/p>\n\n\t\t<\/div>\n\t<\/div>\n<\/div><\/div><\/div><div class=\"wpb_column vc_column_container vc_col-sm-4 et-dark-column\"><div class=\"vc_column-inner\"><div class=\"wpb_wrapper\">\n\t<div class=\"wpb_text_column wpb_content_element   piano-title\" >\n\t\t<div class=\"wpb_wrapper\">\n\t\t\t<p>Video<\/p>\n\n\t\t<\/div>\n\t<\/div>\n\n\t<div class=\"wpb_text_column wpb_content_element  \" >\n\t\t<div class=\"wpb_wrapper\">\n\t\t\t<p>[feurich_vid youtube=&#8221;AbJO4AcbbHk&#8221; youku=&#8221;XMzg2MDM0MTU4MA==&#8221; el_class=&#8221;product-video&#8221;]<\/p>\n\n\t\t<\/div>\n\t<\/div>\n\n\t<div class=\"wpb_text_column wpb_content_element  \" >\n\t\t<div class=\"wpb_wrapper\">\n\t\t\t<p>Subir volumen e iniciar video: Les presentamos el sonido, detalles y caracter\u00edsticas especiales del modelo [feurich_vid_link youtube=&#8221;zYl-5Jqu8B0&#8243; youku=&#8221;XMzI4MTg4Mzg2NA==&#8221;]FEURICH 162\u2013 Dynamic I[\/feurich_vid_link]<\/p>\n\n\t\t<\/div>\n\t<\/div>\n<\/div><\/div><\/div><\/div><\/div>\n<\/div>","protected":false},"excerpt":{"rendered":"<p>Como uno de los pocos pianos de cola de su tama\u00f1o (longitud de solo 162 cm) \u00e9ste ofrece un sonido completo, un rango din\u00e1mico excepcional y una claridad fina incluso en los bajos.<\/p>\n","protected":false},"author":4,"featured_media":8724,"parent":12129,"menu_order":4,"comment_status":"closed","ping_status":"closed","template":"template-fullwidth.php","meta":{"inline_featured_image":false,"footnotes":""},"class_list":["post-12161","page","type-page","status-publish","has-post-thumbnail","hentry"],"acf":[],"_links":{"self":[{"href":"https:\/\/test.feurich.com\/es\/wp-json\/wp\/v2\/pages\/12161"}],"collection":[{"href":"https:\/\/test.feurich.com\/es\/wp-json\/wp\/v2\/pages"}],"about":[{"href":"https:\/\/test.feurich.com\/es\/wp-json\/wp\/v2\/types\/page"}],"author":[{"embeddable":true,"href":"https:\/\/test.feurich.com\/es\/wp-json\/wp\/v2\/users\/4"}],"replies":[{"embeddable":true,"href":"https:\/\/test.feurich.com\/es\/wp-json\/wp\/v2\/comments?post=12161"}],"version-history":[{"count":19,"href":"https:\/\/test.feurich.com\/es\/wp-json\/wp\/v2\/pages\/12161\/revisions"}],"predecessor-version":[{"id":22218,"href":"https:\/\/test.feurich.com\/es\/wp-json\/wp\/v2\/pages\/12161\/revisions\/22218"}],"up":[{"embeddable":true,"href":"https:\/\/test.feurich.com\/es\/wp-json\/wp\/v2\/pages\/12129"}],"wp:featuredmedia":[{"embeddable":true,"href":"https:\/\/test.feurich.com\/es\/wp-json\/wp\/v2\/media\/8724"}],"wp:attachment":[{"href":"https:\/\/test.feurich.com\/es\/wp-json\/wp\/v2\/media?parent=12161"}],"curies":[{"name":"wp","href":"https:\/\/api.w.org\/{rel}","templated":true}]}}