{"id":12176,"date":"2018-02-24T14:16:13","date_gmt":"2018-02-24T14:16:13","guid":{"rendered":"https:\/\/www.feurich.com\/sobre-nosotros\/bailin-ernest-bittner\/"},"modified":"2018-07-30T20:38:20","modified_gmt":"2018-07-30T20:38:20","slug":"bailin-ernest-bittner","status":"publish","type":"page","link":"https:\/\/test.feurich.com\/es\/sobre-nosotros\/bailin-ernest-bittner\/","title":{"rendered":"Bailin &amp; Ernest Bittner"},"content":{"rendered":"<div class=\"wpb-content-wrapper\"><div  class=\"sec_row container\"><div class=\"vc_row wpb_row vc_row-fluid\"><div class=\"wpb_column vc_column_container vc_col-sm-12 et-dark-column\"><div class=\"vc_column-inner\"><div class=\"wpb_wrapper\"><div class=\"vc_empty_space\"   style=\"height: 32px\"><span class=\"vc_empty_space_inner\"><\/span><\/div>\n\t<div class=\"wpb_text_column wpb_content_element   big-title\" >\n\t\t<div class=\"wpb_wrapper\">\n\t\t\t<p style=\"text-align: center;\">BAILIN &amp; ERNEST BITTNER<\/p>\n\n\t\t<\/div>\n\t<\/div>\n<div class=\"vc_empty_space\"   style=\"height: 24px\"><span class=\"vc_empty_space_inner\"><\/span><\/div><\/div><\/div><\/div><\/div><\/div><div  class=\"sec_row container\"><div class=\"vc_row wpb_row vc_row-fluid\"><div class=\"wpb_column vc_column_container vc_col-sm-4 et-dark-column\"><div class=\"vc_column-inner\"><div class=\"wpb_wrapper\">\n\t<div  class=\"wpb_single_image wpb_content_element vc_align_left\">\n\t\t\n\t\t<figure class=\"wpb_wrapper vc_figure\">\n\t\t\t<div class=\"vc_single_image-wrapper   vc_box_border_grey\"><img loading=\"lazy\" decoding=\"async\" width=\"1024\" height=\"683\" src=\"https:\/\/test.feurich.com\/wp-content\/uploads\/Lin-Ernest-FEURICH-179-Dynamic-II-1071x476-1024x683.jpg\" class=\"vc_single_image-img attachment-large\" alt=\"\" title=\"Lin &amp; Ernest, FEURICH 179 - Dynamic II\" srcset=\"https:\/\/test.feurich.com\/wp-content\/uploads\/Lin-Ernest-FEURICH-179-Dynamic-II-1071x476-1024x683.jpg 1024w, https:\/\/test.feurich.com\/wp-content\/uploads\/Lin-Ernest-FEURICH-179-Dynamic-II-1071x476-450x300.jpg 450w, https:\/\/test.feurich.com\/wp-content\/uploads\/Lin-Ernest-FEURICH-179-Dynamic-II-1071x476-1000x667.jpg 1000w, https:\/\/test.feurich.com\/wp-content\/uploads\/Lin-Ernest-FEURICH-179-Dynamic-II-1071x476-300x200.jpg 300w, https:\/\/test.feurich.com\/wp-content\/uploads\/Lin-Ernest-FEURICH-179-Dynamic-II-1071x476-768x512.jpg 768w, https:\/\/test.feurich.com\/wp-content\/uploads\/Lin-Ernest-FEURICH-179-Dynamic-II-1071x476-800x533.jpg 800w, https:\/\/test.feurich.com\/wp-content\/uploads\/Lin-Ernest-FEURICH-179-Dynamic-II-1071x476.jpg 1071w\" sizes=\"(max-width: 1024px) 100vw, 1024px\" \/><\/div>\n\t\t<\/figure>\n\t<\/div>\n<div class=\"vc_empty_space\"   style=\"height: 32px\"><span class=\"vc_empty_space_inner\"><\/span><\/div>\n\t<div class=\"wpb_text_column wpb_content_element  \" >\n\t\t<div class=\"wpb_wrapper\">\n\t\t\t<p>[feurich_vid youtube=&#8221;3SvQuuv7lCc&#8221; youku=&#8221;XMzI4MTg3MDEyNA==&#8221;]<\/p>\n\n\t\t<\/div>\n\t<\/div>\n<div class=\"vc_empty_space\"   style=\"height: 32px\"><span class=\"vc_empty_space_inner\"><\/span><\/div><\/div><\/div><\/div><div class=\"wpb_column vc_column_container vc_col-sm-8 et-dark-column\"><div class=\"vc_column-inner\"><div class=\"wpb_wrapper\">\n\t<div class=\"wpb_text_column wpb_content_element  \" >\n\t\t<div class=\"wpb_wrapper\">\n\t\t\t<p>&nbsp;<\/p>\n<p><strong>EMPRESA FAMILIAR Y PASI\u00d3N POR LA M\u00daSICA &#8230;<\/strong><\/p>\n<p>Bailin y Ernest se conocen desde sus d\u00edas de colegio, cuando discutieron por el mejor sal\u00f3n de piano en el colegio de m\u00fasica BRG Boerhaavegasse en Viena. Ernest luego estudi\u00f3 composici\u00f3n y saxof\u00f3n en la Universidad de M\u00fasica y Artes Esc\u00e9nicas, Bailin se matricul\u00f3 en la Universidad de Medicina de Viena. Ya durante sus estudios, los dos fundaron en 1997 con amigos el Musikprobe- und Aufnahme-Zentrum \u201et-on\u201c (Ensayo musical y el centro de grabaci\u00f3n &#8220;t-on&#8221;) en el Naschmarkt de Viena. Paralelamente Ernest trabaja como afinador de pianos. Al hacerlo, fu\u00e9 testigo de c\u00f3mo los nuevos instrumentos eran inaccesibles para muchas familias y c\u00f3mo se tomaba ventaja de la ignorancia de los compradores en el mercado de pianos usados: el dinero m\u00e1s laboriosamente ahorrado se esfumaba y el sue\u00f1o tener un piano tambi\u00e9n. Esta situaci\u00f3n en la Ciudad de la M\u00fasica molest\u00f3 a ambos y estaban decididos a cambiarla.<\/p>\n<p><strong>TODO PARA EL PIANO PERFECTO &#8230;<\/strong><\/p>\n<p>En 1998, Bailin y Ernest abrieron su primera galer\u00eda de PIANO en la Andreasgasse de Viena, cerca de la Mariahilfer Strasse. En 120 m\u00b2 vendieron pianos usados, baratos y cuidadosamente seleccionados. Luego de su luna de miel en 1999 en Asia, finalmente se dieron cuenta de que quer\u00edan ser &#8220;inspirados&#8221;. En su viaje visitaron un total de siete f\u00e1bricas de pianos y numerosas tiendas de pianos. Reconocieron el gran potencial de las producciones de piano en China, a pesar de las enormes variaciones en la calidad debido a la falta de est\u00e1ndares de calidad. Estaban entusiasmados con la idea de llevar el conocimiento europeo a China para crear una simbiosis perfecta entre el conocimiento t\u00e9cnico tradicional y especializado y la producci\u00f3n moderna.<\/p>\n<p><strong>UNA AGUJA EN EL PAJAR &#8230;<\/strong><\/p>\n<p>Se inici\u00f3 la primera cooperaci\u00f3n con una producci\u00f3n estatal de piano chino. Sin embargo, debido a una burocracia complicada y a menudo ejecutivos cambiantes, no se pudo lograr ninguna mejora significativa durante muchos a\u00f1os. La recomendaci\u00f3n de un amigo chino de la familia luego trajo el giro decisivo. Bailin y Ernest se dieron cuenta de un fabricante privado de partes de piano en Ningbo. Ese fue el comienzo de una cooperaci\u00f3n duradera, exitosa e intensa. Los altos est\u00e1ndares de calidad europeos y m\u00e1quinas de precisi\u00f3n de alta tecnolog\u00eda en la f\u00e1brica china constituyen la simbiosis perfecta para construir los pianos de alta calidad a una relaci\u00f3n precio-rendimiento incre\u00edble.<\/p>\n<p><strong>LA CONSTRUCCI\u00d3N DEL PIANO REGRESA A CASA EN VIENA<\/strong><\/p>\n<p>En los \u00faltimos a\u00f1os, Bailin y Ernest han expandido constantemente el equipo t\u00e9cnico internacional de FEURICH y no escatimaron esfuerzos en la implemantaci\u00f3n de intrincadas innovaci\u00f3nes en sus pianos. Con la apertura de KLAVIERmanufaktur en Viena en 2016, Bailin y Ernest han cumplido su sue\u00f1o. Por un lado, porque aqu\u00ed se construye uno de los pianos m\u00e1s innovadores y modernos del mundo y por otro debido al resurgimiento de esta tradici\u00f3n hist\u00f3rica de la ciudad musical de Viena que significa una labor de amor para ellos. Sus dos ni\u00f1os, Ennio y Loreen, est\u00e1n tan entusiasmados con la m\u00fasica como sus padres y se los puede encontrar a diario en la KLAVIERgalerie y en los talleres de FEURICH.<\/p>\n<p>&#8220;Nuestra visi\u00f3n: Queremos crear pianos con innovaciones significativas llenando de alegr\u00eda a un n\u00famero siempre mayor de amantes de la m\u00fasica due\u00f1os de su propio piano&#8221; (Bailin y Ernest)<\/p>\n\n\t\t<\/div>\n\t<\/div>\n<\/div><\/div><\/div><\/div><\/div>\n<\/div>","protected":false},"excerpt":{"rendered":"<p>Nuestra visi\u00f3n: Queremos crear pianos con innovaciones significativas llenando de alegr\u00eda a un n\u00famero siempre mayor de amantes de la m\u00fasica due\u00f1os de su propio piano!<\/p>\n","protected":false},"author":4,"featured_media":0,"parent":12168,"menu_order":0,"comment_status":"closed","ping_status":"closed","template":"template-fullwidth.php","meta":{"inline_featured_image":false,"footnotes":""},"class_list":["post-12176","page","type-page","status-publish","hentry"],"acf":[],"_links":{"self":[{"href":"https:\/\/test.feurich.com\/es\/wp-json\/wp\/v2\/pages\/12176"}],"collection":[{"href":"https:\/\/test.feurich.com\/es\/wp-json\/wp\/v2\/pages"}],"about":[{"href":"https:\/\/test.feurich.com\/es\/wp-json\/wp\/v2\/types\/page"}],"author":[{"embeddable":true,"href":"https:\/\/test.feurich.com\/es\/wp-json\/wp\/v2\/users\/4"}],"replies":[{"embeddable":true,"href":"https:\/\/test.feurich.com\/es\/wp-json\/wp\/v2\/comments?post=12176"}],"version-history":[{"count":5,"href":"https:\/\/test.feurich.com\/es\/wp-json\/wp\/v2\/pages\/12176\/revisions"}],"predecessor-version":[{"id":19622,"href":"https:\/\/test.feurich.com\/es\/wp-json\/wp\/v2\/pages\/12176\/revisions\/19622"}],"up":[{"embeddable":true,"href":"https:\/\/test.feurich.com\/es\/wp-json\/wp\/v2\/pages\/12168"}],"wp:attachment":[{"href":"https:\/\/test.feurich.com\/es\/wp-json\/wp\/v2\/media?parent=12176"}],"curies":[{"name":"wp","href":"https:\/\/api.w.org\/{rel}","templated":true}]}}