{"id":12202,"date":"2018-02-25T11:16:21","date_gmt":"2018-02-25T11:16:21","guid":{"rendered":"https:\/\/www.feurich.com\/sibin-zlatkovic\/"},"modified":"2018-03-19T16:48:05","modified_gmt":"2018-03-19T16:48:05","slug":"sibin-zlatkovic","status":"publish","type":"page","link":"https:\/\/test.feurich.com\/es\/sobre-nosotros\/grupo-de-expertos\/sibin-zlatkovic\/","title":{"rendered":"Sibin Zlatkovic"},"content":{"rendered":"<div class=\"wpb-content-wrapper\"><div  class=\"sec_row container\"><div class=\"vc_row wpb_row vc_row-fluid\"><div class=\"wpb_column vc_column_container vc_col-sm-12 et-dark-column\"><div class=\"vc_column-inner\"><div class=\"wpb_wrapper\"><div class=\"vc_empty_space\"   style=\"height: 32px\"><span class=\"vc_empty_space_inner\"><\/span><\/div><\/div><\/div><\/div><\/div><\/div><div  class=\"sec_row container\"><div class=\"vc_row wpb_row vc_row-fluid\"><div class=\"wpb_column vc_column_container vc_col-sm-4 et-dark-column\"><div class=\"vc_column-inner\"><div class=\"wpb_wrapper\">\n\t<div  class=\"wpb_single_image wpb_content_element vc_align_left\">\n\t\t\n\t\t<figure class=\"wpb_wrapper vc_figure\">\n\t\t\t<div class=\"vc_single_image-wrapper   vc_box_border_grey\"><img loading=\"lazy\" decoding=\"async\" width=\"683\" height=\"1024\" src=\"https:\/\/test.feurich.com\/wp-content\/uploads\/sibin1-683x1024.jpg\" class=\"vc_single_image-img attachment-large\" alt=\"\" title=\"Sibin Zlatkovic\" srcset=\"https:\/\/test.feurich.com\/wp-content\/uploads\/sibin1-683x1024.jpg 683w, https:\/\/test.feurich.com\/wp-content\/uploads\/sibin1-450x675.jpg 450w, https:\/\/test.feurich.com\/wp-content\/uploads\/sibin1-1000x1500.jpg 1000w, https:\/\/test.feurich.com\/wp-content\/uploads\/sibin1-200x300.jpg 200w, https:\/\/test.feurich.com\/wp-content\/uploads\/sibin1-768x1152.jpg 768w, https:\/\/test.feurich.com\/wp-content\/uploads\/sibin1-800x1200.jpg 800w, https:\/\/test.feurich.com\/wp-content\/uploads\/sibin1.jpg 1024w\" sizes=\"(max-width: 683px) 100vw, 683px\" \/><\/div>\n\t\t<\/figure>\n\t<\/div>\n<\/div><\/div><\/div><div class=\"wpb_column vc_column_container vc_col-sm-8 et-dark-column\"><div class=\"vc_column-inner\"><div class=\"wpb_wrapper\">\n\t<div class=\"wpb_text_column wpb_content_element   big-title\" >\n\t\t<div class=\"wpb_wrapper\">\n\t\t\t<p>Sibin Zlatkovic<\/p>\n\n\t\t<\/div>\n\t<\/div>\n\n\t<div class=\"wpb_text_column wpb_content_element  \" >\n\t\t<div class=\"wpb_wrapper\">\n\t\t\t<div id=\"gt-src-c\" class=\"g-unit\">\n<div id=\"gt-src-p\">\n<div id=\"gt-src-wrap\" class=\"\"><\/div>\n<div id=\"spelling-correction\" class=\"gt-spell-correct-message\">\n<div class=\"gt-spell-icon\">CHIEF PIANO VOICER &amp; CONCERT TUNER<\/div>\n<div>JEFE ENTONADOR FEURICH &amp; AFINADOR DE CONCIERTOS<\/div>\n<div><\/div>\n<\/div>\n<\/div>\n<\/div>\n<p>Sibin Zlatkovic es responsable a nivel internacional de la educaci\u00f3n y el perfeccionamiento de nuestros t\u00e9cnicos de piano y socios de FEURICH. Junto con J\u00f6rg Wachler y St\u00e9phane Boussuge se sit\u00faa a la cabeza de nuestro equipo responsable del sonido y preparaci\u00f3n de los instrumentos. Su trabajo tiene como meta fundamental el logro del t\u00edpico sonido vien\u00e9s, lleno de matices, din\u00e1mico y de gran duraci\u00f3n.<\/p>\n<p>Sibin Zlatkovic tiene m\u00e1s de 30 a\u00f1os de experiencia en preparaci\u00f3n, mantenimiento y renovaci\u00f3n de pianos y pianos de cola.<\/p>\n<p>Sibin estudi\u00f3 desde 1981 hasta 1984 en la Universidad de M\u00fasica de Belgrado. Desde 1987 fue responsable de la Bosendorfer en Viena, tanto en la construcci\u00f3n como en la preparaci\u00f3n final (afinaci\u00f3n, regulaci\u00f3n y entonaci\u00f3n) de los instrumentos. Al mismo tiempo lleg\u00f3 a ser el punto de contacto de marcas europeas reconocidas como FEURICH, Steinway &amp; Sons, Bechstein, Ehrbar, Grotrian, Petrof e Ibach,\u00a0en temas de asesoramiento y servicio t\u00e9cnico en Austria.<\/p>\n<p>&gt;&gt; volver<\/p>\n\n\t\t<\/div>\n\t<\/div>\n<\/div><\/div><\/div><\/div><\/div>\n<\/div>","protected":false},"excerpt":{"rendered":"Sibin Zlatkovic CHIEF PIANO VOICER &amp; CONCERT TUNER JEFE ENTONADOR FEURICH &amp; AFINADOR DE CONCIERTOS Sibin Zlatkovic es responsable a nivel internacional de la educaci\u00f3n y el perfeccionamiento de nuestros t\u00e9cnicos de piano y socios de FEURICH. Junto con J\u00f6rg Wachler y St\u00e9phane Boussuge se sit\u00faa a la cabeza de&hellip;","protected":false},"author":7,"featured_media":0,"parent":12255,"menu_order":0,"comment_status":"closed","ping_status":"closed","template":"","meta":{"inline_featured_image":false,"footnotes":""},"class_list":["post-12202","page","type-page","status-publish","hentry"],"acf":[],"_links":{"self":[{"href":"https:\/\/test.feurich.com\/es\/wp-json\/wp\/v2\/pages\/12202"}],"collection":[{"href":"https:\/\/test.feurich.com\/es\/wp-json\/wp\/v2\/pages"}],"about":[{"href":"https:\/\/test.feurich.com\/es\/wp-json\/wp\/v2\/types\/page"}],"author":[{"embeddable":true,"href":"https:\/\/test.feurich.com\/es\/wp-json\/wp\/v2\/users\/7"}],"replies":[{"embeddable":true,"href":"https:\/\/test.feurich.com\/es\/wp-json\/wp\/v2\/comments?post=12202"}],"version-history":[{"count":7,"href":"https:\/\/test.feurich.com\/es\/wp-json\/wp\/v2\/pages\/12202\/revisions"}],"predecessor-version":[{"id":13434,"href":"https:\/\/test.feurich.com\/es\/wp-json\/wp\/v2\/pages\/12202\/revisions\/13434"}],"up":[{"embeddable":true,"href":"https:\/\/test.feurich.com\/es\/wp-json\/wp\/v2\/pages\/12255"}],"wp:attachment":[{"href":"https:\/\/test.feurich.com\/es\/wp-json\/wp\/v2\/media?parent=12202"}],"curies":[{"name":"wp","href":"https:\/\/api.w.org\/{rel}","templated":true}]}}