{"id":12204,"date":"2018-02-25T11:38:41","date_gmt":"2018-02-25T11:38:41","guid":{"rendered":"https:\/\/www.feurich.com\/stephane-boussouge\/"},"modified":"2019-06-25T14:51:08","modified_gmt":"2019-06-25T14:51:08","slug":"stephane-boussouge","status":"publish","type":"page","link":"https:\/\/test.feurich.com\/es\/sobre-nosotros\/grupo-de-expertos\/stephane-boussouge\/","title":{"rendered":"St\u00e9phane Boussouge"},"content":{"rendered":"<div class=\"wpb-content-wrapper\"><div  class=\"sec_row container\"><div class=\"vc_row wpb_row vc_row-fluid\"><div class=\"wpb_column vc_column_container vc_col-sm-12 et-dark-column\"><div class=\"vc_column-inner\"><div class=\"wpb_wrapper\"><div class=\"vc_empty_space\"   style=\"height: 32px\"><span class=\"vc_empty_space_inner\"><\/span><\/div><\/div><\/div><\/div><\/div><\/div><div  class=\"sec_row container\"><div class=\"vc_row wpb_row vc_row-fluid\"><div class=\"wpb_column vc_column_container vc_col-sm-4 et-dark-column\"><div class=\"vc_column-inner\"><div class=\"wpb_wrapper\"><div class=\"vc_empty_space\"   style=\"height: 10px\"><span class=\"vc_empty_space_inner\"><\/span><\/div>\n\t<div  class=\"wpb_single_image wpb_content_element vc_align_center\">\n\t\t\n\t\t<figure class=\"wpb_wrapper vc_figure\">\n\t\t\t<div class=\"vc_single_image-wrapper   vc_box_border_grey\"><img loading=\"lazy\" decoding=\"async\" width=\"731\" height=\"1024\" src=\"https:\/\/test.feurich.com\/wp-content\/uploads\/20190618-2767-731x1024.jpg\" class=\"vc_single_image-img attachment-large\" alt=\"\" title=\"20190618-2767\" srcset=\"https:\/\/test.feurich.com\/wp-content\/uploads\/20190618-2767-731x1024.jpg 731w, https:\/\/test.feurich.com\/wp-content\/uploads\/20190618-2767-450x630.jpg 450w, https:\/\/test.feurich.com\/wp-content\/uploads\/20190618-2767-600x840.jpg 600w, https:\/\/test.feurich.com\/wp-content\/uploads\/20190618-2767-214x300.jpg 214w, https:\/\/test.feurich.com\/wp-content\/uploads\/20190618-2767-768x1076.jpg 768w, https:\/\/test.feurich.com\/wp-content\/uploads\/20190618-2767.jpg 771w\" sizes=\"(max-width: 731px) 100vw, 731px\" \/><\/div>\n\t\t<\/figure>\n\t<\/div>\n<\/div><\/div><\/div><div class=\"wpb_column vc_column_container vc_col-sm-8 et-dark-column\"><div class=\"vc_column-inner\"><div class=\"wpb_wrapper\">\n\t<div class=\"wpb_text_column wpb_content_element   big-title\" >\n\t\t<div class=\"wpb_wrapper\">\n\t\t\t<p>St\u00e9phane Boussuge<\/p>\n\n\t\t<\/div>\n\t<\/div>\n\n\t<div class=\"wpb_text_column wpb_content_element  \" >\n\t\t<div class=\"wpb_wrapper\">\n\t\t\t<div class=\"wpb_text_column wpb_content_element products-title\">\n<div class=\"wpb_wrapper\">\n<p><strong>Jefe Entonador FEURICH en Viena &#8211; Afinador de Conciertos<\/strong><\/p>\n<\/div>\n<\/div>\n<div class=\"wpb_text_column wpb_content_element \">\n<div class=\"wpb_wrapper\">\n<p>St\u00e9phane Boussuge con su gran habilidad y conocimientos como entonador, experto en regulaci\u00f3n y afinador para conciertos, es responsable de la preparaci\u00f3n sonora de los instrumentos FEURICH. Su trabajo despierta gran admiraci\u00f3n de pianistas como t\u00e9cnicos de piano de todo el mundo.<\/p>\n<p>Luego de sus estudios de m\u00fasica en el Instituto ITEMM en Francia, St\u00e9phane Boussuge pas\u00f3 siete a\u00f1os con Salle Pleyel en Par\u00eds. Entrenado por Kawai en Jap\u00f3n, pas\u00f3 d\u00e9cadas trabajando para el importador franc\u00e9s de instrumentos Kawai. Adem\u00e1s complet\u00f3 estudios en el Laboratorio de Investigaci\u00f3n de Kawai y alcanzando el t\u00edtulo de MPA (MasterPianoArtisan), que destaca sus excepcionales habilidades en la preparaci\u00f3n y la sonorizaci\u00f3n de los grandes pianos de concierto.<\/p>\n<p>Adem\u00e1s, St\u00e9phane es un experto en composici\u00f3n asistida por computadora. Ha trabajado en el desarrollo de software de composici\u00f3n <a href=\"https:\/\/opusmodus.com\/\" target=\"_blank\" rel=\"noopener\">Opusmodus<\/a>, cre\u00f3 una versi\u00f3n francesa del programa y compone y ense\u00f1a utilizando el software.<\/p>\n<p><a href=\"https:\/\/www.feurich.com\/es\/sobre-nosotros\/grupo-de-expertos\/\">&gt;&gt; volver<\/a><\/p>\n<\/div>\n<\/div>\n\n\t\t<\/div>\n\t<\/div>\n<\/div><\/div><\/div><\/div><\/div>\n<\/div>","protected":false},"excerpt":{"rendered":"St\u00e9phane Boussuge Jefe Entonador FEURICH en Viena - Afinador de Conciertos St\u00e9phane Boussuge con su gran habilidad y conocimientos como entonador, experto en regulaci\u00f3n y afinador para conciertos, es responsable de la preparaci\u00f3n sonora de los instrumentos FEURICH. Su trabajo despierta gran admiraci\u00f3n de pianistas como t\u00e9cnicos de piano de&hellip;","protected":false},"author":7,"featured_media":0,"parent":12255,"menu_order":0,"comment_status":"closed","ping_status":"closed","template":"","meta":{"inline_featured_image":false,"footnotes":""},"class_list":["post-12204","page","type-page","status-publish","hentry"],"acf":[],"_links":{"self":[{"href":"https:\/\/test.feurich.com\/es\/wp-json\/wp\/v2\/pages\/12204"}],"collection":[{"href":"https:\/\/test.feurich.com\/es\/wp-json\/wp\/v2\/pages"}],"about":[{"href":"https:\/\/test.feurich.com\/es\/wp-json\/wp\/v2\/types\/page"}],"author":[{"embeddable":true,"href":"https:\/\/test.feurich.com\/es\/wp-json\/wp\/v2\/users\/7"}],"replies":[{"embeddable":true,"href":"https:\/\/test.feurich.com\/es\/wp-json\/wp\/v2\/comments?post=12204"}],"version-history":[{"count":8,"href":"https:\/\/test.feurich.com\/es\/wp-json\/wp\/v2\/pages\/12204\/revisions"}],"predecessor-version":[{"id":24807,"href":"https:\/\/test.feurich.com\/es\/wp-json\/wp\/v2\/pages\/12204\/revisions\/24807"}],"up":[{"embeddable":true,"href":"https:\/\/test.feurich.com\/es\/wp-json\/wp\/v2\/pages\/12255"}],"wp:attachment":[{"href":"https:\/\/test.feurich.com\/es\/wp-json\/wp\/v2\/media?parent=12204"}],"curies":[{"name":"wp","href":"https:\/\/api.w.org\/{rel}","templated":true}]}}