{"id":12206,"date":"2018-02-25T15:01:06","date_gmt":"2018-02-25T15:01:06","guid":{"rendered":"https:\/\/www.feurich.com\/wang-jing\/"},"modified":"2018-02-26T10:36:21","modified_gmt":"2018-02-26T10:36:21","slug":"wang-jing","status":"publish","type":"page","link":"https:\/\/test.feurich.com\/es\/sobre-nosotros\/grupo-de-expertos\/wang-jing\/","title":{"rendered":"Wang Jing"},"content":{"rendered":"<div class=\"wpb-content-wrapper\"><div  class=\"sec_row container\"><div class=\"vc_row wpb_row vc_row-fluid\"><div class=\"wpb_column vc_column_container vc_col-sm-12 et-dark-column\"><div class=\"vc_column-inner\"><div class=\"wpb_wrapper\"><div class=\"vc_empty_space\"   style=\"height: 32px\"><span class=\"vc_empty_space_inner\"><\/span><\/div><\/div><\/div><\/div><\/div><\/div><div  class=\"sec_row container\"><div class=\"vc_row wpb_row vc_row-fluid\"><div class=\"wpb_column vc_column_container vc_col-sm-4 et-dark-column\"><div class=\"vc_column-inner\"><div class=\"wpb_wrapper\">\n\t<div  class=\"wpb_single_image wpb_content_element vc_align_left\">\n\t\t\n\t\t<figure class=\"wpb_wrapper vc_figure\">\n\t\t\t<div class=\"vc_single_image-wrapper   vc_box_border_grey\"><img loading=\"lazy\" decoding=\"async\" width=\"576\" height=\"416\" src=\"https:\/\/test.feurich.com\/wp-content\/uploads\/Wang_Jing.jpg\" class=\"vc_single_image-img attachment-large\" alt=\"\" title=\"Wang Jing\" srcset=\"https:\/\/test.feurich.com\/wp-content\/uploads\/Wang_Jing.jpg 576w, https:\/\/test.feurich.com\/wp-content\/uploads\/Wang_Jing-450x325.jpg 450w, https:\/\/test.feurich.com\/wp-content\/uploads\/Wang_Jing-300x217.jpg 300w\" sizes=\"(max-width: 576px) 100vw, 576px\" \/><\/div>\n\t\t<\/figure>\n\t<\/div>\n<\/div><\/div><\/div><div class=\"wpb_column vc_column_container vc_col-sm-8 et-dark-column\"><div class=\"vc_column-inner\"><div class=\"wpb_wrapper\">\n\t<div class=\"wpb_text_column wpb_content_element   big-title\" >\n\t\t<div class=\"wpb_wrapper\">\n\t\t\t<p>Mag.<sup>a<\/sup>\u00a0Wang Jing<\/p>\n\n\t\t<\/div>\n\t<\/div>\n\n\t<div class=\"wpb_text_column wpb_content_element  \" >\n\t\t<div class=\"wpb_wrapper\">\n\t\t\t<p>GESTI\u00d3N &amp; COMUNICACI\u00d3N KLAVIERmanufaktur FEURICH VIENA<\/p>\n<p>WANG Jing es directora administrativa y de operaciones de la &#8220;KLAVIERmanufaktur FEURICH&#8221; en Viena. Su gran talento organizativo y sus habilidades en la gesti\u00f3n son \u00fanicos.<\/p>\n<p>Entre el 2003 y el 2016, Wang Jing particip\u00f3 como instructora y profesora en el Departamento Alem\u00e1n de la Universidad de Estudios Extranjeros de Beijing (VR China) y como codirectora del Instituto Confucio de la Universidad de Viena. Wang Jing cuenta con numerosas publicaciones, incluidas monograf\u00edas y contribuciones en revistas cient\u00edficas, sobre el tema de la comunicaci\u00f3n transcultural, lenguaje, literatura y filosof\u00eda china. Ha publicado escritos y libros de texto, incluyendo una serie de traducciones en ambos idiomas, alem\u00e1n y chino.<\/p>\n<blockquote><p>\n&gt; regresar\n<\/p><\/blockquote>\n\n\t\t<\/div>\n\t<\/div>\n<\/div><\/div><\/div><\/div><\/div>\n<\/div>","protected":false},"excerpt":{"rendered":"Mag.a\u00a0Wang Jing GESTI\u00d3N &amp; COMUNICACI\u00d3N KLAVIERmanufaktur FEURICH VIENA WANG Jing es directora administrativa y de operaciones de la \"KLAVIERmanufaktur FEURICH\" en Viena. Su gran talento organizativo y sus habilidades en la gesti\u00f3n son \u00fanicos. Entre el 2003 y el 2016, Wang Jing particip\u00f3 como instructora y profesora en el Departamento&hellip;","protected":false},"author":7,"featured_media":0,"parent":12255,"menu_order":0,"comment_status":"closed","ping_status":"closed","template":"","meta":{"inline_featured_image":false,"footnotes":""},"class_list":["post-12206","page","type-page","status-publish","hentry"],"acf":[],"_links":{"self":[{"href":"https:\/\/test.feurich.com\/es\/wp-json\/wp\/v2\/pages\/12206"}],"collection":[{"href":"https:\/\/test.feurich.com\/es\/wp-json\/wp\/v2\/pages"}],"about":[{"href":"https:\/\/test.feurich.com\/es\/wp-json\/wp\/v2\/types\/page"}],"author":[{"embeddable":true,"href":"https:\/\/test.feurich.com\/es\/wp-json\/wp\/v2\/users\/7"}],"replies":[{"embeddable":true,"href":"https:\/\/test.feurich.com\/es\/wp-json\/wp\/v2\/comments?post=12206"}],"version-history":[{"count":4,"href":"https:\/\/test.feurich.com\/es\/wp-json\/wp\/v2\/pages\/12206\/revisions"}],"predecessor-version":[{"id":12254,"href":"https:\/\/test.feurich.com\/es\/wp-json\/wp\/v2\/pages\/12206\/revisions\/12254"}],"up":[{"embeddable":true,"href":"https:\/\/test.feurich.com\/es\/wp-json\/wp\/v2\/pages\/12255"}],"wp:attachment":[{"href":"https:\/\/test.feurich.com\/es\/wp-json\/wp\/v2\/media?parent=12206"}],"curies":[{"name":"wp","href":"https:\/\/api.w.org\/{rel}","templated":true}]}}