{"id":12209,"date":"2018-02-25T15:36:04","date_gmt":"2018-02-25T15:36:04","guid":{"rendered":"https:\/\/www.feurich.com\/stephen-paulello\/"},"modified":"2018-02-25T15:36:04","modified_gmt":"2018-02-25T15:36:04","slug":"stephen-paulello","status":"publish","type":"page","link":"https:\/\/test.feurich.com\/es\/sobre-nosotros\/grupo-de-expertos\/stephen-paulello\/","title":{"rendered":"Stephen Paulello"},"content":{"rendered":"<div class=\"wpb-content-wrapper\"><div  class=\"sec_row container\"><div class=\"vc_row wpb_row vc_row-fluid\"><div class=\"wpb_column vc_column_container vc_col-sm-12 et-dark-column\"><div class=\"vc_column-inner\"><div class=\"wpb_wrapper\"><div class=\"vc_empty_space\"   style=\"height: 32px\"><span class=\"vc_empty_space_inner\"><\/span><\/div><\/div><\/div><\/div><\/div><\/div><div  class=\"sec_row container\"><div class=\"vc_row wpb_row vc_row-fluid\"><div class=\"wpb_column vc_column_container vc_col-sm-4 et-dark-column\"><div class=\"vc_column-inner\"><div class=\"wpb_wrapper\">\n\t<div  class=\"wpb_single_image wpb_content_element vc_align_center\">\n\t\t\n\t\t<figure class=\"wpb_wrapper vc_figure\">\n\t\t\t<div class=\"vc_single_image-wrapper   vc_box_border_grey\"><img loading=\"lazy\" decoding=\"async\" width=\"899\" height=\"1024\" src=\"https:\/\/test.feurich.com\/wp-content\/uploads\/Stephen_Paulello_original-899x1024.jpg\" class=\"vc_single_image-img attachment-large\" alt=\"\" title=\"Stephen Paulello\" srcset=\"https:\/\/test.feurich.com\/wp-content\/uploads\/Stephen_Paulello_original-899x1024.jpg 899w, https:\/\/test.feurich.com\/wp-content\/uploads\/Stephen_Paulello_original-450x513.jpg 450w, https:\/\/test.feurich.com\/wp-content\/uploads\/Stephen_Paulello_original-1000x1140.jpg 1000w, https:\/\/test.feurich.com\/wp-content\/uploads\/Stephen_Paulello_original-263x300.jpg 263w, https:\/\/test.feurich.com\/wp-content\/uploads\/Stephen_Paulello_original-768x875.jpg 768w, https:\/\/test.feurich.com\/wp-content\/uploads\/Stephen_Paulello_original-800x912.jpg 800w, https:\/\/test.feurich.com\/wp-content\/uploads\/Stephen_Paulello_original.jpg 1060w\" sizes=\"(max-width: 899px) 100vw, 899px\" \/><\/div>\n\t\t<\/figure>\n\t<\/div>\n<\/div><\/div><\/div><div class=\"wpb_column vc_column_container vc_col-sm-8 et-dark-column\"><div class=\"vc_column-inner\"><div class=\"wpb_wrapper\">\n\t<div class=\"wpb_text_column wpb_content_element   big-title\" >\n\t\t<div class=\"wpb_wrapper\">\n\t\t\t<p>Stephen Paulello<\/p>\n\n\t\t<\/div>\n\t<\/div>\n\n\t<div class=\"wpb_text_column wpb_content_element  \" >\n\t\t<div class=\"wpb_wrapper\">\n\t\t\t<p>Pianista de concierto y constructor de pianos, Villethierry, Francia<\/p>\n<p>Stephen Paulello ha apoyado a FEURICH desde 2006 como dise\u00f1ador y experto en pianos y es el innovador por excelencia en el campo de la fabricaci\u00f3n de piano cl\u00e1sico. El piano de cola de FEURICH Mod. 218 &#8211; Concierto I fue dise\u00f1ado por \u00e9l y su esposa Claire Paulello, as\u00ed como la versi\u00f3n final del 4\u00ba pedal &#8220;P\u00e9dale Harmonique&#8221; y otros elementos esenciales en la construcci\u00f3n de nuestros instrumentos FEURICH.<\/p>\n<p>Stephen Paulello fue profesor de piano y m\u00fasica de c\u00e1mara y como concertista, ganador de numerosos concursos internacionales. Luego de completar su formaci\u00f3n como t\u00e9cnico de piano con la Bechstein, trabaj\u00f3 en Par\u00eds tanto para Bechstein como para Steinway &amp; Sons.<br \/>\nEn el marco de sus actividades en Alemania, lleg\u00f3 a conocer y amar el mundo de la fabricaci\u00f3n de piano. Pronto comenzar\u00eda con sus primeras construcciones de piano vertical y de cola: &#8220;\u00a1Quer\u00eda hacer algo diferente, desarrollar algo nuevo, una alternativa para los pianistas!&#8221; Esto es algo que innegablemente ha logrado. En 1990, Paulello construy\u00f3 su primer piano de cola, el cual ha llamado poderosamente la atenci\u00f3n y se considera una obra maestra en el arte de la construcci\u00f3n del piano.<\/p>\n<p>Las patentes y pianos de cola construidos por Stephen Paulello han recibido numerosos premios prestigiosos del Ministerio de Cultura de Francia, as\u00ed como de varias organizaciones y fundaciones. Su experiencia abarca m\u00e1s de 28 a\u00f1os de investigaci\u00f3n personal en todos los aspectos de la creaci\u00f3n de piano, desde la restauraci\u00f3n, reparaci\u00f3n y mejora de pianos verticales y de cola hasta la optimizaci\u00f3n de cuerdas y mec\u00e1nica: gran aporte al potencial de desarrollo del piano. Stephen Paulello tambi\u00e9n es responsable de la formaci\u00f3n de t\u00e9cnicos de piano en Francia en AFARP e ITEMM. www.stephenpaulello.com<\/p>\n<p>&gt;&gt; volver<\/p>\n\n\t\t<\/div>\n\t<\/div>\n<\/div><\/div><\/div><\/div><\/div>\n<\/div>","protected":false},"excerpt":{"rendered":"Stephen Paulello Pianista de concierto y constructor de pianos, Villethierry, Francia Stephen Paulello ha apoyado a FEURICH desde 2006 como dise\u00f1ador y experto en pianos y es el innovador por excelencia en el campo de la fabricaci\u00f3n de piano cl\u00e1sico. El piano de cola de FEURICH Mod. 218 - Concierto&hellip;","protected":false},"author":7,"featured_media":0,"parent":12255,"menu_order":0,"comment_status":"closed","ping_status":"closed","template":"","meta":{"inline_featured_image":false,"footnotes":""},"class_list":["post-12209","page","type-page","status-publish","hentry"],"acf":[],"_links":{"self":[{"href":"https:\/\/test.feurich.com\/es\/wp-json\/wp\/v2\/pages\/12209"}],"collection":[{"href":"https:\/\/test.feurich.com\/es\/wp-json\/wp\/v2\/pages"}],"about":[{"href":"https:\/\/test.feurich.com\/es\/wp-json\/wp\/v2\/types\/page"}],"author":[{"embeddable":true,"href":"https:\/\/test.feurich.com\/es\/wp-json\/wp\/v2\/users\/7"}],"replies":[{"embeddable":true,"href":"https:\/\/test.feurich.com\/es\/wp-json\/wp\/v2\/comments?post=12209"}],"version-history":[{"count":1,"href":"https:\/\/test.feurich.com\/es\/wp-json\/wp\/v2\/pages\/12209\/revisions"}],"predecessor-version":[{"id":12210,"href":"https:\/\/test.feurich.com\/es\/wp-json\/wp\/v2\/pages\/12209\/revisions\/12210"}],"up":[{"embeddable":true,"href":"https:\/\/test.feurich.com\/es\/wp-json\/wp\/v2\/pages\/12255"}],"wp:attachment":[{"href":"https:\/\/test.feurich.com\/es\/wp-json\/wp\/v2\/media?parent=12209"}],"curies":[{"name":"wp","href":"https:\/\/api.w.org\/{rel}","templated":true}]}}