{"id":12216,"date":"2018-02-25T19:58:43","date_gmt":"2018-02-25T19:58:43","guid":{"rendered":"https:\/\/www.feurich.com\/jorg-hauser\/"},"modified":"2018-02-25T19:58:44","modified_gmt":"2018-02-25T19:58:44","slug":"jorg-hauser","status":"publish","type":"page","link":"https:\/\/test.feurich.com\/es\/sobre-nosotros\/grupo-de-expertos\/jorg-hauser\/","title":{"rendered":"J\u00f6rg Hauser"},"content":{"rendered":"<div class=\"wpb-content-wrapper\"><div  class=\"sec_row container\"><div class=\"vc_row wpb_row vc_row-fluid\"><div class=\"wpb_column vc_column_container vc_col-sm-12 et-dark-column\"><div class=\"vc_column-inner\"><div class=\"wpb_wrapper\"><div class=\"vc_empty_space\"   style=\"height: 32px\"><span class=\"vc_empty_space_inner\"><\/span><\/div><\/div><\/div><\/div><\/div><\/div><div  class=\"sec_row container\"><div class=\"vc_row wpb_row vc_row-fluid\"><div class=\"wpb_column vc_column_container vc_col-sm-4 et-dark-column\"><div class=\"vc_column-inner\"><div class=\"wpb_wrapper\">\n\t<div  class=\"wpb_single_image wpb_content_element vc_align_left\">\n\t\t\n\t\t<figure class=\"wpb_wrapper vc_figure\">\n\t\t\t<div class=\"vc_single_image-wrapper   vc_box_border_grey\"><img loading=\"lazy\" decoding=\"async\" width=\"1024\" height=\"683\" src=\"https:\/\/test.feurich.com\/wp-content\/uploads\/DSC_0160-1024x683.jpg\" class=\"vc_single_image-img attachment-large\" alt=\"\" title=\"J\u00f6rg Hauser\" srcset=\"https:\/\/test.feurich.com\/wp-content\/uploads\/DSC_0160-1024x683.jpg 1024w, https:\/\/test.feurich.com\/wp-content\/uploads\/DSC_0160-scaled-450x300.jpg 450w, https:\/\/test.feurich.com\/wp-content\/uploads\/DSC_0160-scaled-1000x667.jpg 1000w, https:\/\/test.feurich.com\/wp-content\/uploads\/DSC_0160-300x200.jpg 300w, https:\/\/test.feurich.com\/wp-content\/uploads\/DSC_0160-768x512.jpg 768w, https:\/\/test.feurich.com\/wp-content\/uploads\/DSC_0160-800x533.jpg 800w\" sizes=\"(max-width: 1024px) 100vw, 1024px\" \/><\/div>\n\t\t<\/figure>\n\t<\/div>\n<\/div><\/div><\/div><div class=\"wpb_column vc_column_container vc_col-sm-8 et-dark-column\"><div class=\"vc_column-inner\"><div class=\"wpb_wrapper\">\n\t<div class=\"wpb_text_column wpb_content_element   big-title\" >\n\t\t<div class=\"wpb_wrapper\">\n\t\t\t<p>J\u00f6rg Hauser<\/p>\n\n\t\t<\/div>\n\t<\/div>\n\n\t<div class=\"wpb_text_column wpb_content_element  \" >\n\t\t<div class=\"wpb_wrapper\">\n\t\t\t<p>Maestro contructor de pianos y cembalos, Aldingen \/ Alemania<\/p>\n<p>J\u00f6rg Hauser es parte del equipo de desarrollo de FEURICH y responsable de varias innovaciones en la construcci\u00f3n de los pianos FEURICH. Como ejemplo, el \u201eSchw\u00e4bische Pedalsystem\u201c (sistema de pedal de Suabia) o el desmontaje singularmente simple del mueble, se encuentran entre sus contribuciones al moderno dise\u00f1o de pianos.<\/p>\n<p>Hauser es uno de esos excelentes t\u00e9cnicos de piano que no solo cuenta con d\u00e9cadas de experiencia en varias facetas de producci\u00f3n moderna, sino tambi\u00e9n, dirige su gran taller de reparaci\u00f3nes y cuenta con gran demanda como preparador de pianos de concierto para conservatorios y\u00a0 para pianistas. Su m\u00e9todo de entonaci\u00f3n especial para optimizaci\u00f3n de sonido sirve como modelo para muchos t\u00e9cnicos de piano.<\/p>\n<p>J\u00f6rg Hauser ha implementado importantes proyectos t\u00e9cnicos en centro de producci\u00f3n FEURICH en Ningbo siendo parte fundamental del equipo de desarrollo de FEURICH.<\/p>\n<p>&gt;&gt; volver<\/p>\n\n\t\t<\/div>\n\t<\/div>\n<\/div><\/div><\/div><\/div><\/div>\n<\/div>","protected":false},"excerpt":{"rendered":"J\u00f6rg Hauser Maestro contructor de pianos y cembalos, Aldingen \/ Alemania J\u00f6rg Hauser es parte del equipo de desarrollo de FEURICH y responsable de varias innovaciones en la construcci\u00f3n de los pianos FEURICH. Como ejemplo, el \u201eSchw\u00e4bische Pedalsystem\u201c (sistema de pedal de Suabia) o el desmontaje singularmente simple del mueble,&hellip;","protected":false},"author":7,"featured_media":0,"parent":12255,"menu_order":0,"comment_status":"closed","ping_status":"closed","template":"","meta":{"inline_featured_image":false,"footnotes":""},"class_list":["post-12216","page","type-page","status-publish","hentry"],"acf":[],"_links":{"self":[{"href":"https:\/\/test.feurich.com\/es\/wp-json\/wp\/v2\/pages\/12216"}],"collection":[{"href":"https:\/\/test.feurich.com\/es\/wp-json\/wp\/v2\/pages"}],"about":[{"href":"https:\/\/test.feurich.com\/es\/wp-json\/wp\/v2\/types\/page"}],"author":[{"embeddable":true,"href":"https:\/\/test.feurich.com\/es\/wp-json\/wp\/v2\/users\/7"}],"replies":[{"embeddable":true,"href":"https:\/\/test.feurich.com\/es\/wp-json\/wp\/v2\/comments?post=12216"}],"version-history":[{"count":2,"href":"https:\/\/test.feurich.com\/es\/wp-json\/wp\/v2\/pages\/12216\/revisions"}],"predecessor-version":[{"id":12218,"href":"https:\/\/test.feurich.com\/es\/wp-json\/wp\/v2\/pages\/12216\/revisions\/12218"}],"up":[{"embeddable":true,"href":"https:\/\/test.feurich.com\/es\/wp-json\/wp\/v2\/pages\/12255"}],"wp:attachment":[{"href":"https:\/\/test.feurich.com\/es\/wp-json\/wp\/v2\/media?parent=12216"}],"curies":[{"name":"wp","href":"https:\/\/api.w.org\/{rel}","templated":true}]}}