{"id":12221,"date":"2018-02-25T20:52:40","date_gmt":"2018-02-25T20:52:40","guid":{"rendered":"https:\/\/www.feurich.com\/udo-kamm\/"},"modified":"2018-02-25T20:52:40","modified_gmt":"2018-02-25T20:52:40","slug":"udo-kamm","status":"publish","type":"page","link":"https:\/\/test.feurich.com\/es\/sobre-nosotros\/grupo-de-expertos\/udo-kamm\/","title":{"rendered":"Udo Kamm"},"content":{"rendered":"<div class=\"wpb-content-wrapper\"><div  class=\"sec_row container\"><div class=\"vc_row wpb_row vc_row-fluid\"><div class=\"wpb_column vc_column_container vc_col-sm-12 et-dark-column\"><div class=\"vc_column-inner\"><div class=\"wpb_wrapper\"><div class=\"vc_empty_space\"   style=\"height: 32px\"><span class=\"vc_empty_space_inner\"><\/span><\/div><\/div><\/div><\/div><\/div><\/div><div  class=\"sec_row container\"><div class=\"vc_row wpb_row vc_row-fluid\"><div class=\"wpb_column vc_column_container vc_col-sm-4 et-dark-column\"><div class=\"vc_column-inner\"><div class=\"wpb_wrapper\">\n\t<div  class=\"wpb_single_image wpb_content_element vc_align_left\">\n\t\t\n\t\t<figure class=\"wpb_wrapper vc_figure\">\n\t\t\t<div class=\"vc_single_image-wrapper   vc_box_border_grey\"><img loading=\"lazy\" decoding=\"async\" width=\"1024\" height=\"680\" src=\"https:\/\/test.feurich.com\/wp-content\/uploads\/Udo-Kamm-e1505666597852-1024x680.jpg\" class=\"vc_single_image-img attachment-large\" alt=\"\" title=\"Udo Kamm\" srcset=\"https:\/\/test.feurich.com\/wp-content\/uploads\/Udo-Kamm-e1505666597852-1024x680.jpg 1024w, https:\/\/test.feurich.com\/wp-content\/uploads\/Udo-Kamm-e1505666597852-450x299.jpg 450w, https:\/\/test.feurich.com\/wp-content\/uploads\/Udo-Kamm-e1505666597852-1000x664.jpg 1000w, https:\/\/test.feurich.com\/wp-content\/uploads\/Udo-Kamm-e1505666597852-300x199.jpg 300w, https:\/\/test.feurich.com\/wp-content\/uploads\/Udo-Kamm-e1505666597852-768x510.jpg 768w, https:\/\/test.feurich.com\/wp-content\/uploads\/Udo-Kamm-e1505666597852-800x531.jpg 800w, https:\/\/test.feurich.com\/wp-content\/uploads\/Udo-Kamm-e1505666597852.jpg 1920w\" sizes=\"(max-width: 1024px) 100vw, 1024px\" \/><\/div>\n\t\t<\/figure>\n\t<\/div>\n<\/div><\/div><\/div><div class=\"wpb_column vc_column_container vc_col-sm-8 et-dark-column\"><div class=\"vc_column-inner\"><div class=\"wpb_wrapper\">\n\t<div class=\"wpb_text_column wpb_content_element   big-title\" >\n\t\t<div class=\"wpb_wrapper\">\n\t\t\t<p>Udo Kamm<\/p>\n\n\t\t<\/div>\n\t<\/div>\n\n\t<div class=\"wpb_text_column wpb_content_element  \" >\n\t\t<div class=\"wpb_wrapper\">\n\t\t\t<p>MAESTRO CONSTRUCTOR DE PIANOS E INVENTOR, KIRCHHAIN \/ ALEMANIA<\/p>\n<p>Udo Kamm es un ingenioso inventor y autor intelectual de numerosas innovaciones en el campo de los pianos ac\u00fasticos.<\/p>\n<p>Udo Kamm desarrolla y construye todos sus inventos e innovaciones en su moderno taller de construcci\u00f3n de pianos en Kirchhain \/ Alemania. \u00c9l es el inventor del \u00fanico y apreciado\u201eUK-Silencer-Systems\u201c, cuya instalaci\u00f3n no afecta la regulaci\u00f3n ni el toque del piano.<\/p>\n<p>Otras ideas innovadoras, como la nueva iluminaci\u00f3n para piano vertical y de cola, que encaja de forma armoniosa y elegante en el concepto de los FEURICH, o la acci\u00f3n &#8221; FEURICH High Speed KAMM Action-System&#8221; de alta velocidad, provienen de \u00e9l.<\/p>\n<p>&gt;&gt; volver<\/p>\n\n\t\t<\/div>\n\t<\/div>\n<\/div><\/div><\/div><\/div><\/div>\n<\/div>","protected":false},"excerpt":{"rendered":"Udo Kamm MAESTRO CONSTRUCTOR DE PIANOS E INVENTOR, KIRCHHAIN \/ ALEMANIA Udo Kamm es un ingenioso inventor y autor intelectual de numerosas innovaciones en el campo de los pianos ac\u00fasticos. Udo Kamm desarrolla y construye todos sus inventos e innovaciones en su moderno taller de construcci\u00f3n de pianos en Kirchhain&hellip;","protected":false},"author":7,"featured_media":0,"parent":12255,"menu_order":0,"comment_status":"closed","ping_status":"closed","template":"","meta":{"inline_featured_image":false,"footnotes":""},"class_list":["post-12221","page","type-page","status-publish","hentry"],"acf":[],"_links":{"self":[{"href":"https:\/\/test.feurich.com\/es\/wp-json\/wp\/v2\/pages\/12221"}],"collection":[{"href":"https:\/\/test.feurich.com\/es\/wp-json\/wp\/v2\/pages"}],"about":[{"href":"https:\/\/test.feurich.com\/es\/wp-json\/wp\/v2\/types\/page"}],"author":[{"embeddable":true,"href":"https:\/\/test.feurich.com\/es\/wp-json\/wp\/v2\/users\/7"}],"replies":[{"embeddable":true,"href":"https:\/\/test.feurich.com\/es\/wp-json\/wp\/v2\/comments?post=12221"}],"version-history":[{"count":2,"href":"https:\/\/test.feurich.com\/es\/wp-json\/wp\/v2\/pages\/12221\/revisions"}],"predecessor-version":[{"id":12223,"href":"https:\/\/test.feurich.com\/es\/wp-json\/wp\/v2\/pages\/12221\/revisions\/12223"}],"up":[{"embeddable":true,"href":"https:\/\/test.feurich.com\/es\/wp-json\/wp\/v2\/pages\/12255"}],"wp:attachment":[{"href":"https:\/\/test.feurich.com\/es\/wp-json\/wp\/v2\/media?parent=12221"}],"curies":[{"name":"wp","href":"https:\/\/api.w.org\/{rel}","templated":true}]}}