{"id":12224,"date":"2018-02-25T22:09:17","date_gmt":"2018-02-25T22:09:17","guid":{"rendered":"https:\/\/www.feurich.com\/jorg-wachler\/"},"modified":"2018-02-25T22:09:17","modified_gmt":"2018-02-25T22:09:17","slug":"jorg-wachler","status":"publish","type":"page","link":"https:\/\/test.feurich.com\/es\/sobre-nosotros\/grupo-de-expertos\/jorg-wachler\/","title":{"rendered":"J\u00f6rg Wachler"},"content":{"rendered":"<div class=\"wpb-content-wrapper\"><div  class=\"sec_row container\"><div class=\"vc_row wpb_row vc_row-fluid\"><div class=\"wpb_column vc_column_container vc_col-sm-12 et-dark-column\"><div class=\"vc_column-inner\"><div class=\"wpb_wrapper\"><div class=\"vc_empty_space\"   style=\"height: 32px\"><span class=\"vc_empty_space_inner\"><\/span><\/div><\/div><\/div><\/div><\/div><\/div><div  class=\"sec_row container\"><div class=\"vc_row wpb_row vc_row-fluid\"><div class=\"wpb_column vc_column_container vc_col-sm-4 et-dark-column\"><div class=\"vc_column-inner\"><div class=\"wpb_wrapper\">\n\t<div  class=\"wpb_single_image wpb_content_element vc_align_left\">\n\t\t\n\t\t<figure class=\"wpb_wrapper vc_figure\">\n\t\t\t<div class=\"vc_single_image-wrapper   vc_box_border_grey\"><img loading=\"lazy\" decoding=\"async\" width=\"1024\" height=\"683\" src=\"https:\/\/test.feurich.com\/wp-content\/uploads\/J\u00f6rg_1-1024x683.jpg\" class=\"vc_single_image-img attachment-large\" alt=\"\" title=\"J\u00f6rg_1\" srcset=\"https:\/\/test.feurich.com\/wp-content\/uploads\/J\u00f6rg_1-1024x683.jpg 1024w, https:\/\/test.feurich.com\/wp-content\/uploads\/J\u00f6rg_1-scaled-450x300.jpg 450w, https:\/\/test.feurich.com\/wp-content\/uploads\/J\u00f6rg_1-scaled-1000x667.jpg 1000w, https:\/\/test.feurich.com\/wp-content\/uploads\/J\u00f6rg_1-300x200.jpg 300w, https:\/\/test.feurich.com\/wp-content\/uploads\/J\u00f6rg_1-768x512.jpg 768w, https:\/\/test.feurich.com\/wp-content\/uploads\/J\u00f6rg_1-800x533.jpg 800w\" sizes=\"(max-width: 1024px) 100vw, 1024px\" \/><\/div>\n\t\t<\/figure>\n\t<\/div>\n<\/div><\/div><\/div><div class=\"wpb_column vc_column_container vc_col-sm-8 et-dark-column\"><div class=\"vc_column-inner\"><div class=\"wpb_wrapper\">\n\t<div class=\"wpb_text_column wpb_content_element   big-title\" >\n\t\t<div class=\"wpb_wrapper\">\n\t\t\t<p>J\u00f6rg Wachler<\/p>\n\n\t\t<\/div>\n\t<\/div>\n\n\t<div class=\"wpb_text_column wpb_content_element  \" >\n\t\t<div class=\"wpb_wrapper\">\n\t\t\t<p>JEFE ENTONADOR DE FEURICH VIENA &amp; AFINADOR DE CONCIERTOS<\/p>\n<p>J\u00f6rg Wachler es responsable de la preparaci\u00f3n final de los pianos en las instalaciones de producci\u00f3n de FEURICH en Viena. All\u00ed fluyen constantemente nuevas ideas t\u00e9cnicas sobre temas de color y entonaci\u00f3n. J\u00f6rg est\u00e1 en constante comunicaci\u00f3n con nuestro equipo y nuestros socios de todo el mundo.<\/p>\n<p>Luego de tener una ni\u00f1\u00e9z muy musical, J\u00f6rg Wachler comenz\u00f3 su aprendizaje como constructor del piano en Eisenberg,Turingia, Alemania, en 1981, donde se gradu\u00f3 con honores. Su posterior formaci\u00f3n de tres a\u00f1os en la construcci\u00f3n de \u00f3rganos con Schuster &amp; Sohn en Zittau complement\u00f3 su amplio conocimiento musical.<\/p>\n<p>J\u00f6rg adquiere una considerable experiencia en la afinaci\u00f3n de pianos trabajando con la &#8220;Piano Union Leipzig&#8221; de Alemania y desde 1998 con la prestigiosa constructora C. Bechstein. Trabaj\u00f3 adem\u00e1s con reconocidos t\u00e9cnicos de piano como Naoki Yamauchi (Bechstein Berl\u00edn), Ewald V\u00f6gele (T\u00fcbingen), Gert Gaebler (Steinway Dresden) o August F\u00f6rster.<\/p>\n<p>Con sus m\u00e1s de 30 a\u00f1os de experiencia, nos enorgullece tener a J\u00f6rg como Jefe Entonador y responsable de la preparaci\u00f3n final de los FEURICH en nuestras instalaciones de producci\u00f3n en Viena.<\/p>\n<p>&gt;&gt; volver<\/p>\n\n\t\t<\/div>\n\t<\/div>\n<\/div><\/div><\/div><\/div><\/div>\n<\/div>","protected":false},"excerpt":{"rendered":"J\u00f6rg Wachler JEFE ENTONADOR DE FEURICH VIENA &amp; AFINADOR DE CONCIERTOS J\u00f6rg Wachler es responsable de la preparaci\u00f3n final de los pianos en las instalaciones de producci\u00f3n de FEURICH en Viena. All\u00ed fluyen constantemente nuevas ideas t\u00e9cnicas sobre temas de color y entonaci\u00f3n. J\u00f6rg est\u00e1 en constante comunicaci\u00f3n con nuestro&hellip;","protected":false},"author":4,"featured_media":0,"parent":12255,"menu_order":0,"comment_status":"closed","ping_status":"closed","template":"","meta":{"inline_featured_image":false,"footnotes":""},"class_list":["post-12224","page","type-page","status-publish","hentry"],"acf":[],"_links":{"self":[{"href":"https:\/\/test.feurich.com\/es\/wp-json\/wp\/v2\/pages\/12224"}],"collection":[{"href":"https:\/\/test.feurich.com\/es\/wp-json\/wp\/v2\/pages"}],"about":[{"href":"https:\/\/test.feurich.com\/es\/wp-json\/wp\/v2\/types\/page"}],"author":[{"embeddable":true,"href":"https:\/\/test.feurich.com\/es\/wp-json\/wp\/v2\/users\/4"}],"replies":[{"embeddable":true,"href":"https:\/\/test.feurich.com\/es\/wp-json\/wp\/v2\/comments?post=12224"}],"version-history":[{"count":2,"href":"https:\/\/test.feurich.com\/es\/wp-json\/wp\/v2\/pages\/12224\/revisions"}],"predecessor-version":[{"id":12226,"href":"https:\/\/test.feurich.com\/es\/wp-json\/wp\/v2\/pages\/12224\/revisions\/12226"}],"up":[{"embeddable":true,"href":"https:\/\/test.feurich.com\/es\/wp-json\/wp\/v2\/pages\/12255"}],"wp:attachment":[{"href":"https:\/\/test.feurich.com\/es\/wp-json\/wp\/v2\/media?parent=12224"}],"curies":[{"name":"wp","href":"https:\/\/api.w.org\/{rel}","templated":true}]}}