{"id":12255,"date":"2018-02-26T10:51:05","date_gmt":"2018-02-26T10:51:05","guid":{"rendered":"https:\/\/www.feurich.com\/sobre-nosotros\/grupo-de-expertos\/"},"modified":"2019-06-26T08:14:21","modified_gmt":"2019-06-26T08:14:22","slug":"grupo-de-expertos","status":"publish","type":"page","link":"https:\/\/test.feurich.com\/es\/sobre-nosotros\/grupo-de-expertos\/","title":{"rendered":"Grupo de expertos"},"content":{"rendered":"<div class=\"wpb-content-wrapper\"><div  class=\"sec_row container\"><div class=\"vc_row wpb_row vc_row-fluid\"><div class=\"wpb_column vc_column_container vc_col-sm-2 et-dark-column\"><div class=\"vc_column-inner\"><div class=\"wpb_wrapper\"><\/div><\/div><\/div><div class=\"wpb_column vc_column_container vc_col-sm-8 et-dark-column\"><div class=\"vc_column-inner\"><div class=\"wpb_wrapper\"><div class=\"vc_empty_space\"   style=\"height: 44px\"><span class=\"vc_empty_space_inner\"><\/span><\/div>\n\t<div class=\"wpb_text_column wpb_content_element   big-title\" >\n\t\t<div class=\"wpb_wrapper\">\n\t\t\t<p style=\"text-align: center;\">Grupo de expertos FEURICH<\/p>\n\n\t\t<\/div>\n\t<\/div>\n<div class=\"vc_empty_space\"   style=\"height: 24px\"><span class=\"vc_empty_space_inner\"><\/span><\/div>\n\t<div class=\"wpb_text_column wpb_content_element  \" >\n\t\t<div class=\"wpb_wrapper\">\n\t\t\t<p><span style=\"font-size: 14pt;\">Quien posee grandes visiones y tiene el dominio absoluto del oficio puede impulsar verdaderas innovaciones. Les presentamos con orgullo a nuestro equipo internacional de expertos, conformado por verdaderos maestros y maestras en su oficio con gran capacidad de superaci\u00f3n, siempre en la b\u00fasqueda de soluciones completamente nuevas e innovadoras.<\/span><\/p>\n<p><span style=\"font-size: 14pt;\">Todos ellos reciben el apoyo incondicional y permanente de todo nuestro equipo FEURICH<\/span><\/p>\n\n\t\t<\/div>\n\t<\/div>\n<div class=\"vc_empty_space\"   style=\"height: 24px\"><span class=\"vc_empty_space_inner\"><\/span><\/div><\/div><\/div><\/div><div class=\"wpb_column vc_column_container vc_col-sm-2 et-dark-column\"><div class=\"vc_column-inner\"><div class=\"wpb_wrapper\"><\/div><\/div><\/div><\/div><\/div><div  class=\"sec_row container\"><div class=\"vc_row wpb_row vc_row-fluid\"><div class=\"wpb_column vc_column_container vc_col-sm-4 et-dark-column\"><div class=\"vc_column-inner\"><div class=\"wpb_wrapper\">\n\t<div  class=\"wpb_single_image wpb_content_element vc_align_center\">\n\t\t\n\t\t<figure class=\"wpb_wrapper vc_figure\">\n\t\t\t<a href=\"?page_id=12224\" target=\"_self\" class=\"vc_single_image-wrapper   vc_box_border_grey\"><img decoding=\"async\" class=\"vc_single_image-img \" src=\"https:\/\/test.feurich.com\/wp-content\/uploads\/Jo\u0308rg_Wachler-360x260.jpg\" width=\"360\" height=\"260\" alt=\"J\u00f6rg Wachler\" title=\"Jo\u0308rg_Wachler\" loading=\"lazy\" \/><\/a>\n\t\t<\/figure>\n\t<\/div>\n\n\t<div class=\"wpb_text_column wpb_content_element   products-title\" >\n\t\t<div class=\"wpb_wrapper\">\n\t\t\t<p><a href=\"?page_id=12224\">J\u00f6rg Wachler<\/a><\/p>\n\n\t\t<\/div>\n\t<\/div>\n\n\t<div class=\"wpb_text_column wpb_content_element  \" >\n\t\t<div class=\"wpb_wrapper\">\n\t\t\t<div><strong>Jefe Entonador de FEURICH Viena &amp; Afinador de Conciertos<\/strong><\/div>\n<p>J\u00f6rg Wachler es responsable de la preparaci\u00f3n final de los pianos en las instalaciones de producci\u00f3n de FEURICH en Viena. All\u00ed fluyen constantemente nuevas ideas t\u00e9cnicas sobre temas de color y entonaci\u00f3n. J\u00f6rg est\u00e1 en constante comunicaci\u00f3n con nuestro equipo y nuestros socios de todo el mundo. <a href=\"https:\/\/www.feurich.com\/es\/sobre-nosotros\/grupo-de-expertos\/jorg-wachler\/\">M\u00e1s sobre J\u00f6rg Wachler<\/a><\/p>\n\n\t\t<\/div>\n\t<\/div>\n<\/div><\/div><\/div><div class=\"wpb_column vc_column_container vc_col-sm-4 et-dark-column\"><div class=\"vc_column-inner\"><div class=\"wpb_wrapper\">\n\t<div  class=\"wpb_single_image wpb_content_element vc_align_center\">\n\t\t\n\t\t<figure class=\"wpb_wrapper vc_figure\">\n\t\t\t<a href=\"?page_id=12202\" target=\"_self\" class=\"vc_single_image-wrapper   vc_box_border_grey\"><img decoding=\"async\" class=\"vc_single_image-img \" src=\"https:\/\/test.feurich.com\/wp-content\/uploads\/Sibin_Zlatkovic-360x260.jpg\" width=\"360\" height=\"260\" alt=\"Sibin Zlatkovic\" title=\"Sibin Zlatkovic\" loading=\"lazy\" \/><\/a>\n\t\t<\/figure>\n\t<\/div>\n\n\t<div class=\"wpb_text_column wpb_content_element   products-title\" >\n\t\t<div class=\"wpb_wrapper\">\n\t\t\t<p><a class=\"mega-menu-link\" href=\"?page_id=12202\">Sibin Zlatkovic<\/a><\/p>\n\n\t\t<\/div>\n\t<\/div>\n\n\t<div class=\"wpb_text_column wpb_content_element  \" >\n\t\t<div class=\"wpb_wrapper\">\n\t\t\t<div><strong>Jefe Entonador FEURICH &amp; Afinador de Conciertos<\/strong><\/div>\n<p>Sibin Zlatkovic es responsable a nivel internacional de la educaci\u00f3n y el perfeccionamiento de nuestros t\u00e9cnicos de piano y socios de FEURICH. Junto con Joerg Wachler y St\u00e9phane Boussuge se sit\u00faa a la cabeza de nuestro equipo responsable del sonido y preparaci\u00f3n de los instrumentos. Su trabajo tiene como meta fundamental el logro del t\u00edpico sonido vien\u00e9s, lleno de matices, din\u00e1mico y de gran duraci\u00f3n. <a href=\"https:\/\/www.feurich.com\/es\/sobre-nosotros\/grupo-de-expertos\/sibin-zlatkovic\/\">M\u00e1s sobre Sibin Zlatkovic<\/a><\/p>\n\n\t\t<\/div>\n\t<\/div>\n<\/div><\/div><\/div><div class=\"wpb_column vc_column_container vc_col-sm-4 et-dark-column\"><div class=\"vc_column-inner\"><div class=\"wpb_wrapper\">\n\t<div  class=\"wpb_single_image wpb_content_element vc_align_center   info-img\">\n\t\t\n\t\t<figure class=\"wpb_wrapper vc_figure\">\n\t\t\t<a href=\"?page_id=12204\" target=\"_self\" class=\"vc_single_image-wrapper   vc_box_border_grey\"><img decoding=\"async\" class=\"vc_single_image-img \" src=\"https:\/\/test.feurich.com\/wp-content\/uploads\/featured-360x260.jpg\" width=\"360\" height=\"260\" alt=\"Boussuge\" title=\"Boussuge\" loading=\"lazy\" \/><\/a>\n\t\t<\/figure>\n\t<\/div>\n\n\t<div class=\"wpb_text_column wpb_content_element   products-title\" >\n\t\t<div class=\"wpb_wrapper\">\n\t\t\t<p><a href=\"?page_id=12204\">St\u00e9phane Boussuge<\/a><\/p>\n\n\t\t<\/div>\n\t<\/div>\n\n\t<div class=\"wpb_text_column wpb_content_element  \" >\n\t\t<div class=\"wpb_wrapper\">\n\t\t\t<div><strong>Jefe Entonador de FEURICH Viena &amp; Afinador de Conciertos<\/strong><\/div>\n<p>St\u00e9phane Boussuge con su gran habilidad y conocimientos como entonador, experto en regulaci\u00f3n y afinador para conciertos, es responsable de la preparaci\u00f3n sonora de los instrumentos FEURICH. Su trabajo despierta gran admiraci\u00f3n de pianistas como t\u00e9cnicos de piano de todo el mundo. <a href=\"https:\/\/www.feurich.com\/es\/sobre-nosotros\/grupo-de-expertos\/stephane-boussouge\/\">M\u00e1s sobre St\u00e9phane Boussuge<\/a><\/p>\n\n\t\t<\/div>\n\t<\/div>\n<\/div><\/div><\/div><\/div><\/div><div  class=\"sec_row container\"><div class=\"vc_row wpb_row vc_row-fluid\"><div class=\"wpb_column vc_column_container vc_col-sm-4 et-dark-column\"><div class=\"vc_column-inner\"><div class=\"wpb_wrapper\">\n\t<div  class=\"wpb_single_image wpb_content_element vc_align_center\">\n\t\t\n\t\t<figure class=\"wpb_wrapper vc_figure\">\n\t\t\t<div class=\"vc_single_image-wrapper   vc_box_border_grey\"><img decoding=\"async\" class=\"vc_single_image-img \" src=\"https:\/\/test.feurich.com\/wp-content\/uploads\/Claire-Paulello-360x260.jpg\" width=\"360\" height=\"260\" alt=\"Claire Paulello\" title=\"Claire Paulello\" loading=\"lazy\" \/><\/div>\n\t\t<\/figure>\n\t<\/div>\n\n\t<div class=\"wpb_text_column wpb_content_element   products-title\" >\n\t\t<div class=\"wpb_wrapper\">\n\t\t\t<p><a class=\"mega-menu-link\">Claire Paulello<\/a><\/p>\n\n\t\t<\/div>\n\t<\/div>\n\n\t<div class=\"wpb_text_column wpb_content_element  \" >\n\t\t<div class=\"wpb_wrapper\">\n\t\t\t<div><strong>Dise\u00f1adora de pianos, Villethierry\/Francia<\/strong><\/div>\n<p>Claire Paulello es una ebanista diplomada con gran experiencia en dibujo t\u00e9cnico. A trav\u00e9s de su vasta experiencia en restauraci\u00f3n de instrumentos antiguos ha obtenido valiosa experiencia y profundo conocimiento sobre la interacci\u00f3n formas con materiales. Claire es especialista en dibujos computarizados en 2D y 3D de pianos y pianos de cola.<\/p>\n\n\t\t<\/div>\n\t<\/div>\n<\/div><\/div><\/div><div class=\"wpb_column vc_column_container vc_col-sm-4 et-dark-column\"><div class=\"vc_column-inner\"><div class=\"wpb_wrapper\">\n\t<div  class=\"wpb_single_image wpb_content_element vc_align_center\">\n\t\t\n\t\t<figure class=\"wpb_wrapper vc_figure\">\n\t\t\t<a href=\"?page_id=12209\" target=\"_self\" class=\"vc_single_image-wrapper   vc_box_border_grey\"><img decoding=\"async\" class=\"vc_single_image-img \" src=\"https:\/\/test.feurich.com\/wp-content\/uploads\/Stepehen_Paulello-360x260.jpg\" width=\"360\" height=\"260\" alt=\"Stephen Paulello\" title=\"Stephen Paulello\" loading=\"lazy\" \/><\/a>\n\t\t<\/figure>\n\t<\/div>\n\n\t<div class=\"wpb_text_column wpb_content_element   products-title\" >\n\t\t<div class=\"wpb_wrapper\">\n\t\t\t<p><a class=\"mega-menu-link\" href=\"?page_id=12209\">Stephen Paulello<\/a><\/p>\n\n\t\t<\/div>\n\t<\/div>\n\n\t<div class=\"wpb_text_column wpb_content_element  \" >\n\t\t<div class=\"wpb_wrapper\">\n\t\t\t<p><strong>Pianista de concierto y constructor de pianos, Villethierry, Francia<\/strong><\/p>\n<p>Stephen Paulello ha apoyado a FEURICH desde 2006 como dise\u00f1ador y experto en pianos y es el innovador por excelencia en el campo de la fabricaci\u00f3n de piano cl\u00e1sico. El piano de cola de FEURICH Mod. 218 &#8211; Concierto I fue dise\u00f1ado por \u00e9l y su esposa Claire Paulello, as\u00ed como la versi\u00f3n final del 4\u00ba pedal &#8220;P\u00e9dale Harmonique&#8221; y otros elementos esenciales en la construcci\u00f3n de nuestros instrumentos FEURICH.\u00a0<a href=\"https:\/\/www.feurich.com\/es\/sobre-nosotros\/grupo-de-expertos\/stephen-paulello\/\">M\u00e1s sobre Stephen Paulello<\/a><\/p>\n\n\t\t<\/div>\n\t<\/div>\n<\/div><\/div><\/div><div class=\"wpb_column vc_column_container vc_col-sm-4 et-dark-column\"><div class=\"vc_column-inner\"><div class=\"wpb_wrapper\">\n\t<div  class=\"wpb_single_image wpb_content_element vc_align_center\">\n\t\t\n\t\t<figure class=\"wpb_wrapper vc_figure\">\n\t\t\t<a href=\"?page_id=12216\" target=\"_self\" class=\"vc_single_image-wrapper   vc_box_border_grey\"><img decoding=\"async\" class=\"vc_single_image-img \" src=\"https:\/\/test.feurich.com\/wp-content\/uploads\/DSC_0160-scaled-360x260.jpg\" width=\"360\" height=\"260\" alt=\"J\u00f6rg Hauser_FEURICH-Expert\" title=\"J\u00f6rg Hauser\" loading=\"lazy\" \/><\/a>\n\t\t<\/figure>\n\t<\/div>\n\n\t<div class=\"wpb_text_column wpb_content_element   products-title\" >\n\t\t<div class=\"wpb_wrapper\">\n\t\t\t<p><a class=\"mega-menu-link\" href=\"?page_id=12216\">J\u00f6rg Hauser<\/a><\/p>\n\n\t\t<\/div>\n\t<\/div>\n\n\t<div class=\"wpb_text_column wpb_content_element  \" >\n\t\t<div class=\"wpb_wrapper\">\n\t\t\t<p><strong>Maestro contructor de pianos y cembalos, Aldingen \/ Alemania<\/strong><\/p>\n<p>J\u00f6rg Hauser es parte del equipo de desarrollo de FEURICH y responsable de varias innovaciones en la construcci\u00f3n de los pianos FEURICH. Como ejemplo, el \u201eSchw\u00e4bische Pedalsystem\u201c (sistema de pedal de Suabia) o el desmontaje singularmente simple del mueble, se encuentran entre sus contribuciones al moderno dise\u00f1o de pianos.\u00a0<a href=\"https:\/\/www.feurich.com\/es\/sobre-nosotros\/grupo-de-expertos\/jorg-hauser\/\">M\u00e1s sobre J\u00f6rg Hauser<\/a><\/p>\n\n\t\t<\/div>\n\t<\/div>\n<\/div><\/div><\/div><\/div><\/div><div  class=\"sec_row container\"><div class=\"vc_row wpb_row vc_row-fluid\"><div class=\"wpb_column vc_column_container vc_col-sm-4 et-dark-column\"><div class=\"vc_column-inner\"><div class=\"wpb_wrapper\">\n\t<div  class=\"wpb_single_image wpb_content_element vc_align_center\">\n\t\t\n\t\t<figure class=\"wpb_wrapper vc_figure\">\n\t\t\t<a href=\"?page_id=20193\" target=\"_self\" class=\"vc_single_image-wrapper   vc_box_border_grey\"><img decoding=\"async\" class=\"vc_single_image-img \" src=\"https:\/\/test.feurich.com\/wp-content\/uploads\/Vladislav-and-Oleg-Mikucionok-1-360x260.jpg\" width=\"360\" height=\"260\" alt=\"Vladislav and Oleg Mikucionok KLAVIERmanufaktur\" title=\"Vladislav and Oleg Mikucionok 1\" loading=\"lazy\" \/><\/a>\n\t\t<\/figure>\n\t<\/div>\n\n\t<div class=\"wpb_text_column wpb_content_element   products-title\" >\n\t\t<div class=\"wpb_wrapper\">\n\t\t\t<p><a href=\"?page_id=20193\">Vladislav &amp; Oleg Mikucionok<\/a><\/p>\n\n\t\t<\/div>\n\t<\/div>\n\n\t<div class=\"wpb_text_column wpb_content_element  \" >\n\t\t<div class=\"wpb_wrapper\">\n\t\t\t<div data-canvas-width=\"324.0569125915081\"><strong>Piano Technician and Master Piano Builder, FEURICH Production Vienna<br \/>\n<\/strong><\/div>\n<p>Vladislav Mikucionok is a piano technician and the leader of our production centre in Vienna. His father, the master piano builder Oleg Mikucionok, passes on his knowledge to the next generation and trains our apprentices in the factory in Vienna. <a href=\"?page_id=20193\">More about Vladislav and Oleg Mikucionok<\/a><\/p>\n\n\t\t<\/div>\n\t<\/div>\n<\/div><\/div><\/div><div class=\"wpb_column vc_column_container vc_col-sm-4 et-dark-column\"><div class=\"vc_column-inner\"><div class=\"wpb_wrapper\">\n\t<div  class=\"wpb_single_image wpb_content_element vc_align_center\">\n\t\t\n\t\t<figure class=\"wpb_wrapper vc_figure\">\n\t\t\t<a href=\"?page_id=12206\" target=\"_self\" class=\"vc_single_image-wrapper   vc_box_border_grey\"><img decoding=\"async\" class=\"vc_single_image-img \" src=\"https:\/\/test.feurich.com\/wp-content\/uploads\/Wang_Jing-360x260.jpg\" width=\"360\" height=\"260\" alt=\"WANG Jing\" title=\"Wang Jing\" loading=\"lazy\" \/><\/a>\n\t\t<\/figure>\n\t<\/div>\n\n\t<div class=\"wpb_text_column wpb_content_element   products-title\" >\n\t\t<div class=\"wpb_wrapper\">\n\t\t\t<p><a href=\"?page_id=12206\">Mag.<sup>a<\/sup>\u00a0Wang Jing<\/a><\/p>\n\n\t\t<\/div>\n\t<\/div>\n\n\t<div class=\"wpb_text_column wpb_content_element  \" >\n\t\t<div class=\"wpb_wrapper\">\n\t\t\t<p><strong>Gesti\u00f3n &amp; Comunicaci\u00f3n KLAVIERmanufaktur FEURICH Viena<\/strong><\/p>\n<p>WANG Jing es directora administrativa y de operaciones de la &#8220;KLAVIERmanufaktur FEURICH&#8221; en Viena. Su gran talento organizativo y sus habilidades en la gesti\u00f3n son \u00fanicos.\u00a0<a href=\"https:\/\/www.feurich.com\/es\/sobre-nosotros\/grupo-de-expertos\/wang-jing\/\">M\u00e1s sobre Wang Jing<\/a><\/p>\n\n\t\t<\/div>\n\t<\/div>\n<\/div><\/div><\/div><div class=\"wpb_column vc_column_container vc_col-sm-4 et-dark-column\"><div class=\"vc_column-inner\"><div class=\"wpb_wrapper\">\n\t<div  class=\"wpb_single_image wpb_content_element vc_align_center\">\n\t\t\n\t\t<figure class=\"wpb_wrapper vc_figure\">\n\t\t\t<a href=\"?page_id=12221\" target=\"_self\" class=\"vc_single_image-wrapper   vc_box_border_grey\"><img decoding=\"async\" class=\"vc_single_image-img \" src=\"https:\/\/test.feurich.com\/wp-content\/uploads\/Udo-Kamm-e1505666597852-360x260.jpg\" width=\"360\" height=\"260\" alt=\"Udo Kamm_FEURICH-Expert\" title=\"Udo Kamm\" loading=\"lazy\" \/><\/a>\n\t\t<\/figure>\n\t<\/div>\n\n\t<div class=\"wpb_text_column wpb_content_element   products-title\" >\n\t\t<div class=\"wpb_wrapper\">\n\t\t\t<p><a class=\"mega-menu-link\" href=\"?page_id=12221\">Udo Kamm<\/a><\/p>\n\n\t\t<\/div>\n\t<\/div>\n\n\t<div class=\"wpb_text_column wpb_content_element  \" >\n\t\t<div class=\"wpb_wrapper\">\n\t\t\t<p><strong>Maestro Constructor de Pianos e Inventor, Kirchhain \/ Alemania<\/strong><\/p>\n<p>Udo Kamm es un ingenioso inventor y autor intelectual de numerosas innovaciones en el campo de los pianos ac\u00fasticos.\u00a0\u00a0<a href=\"https:\/\/www.feurich.com\/es\/sobre-nosotros\/grupo-de-expertos\/udo-kamm\/\">M\u00e1s sobre Udo Kamm<\/a><\/p>\n\n\t\t<\/div>\n\t<\/div>\n<\/div><\/div><\/div><\/div><\/div><div  class=\"sec_row container\"><div class=\"vc_row wpb_row vc_row-fluid\"><div class=\"wpb_column vc_column_container vc_col-sm-12 et-dark-column\"><div class=\"vc_column-inner\"><div class=\"wpb_wrapper\"><div class=\"vc_empty_space\"   style=\"height: 52px\"><span class=\"vc_empty_space_inner\"><\/span><\/div><\/div><\/div><\/div><\/div><\/div>\n<\/div>","protected":false},"excerpt":{"rendered":"<p>Quien posee grandes visiones y tiene el dominio absoluto del oficio puede impulsar verdaderas innovaciones: El grupo internacional de expertos de FEURICH<\/p>\n","protected":false},"author":4,"featured_media":0,"parent":12168,"menu_order":0,"comment_status":"closed","ping_status":"closed","template":"template-fullwidth.php","meta":{"inline_featured_image":false,"footnotes":""},"class_list":["post-12255","page","type-page","status-publish","hentry"],"acf":[],"_links":{"self":[{"href":"https:\/\/test.feurich.com\/es\/wp-json\/wp\/v2\/pages\/12255"}],"collection":[{"href":"https:\/\/test.feurich.com\/es\/wp-json\/wp\/v2\/pages"}],"about":[{"href":"https:\/\/test.feurich.com\/es\/wp-json\/wp\/v2\/types\/page"}],"author":[{"embeddable":true,"href":"https:\/\/test.feurich.com\/es\/wp-json\/wp\/v2\/users\/4"}],"replies":[{"embeddable":true,"href":"https:\/\/test.feurich.com\/es\/wp-json\/wp\/v2\/comments?post=12255"}],"version-history":[{"count":69,"href":"https:\/\/test.feurich.com\/es\/wp-json\/wp\/v2\/pages\/12255\/revisions"}],"predecessor-version":[{"id":24828,"href":"https:\/\/test.feurich.com\/es\/wp-json\/wp\/v2\/pages\/12255\/revisions\/24828"}],"up":[{"embeddable":true,"href":"https:\/\/test.feurich.com\/es\/wp-json\/wp\/v2\/pages\/12168"}],"wp:attachment":[{"href":"https:\/\/test.feurich.com\/es\/wp-json\/wp\/v2\/media?parent=12255"}],"curies":[{"name":"wp","href":"https:\/\/api.w.org\/{rel}","templated":true}]}}