{"id":12300,"date":"2018-02-26T18:24:31","date_gmt":"2018-02-26T18:24:31","guid":{"rendered":"https:\/\/www.feurich.com\/referencias\/premios\/"},"modified":"2018-12-12T10:45:53","modified_gmt":"2018-12-12T10:45:53","slug":"premios","status":"publish","type":"page","link":"https:\/\/test.feurich.com\/es\/referencias\/premios\/","title":{"rendered":"Premios"},"content":{"rendered":"<div class=\"wpb-content-wrapper\"><div  class=\"sec_row container\"><div class=\"vc_row wpb_row vc_row-fluid\"><div class=\"wpb_column vc_column_container vc_col-sm-12 et-dark-column\"><div class=\"vc_column-inner\"><div class=\"wpb_wrapper\"><div class=\"vc_empty_space\"   style=\"height: 52px\"><span class=\"vc_empty_space_inner\"><\/span><\/div><\/div><\/div><\/div><\/div><\/div><div  class=\"sec_row container\"><div class=\"vc_row wpb_row vc_row-fluid\"><div class=\"wpb_column vc_column_container vc_col-sm-4 et-dark-column\"><div class=\"vc_column-inner\"><div class=\"wpb_wrapper\"><div class=\"vc_empty_space\"   style=\"height: 10px\"><span class=\"vc_empty_space_inner\"><\/span><\/div>\n\t<div  class=\"wpb_single_image wpb_content_element vc_align_center\">\n\t\t\n\t\t<figure class=\"wpb_wrapper vc_figure\">\n\t\t\t<div class=\"vc_single_image-wrapper   vc_box_border_grey\"><img decoding=\"async\" class=\"vc_single_image-img \" src=\"https:\/\/test.feurich.com\/wp-content\/uploads\/diapason-or-1-220x220.png\" width=\"220\" height=\"220\" alt=\"diapason D&#039;OR, LOGO\" title=\"diapason D&#039;OR\" loading=\"lazy\" \/><\/div>\n\t\t<\/figure>\n\t<\/div>\n<\/div><\/div><\/div><div class=\"wpb_column vc_column_container vc_col-sm-8 et-dark-column\"><div class=\"vc_column-inner\"><div class=\"wpb_wrapper\">\n\t<div class=\"wpb_text_column wpb_content_element   big-title\" >\n\t\t<div class=\"wpb_wrapper\">\n\t\t\t<p style=\"text-align: left;\">DIAPASON D\u2019OR<\/p>\n\n\t\t<\/div>\n\t<\/div>\n\n\t<div class=\"wpb_text_column wpb_content_element  \" >\n\t\t<div class=\"wpb_wrapper\">\n\t\t\t<p>La reconocida revista de piano francesa <a href=\"https:\/\/www.diapasonmag.fr\">Diapason<\/a> entrega premios mensuales para grabaciones de m\u00fasica cl\u00e1sica, as\u00ed como premios anuales para pianos verticales y de cola. Aparte del premio alem\u00e1n &#8220;deutschen Schallplattenkritik&#8221; y el ingl\u00e9s &#8221; Gramophone Award&#8221;, el &#8220;Diapason D&#8217;OR&#8221; es uno de los premios m\u00e1s prestigiosos para grabaciones de m\u00fasica cl\u00e1sica hoy, en el mundo.<\/p>\n<p>Para los premios de piano, se establecen condiciones especiales, como tocar los pianos con los ojos vendados y en entornos ac\u00fasticos id\u00e9nticos.<\/p>\n<h3>Los pianos FEURICH han recibido tres premios Diapason D&#8217;OR hasta la fecha:<\/h3>\n<p><strong><span style=\"font-size: 14pt;\">En el 2007 y en el 2011: FEURICH 122 &#8211; Universal<\/span><\/strong><\/p>\n<p>Encuentre un PDF con los resultados originales del 2011 y su traducci\u00f3n <a href=\"\/wp-content\/uploads\/DIAPASON-2011-fu\u0308r-FEURICH-122-Deutsch.pdf\" target=\"_blank\" rel=\"noopener\">AQU\u00cd<\/a>.<\/p>\n<p><span style=\"font-size: 14pt;\"><strong>Y en el 2008: el FEURICH 178\u00a0<\/strong><\/span> (predecesor del nuevo FEURICH 179 &#8211; Dynamic II)<\/p>\n<p>Recibimos el premio por el modelo\u00a0 FEURICH 178 &#8211; Professional II. . Para nosotros en FEURICH, no solo fue la confirmaci\u00f3n de la calidad de nuestro trabajo, sino tambi\u00e9n, fuente de inspiraci\u00f3n para perfeccionar a\u00fan m\u00e1s este gran instrumento. En su sucesor, el FEURICH 179 &#8211; Dynamic II, han sido integradadas numerosas mejoras e innovaciones.<\/p>\n<p>Encuentrar\u00e1 un PDF con art\u00edculos originales y su traducci\u00f3n <a href=\"\/wp-content\/uploads\/DIAPASON-2008-fu\u0308r-FEURICH-178-Deutsch.pdf\" target=\"_blank\" rel=\"noopener\">AQU\u00cc<\/a>.<\/p>\n\n\t\t<\/div>\n\t<\/div>\n<\/div><\/div><\/div><\/div><\/div><div  class=\"sec_row container\"><div class=\"vc_row wpb_row vc_row-fluid\"><div class=\"wpb_column vc_column_container vc_col-sm-4 et-dark-column\"><div class=\"vc_column-inner\"><div class=\"wpb_wrapper\"><div class=\"vc_empty_space\"   style=\"height: 42px\"><span class=\"vc_empty_space_inner\"><\/span><\/div>\n\t<div  class=\"wpb_single_image wpb_content_element vc_align_center\">\n\t\t\n\t\t<figure class=\"wpb_wrapper vc_figure\">\n\t\t\t<div class=\"vc_single_image-wrapper   vc_box_border_grey\"><img loading=\"lazy\" decoding=\"async\" width=\"300\" height=\"156\" src=\"https:\/\/test.feurich.com\/wp-content\/uploads\/Pianiste_Maestro_Logo-300x156.jpg\" class=\"vc_single_image-img attachment-medium\" alt=\"\" title=\"Pianiste_Maestro_Logo\" srcset=\"https:\/\/test.feurich.com\/wp-content\/uploads\/Pianiste_Maestro_Logo-300x156.jpg 300w, https:\/\/test.feurich.com\/wp-content\/uploads\/Pianiste_Maestro_Logo.jpg 350w\" sizes=\"(max-width: 300px) 100vw, 300px\" \/><\/div>\n\t\t<\/figure>\n\t<\/div>\n<\/div><\/div><\/div><div class=\"wpb_column vc_column_container vc_col-sm-8 et-dark-column\"><div class=\"vc_column-inner\"><div class=\"wpb_wrapper\"><div class=\"vc_empty_space\"   style=\"height: 32px\"><span class=\"vc_empty_space_inner\"><\/span><\/div>\n\t<div class=\"wpb_text_column wpb_content_element   big-title\" >\n\t\t<div class=\"wpb_wrapper\">\n\t\t\t<p style=\"text-align: left;\">PIANISTE MAESTRO<\/p>\n\n\t\t<\/div>\n\t<\/div>\n\n\t<div class=\"wpb_text_column wpb_content_element  \" >\n\t\t<div class=\"wpb_wrapper\">\n\t\t\t<p>La revista francesa de pianos <a href=\"https:\/\/www.facebook.com\/pianistemag\/\">Pianiste<\/a>, reconocida internacionalmente, prueba y revisa regularmente nuevos pianos del mercado. Incluso se indican posibles deficiencias en productos de fabricantes de gama alta.<\/p>\n<p><strong>Nuestro nuevo e innovador modelo FEURICH 123 &#8211; Vienna fue convincente en todos los aspectos siendo galardonado con el t\u00edtulo &#8220;PIANISTE MAESTRO&#8221;.<\/strong><\/p>\n\n\t\t<\/div>\n\t<\/div>\n<\/div><\/div><\/div><\/div><\/div><div  class=\"sec_row container\"><div class=\"vc_row wpb_row vc_row-fluid\"><div class=\"wpb_column vc_column_container vc_col-sm-12 et-dark-column\"><div class=\"vc_column-inner\"><div class=\"wpb_wrapper\"><div class=\"vc_empty_space\"   style=\"height: 26px\"><span class=\"vc_empty_space_inner\"><\/span><\/div><\/div><\/div><\/div><\/div><\/div>\n<\/div>","protected":false},"excerpt":{"rendered":"DIAPASON D\u2019OR La reconocida revista de piano francesa Diapason entrega premios mensuales para grabaciones de m\u00fasica cl\u00e1sica, as\u00ed como premios anuales para pianos verticales y de cola. Aparte del premio alem\u00e1n \"deutschen Schallplattenkritik\" y el ingl\u00e9s \" Gramophone Award\", el \"Diapason D'OR\" es uno de los premios m\u00e1s prestigiosos para&hellip;","protected":false},"author":4,"featured_media":0,"parent":12287,"menu_order":0,"comment_status":"closed","ping_status":"closed","template":"template-fullwidth.php","meta":{"inline_featured_image":false,"footnotes":""},"class_list":["post-12300","page","type-page","status-publish","hentry"],"acf":[],"_links":{"self":[{"href":"https:\/\/test.feurich.com\/es\/wp-json\/wp\/v2\/pages\/12300"}],"collection":[{"href":"https:\/\/test.feurich.com\/es\/wp-json\/wp\/v2\/pages"}],"about":[{"href":"https:\/\/test.feurich.com\/es\/wp-json\/wp\/v2\/types\/page"}],"author":[{"embeddable":true,"href":"https:\/\/test.feurich.com\/es\/wp-json\/wp\/v2\/users\/4"}],"replies":[{"embeddable":true,"href":"https:\/\/test.feurich.com\/es\/wp-json\/wp\/v2\/comments?post=12300"}],"version-history":[{"count":24,"href":"https:\/\/test.feurich.com\/es\/wp-json\/wp\/v2\/pages\/12300\/revisions"}],"predecessor-version":[{"id":21043,"href":"https:\/\/test.feurich.com\/es\/wp-json\/wp\/v2\/pages\/12300\/revisions\/21043"}],"up":[{"embeddable":true,"href":"https:\/\/test.feurich.com\/es\/wp-json\/wp\/v2\/pages\/12287"}],"wp:attachment":[{"href":"https:\/\/test.feurich.com\/es\/wp-json\/wp\/v2\/media?parent=12300"}],"curies":[{"name":"wp","href":"https:\/\/api.w.org\/{rel}","templated":true}]}}