{"id":12480,"date":"2018-03-01T16:42:42","date_gmt":"2018-03-01T16:42:42","guid":{"rendered":"https:\/\/www.feurich.com\/productos\/classic-pianos\/piano-mod-125-design\/"},"modified":"2019-02-06T12:32:01","modified_gmt":"2019-02-06T12:32:01","slug":"piano-mod-125-design","status":"publish","type":"page","link":"https:\/\/test.feurich.com\/es\/productos\/classic-pianos\/piano-mod-125-design\/","title":{"rendered":"Piano 125 \u2013 Design"},"content":{"rendered":"<div class=\"wpb-content-wrapper\"><div  class=\"sec_row container\"><div class=\"vc_row wpb_row vc_row-fluid\"><div class=\"wpb_column vc_column_container vc_col-sm-12 et-dark-column\"><div class=\"vc_column-inner\"><div class=\"wpb_wrapper\">\n\t<div class=\"wpb_text_column wpb_content_element   no-bottom-margin\" >\n\t\t<div class=\"wpb_wrapper\">\n\t\t\t<p>[class_piano_menu] <\/p>\n\n\t\t<\/div>\n\t<\/div>\n\n\t<div class=\"wpb_text_column wpb_content_element  \" >\n\t\t<div class=\"wpb_wrapper\">\n\t\t\t<div class=\"as-styles-warning\" style=\"width: 450px; background-color: #FFF; color: #F00; border: 1px solid #F00; padding: 10px; font-size: 14px;\">\n\t\t\t<span style=\"font-weight: bold;\">Warning: The stylesheets were not loaded!<\/span> \n\t\t\tYou will need to change the <i>Load stylesheets<\/i> setting from <i>Automatically<\/i> to <i>On homepage<\/i> or <i>On all pages<\/i>. \n\t\t\tYou can set that <a style=\"text-decoration: underline; color: #F00;\" href=\"https:\/\/test.feurich.com\/wp-admin\/admin.php?page=accordion-slider-lite-settings\">here<\/a>.\n\t\t\t<\/div>\r\n<div id=\"accordion-slider-6\" class=\"accordion-slider as-no-js\" style=\"width: 100%px; height: 440px;\">\r\n\t<div class=\"as-panels\">\r\n\t\t\r\n\t\t<div class=\"as-panel\">\r\n\t\t\t<img loading=\"lazy\" decoding=\"async\" class=\"as-background\" src=\"\/wp-content\/uploads\/FEURICH-Mod.-125-Design-HGM_2.jpg\" alt=\"FEURICH Mod. 125 - Design HGM_2\" title=\"FEURICH Mod. 125 - Design HGM_2\" width=\"661\" height=\"440\" \/>\r\n\t\t<\/div>\r\n\t\t<div class=\"as-panel\">\r\n\t\t\t<img loading=\"lazy\" decoding=\"async\" class=\"as-background\" src=\"\/wp-content\/uploads\/FEURICH-Mod.-125-Design-HGM_4.jpg\" alt=\"FEURICH Mod. 125 - Design HGM_4\" title=\"FEURICH Mod. 125 - Design HGM_4\" width=\"404\" height=\"440\" \/>\r\n\t\t<\/div>\r\n\t\t<div class=\"as-panel\">\r\n\t\t\t<img loading=\"lazy\" decoding=\"async\" class=\"as-background\" src=\"\/wp-content\/uploads\/FEURICH-Mod.-125-Design-HGM_3.jpg\" alt=\"FEURICH Mod. 125 - Design HGM_3\" title=\"FEURICH Mod. 125 - Design HGM_3\" width=\"293\" height=\"440\" \/>\r\n\t\t<\/div>\r\n\t\t<div class=\"as-panel\">\r\n\t\t\t<img loading=\"lazy\" decoding=\"async\" class=\"as-background\" src=\"\/wp-content\/uploads\/FEURICH-Mod.-125-Design-legswheels-pedals.jpg\" alt=\"FEURICH Mod. 125 - Design, legs wheels pedals\" title=\"FEURICH Mod. 125 - Design, legs wheels pedals\" width=\"800\" height=\"1180\" \/>\r\n\t\t<\/div>\r\n\t\t<div class=\"as-panel\">\r\n\t\t\t<img loading=\"lazy\" decoding=\"async\" class=\"as-background\" src=\"\/wp-content\/uploads\/FEURICH-Mod.-125-Design-Detail_6e.jpg\" alt=\"FEURICH Mod. 125 - Design, hammers frame\" title=\"FEURICH Mod. 125 - Design, hammers frame\" width=\"293\" height=\"440\" \/>\r\n\t\t<\/div>\r\n\t<\/div>\r\n<\/div>\n\n\t\t<\/div>\n\t<\/div>\n<\/div><\/div><\/div><\/div><\/div><!-- Row Backgrounds --><div  class=\"sec_row container\"><div class=\"vc_row wpb_row vc_row-fluid\"><div class=\"wpb_column vc_column_container vc_col-sm-4 et-dark-column\"><div class=\"vc_column-inner\"><div class=\"wpb_wrapper\">\n\t<div class=\"wpb_text_column wpb_content_element   piano-title\" >\n\t\t<div class=\"wpb_wrapper\">\n\t\t\t<p>Mod. 125 \u2013 Design<\/p>\n\n\t\t<\/div>\n\t<\/div>\n\n\t<div  class=\"wpb_single_image wpb_content_element vc_align_center  vc_custom_1536072494045\">\n\t\t\n\t\t<figure class=\"wpb_wrapper vc_figure\">\n\t\t\t<a href=\"?page_id=6259\" target=\"_self\" class=\"vc_single_image-wrapper   vc_box_border_grey\"><img decoding=\"async\" class=\"vc_single_image-img \" src=\"https:\/\/test.feurich.com\/wp-content\/uploads\/Mod._125_-_Design_10black_chrome-357x258.png\" width=\"357\" height=\"258\" alt=\"Mod._125_-_Design_#10black_chrome\" title=\"Mod._125_-_Design_#10black_chrome\" loading=\"lazy\" \/><\/a>\n\t\t<\/figure>\n\t<\/div>\n\n\t<div class=\"wpb_text_column wpb_content_element  \" >\n\t\t<div class=\"wpb_wrapper\">\n\t\t\t<p>El modelo FEURICH 125 &#8211; Design es una versi\u00f3n mayor y t\u00e9cnicamente m\u00e1s sofisticada de nuestro Topseller, el modeloFEURICH 122 &#8211; Universal.\u00a0<a href=\"https:\/\/www.feurich.com\/es\/productos\/classic-pianos\/piano-mod-125-design\/mod-125-design-detalles\/\">&gt;&gt; Details<\/a><\/p>\n\n\t\t<\/div>\n\t<\/div>\n<\/div><\/div><\/div><div class=\"wpb_column vc_column_container vc_col-sm-4 et-dark-column\"><div class=\"vc_column-inner\"><div class=\"wpb_wrapper\">\n\t<div class=\"wpb_text_column wpb_content_element   piano-title\" >\n\t\t<div class=\"wpb_wrapper\">\n\t\t\t<p>Detalles t\u00e9cnicos<\/p>\n\n\t\t<\/div>\n\t<\/div>\n\n\t<div  class=\"wpb_single_image wpb_content_element vc_align_center  vc_custom_1536072510811\">\n\t\t\n\t\t<figure class=\"wpb_wrapper vc_figure\">\n\t\t\t<a href=\"?page_id=6259\" target=\"_self\" class=\"vc_single_image-wrapper   vc_box_border_grey\"><img decoding=\"async\" class=\"vc_single_image-img \" src=\"https:\/\/test.feurich.com\/wp-content\/uploads\/masse_125_deutsch.jpg\" width=\"357\" height=\"258\" alt=\"FEURICH Mod. 125 Ma\u00dfe deutsch\" title=\"FEURICH Mod.125 Masse deutsch\" loading=\"lazy\" \/><\/a>\n\t\t<\/figure>\n\t<\/div>\n\n\t<div class=\"wpb_text_column wpb_content_element  \" >\n\t\t<div class=\"wpb_wrapper\">\n\t\t\t<p>Un piano de \u00faltima generaci\u00f3n que impresiona visualmente con su dise\u00f1o simple y hermosa mano de obra.\u00a0<a href=\"https:\/\/www.feurich.com\/es\/productos\/classic-pianos\/piano-mod-125-design\/mod-125-design-detalles\/\">&gt;&gt; Detalles<\/a><\/p>\n\n\t\t<\/div>\n\t<\/div>\n<\/div><\/div><\/div><div class=\"wpb_column vc_column_container vc_col-sm-4 et-dark-column\"><div class=\"vc_column-inner\"><div class=\"wpb_wrapper\">\n\t<div class=\"wpb_text_column wpb_content_element   piano-title\" >\n\t\t<div class=\"wpb_wrapper\">\n\t\t\t<p>Video<\/p>\n\n\t\t<\/div>\n\t<\/div>\n\n\t<div class=\"wpb_text_column wpb_content_element  \" >\n\t\t<div class=\"wpb_wrapper\">\n\t\t\t<p>[feurich_vid youtube=&#8221;pa1pq1r5xLk&#8221; youku=&#8221;XMzg1OTkxODk3Ng==&#8221;]<\/p>\n\n\t\t<\/div>\n\t<\/div>\n\n\t<div class=\"wpb_text_column wpb_content_element  \" >\n\t\t<div class=\"wpb_wrapper\">\n\t\t\t<p>Subir volumen e iniciar video: Les presentamos el sonido, detalles y caracter\u00edsticas especiales del modelo [feurich_vid_link youtube=&#8221;sIvazphBpqk&#8221; youku=&#8221;XMzI4MTMzNzIwNA==&#8221;]FEURICH 125 \u2013 Design[\/feurich_vid_link]<\/p>\n\n\t\t<\/div>\n\t<\/div>\n<\/div><\/div><\/div><\/div><\/div>\n<\/div>","protected":false},"excerpt":{"rendered":"<p>El modelo FEURICH 125 &#8211; Design es una versi\u00f3n mayor y t\u00e9cnicamente m\u00e1s sofisticada de nuestro topseller, el modeloFEURICH 122 &#8211; Universal.<\/p>\n","protected":false},"author":4,"featured_media":8813,"parent":12129,"menu_order":2,"comment_status":"closed","ping_status":"closed","template":"template-fullwidth.php","meta":{"inline_featured_image":false,"footnotes":""},"class_list":["post-12480","page","type-page","status-publish","has-post-thumbnail","hentry"],"acf":[],"_links":{"self":[{"href":"https:\/\/test.feurich.com\/es\/wp-json\/wp\/v2\/pages\/12480"}],"collection":[{"href":"https:\/\/test.feurich.com\/es\/wp-json\/wp\/v2\/pages"}],"about":[{"href":"https:\/\/test.feurich.com\/es\/wp-json\/wp\/v2\/types\/page"}],"author":[{"embeddable":true,"href":"https:\/\/test.feurich.com\/es\/wp-json\/wp\/v2\/users\/4"}],"replies":[{"embeddable":true,"href":"https:\/\/test.feurich.com\/es\/wp-json\/wp\/v2\/comments?post=12480"}],"version-history":[{"count":15,"href":"https:\/\/test.feurich.com\/es\/wp-json\/wp\/v2\/pages\/12480\/revisions"}],"predecessor-version":[{"id":22212,"href":"https:\/\/test.feurich.com\/es\/wp-json\/wp\/v2\/pages\/12480\/revisions\/22212"}],"up":[{"embeddable":true,"href":"https:\/\/test.feurich.com\/es\/wp-json\/wp\/v2\/pages\/12129"}],"wp:featuredmedia":[{"embeddable":true,"href":"https:\/\/test.feurich.com\/es\/wp-json\/wp\/v2\/media\/8813"}],"wp:attachment":[{"href":"https:\/\/test.feurich.com\/es\/wp-json\/wp\/v2\/media?parent=12480"}],"curies":[{"name":"wp","href":"https:\/\/api.w.org\/{rel}","templated":true}]}}