{"id":12613,"date":"2018-03-01T22:14:22","date_gmt":"2018-03-01T22:14:22","guid":{"rendered":"https:\/\/www.feurich.com\/produccion\/feurich-viena\/"},"modified":"2018-04-02T10:15:56","modified_gmt":"2018-04-02T10:15:56","slug":"feurich-viena","status":"publish","type":"page","link":"https:\/\/test.feurich.com\/es\/produccion\/feurich-viena\/","title":{"rendered":"FEURICH Viena"},"content":{"rendered":"<div class=\"wpb-content-wrapper\"><div  class=\"sec_row container\"><div class=\"vc_row wpb_row vc_row-fluid\"><div class=\"wpb_column vc_column_container vc_col-sm-12 et-dark-column\"><div class=\"vc_column-inner\"><div class=\"wpb_wrapper\"><div class=\"vc_empty_space\"   style=\"height: 32px\"><span class=\"vc_empty_space_inner\"><\/span><\/div><\/div><\/div><\/div><\/div><\/div><div  class=\"sec_row container\"><div class=\"vc_row wpb_row vc_row-fluid\"><div class=\"wpb_column vc_column_container vc_col-sm-12 et-dark-column\"><div class=\"vc_column-inner\"><div class=\"wpb_wrapper\">\n\t<div class=\"wpb_text_column wpb_content_element   big-title\" >\n\t\t<div class=\"wpb_wrapper\">\n\t\t\t<p style=\"text-align: center\">FEURICH Viena<\/p>\n\n\t\t<\/div>\n\t<\/div>\n<\/div><\/div><\/div><\/div><\/div><div  class=\"sec_row container\"><div class=\"vc_row wpb_row vc_row-fluid\"><div class=\"wpb_column vc_column_container vc_col-sm-4 et-dark-column\"><div class=\"vc_column-inner\"><div class=\"wpb_wrapper\"><div class=\"vc_empty_space\"   style=\"height: 20px\"><span class=\"vc_empty_space_inner\"><\/span><\/div>\n\t<div  class=\"wpb_single_image wpb_content_element vc_align_left\">\n\t\t\n\t\t<figure class=\"wpb_wrapper vc_figure\">\n\t\t\t<div class=\"vc_single_image-wrapper   vc_box_border_grey\"><img decoding=\"async\" class=\"vc_single_image-img \" src=\"https:\/\/test.feurich.com\/wp-content\/uploads\/FEURICH-Vienna-Produktions-Team-1-357x238.jpg\" width=\"357\" height=\"238\" alt=\"FEURICH Vienna, Production Team\" title=\"FEURICH Vienna, Production Team\" loading=\"lazy\" \/><\/div><figcaption class=\"vc_figure-caption\">FEURICH Vienna, Production Team<\/figcaption>\n\t\t<\/figure>\n\t<\/div>\n<\/div><\/div><\/div><div class=\"wpb_column vc_column_container vc_col-sm-4 et-dark-column\"><div class=\"vc_column-inner\"><div class=\"wpb_wrapper\"><div class=\"vc_empty_space\"   style=\"height: 20px\"><span class=\"vc_empty_space_inner\"><\/span><\/div>\n\t<div  class=\"wpb_single_image wpb_content_element vc_align_left\">\n\t\t\n\t\t<figure class=\"wpb_wrapper vc_figure\">\n\t\t\t<div class=\"vc_single_image-wrapper   vc_box_border_grey\"><img decoding=\"async\" class=\"vc_single_image-img \" src=\"https:\/\/test.feurich.com\/wp-content\/uploads\/FEURICH-Wien-Pedalsystem-357x238.jpg\" width=\"357\" height=\"238\" alt=\"FEURICH \ube48, \ud398\ub2ec \uc2dc\uc2a4\ud15c\" title=\"FEURICH Wien, pedal system\" loading=\"lazy\" \/><\/div><figcaption class=\"vc_figure-caption\">FEURICH \ube48, \ud398\ub2ec \uc2dc\uc2a4\ud15c<\/figcaption>\n\t\t<\/figure>\n\t<\/div>\n<\/div><\/div><\/div><div class=\"wpb_column vc_column_container vc_col-sm-4 et-dark-column\"><div class=\"vc_column-inner\"><div class=\"wpb_wrapper\"><div class=\"vc_empty_space\"   style=\"height: 20px\"><span class=\"vc_empty_space_inner\"><\/span><\/div>\n\t<div  class=\"wpb_single_image wpb_content_element vc_align_left\">\n\t\t\n\t\t<figure class=\"wpb_wrapper vc_figure\">\n\t\t\t<div class=\"vc_single_image-wrapper   vc_box_border_grey\"><img decoding=\"async\" class=\"vc_single_image-img \" src=\"https:\/\/test.feurich.com\/wp-content\/uploads\/FEURICH-123-Vienna-RENNER-action-357x238.jpg\" width=\"357\" height=\"238\" alt=\"FEURICH Wien, RENNER action\" title=\"FEURICH Wien, RENNER action\" loading=\"lazy\" \/><\/div><figcaption class=\"vc_figure-caption\">FEURICH Wien, RENNER action<\/figcaption>\n\t\t<\/figure>\n\t<\/div>\n<\/div><\/div><\/div><\/div><\/div><div  class=\"sec_row container\"><div class=\"vc_row wpb_row vc_row-fluid\"><div class=\"wpb_column vc_column_container vc_col-sm-4 et-dark-column\"><div class=\"vc_column-inner\"><div class=\"wpb_wrapper\"><\/div><\/div><\/div><div class=\"wpb_column vc_column_container vc_col-sm-8 et-dark-column\"><div class=\"vc_column-inner\"><div class=\"wpb_wrapper\"><div class=\"vc_empty_space\"   style=\"height: 8px\"><span class=\"vc_empty_space_inner\"><\/span><\/div>\n\t<div class=\"wpb_text_column wpb_content_element  \" >\n\t\t<div class=\"wpb_wrapper\">\n\t\t\t<p>En f\u00e1brica de Viena nuestra atenci\u00f3n se centra en la investigaci\u00f3n, el desarrollo y la producci\u00f3n de pianos innovadores, para la mejor experiencia pian\u00edstica posible. Queremos contribuir de esta forma a incentivar la gran tradici\u00f3n centenaria en la construcci\u00f3n de pianos de la ciudad de Viena.<\/p>\n\n\t\t<\/div>\n\t<\/div>\n<\/div><\/div><\/div><\/div><\/div><div  class=\"sec_row container\"><div class=\"vc_row wpb_row vc_row-fluid\"><div class=\"wpb_column vc_column_container vc_col-sm-4 et-dark-column\"><div class=\"vc_column-inner\"><div class=\"wpb_wrapper\"><div class=\"vc_empty_space\"   style=\"height: 20px\"><span class=\"vc_empty_space_inner\"><\/span><\/div>\n\t<div  class=\"wpb_single_image wpb_content_element vc_align_left\">\n\t\t\n\t\t<figure class=\"wpb_wrapper vc_figure\">\n\t\t\t<div class=\"vc_single_image-wrapper   vc_box_border_grey\"><img decoding=\"async\" class=\"vc_single_image-img \" src=\"https:\/\/test.feurich.com\/wp-content\/uploads\/FEURICH-123-Vienna-iron-frame-2-357x238.jpg\" width=\"357\" height=\"238\" alt=\"FEURICH Wien, iron frame\" title=\"FEURICH Wien, iron frame\" loading=\"lazy\" \/><\/div><figcaption class=\"vc_figure-caption\">FEURICH Wien, iron frame<\/figcaption>\n\t\t<\/figure>\n\t<\/div>\n<\/div><\/div><\/div><div class=\"wpb_column vc_column_container vc_col-sm-4 et-dark-column\"><div class=\"vc_column-inner\"><div class=\"wpb_wrapper\"><div class=\"vc_empty_space\"   style=\"height: 20px\"><span class=\"vc_empty_space_inner\"><\/span><\/div>\n\t<div  class=\"wpb_single_image wpb_content_element vc_align_left\">\n\t\t\n\t\t<figure class=\"wpb_wrapper vc_figure\">\n\t\t\t<div class=\"vc_single_image-wrapper   vc_box_border_grey\"><img decoding=\"async\" class=\"vc_single_image-img \" src=\"https:\/\/test.feurich.com\/wp-content\/uploads\/FEURICH-123-Vienna-iron-frame-357x238.jpg\" width=\"357\" height=\"238\" alt=\"FEURICH Wien, iron frame 2\" title=\"FEURICH Wien, iron frame 2\" loading=\"lazy\" \/><\/div><figcaption class=\"vc_figure-caption\">FEURICH Wien, iron frame 2<\/figcaption>\n\t\t<\/figure>\n\t<\/div>\n<\/div><\/div><\/div><div class=\"wpb_column vc_column_container vc_col-sm-4 et-dark-column\"><div class=\"vc_column-inner\"><div class=\"wpb_wrapper\"><div class=\"vc_empty_space\"   style=\"height: 20px\"><span class=\"vc_empty_space_inner\"><\/span><\/div>\n\t<div  class=\"wpb_single_image wpb_content_element vc_align_left\">\n\t\t\n\t\t<figure class=\"wpb_wrapper vc_figure\">\n\t\t\t<div class=\"vc_single_image-wrapper   vc_box_border_grey\"><img decoding=\"async\" class=\"vc_single_image-img \" src=\"https:\/\/test.feurich.com\/wp-content\/uploads\/FEURICH-123-Vienna-keyboard-felts-with-FEUFIX-357x238.jpg\" width=\"357\" height=\"238\" alt=\"FEURICH Wien, keyboard felts with FEUFIX\" title=\"FEURICH Wien, keyboard felts with FEUFIX\" loading=\"lazy\" \/><\/div><figcaption class=\"vc_figure-caption\">FEURICH Wien, keyboard felts with FEUFIX<\/figcaption>\n\t\t<\/figure>\n\t<\/div>\n<\/div><\/div><\/div><\/div><\/div><div  class=\"sec_row container\"><div class=\"vc_row wpb_row vc_row-fluid\"><div class=\"wpb_column vc_column_container vc_col-sm-4 et-dark-column\"><div class=\"vc_column-inner\"><div class=\"wpb_wrapper\"><\/div><\/div><\/div><div class=\"wpb_column vc_column_container vc_col-sm-8 et-dark-column\"><div class=\"vc_column-inner\"><div class=\"wpb_wrapper\"><div class=\"vc_empty_space\"   style=\"height: 8px\"><span class=\"vc_empty_space_inner\"><\/span><\/div>\n\t<div class=\"wpb_text_column wpb_content_element  \" >\n\t\t<div class=\"wpb_wrapper\">\n\t\t\t<h3>Aqu\u00ed nacen innovaciones<\/h3>\n<p>Aunque los pianos m\u00e1s vendidos del mundo son los pianos verticales, se ha invertido poco en su desarrollo posterior. La fabricaci\u00f3n cl\u00e1sica de pianos es una industria conservadora que ha producido poca innovaci\u00f3n en los \u00faltimos 100 a\u00f1os. El foco de los fabricantes est\u00e1 sobre todo en los prestigiosos piano de cola de concierto. Por lo tanto, la t\u00e9cnica esencial de los pianos actuales todav\u00eda se basa en tecnolog\u00edas del siglo XIX. FEURICH contrarresta esta circunstancia mediante el desarrollo espec\u00edfico de todos los detalles t\u00e9cnicos del piano, creando as\u00ed instrumentos ac\u00fasticos adecuados a las posibilidades del siglo XXI.<\/p>\n\n\t\t<\/div>\n\t<\/div>\n<\/div><\/div><\/div><\/div><\/div><div  class=\"sec_row container\"><div class=\"vc_row wpb_row vc_row-fluid\"><div class=\"wpb_column vc_column_container vc_col-sm-4 et-dark-column\"><div class=\"vc_column-inner\"><div class=\"wpb_wrapper\"><div class=\"vc_empty_space\"   style=\"height: 20px\"><span class=\"vc_empty_space_inner\"><\/span><\/div>\n\t<div  class=\"wpb_single_image wpb_content_element vc_align_left\">\n\t\t\n\t\t<figure class=\"wpb_wrapper vc_figure\">\n\t\t\t<div class=\"vc_single_image-wrapper   vc_box_border_grey\"><img decoding=\"async\" class=\"vc_single_image-img \" src=\"https:\/\/test.feurich.com\/wp-content\/uploads\/FEURICH-Wien-KLAVIERmanufaktur-357x238.jpg\" width=\"357\" height=\"238\" alt=\"FEURICH Wien, KLAVIERmanufaktur\" title=\"FEURICH Wien KLAVIERmanufaktur\" loading=\"lazy\" \/><\/div><figcaption class=\"vc_figure-caption\">FEURICH Wien, KLAVIERmanufaktur<\/figcaption>\n\t\t<\/figure>\n\t<\/div>\n<\/div><\/div><\/div><div class=\"wpb_column vc_column_container vc_col-sm-4 et-dark-column\"><div class=\"vc_column-inner\"><div class=\"wpb_wrapper\"><div class=\"vc_empty_space\"   style=\"height: 20px\"><span class=\"vc_empty_space_inner\"><\/span><\/div>\n\t<div  class=\"wpb_single_image wpb_content_element vc_align_left\">\n\t\t\n\t\t<figure class=\"wpb_wrapper vc_figure\">\n\t\t\t<div class=\"vc_single_image-wrapper   vc_box_border_grey\"><img decoding=\"async\" class=\"vc_single_image-img \" src=\"https:\/\/test.feurich.com\/wp-content\/uploads\/FEURICH-123-Vienna-player-machine-357x238.jpg\" width=\"357\" height=\"238\" alt=\"FEURICH Wien, player machine\" title=\"FEURICH Wien, player machine\" loading=\"lazy\" \/><\/div><figcaption class=\"vc_figure-caption\">FEURICH Wien, player machine<\/figcaption>\n\t\t<\/figure>\n\t<\/div>\n<\/div><\/div><\/div><div class=\"wpb_column vc_column_container vc_col-sm-4 et-dark-column\"><div class=\"vc_column-inner\"><div class=\"wpb_wrapper\"><div class=\"vc_empty_space\"   style=\"height: 20px\"><span class=\"vc_empty_space_inner\"><\/span><\/div>\n\t<div  class=\"wpb_single_image wpb_content_element vc_align_left\">\n\t\t\n\t\t<figure class=\"wpb_wrapper vc_figure\">\n\t\t\t<div class=\"vc_single_image-wrapper   vc_box_border_grey\"><img decoding=\"async\" class=\"vc_single_image-img \" src=\"https:\/\/test.feurich.com\/wp-content\/uploads\/FEURICH-123-Vienna-hammer-shank-357x238.jpg\" width=\"357\" height=\"238\" alt=\"FEURICH Wien, hammer shanks\" title=\"FEURICH Wien, hammer shanks\" loading=\"lazy\" \/><\/div><figcaption class=\"vc_figure-caption\">FEURICH Wien, hammer shanks<\/figcaption>\n\t\t<\/figure>\n\t<\/div>\n<\/div><\/div><\/div><\/div><\/div><div  class=\"sec_row container\"><div class=\"vc_row wpb_row vc_row-fluid\"><div class=\"wpb_column vc_column_container vc_col-sm-4 et-dark-column\"><div class=\"vc_column-inner\"><div class=\"wpb_wrapper\"><\/div><\/div><\/div><div class=\"wpb_column vc_column_container vc_col-sm-8 et-dark-column\"><div class=\"vc_column-inner\"><div class=\"wpb_wrapper\"><div class=\"vc_empty_space\"   style=\"height: 8px\"><span class=\"vc_empty_space_inner\"><\/span><\/div>\n\t<div class=\"wpb_text_column wpb_content_element  \" >\n\t\t<div class=\"wpb_wrapper\">\n\t\t\t<h3>Artesan\u00eda Tradicional en el Coraz\u00f3n de Europa<\/h3>\n<p>Los pianos tienen sus or\u00edgenes en Europa, as\u00ed que aqu\u00ed est\u00e1n los siglos de experiencia agrupados. Sin embargo, una producci\u00f3n en Viena solo podr\u00eda destacarse en el mercado mundial con innovaciones y ventajas para sus clientes que claramente marquen la diferencia con sus competidores. Esto lo logra nuestro modelo FEURICH<a href=\"https:\/\/www.feurich.com\/es\/productos\/vienna-pianos\/\"> 123 \u2013 Vienna<\/a> con conceptos t\u00e9cnicos completamente nuevos en diversas \u00e1reas del piano y hecho a la usanza tradicional vienesa.<\/p>\n\n\t\t<\/div>\n\t<\/div>\n<\/div><\/div><\/div><\/div><\/div><div  class=\"sec_row container\"><div class=\"vc_row wpb_row vc_row-fluid\"><div class=\"wpb_column vc_column_container vc_col-sm-4 et-dark-column\"><div class=\"vc_column-inner\"><div class=\"wpb_wrapper\"><div class=\"vc_empty_space\"   style=\"height: 20px\"><span class=\"vc_empty_space_inner\"><\/span><\/div>\n\t<div  class=\"wpb_single_image wpb_content_element vc_align_left\">\n\t\t\n\t\t<figure class=\"wpb_wrapper vc_figure\">\n\t\t\t<div class=\"vc_single_image-wrapper   vc_box_border_grey\"><img decoding=\"async\" class=\"vc_single_image-img \" src=\"https:\/\/test.feurich.com\/wp-content\/uploads\/FEURICH-123-Vienna-fall-board-and-legs-wood-357x238.jpg\" width=\"357\" height=\"238\" alt=\"FEURICH 123 - Vienna, fall board and legs wood\" title=\"FEURICH 123 - Vienna, fall board and legs wood\" loading=\"lazy\" \/><\/div><figcaption class=\"vc_figure-caption\">FEURICH 123 - Vienna, fall board and legs wood<\/figcaption>\n\t\t<\/figure>\n\t<\/div>\n<\/div><\/div><\/div><div class=\"wpb_column vc_column_container vc_col-sm-4 et-dark-column\"><div class=\"vc_column-inner\"><div class=\"wpb_wrapper\"><div class=\"vc_empty_space\"   style=\"height: 20px\"><span class=\"vc_empty_space_inner\"><\/span><\/div>\n\t<div  class=\"wpb_single_image wpb_content_element vc_align_left\">\n\t\t\n\t\t<figure class=\"wpb_wrapper vc_figure\">\n\t\t\t<div class=\"vc_single_image-wrapper   vc_box_border_grey\"><img decoding=\"async\" class=\"vc_single_image-img \" src=\"https:\/\/test.feurich.com\/wp-content\/uploads\/FEURICH-123-Vienna-CNC-wood-cutting-357x238.jpg\" width=\"357\" height=\"238\" alt=\"FEURICH 123 - Vienna, CNC-wood cutting\" title=\"FEURICH 123 - Vienna, CNC-wood cutting\" loading=\"lazy\" \/><\/div><figcaption class=\"vc_figure-caption\">FEURICH 123 - Vienna, CNC-wood cutting<\/figcaption>\n\t\t<\/figure>\n\t<\/div>\n<\/div><\/div><\/div><div class=\"wpb_column vc_column_container vc_col-sm-4 et-dark-column\"><div class=\"vc_column-inner\"><div class=\"wpb_wrapper\"><div class=\"vc_empty_space\"   style=\"height: 20px\"><span class=\"vc_empty_space_inner\"><\/span><\/div>\n\t<div  class=\"wpb_single_image wpb_content_element vc_align_left\">\n\t\t\n\t\t<figure class=\"wpb_wrapper vc_figure\">\n\t\t\t<div class=\"vc_single_image-wrapper   vc_box_border_grey\"><img decoding=\"async\" class=\"vc_single_image-img \" src=\"https:\/\/test.feurich.com\/wp-content\/uploads\/FEURICH-123-Vienna-case-parts-front-walnut-satin-357x238.jpg\" width=\"357\" height=\"238\" alt=\"FEURICH 123 - Vienna, case parts, front walnut satin\" title=\"FEURICH 123 - Vienna, case parts, front walnut satin\" loading=\"lazy\" \/><\/div><figcaption class=\"vc_figure-caption\">FEURICH 123 - Vienna, case parts, front walnut satin<\/figcaption>\n\t\t<\/figure>\n\t<\/div>\n<\/div><\/div><\/div><\/div><\/div><div  class=\"sec_row container\"><div class=\"vc_row wpb_row vc_row-fluid\"><div class=\"wpb_column vc_column_container vc_col-sm-4 et-dark-column\"><div class=\"vc_column-inner\"><div class=\"wpb_wrapper\"><div class=\"vc_empty_space\"   style=\"height: 20px\"><span class=\"vc_empty_space_inner\"><\/span><\/div>\n\t<div class=\"wpb_text_column wpb_content_element  \" >\n\t\t<div class=\"wpb_wrapper\">\n\t\t\t\n\n<span class=\"arve-error\"><abbr title=\"Advanced Responsive Video Embedder\">ARVE<\/abbr> Error: Invalid URL <code>\/wp-content\/uploads\/Key-weight.mp4<\/code> in <code>mp4<\/code><br><\/span>\n<div class=\"arve\" data-mode=\"normal\" data-provider=\"html5\" id=\"arve-html5-69d45a550f10d015496215\">\n<span class=\"arve-inner\">\n<span class=\"arve-embed\">\n<video controls controlslist preload=\"metadata\" data-arve=\"arve-html5-69d45a550f10d015496215\" class=\"arve-video fitvidsignore\">\n<source type=\"video\/mp4\" src=\"\/wp-content\/uploads\/Key-weight.mp4\">\n<\/video>\n\n<\/span>\n\n<\/span>\n<script type=\"application\/ld+json\">{\"@context\":\"http:\\\/\\\/schema.org\\\/\",\"@id\":\"https:\\\/\\\/test.feurich.com\\\/es\\\/produccion\\\/feurich-viena\\\/#arve-html5-69d45a550f10d015496215\",\"type\":\"VideoObject\",\"contentURL\":\"\\\/wp-content\\\/uploads\\\/Key-weight.mp4\"}<\/script>\n<\/div>\n\n\n\t\t<\/div>\n\t<\/div>\n<\/div><\/div><\/div><div class=\"wpb_column vc_column_container vc_col-sm-8 et-dark-column\"><div class=\"vc_column-inner\"><div class=\"wpb_wrapper\"><div class=\"vc_empty_space\"   style=\"height: 8px\"><span class=\"vc_empty_space_inner\"><\/span><\/div><div class=\"vc_empty_space\"   style=\"height: 8px\"><span class=\"vc_empty_space_inner\"><\/span><\/div>\n\t<div class=\"wpb_text_column wpb_content_element  \" >\n\t\t<div class=\"wpb_wrapper\">\n\t\t\t<p>En el esp\u00edritu de la fabricaci\u00f3n tradicional de pianos, solo usamos maderas y materias primas de alta calidad. Todas las partes del mueble est\u00e1n cortadas a medida con m\u00e1quinas CNC, para gran precisi\u00f3n y ajuste m\u00e1ximos.<\/p>\n\n\t\t<\/div>\n\t<\/div>\n<div class=\"vc_empty_space\"   style=\"height: 36px\"><span class=\"vc_empty_space_inner\"><\/span><\/div><\/div><\/div><\/div><\/div><\/div>\n<\/div>","protected":false},"excerpt":{"rendered":"<p>En la f\u00e1brica de Viena nuestra atenci\u00f3n se centra en la investigaci\u00f3n, el desarrollo y la producci\u00f3n de pianos innovadores, para la mejor experiencia pian\u00edstica posible.<\/p>\n","protected":false},"author":4,"featured_media":0,"parent":12241,"menu_order":0,"comment_status":"closed","ping_status":"closed","template":"template-fullwidth.php","meta":{"inline_featured_image":false,"footnotes":""},"class_list":["post-12613","page","type-page","status-publish","hentry"],"acf":[],"_links":{"self":[{"href":"https:\/\/test.feurich.com\/es\/wp-json\/wp\/v2\/pages\/12613"}],"collection":[{"href":"https:\/\/test.feurich.com\/es\/wp-json\/wp\/v2\/pages"}],"about":[{"href":"https:\/\/test.feurich.com\/es\/wp-json\/wp\/v2\/types\/page"}],"author":[{"embeddable":true,"href":"https:\/\/test.feurich.com\/es\/wp-json\/wp\/v2\/users\/4"}],"replies":[{"embeddable":true,"href":"https:\/\/test.feurich.com\/es\/wp-json\/wp\/v2\/comments?post=12613"}],"version-history":[{"count":20,"href":"https:\/\/test.feurich.com\/es\/wp-json\/wp\/v2\/pages\/12613\/revisions"}],"predecessor-version":[{"id":13234,"href":"https:\/\/test.feurich.com\/es\/wp-json\/wp\/v2\/pages\/12613\/revisions\/13234"}],"up":[{"embeddable":true,"href":"https:\/\/test.feurich.com\/es\/wp-json\/wp\/v2\/pages\/12241"}],"wp:attachment":[{"href":"https:\/\/test.feurich.com\/es\/wp-json\/wp\/v2\/media?parent=12613"}],"curies":[{"name":"wp","href":"https:\/\/api.w.org\/{rel}","templated":true}]}}