{"id":12679,"date":"2018-03-02T13:56:38","date_gmt":"2018-03-02T13:56:38","guid":{"rendered":"https:\/\/www.feurich.com\/innovaciones\/silencer\/"},"modified":"2021-11-23T11:30:46","modified_gmt":"2021-11-23T11:30:46","slug":"silencer","status":"publish","type":"page","link":"https:\/\/test.feurich.com\/es\/innovaciones\/silencer\/","title":{"rendered":"Silencer"},"content":{"rendered":"<div class=\"wpb-content-wrapper\"><div  class=\"sec_row container\"><div class=\"vc_row wpb_row vc_row-fluid\"><div class=\"wpb_column vc_column_container vc_col-sm-4 et-dark-column\"><div class=\"vc_column-inner\"><div class=\"wpb_wrapper\"><div class=\"vc_empty_space\"   style=\"height: 32px\"><span class=\"vc_empty_space_inner\"><\/span><\/div><\/div><\/div><\/div><div class=\"wpb_column vc_column_container vc_col-sm-8 et-dark-column\"><div class=\"vc_column-inner\"><div class=\"wpb_wrapper\"><div class=\"vc_empty_space\"   style=\"height: 32px\"><span class=\"vc_empty_space_inner\"><\/span><\/div>\n\t<div class=\"wpb_text_column wpb_content_element   big-title\" >\n\t\t<div class=\"wpb_wrapper\">\n\t\t\t<p style=\"text-align: left;\">Silencer<\/p>\n\n\t\t<\/div>\n\t<\/div>\n<div class=\"vc_empty_space\"   style=\"height: 20px\"><span class=\"vc_empty_space_inner\"><\/span><\/div><\/div><\/div><\/div><\/div><\/div><div  class=\"sec_row container\"><div class=\"vc_row wpb_row vc_row-fluid\"><div class=\"wpb_column vc_column_container vc_col-sm-4 et-dark-column\"><div class=\"vc_column-inner\"><div class=\"wpb_wrapper\">\n\t<div  class=\"wpb_single_image wpb_content_element vc_align_left\">\n\t\t\n\t\t<figure class=\"wpb_wrapper vc_figure\">\n\t\t\t<div class=\"vc_single_image-wrapper   vc_box_border_grey\"><img loading=\"lazy\" decoding=\"async\" width=\"1024\" height=\"683\" src=\"https:\/\/test.feurich.com\/wp-content\/uploads\/FEURICH_Silencer_on_1_web-1024x683.jpg\" class=\"vc_single_image-img attachment-large\" alt=\"\" title=\"FEURICH_Silencer_on_1_web\" srcset=\"https:\/\/test.feurich.com\/wp-content\/uploads\/FEURICH_Silencer_on_1_web.jpg 1024w, https:\/\/test.feurich.com\/wp-content\/uploads\/FEURICH_Silencer_on_1_web-450x300.jpg 450w, https:\/\/test.feurich.com\/wp-content\/uploads\/FEURICH_Silencer_on_1_web-1000x667.jpg 1000w, https:\/\/test.feurich.com\/wp-content\/uploads\/FEURICH_Silencer_on_1_web-300x200.jpg 300w, https:\/\/test.feurich.com\/wp-content\/uploads\/FEURICH_Silencer_on_1_web-768x512.jpg 768w, https:\/\/test.feurich.com\/wp-content\/uploads\/FEURICH_Silencer_on_1_web-800x534.jpg 800w\" sizes=\"(max-width: 1024px) 100vw, 1024px\" \/><\/div>\n\t\t<\/figure>\n\t<\/div>\n<\/div><\/div><\/div><div class=\"wpb_column vc_column_container vc_col-sm-8 et-dark-column\"><div class=\"vc_column-inner\"><div class=\"wpb_wrapper\">\n\t<div class=\"wpb_text_column wpb_content_element  \" >\n\t\t<div class=\"wpb_wrapper\">\n\t\t\t<p>\u00a1Nunca m\u00e1s vecinos molestos debido al sonido fuerte durante la pr\u00e1ctica pian\u00edstica! Con nuestro &#8220;Sistema Real Touch Silencer&#8221; especialmente desarrollado, los pianistas pueden entrenar durante la noche sin problema. El modo &#8220;silencioso&#8221; impide el sonido exterior del instrumento escuchando a trav\u00e9s de auriculares. El piano se puede desactivar f\u00e1cilmente sin tener que bloquearlo. As\u00ed los peque\u00f1os no tienen la tentaci\u00f3n de golpear fuerte en el piano.<\/p>\n<h5>Para Pianos verticales<\/h5>\n<p>El sistema Silencer se puede instalar en todos nuestros modelos de piano vertical. Tambi\u00e9n se puede adaptar a modelos de otros fabricantes. Solo con pianinos extremadamente peque\u00f1os son necesarias soluciones individuales a veces por razones de espacio.<\/p>\n<h5>Para pianos de cola<\/h5>\n<p><strong>Sistema est\u00e1ndar<\/strong> con barra de parada para casi todos los pianos de cola de todos fabricantes. El let off se establece a 6-8 mm de las cuerdas.<\/p>\n<p>Estaremos encantados de asesorarlo personalmente sobre nuestra variada oferta. \u00a0<a href=\"https:\/\/test.feurich.com\/es\/informacion-contacto\/contacto\/\">&gt;&gt; Contacto<\/a><\/p>\n\n\t\t<\/div>\n\t<\/div>\n<\/div><\/div><\/div><\/div><\/div>\n<\/div>","protected":false},"excerpt":{"rendered":"<p>\u00a1Nunca m\u00e1s vecinos molestos! Con nuestro &#8220;Sistema Real Touch Silencer&#8221; especialmente desarrollado por FEURICH, los pianistas pueden practicar durante la noche sin sonido externo.<\/p>\n","protected":false},"author":4,"featured_media":11533,"parent":12318,"menu_order":0,"comment_status":"closed","ping_status":"closed","template":"template-fullwidth.php","meta":{"inline_featured_image":false,"footnotes":""},"class_list":["post-12679","page","type-page","status-publish","has-post-thumbnail","hentry"],"acf":[],"_links":{"self":[{"href":"https:\/\/test.feurich.com\/es\/wp-json\/wp\/v2\/pages\/12679"}],"collection":[{"href":"https:\/\/test.feurich.com\/es\/wp-json\/wp\/v2\/pages"}],"about":[{"href":"https:\/\/test.feurich.com\/es\/wp-json\/wp\/v2\/types\/page"}],"author":[{"embeddable":true,"href":"https:\/\/test.feurich.com\/es\/wp-json\/wp\/v2\/users\/4"}],"replies":[{"embeddable":true,"href":"https:\/\/test.feurich.com\/es\/wp-json\/wp\/v2\/comments?post=12679"}],"version-history":[{"count":7,"href":"https:\/\/test.feurich.com\/es\/wp-json\/wp\/v2\/pages\/12679\/revisions"}],"predecessor-version":[{"id":55720,"href":"https:\/\/test.feurich.com\/es\/wp-json\/wp\/v2\/pages\/12679\/revisions\/55720"}],"up":[{"embeddable":true,"href":"https:\/\/test.feurich.com\/es\/wp-json\/wp\/v2\/pages\/12318"}],"wp:featuredmedia":[{"embeddable":true,"href":"https:\/\/test.feurich.com\/es\/wp-json\/wp\/v2\/media\/11533"}],"wp:attachment":[{"href":"https:\/\/test.feurich.com\/es\/wp-json\/wp\/v2\/media?parent=12679"}],"curies":[{"name":"wp","href":"https:\/\/api.w.org\/{rel}","templated":true}]}}