{"id":11790,"date":"2018-02-18T22:50:48","date_gmt":"2018-02-18T22:50:48","guid":{"rendered":"https:\/\/www.feurich.com\/recompenses\/"},"modified":"2019-08-05T12:44:43","modified_gmt":"2019-08-05T12:44:43","slug":"recompenses","status":"publish","type":"page","link":"https:\/\/test.feurich.com\/fr\/references\/recompenses\/","title":{"rendered":"R\u00e9compenses"},"content":{"rendered":"<div class=\"wpb-content-wrapper\"><div  class=\"sec_row container\"><div class=\"vc_row wpb_row vc_row-fluid\"><div class=\"wpb_column vc_column_container vc_col-sm-12 et-dark-column\"><div class=\"vc_column-inner\"><div class=\"wpb_wrapper\"><div class=\"vc_empty_space\"   style=\"height: 52px\"><span class=\"vc_empty_space_inner\"><\/span><\/div><\/div><\/div><\/div><\/div><\/div><div  class=\"sec_row container\"><div class=\"vc_row wpb_row vc_row-fluid\"><div class=\"wpb_column vc_column_container vc_col-sm-4 et-dark-column\"><div class=\"vc_column-inner\"><div class=\"wpb_wrapper\"><div class=\"vc_empty_space\"   style=\"height: 10px\"><span class=\"vc_empty_space_inner\"><\/span><\/div>\n\t<div  class=\"wpb_single_image wpb_content_element vc_align_center\">\n\t\t\n\t\t<figure class=\"wpb_wrapper vc_figure\">\n\t\t\t<div class=\"vc_single_image-wrapper   vc_box_border_grey\"><img decoding=\"async\" class=\"vc_single_image-img \" src=\"https:\/\/test.feurich.com\/wp-content\/uploads\/diapason-or-1-220x220.png\" width=\"220\" height=\"220\" alt=\"diapason D&#039;OR, LOGO\" title=\"diapason D&#039;OR\" loading=\"lazy\" \/><\/div>\n\t\t<\/figure>\n\t<\/div>\n<\/div><\/div><\/div><div class=\"wpb_column vc_column_container vc_col-sm-8 et-dark-column\"><div class=\"vc_column-inner\"><div class=\"wpb_wrapper\">\n\t<div class=\"wpb_text_column wpb_content_element   big-title\" >\n\t\t<div class=\"wpb_wrapper\">\n\t\t\t<p>DIAPASON d&#8217;OR<\/p>\n\n\t\t<\/div>\n\t<\/div>\n\n\t<div class=\"wpb_text_column wpb_content_element  \" >\n\t\t<div class=\"wpb_wrapper\">\n\t\t\t<p>Le renomm\u00e9 magazine de piano <a href=\"https:\/\/www.diapasonmag.fr\/\">Diapason<\/a>\u00a0attribue des prix mensuels pour les enregistrements de musique classique, et des prix annuels pour les pianos droits et pianos \u00e0 queue. Apr\u00e8s le\u00a0<em>Preis der deutschen Schallplattenkritik <\/em>allemand et le<em>\u00a0Gramophone Award Anglais<\/em>,<em>\u00a0<\/em>le\u00a0<em>Diapason d&#8217;Or <\/em>est un des prix les plus prestigieux des enregistrements de musique classique au monde aujourd&#8217;hui.<\/p>\n<p>Pour d\u00e9livrer les prix, des conditions sp\u00e9ciales sont mises en place lors du test des pianos : les pianistes ont les yeux band\u00e9s et chaque piano est essay\u00e9 dans les m\u00eames conditions acoustiques.<\/p>\n<h3>Les pianos feurich ont d\u00e9j\u00e0 re\u00e7u 3 prix :<\/h3>\n<p><strong>2007 &amp; 2011: FEURICH 122\u00a0\u2013<\/strong><strong> Universel<br \/>\n<\/strong>Vous trouverez un PDF avec les r\u00e9sultats originaux de 2011 <a href=\"https:\/\/www.feurich.com\/wp-content\/uploads\/DIAPASON-2011-for-FEURICH-122-English.pdf\">ICI<\/a>.<\/p>\n<p><strong>2008: FEURICH 178\u00a0<\/strong>(pr\u00e9d\u00e9cesseur du nouveau FEURICH 179 &#8211; Dynamic II)<\/p>\n<p>Le mod\u00e8le FEURICH 178 &#8211; Professional II a re\u00e7u le prestigieux prix du DIAPASON d&#8217;or. Pour nous, chez FEURICH, ce n&#8217;\u00e9tait pas seulement une affirmation de la qualit\u00e9 de notre travail, mais c&#8217;\u00e9tait aussi une source d&#8217;inspiration pour encore perfectionner cet incroyable instrument. Le successeur de ce piano, le FEURICH 179 &#8211; Dynamic II a int\u00e9gr\u00e9 de nombreuses am\u00e9liorations et innovations.<br \/>\nVous trouverez un PDF avec les r\u00e9sultats originaux <a href=\"https:\/\/www.feurich.com\/wp-content\/uploads\/DIAPASON-2008-fu%CC%88r-FEURICH-178-English.pdf\">ICI<\/a>.<\/p>\n\n\t\t<\/div>\n\t<\/div>\n<\/div><\/div><\/div><\/div><\/div><div  class=\"sec_row container\"><div class=\"vc_row wpb_row vc_row-fluid\"><div class=\"wpb_column vc_column_container vc_col-sm-4 et-dark-column\"><div class=\"vc_column-inner\"><div class=\"wpb_wrapper\"><div class=\"vc_empty_space\"   style=\"height: 42px\"><span class=\"vc_empty_space_inner\"><\/span><\/div>\n\t<div  class=\"wpb_single_image wpb_content_element vc_align_center\">\n\t\t\n\t\t<figure class=\"wpb_wrapper vc_figure\">\n\t\t\t<div class=\"vc_single_image-wrapper   vc_box_border_grey\"><img loading=\"lazy\" decoding=\"async\" width=\"300\" height=\"156\" src=\"https:\/\/test.feurich.com\/wp-content\/uploads\/Pianiste_Maestro_Logo-300x156.jpg\" class=\"vc_single_image-img attachment-medium\" alt=\"\" title=\"Pianiste_Maestro_Logo\" srcset=\"https:\/\/test.feurich.com\/wp-content\/uploads\/Pianiste_Maestro_Logo-300x156.jpg 300w, https:\/\/test.feurich.com\/wp-content\/uploads\/Pianiste_Maestro_Logo.jpg 350w\" sizes=\"(max-width: 300px) 100vw, 300px\" \/><\/div>\n\t\t<\/figure>\n\t<\/div>\n<\/div><\/div><\/div><div class=\"wpb_column vc_column_container vc_col-sm-8 et-dark-column\"><div class=\"vc_column-inner\"><div class=\"wpb_wrapper\"><div class=\"vc_empty_space\"   style=\"height: 32px\"><span class=\"vc_empty_space_inner\"><\/span><\/div>\n\t<div class=\"wpb_text_column wpb_content_element   big-title\" >\n\t\t<div class=\"wpb_wrapper\">\n\t\t\t<p>PIANISTE MAESTRO<\/p>\n\n\t\t<\/div>\n\t<\/div>\n\n\t<div class=\"wpb_text_column wpb_content_element  \" >\n\t\t<div class=\"wpb_wrapper\">\n\t\t\t<p>Le magazine de piano fran\u00e7ais\u00a0<a href=\"https:\/\/www.facebook.com\/pianistemag\/\">Pianiste<\/a>, internationalement reconnu, teste et commente r\u00e9guli\u00e8rement les nouveaux pianos sur le march\u00e9. Chaque piano est \u00e9valu\u00e9 et m\u00eame les d\u00e9fauts et lacunes que peuvent pr\u00e9senter les marques de haut de gamme sont relev\u00e9s.<\/p>\n<p><strong>Notre nouveau et innovant piano de Vienne, le FEURICH 123 &#8211; Vienna, a impressionn\u00e9 sur tous les aspects, et a \u00e9t\u00e9 r\u00e9compens\u00e9 du prix\u00a0<em>PIANISTE MAESTRO<\/em>.<\/strong><\/p>\n\n\t\t<\/div>\n\t<\/div>\n<\/div><\/div><\/div><\/div><\/div><div  class=\"sec_row container\"><div class=\"vc_row wpb_row vc_row-fluid\"><div class=\"wpb_column vc_column_container vc_col-sm-12 et-dark-column\"><div class=\"vc_column-inner\"><div class=\"wpb_wrapper\"><div class=\"vc_empty_space\"   style=\"height: 26px\"><span class=\"vc_empty_space_inner\"><\/span><\/div><\/div><\/div><\/div><\/div><\/div>\n<\/div>","protected":false},"excerpt":{"rendered":"DIAPASON d'OR Le renomm\u00e9 magazine de piano Diapason\u00a0attribue des prix mensuels pour les enregistrements de musique classique, et des prix annuels pour les pianos droits et pianos \u00e0 queue. Apr\u00e8s le\u00a0Preis der deutschen Schallplattenkritik allemand et le\u00a0Gramophone Award Anglais,\u00a0le\u00a0Diapason d'Or est un des prix les plus prestigieux des enregistrements de&hellip;","protected":false},"author":4,"featured_media":0,"parent":11805,"menu_order":0,"comment_status":"closed","ping_status":"closed","template":"template-fullwidth.php","meta":{"inline_featured_image":false,"footnotes":""},"class_list":["post-11790","page","type-page","status-publish","hentry"],"acf":[],"_links":{"self":[{"href":"https:\/\/test.feurich.com\/fr\/wp-json\/wp\/v2\/pages\/11790"}],"collection":[{"href":"https:\/\/test.feurich.com\/fr\/wp-json\/wp\/v2\/pages"}],"about":[{"href":"https:\/\/test.feurich.com\/fr\/wp-json\/wp\/v2\/types\/page"}],"author":[{"embeddable":true,"href":"https:\/\/test.feurich.com\/fr\/wp-json\/wp\/v2\/users\/4"}],"replies":[{"embeddable":true,"href":"https:\/\/test.feurich.com\/fr\/wp-json\/wp\/v2\/comments?post=11790"}],"version-history":[{"count":9,"href":"https:\/\/test.feurich.com\/fr\/wp-json\/wp\/v2\/pages\/11790\/revisions"}],"predecessor-version":[{"id":25749,"href":"https:\/\/test.feurich.com\/fr\/wp-json\/wp\/v2\/pages\/11790\/revisions\/25749"}],"up":[{"embeddable":true,"href":"https:\/\/test.feurich.com\/fr\/wp-json\/wp\/v2\/pages\/11805"}],"wp:attachment":[{"href":"https:\/\/test.feurich.com\/fr\/wp-json\/wp\/v2\/media?parent=11790"}],"curies":[{"name":"wp","href":"https:\/\/api.w.org\/{rel}","templated":true}]}}