{"id":11799,"date":"2018-02-18T23:02:24","date_gmt":"2018-02-18T23:02:24","guid":{"rendered":"https:\/\/www.feurich.com\/artistes\/"},"modified":"2019-08-05T12:37:29","modified_gmt":"2019-08-05T12:37:29","slug":"artistes","status":"publish","type":"page","link":"https:\/\/test.feurich.com\/fr\/references\/artistes\/","title":{"rendered":"Artistes"},"content":{"rendered":"<div class=\"wpb-content-wrapper\"><div  class=\"sec_row container\"><div class=\"vc_row wpb_row vc_row-fluid\"><div class=\"wpb_column vc_column_container vc_col-sm-12 et-dark-column\"><div class=\"vc_column-inner\"><div class=\"wpb_wrapper\"><div class=\"vc_empty_space\"   style=\"height: 32px\"><span class=\"vc_empty_space_inner\"><\/span><\/div>\n\t<div class=\"wpb_text_column wpb_content_element   big-title\" >\n\t\t<div class=\"wpb_wrapper\">\n\t\t\t<p style=\"text-align: center;\">Artistes<\/p>\n\n\t\t<\/div>\n\t<\/div>\n<div class=\"vc_empty_space\"   style=\"height: 24px\"><span class=\"vc_empty_space_inner\"><\/span><\/div>\n<div class=\"vc_grid-container-wrapper vc_clearfix vc_grid-animation-fadeIn\">\n\t<div class=\"vc_grid-container vc_clearfix wpb_content_element vc_basic_grid\" data-initial-loading-animation=\"fadeIn\" data-vc-grid-settings=\"{&quot;page_id&quot;:11799,&quot;style&quot;:&quot;lazy&quot;,&quot;action&quot;:&quot;vc_get_vc_grid_data&quot;,&quot;shortcode_id&quot;:&quot;1565008590708-b3c5d5d7-5cea-8&quot;,&quot;items_per_page&quot;:&quot;9&quot;,&quot;tag&quot;:&quot;vc_basic_grid&quot;}\" data-vc-request=\"https:\/\/test.feurich.com\/wp-admin\/admin-ajax.php?lang=fr\" data-vc-post-id=\"11799\" data-vc-public-nonce=\"a9dc2a4b51\">\n\t\t<div class=\"vc_grid vc_row vc_grid-gutter-30px vc_pageable-wrapper vc_hook_hover\" data-vc-pageable-content=\"true\"><div class=\"vc_pageable-slide-wrapper vc_clearfix\" data-vc-grid-content=\"true\"><div class=\"vc_grid-item vc_clearfix vc_col-sm-4 vc_grid-item-zone-c-bottom\"><div class=\"vc_grid-item-mini vc_clearfix \"><div class=\"vc_gitem-animated-block\" ><div class=\"vc_gitem-zone vc_gitem-zone-a references-pic vc_gitem-is-link\" style=\"background-image: url('https:\/\/test.feurich.com\/wp-content\/uploads\/2019-03_Klangstube_web.jpg') !important;\"><a href=\"https:\/\/test.feurich.com\/fr\/rubber-tea\/\" title=\"Rubber Tea\" class=\"vc_gitem-link vc-zone-link\" ><\/a><img decoding=\"async\" class=\"vc_gitem-zone-img\" src=\"https:\/\/test.feurich.com\/wp-content\/uploads\/2019-03_Klangstube_web.jpg\" alt=\"Rubber Tea \u2013 progressive rock band from Bremen, Germany \u2013 recorded their latest album \u201cInfusion\u201d using a FEURICH 218.\" loading=\"lazy\"><div class=\"vc_gitem-zone-mini\"><\/div><\/div><\/div><div class=\"vc_gitem-zone vc_gitem-zone-c\"><div class=\"vc_gitem-zone-mini\"><div class=\"vc_gitem_row vc_row vc_gitem-row-position-top\"><div class=\"vc_col-sm-12 vc_gitem-col vc_gitem-col-align-\"><div class=\"vc_custom_heading vc_gitem-post-data vc_gitem-post-data-source-post_title\" ><h4 style=\"text-align: left\" ><a href=\"https:\/\/test.feurich.com\/fr\/rubber-tea\/\" class=\"vc_gitem-link\" title=\"Rubber Tea\">Rubber Tea<\/a><\/h4><\/div><div class=\"vc_custom_heading vc_gitem-post-data vc_gitem-post-data-source-post_excerpt\" ><div style=\"text-align: left\" ><a href=\"https:\/\/test.feurich.com\/fr\/rubber-tea\/\" class=\"vc_gitem-link\" title=\"Rubber Tea\"><p>Rubber Tea \u2013 progressive rock band from Bremen, Germany \u2013 recorded their latest album \u201cInfusion\u201d using a FEURICH 218.<\/p>\n<\/a><\/div><\/div><\/div><\/div><\/div><\/div><\/div><div class=\"vc_clearfix\"><\/div><\/div><div class=\"vc_grid-item vc_clearfix vc_col-sm-4 vc_grid-item-zone-c-bottom\"><div class=\"vc_grid-item-mini vc_clearfix \"><div class=\"vc_gitem-animated-block\" ><div class=\"vc_gitem-zone vc_gitem-zone-a references-pic vc_gitem-is-link\" style=\"background-image: url('https:\/\/test.feurich.com\/wp-content\/uploads\/HeleyReinhart.jpg') !important;\"><a href=\"https:\/\/test.feurich.com\/fr\/haley-reinhart\/\" title=\"Haley Reinhart\" class=\"vc_gitem-link vc-zone-link\" ><\/a><img decoding=\"async\" class=\"vc_gitem-zone-img\" src=\"https:\/\/test.feurich.com\/wp-content\/uploads\/HeleyReinhart.jpg\" alt=\"Haley Reinhart\" loading=\"lazy\"><div class=\"vc_gitem-zone-mini\"><\/div><\/div><\/div><div class=\"vc_gitem-zone vc_gitem-zone-c\"><div class=\"vc_gitem-zone-mini\"><div class=\"vc_gitem_row vc_row vc_gitem-row-position-top\"><div class=\"vc_col-sm-12 vc_gitem-col vc_gitem-col-align-\"><div class=\"vc_custom_heading vc_gitem-post-data vc_gitem-post-data-source-post_title\" ><h4 style=\"text-align: left\" ><a href=\"https:\/\/test.feurich.com\/fr\/haley-reinhart\/\" class=\"vc_gitem-link\" title=\"Haley Reinhart\">Haley Reinhart<\/a><\/h4><\/div><div class=\"vc_custom_heading vc_gitem-post-data vc_gitem-post-data-source-post_excerpt\" ><div style=\"text-align: left\" ><a href=\"https:\/\/test.feurich.com\/fr\/haley-reinhart\/\" class=\"vc_gitem-link\" title=\"Haley Reinhart\"><p>AVANT-PREMIERE : \u00ab AN IMPOSSIBME PROJECT \u00bb. Un documentaire avec Haley Reinhart, Sascha Peres et son orchestre, ainsi qu\u2019un FEURICH 218.<\/p>\n<\/a><\/div><\/div><\/div><\/div><\/div><\/div><\/div><div class=\"vc_clearfix\"><\/div><\/div><div class=\"vc_grid-item vc_clearfix vc_col-sm-4 vc_grid-item-zone-c-bottom\"><div class=\"vc_grid-item-mini vc_clearfix \"><div class=\"vc_gitem-animated-block\" ><div class=\"vc_gitem-zone vc_gitem-zone-a references-pic vc_gitem-is-link\" style=\"background-image: url('https:\/\/test.feurich.com\/wp-content\/uploads\/SebastianVoltmer.jpg') !important;\"><a href=\"https:\/\/test.feurich.com\/fr\/sebastian-voltmer\/\" title=\"Sebastian Voltmer\" class=\"vc_gitem-link vc-zone-link\" ><\/a><img decoding=\"async\" class=\"vc_gitem-zone-img\" src=\"https:\/\/test.feurich.com\/wp-content\/uploads\/SebastianVoltmer.jpg\" alt=\"SebastianVoltmer\" loading=\"lazy\"><div class=\"vc_gitem-zone-mini\"><\/div><\/div><\/div><div class=\"vc_gitem-zone vc_gitem-zone-c\"><div class=\"vc_gitem-zone-mini\"><div class=\"vc_gitem_row vc_row vc_gitem-row-position-top\"><div class=\"vc_col-sm-12 vc_gitem-col vc_gitem-col-align-\"><div class=\"vc_custom_heading vc_gitem-post-data vc_gitem-post-data-source-post_title\" ><h4 style=\"text-align: left\" ><a href=\"https:\/\/test.feurich.com\/fr\/sebastian-voltmer\/\" class=\"vc_gitem-link\" title=\"Sebastian Voltmer\">Sebastian Voltmer<\/a><\/h4><\/div><div class=\"vc_custom_heading vc_gitem-post-data vc_gitem-post-data-source-post_excerpt\" ><div style=\"text-align: left\" ><a href=\"https:\/\/test.feurich.com\/fr\/sebastian-voltmer\/\" class=\"vc_gitem-link\" title=\"Sebastian Voltmer\"><p>R\u00e9alisateur de film et compositeur, Sebastian Voltmer a \u00e9crit la plupart des musiques de son film JOMI, sur son piano FEURICH 115 \u2013 Premi\u00e8re, blanc chrome.<\/p>\n<\/a><\/div><\/div><\/div><\/div><\/div><\/div><\/div><div class=\"vc_clearfix\"><\/div><\/div><div class=\"vc_grid-item vc_clearfix vc_col-sm-4 vc_grid-item-zone-c-bottom\"><div class=\"vc_grid-item-mini vc_clearfix \"><div class=\"vc_gitem-animated-block\" ><div class=\"vc_gitem-zone vc_gitem-zone-a references-pic vc_gitem-is-link\" style=\"background-image: url('https:\/\/test.feurich.com\/wp-content\/uploads\/Jasper-Munk-FEURICH-123-Vienna.jpg') !important;\"><a href=\"https:\/\/test.feurich.com\/fr\/jesper-munk-at-supersense-vienna\/\" title=\"Jesper Munk chez SUPERSENSE \u00e0 Vienne\" class=\"vc_gitem-link vc-zone-link\" ><\/a><img decoding=\"async\" class=\"vc_gitem-zone-img\" src=\"https:\/\/test.feurich.com\/wp-content\/uploads\/Jasper-Munk-FEURICH-123-Vienna.jpg\" alt=\"Jesper Munk FEURICH 123 Vienna\" loading=\"lazy\"><div class=\"vc_gitem-zone-mini\"><\/div><\/div><\/div><div class=\"vc_gitem-zone vc_gitem-zone-c\"><div class=\"vc_gitem-zone-mini\"><div class=\"vc_gitem_row vc_row vc_gitem-row-position-top\"><div class=\"vc_col-sm-12 vc_gitem-col vc_gitem-col-align-\"><div class=\"vc_custom_heading vc_gitem-post-data vc_gitem-post-data-source-post_title\" ><h4 style=\"text-align: left\" ><a href=\"https:\/\/test.feurich.com\/fr\/jesper-munk-at-supersense-vienna\/\" class=\"vc_gitem-link\" title=\"Jesper Munk chez SUPERSENSE \u00e0 Vienne\">Jesper Munk chez SUPERSENSE \u00e0 Vienne<\/a><\/h4><\/div><div class=\"vc_custom_heading vc_gitem-post-data vc_gitem-post-data-source-post_excerpt\" ><div style=\"text-align: left\" ><a href=\"https:\/\/test.feurich.com\/fr\/jesper-munk-at-supersense-vienna\/\" class=\"vc_gitem-link\" title=\"Jesper Munk chez SUPERSENSE \u00e0 Vienne\"><p>Un \u00e9v\u00e8nement particulier organis\u00e9 par Warner Music Austria et Radio Superfly s\u2019est tenu \u00e0 SUPERSENSE \u00e0 Vienne (Autriche) : une session d\u2019enregistrement avec Jesper Munk.<\/p>\n<\/a><\/div><\/div><\/div><\/div><\/div><\/div><\/div><div class=\"vc_clearfix\"><\/div><\/div><div class=\"vc_grid-item vc_clearfix vc_col-sm-4 vc_grid-item-zone-c-bottom\"><div class=\"vc_grid-item-mini vc_clearfix \"><div class=\"vc_gitem-animated-block\" ><div class=\"vc_gitem-zone vc_gitem-zone-a references-pic vc_gitem-is-link\" style=\"background-image: url('https:\/\/test.feurich.com\/wp-content\/uploads\/Paul-Barton.jpg') !important;\"><a href=\"https:\/\/test.feurich.com\/fr\/paul-barton\/\" title=\"Paul Barton\" class=\"vc_gitem-link vc-zone-link\" ><\/a><img decoding=\"async\" class=\"vc_gitem-zone-img\" src=\"https:\/\/test.feurich.com\/wp-content\/uploads\/Paul-Barton.jpg\" alt=\"Depuis Bangkok, Paul Barton \u00e9blouit plus de 100 000 fans avec son piano \u00e0 queue FEURICH 218 \u2013 Concert I.\" loading=\"lazy\"><div class=\"vc_gitem-zone-mini\"><\/div><\/div><\/div><div class=\"vc_gitem-zone vc_gitem-zone-c\"><div class=\"vc_gitem-zone-mini\"><div class=\"vc_gitem_row vc_row vc_gitem-row-position-top\"><div class=\"vc_col-sm-12 vc_gitem-col vc_gitem-col-align-\"><div class=\"vc_custom_heading vc_gitem-post-data vc_gitem-post-data-source-post_title\" ><h4 style=\"text-align: left\" ><a href=\"https:\/\/test.feurich.com\/fr\/paul-barton\/\" class=\"vc_gitem-link\" title=\"Paul Barton\">Paul Barton<\/a><\/h4><\/div><div class=\"vc_custom_heading vc_gitem-post-data vc_gitem-post-data-source-post_excerpt\" ><div style=\"text-align: left\" ><a href=\"https:\/\/test.feurich.com\/fr\/paul-barton\/\" class=\"vc_gitem-link\" title=\"Paul Barton\"><p>Depuis Bangkok, Paul Barton \u00e9blouit plus de 100 000 fans avec son piano \u00e0 queue FEURICH 218 \u2013 Concert I.<\/p>\n<\/a><\/div><\/div><\/div><\/div><\/div><\/div><\/div><div class=\"vc_clearfix\"><\/div><\/div><div class=\"vc_grid-item vc_clearfix vc_col-sm-4 vc_grid-item-zone-c-bottom\"><div class=\"vc_grid-item-mini vc_clearfix \"><div class=\"vc_gitem-animated-block\" ><div class=\"vc_gitem-zone vc_gitem-zone-a references-pic vc_gitem-is-link\" style=\"background-image: url('https:\/\/test.feurich.com\/wp-content\/uploads\/Ina-Regen-Video-Ottakringer-Brauerei.jpg') !important;\"><a href=\"https:\/\/test.feurich.com\/fr\/ina-regen\/\" title=\"Ina Regen\" class=\"vc_gitem-link vc-zone-link\" ><\/a><img decoding=\"async\" class=\"vc_gitem-zone-img\" src=\"https:\/\/test.feurich.com\/wp-content\/uploads\/Ina-Regen-Video-Ottakringer-Brauerei.jpg\" alt=\"Dans son premier album en solo, \u201cWie a Kind\u201c (Comme un enfant), Ina Regen joue sur un piano \u00e0 queue FEURICH et fait son entr\u00e9e sur la sc\u00e8ne autrichienne.\" loading=\"lazy\"><div class=\"vc_gitem-zone-mini\"><\/div><\/div><\/div><div class=\"vc_gitem-zone vc_gitem-zone-c\"><div class=\"vc_gitem-zone-mini\"><div class=\"vc_gitem_row vc_row vc_gitem-row-position-top\"><div class=\"vc_col-sm-12 vc_gitem-col vc_gitem-col-align-\"><div class=\"vc_custom_heading vc_gitem-post-data vc_gitem-post-data-source-post_title\" ><h4 style=\"text-align: left\" ><a href=\"https:\/\/test.feurich.com\/fr\/ina-regen\/\" class=\"vc_gitem-link\" title=\"Ina Regen\">Ina Regen<\/a><\/h4><\/div><div class=\"vc_custom_heading vc_gitem-post-data vc_gitem-post-data-source-post_excerpt\" ><div style=\"text-align: left\" ><a href=\"https:\/\/test.feurich.com\/fr\/ina-regen\/\" class=\"vc_gitem-link\" title=\"Ina Regen\"><p>Dans son premier album en solo, \u201cWie a Kind\u201c (Comme un enfant), Ina Regen joue sur un piano \u00e0 queue FEURICH et fait son entr\u00e9e sur la sc\u00e8ne autrichienne.<\/p>\n<\/a><\/div><\/div><\/div><\/div><\/div><\/div><\/div><div class=\"vc_clearfix\"><\/div><\/div><div class=\"vc_grid-item vc_clearfix vc_col-sm-4 vc_grid-item-zone-c-bottom\"><div class=\"vc_grid-item-mini vc_clearfix \"><div class=\"vc_gitem-animated-block\" ><div class=\"vc_gitem-zone vc_gitem-zone-a references-pic vc_gitem-is-link\" style=\"background-image: url('https:\/\/test.feurich.com\/wp-content\/uploads\/Axel-Wolph-Portrait-1024x683.jpg') !important;\"><a href=\"https:\/\/test.feurich.com\/fr\/axel-wolph\/\" title=\"Axel Wolph\" class=\"vc_gitem-link vc-zone-link\" ><\/a><img decoding=\"async\" class=\"vc_gitem-zone-img\" src=\"https:\/\/test.feurich.com\/wp-content\/uploads\/Axel-Wolph-Portrait-1024x683.jpg\" alt=\"Axel Wolph Portrait\" loading=\"lazy\"><div class=\"vc_gitem-zone-mini\"><\/div><\/div><\/div><div class=\"vc_gitem-zone vc_gitem-zone-c\"><div class=\"vc_gitem-zone-mini\"><div class=\"vc_gitem_row vc_row vc_gitem-row-position-top\"><div class=\"vc_col-sm-12 vc_gitem-col vc_gitem-col-align-\"><div class=\"vc_custom_heading vc_gitem-post-data vc_gitem-post-data-source-post_title\" ><h4 style=\"text-align: left\" ><a href=\"https:\/\/test.feurich.com\/fr\/axel-wolph\/\" class=\"vc_gitem-link\" title=\"Axel Wolph\">Axel Wolph<\/a><\/h4><\/div><div class=\"vc_custom_heading vc_gitem-post-data vc_gitem-post-data-source-post_excerpt\" ><div style=\"text-align: left\" ><a href=\"https:\/\/test.feurich.com\/fr\/axel-wolph\/\" class=\"vc_gitem-link\" title=\"Axel Wolph\"><p>\u00ab Le son \u00e9quilibr\u00e9 et nuanc\u00e9 du FEURICH 133 m\u2019a convaincu et en a convaincu plus d\u2019un de ceux qui ont jou\u00e9 dans mon studio. \u00bb<\/p>\n<\/a><\/div><\/div><\/div><\/div><\/div><\/div><\/div><div class=\"vc_clearfix\"><\/div><\/div><div class=\"vc_grid-item vc_clearfix vc_col-sm-4 vc_grid-item-zone-c-bottom\"><div class=\"vc_grid-item-mini vc_clearfix \"><div class=\"vc_gitem-animated-block\" ><div class=\"vc_gitem-zone vc_gitem-zone-a references-pic vc_gitem-is-link\" style=\"background-image: url('https:\/\/test.feurich.com\/wp-content\/uploads\/Astaire-La-Vista-Tap-Dance.jpg') !important;\"><a href=\"https:\/\/test.feurich.com\/fr\/astaire-la-vista\/\" title=\"Astaire la Vista\" class=\"vc_gitem-link vc-zone-link\" ><\/a><img decoding=\"async\" class=\"vc_gitem-zone-img\" src=\"https:\/\/test.feurich.com\/wp-content\/uploads\/Astaire-La-Vista-Tap-Dance.jpg\" alt=\"Astaire la Vista est passionn\u00e9 de claquettes. Il ravit son public par des performances sur sc\u00e8ne et son piano FEURICH, en hommage \u00e0 Fred Astaire.\" loading=\"lazy\"><div class=\"vc_gitem-zone-mini\"><\/div><\/div><\/div><div class=\"vc_gitem-zone vc_gitem-zone-c\"><div class=\"vc_gitem-zone-mini\"><div class=\"vc_gitem_row vc_row vc_gitem-row-position-top\"><div class=\"vc_col-sm-12 vc_gitem-col vc_gitem-col-align-\"><div class=\"vc_custom_heading vc_gitem-post-data vc_gitem-post-data-source-post_title\" ><h4 style=\"text-align: left\" ><a href=\"https:\/\/test.feurich.com\/fr\/astaire-la-vista\/\" class=\"vc_gitem-link\" title=\"Astaire la Vista\">Astaire la Vista<\/a><\/h4><\/div><div class=\"vc_custom_heading vc_gitem-post-data vc_gitem-post-data-source-post_excerpt\" ><div style=\"text-align: left\" ><a href=\"https:\/\/test.feurich.com\/fr\/astaire-la-vista\/\" class=\"vc_gitem-link\" title=\"Astaire la Vista\"><p>Astaire la Vista est passionn\u00e9 de claquettes. Il ravit son public par des performances sur sc\u00e8ne et son piano FEURICH, en hommage \u00e0 Fred Astaire.<\/p>\n<\/a><\/div><\/div><\/div><\/div><\/div><\/div><\/div><div class=\"vc_clearfix\"><\/div><\/div><div class=\"vc_grid-item vc_clearfix vc_col-sm-4 vc_grid-item-zone-c-bottom\"><div class=\"vc_grid-item-mini vc_clearfix \"><div class=\"vc_gitem-animated-block\" ><div class=\"vc_gitem-zone vc_gitem-zone-a references-pic vc_gitem-is-link\" style=\"background-image: url('https:\/\/test.feurich.com\/wp-content\/uploads\/PianOcean-FEURICH-Mod.-122.jpg') !important;\"><a href=\"https:\/\/test.feurich.com\/fr\/pianocean-music-on-board\/\" title=\"PianOcean \u2013 Musique \u00e0 bord !\" class=\"vc_gitem-link vc-zone-link\" ><\/a><img decoding=\"async\" class=\"vc_gitem-zone-img\" src=\"https:\/\/test.feurich.com\/wp-content\/uploads\/PianOcean-FEURICH-Mod.-122.jpg\" alt=\"PianOcean, c\u2019est le projet \u00e0 la fois artistique et technique de la pianiste et navigatrice Marieke Huysmans Berthou. A bord de son bateau : un FEURICH 122- Universal.\" loading=\"lazy\"><div class=\"vc_gitem-zone-mini\"><\/div><\/div><\/div><div class=\"vc_gitem-zone vc_gitem-zone-c\"><div class=\"vc_gitem-zone-mini\"><div class=\"vc_gitem_row vc_row vc_gitem-row-position-top\"><div class=\"vc_col-sm-12 vc_gitem-col vc_gitem-col-align-\"><div class=\"vc_custom_heading vc_gitem-post-data vc_gitem-post-data-source-post_title\" ><h4 style=\"text-align: left\" ><a href=\"https:\/\/test.feurich.com\/fr\/pianocean-music-on-board\/\" class=\"vc_gitem-link\" title=\"PianOcean \u2013 Musique \u00e0 bord !\">PianOcean \u2013 Musique \u00e0 bord !<\/a><\/h4><\/div><div class=\"vc_custom_heading vc_gitem-post-data vc_gitem-post-data-source-post_excerpt\" ><div style=\"text-align: left\" ><a href=\"https:\/\/test.feurich.com\/fr\/pianocean-music-on-board\/\" class=\"vc_gitem-link\" title=\"PianOcean \u2013 Musique \u00e0 bord !\"><p>PianOcean, c\u2019est le projet \u00e0 la fois artistique et technique de la pianiste et navigatrice Marieke Huysmans Berthou. A bord de son bateau : un FEURICH 122- Universal.<\/p>\n<\/a><\/div><\/div><\/div><\/div><\/div><\/div><\/div><div class=\"vc_clearfix\"><\/div><\/div><\/div><div data-lazy-loading-btn=\"true\" style=\"display: none;\"><a href=\"https:\/\/test.feurich.com\/fr\/references\/artistes\/\"><\/a><\/div><\/div>\n\t<\/div>\n<\/div><\/div><\/div><\/div><\/div><\/div>\n<\/div>","protected":false},"excerpt":{"rendered":"Artistes Rubber TeaRubber Tea \u2013 progressive rock band from Bremen, Germany \u2013 recorded their latest album \u201cInfusion\u201d using a FEURICH 218. Haley ReinhartAVANT-PREMIERE : \u00ab AN IMPOSSIBME PROJECT \u00bb. Un documentaire avec Haley Reinhart, Sascha Peres et son orchestre, ainsi qu\u2019un FEURICH 218. Sebastian VoltmerR\u00e9alisateur de film et compositeur, Sebastian&hellip;","protected":false},"author":4,"featured_media":0,"parent":11805,"menu_order":0,"comment_status":"closed","ping_status":"closed","template":"template-fullwidth.php","meta":{"inline_featured_image":false,"footnotes":""},"class_list":["post-11799","page","type-page","status-publish","hentry"],"acf":[],"_links":{"self":[{"href":"https:\/\/test.feurich.com\/fr\/wp-json\/wp\/v2\/pages\/11799"}],"collection":[{"href":"https:\/\/test.feurich.com\/fr\/wp-json\/wp\/v2\/pages"}],"about":[{"href":"https:\/\/test.feurich.com\/fr\/wp-json\/wp\/v2\/types\/page"}],"author":[{"embeddable":true,"href":"https:\/\/test.feurich.com\/fr\/wp-json\/wp\/v2\/users\/4"}],"replies":[{"embeddable":true,"href":"https:\/\/test.feurich.com\/fr\/wp-json\/wp\/v2\/comments?post=11799"}],"version-history":[{"count":4,"href":"https:\/\/test.feurich.com\/fr\/wp-json\/wp\/v2\/pages\/11799\/revisions"}],"predecessor-version":[{"id":25744,"href":"https:\/\/test.feurich.com\/fr\/wp-json\/wp\/v2\/pages\/11799\/revisions\/25744"}],"up":[{"embeddable":true,"href":"https:\/\/test.feurich.com\/fr\/wp-json\/wp\/v2\/pages\/11805"}],"wp:attachment":[{"href":"https:\/\/test.feurich.com\/fr\/wp-json\/wp\/v2\/media?parent=11799"}],"curies":[{"name":"wp","href":"https:\/\/api.w.org\/{rel}","templated":true}]}}