{"id":11801,"date":"2018-02-18T23:07:18","date_gmt":"2018-02-18T23:07:18","guid":{"rendered":"https:\/\/www.feurich.com\/institutions\/"},"modified":"2019-08-05T12:32:30","modified_gmt":"2019-08-05T12:32:30","slug":"institutions","status":"publish","type":"page","link":"https:\/\/test.feurich.com\/fr\/references\/institutions\/","title":{"rendered":"Institutions"},"content":{"rendered":"<div class=\"wpb-content-wrapper\"><div  class=\"sec_row container\"><div class=\"vc_row wpb_row vc_row-fluid\"><div class=\"wpb_column vc_column_container vc_col-sm-12 et-dark-column\"><div class=\"vc_column-inner\"><div class=\"wpb_wrapper\"><div class=\"vc_empty_space\"   style=\"height: 32px\"><span class=\"vc_empty_space_inner\"><\/span><\/div>\n\t<div class=\"wpb_text_column wpb_content_element   big-title\" >\n\t\t<div class=\"wpb_wrapper\">\n\t\t\t<p style=\"text-align: center;\">Institutions<\/p>\n\n\t\t<\/div>\n\t<\/div>\n<div class=\"vc_empty_space\"   style=\"height: 24px\"><span class=\"vc_empty_space_inner\"><\/span><\/div>\n<div class=\"vc_grid-container-wrapper vc_clearfix vc_grid-animation-fadeIn\">\n\t<div class=\"vc_grid-container vc_clearfix wpb_content_element vc_basic_grid\" data-initial-loading-animation=\"fadeIn\" data-vc-grid-settings=\"{&quot;page_id&quot;:11801,&quot;style&quot;:&quot;lazy&quot;,&quot;action&quot;:&quot;vc_get_vc_grid_data&quot;,&quot;shortcode_id&quot;:&quot;1565008180763-4c7599d6-355d-10&quot;,&quot;items_per_page&quot;:&quot;9&quot;,&quot;tag&quot;:&quot;vc_basic_grid&quot;}\" data-vc-request=\"https:\/\/test.feurich.com\/wp-admin\/admin-ajax.php?lang=fr\" data-vc-post-id=\"11801\" data-vc-public-nonce=\"a9dc2a4b51\">\n\t\t<div class=\"vc_grid vc_row vc_grid-gutter-30px vc_pageable-wrapper vc_hook_hover\" data-vc-pageable-content=\"true\"><div class=\"vc_pageable-slide-wrapper vc_clearfix\" data-vc-grid-content=\"true\"><div class=\"vc_grid-item vc_clearfix vc_col-sm-4 vc_grid-item-zone-c-bottom\"><div class=\"vc_grid-item-mini vc_clearfix \"><div class=\"vc_gitem-animated-block\" ><div class=\"vc_gitem-zone vc_gitem-zone-a references-pic vc_gitem-is-link\" style=\"background-image: url('https:\/\/test.feurich.com\/wp-content\/uploads\/Tabasalu-Muusikakool_2-2.jpg') !important;\"><a href=\"https:\/\/test.feurich.com\/fr\/tabasalu-muusika-ja-kunstikool-music-school\/\" title=\"Tabasalu Muusika &#8211; ja Kunstikool Music School\" class=\"vc_gitem-link vc-zone-link\" ><\/a><img decoding=\"async\" class=\"vc_gitem-zone-img\" src=\"https:\/\/test.feurich.com\/wp-content\/uploads\/Tabasalu-Muusikakool_2-2.jpg\" alt=\"The Tabasalu Muusika - ja Kunstikool, a Music School located in Harjumaa, Estonia, received a new FEURICH 179 grand piano.\" loading=\"lazy\"><div class=\"vc_gitem-zone-mini\"><\/div><\/div><\/div><div class=\"vc_gitem-zone vc_gitem-zone-c\"><div class=\"vc_gitem-zone-mini\"><div class=\"vc_gitem_row vc_row vc_gitem-row-position-top\"><div class=\"vc_col-sm-12 vc_gitem-col vc_gitem-col-align-\"><div class=\"vc_custom_heading vc_gitem-post-data vc_gitem-post-data-source-post_title\" ><h4 style=\"text-align: left\" ><a href=\"https:\/\/test.feurich.com\/fr\/tabasalu-muusika-ja-kunstikool-music-school\/\" class=\"vc_gitem-link\" title=\"Tabasalu Muusika &#8211; ja Kunstikool Music School\">Tabasalu Muusika &#8211; ja Kunstikool Music School<\/a><\/h4><\/div><div class=\"vc_custom_heading vc_gitem-post-data vc_gitem-post-data-source-post_excerpt\" ><div style=\"text-align: left\" ><a href=\"https:\/\/test.feurich.com\/fr\/tabasalu-muusika-ja-kunstikool-music-school\/\" class=\"vc_gitem-link\" title=\"Tabasalu Muusika &#8211; ja Kunstikool Music School\"><p>The Tabasalu Muusika &#8211; ja Kunstikool, a Music School located in Harjumaa, Estonia, received a new FEURICH 179 grand piano.<\/p>\n<\/a><\/div><\/div><\/div><\/div><\/div><\/div><\/div><div class=\"vc_clearfix\"><\/div><\/div><div class=\"vc_grid-item vc_clearfix vc_col-sm-4 vc_grid-item-zone-c-bottom\"><div class=\"vc_grid-item-mini vc_clearfix \"><div class=\"vc_gitem-animated-block\" ><div class=\"vc_gitem-zone vc_gitem-zone-a references-pic vc_gitem-is-link\" style=\"background-image: url('https:\/\/test.feurich.com\/wp-content\/uploads\/IMG_20211121_112845b.jpg') !important;\"><a href=\"https:\/\/test.feurich.com\/fr\/stefan-gajdov-music-school\/\" title=\"Stefan Gajdov Music School\" class=\"vc_gitem-link vc-zone-link\" ><\/a><img decoding=\"async\" class=\"vc_gitem-zone-img\" src=\"https:\/\/test.feurich.com\/wp-content\/uploads\/IMG_20211121_112845b.jpg\" alt=\"Piano teacher Ilija Nastovski from Veles, Macedonia is happy to have two FEURICH 218 grands singing in their local music school.\" loading=\"lazy\"><div class=\"vc_gitem-zone-mini\"><\/div><\/div><\/div><div class=\"vc_gitem-zone vc_gitem-zone-c\"><div class=\"vc_gitem-zone-mini\"><div class=\"vc_gitem_row vc_row vc_gitem-row-position-top\"><div class=\"vc_col-sm-12 vc_gitem-col vc_gitem-col-align-\"><div class=\"vc_custom_heading vc_gitem-post-data vc_gitem-post-data-source-post_title\" ><h4 style=\"text-align: left\" ><a href=\"https:\/\/test.feurich.com\/fr\/stefan-gajdov-music-school\/\" class=\"vc_gitem-link\" title=\"Stefan Gajdov Music School\">Stefan Gajdov Music School<\/a><\/h4><\/div><div class=\"vc_custom_heading vc_gitem-post-data vc_gitem-post-data-source-post_excerpt\" ><div style=\"text-align: left\" ><a href=\"https:\/\/test.feurich.com\/fr\/stefan-gajdov-music-school\/\" class=\"vc_gitem-link\" title=\"Stefan Gajdov Music School\"><p>Piano teacher Ilija Nastovski from Veles, Macedonia is happy to have two FEURICH 218 grands singing in their local music school.<\/p>\n<\/a><\/div><\/div><\/div><\/div><\/div><\/div><\/div><div class=\"vc_clearfix\"><\/div><\/div><div class=\"vc_grid-item vc_clearfix vc_col-sm-4 vc_grid-item-zone-c-bottom\"><div class=\"vc_grid-item-mini vc_clearfix \"><div class=\"vc_gitem-animated-block\" ><div class=\"vc_gitem-zone vc_gitem-zone-a references-pic vc_gitem-is-link\" style=\"background-image: url('https:\/\/test.feurich.com\/wp-content\/uploads\/StudioBuller-1024x745.jpg') !important;\"><a href=\"https:\/\/test.feurich.com\/fr\/studio-buller\/\" title=\"Studio Buller\" class=\"vc_gitem-link vc-zone-link\" ><\/a><img decoding=\"async\" class=\"vc_gitem-zone-img\" src=\"https:\/\/test.feurich.com\/wp-content\/uploads\/StudioBuller-1024x745.jpg\" alt=\"Studio Buller is a professional recording studio in Stockholm, Sweden. In summer 2021, they received their FEURICH 133.\" loading=\"lazy\"><div class=\"vc_gitem-zone-mini\"><\/div><\/div><\/div><div class=\"vc_gitem-zone vc_gitem-zone-c\"><div class=\"vc_gitem-zone-mini\"><div class=\"vc_gitem_row vc_row vc_gitem-row-position-top\"><div class=\"vc_col-sm-12 vc_gitem-col vc_gitem-col-align-\"><div class=\"vc_custom_heading vc_gitem-post-data vc_gitem-post-data-source-post_title\" ><h4 style=\"text-align: left\" ><a href=\"https:\/\/test.feurich.com\/fr\/studio-buller\/\" class=\"vc_gitem-link\" title=\"Studio Buller\">Studio Buller<\/a><\/h4><\/div><div class=\"vc_custom_heading vc_gitem-post-data vc_gitem-post-data-source-post_excerpt\" ><div style=\"text-align: left\" ><a href=\"https:\/\/test.feurich.com\/fr\/studio-buller\/\" class=\"vc_gitem-link\" title=\"Studio Buller\"><p>Studio Buller is a professional recording studio in Stockholm, Sweden. In summer 2021, they received their FEURICH 133.<\/p>\n<\/a><\/div><\/div><\/div><\/div><\/div><\/div><\/div><div class=\"vc_clearfix\"><\/div><\/div><div class=\"vc_grid-item vc_clearfix vc_col-sm-4 vc_grid-item-zone-c-bottom\"><div class=\"vc_grid-item-mini vc_clearfix \"><div class=\"vc_gitem-animated-block\" ><div class=\"vc_gitem-zone vc_gitem-zone-a references-pic vc_gitem-is-link\" style=\"background-image: url('https:\/\/test.feurich.com\/wp-content\/uploads\/CompagnieAlbertine.jpg') !important;\"><a href=\"https:\/\/test.feurich.com\/fr\/compagnie-albertine\/\" title=\"Compagnie Albertine\" class=\"vc_gitem-link vc-zone-link\" ><\/a><img decoding=\"async\" class=\"vc_gitem-zone-img\" src=\"https:\/\/test.feurich.com\/wp-content\/uploads\/CompagnieAlbertine.jpg\" alt=\"CompagnieAlbertine\" loading=\"lazy\"><div class=\"vc_gitem-zone-mini\"><\/div><\/div><\/div><div class=\"vc_gitem-zone vc_gitem-zone-c\"><div class=\"vc_gitem-zone-mini\"><div class=\"vc_gitem_row vc_row vc_gitem-row-position-top\"><div class=\"vc_col-sm-12 vc_gitem-col vc_gitem-col-align-\"><div class=\"vc_custom_heading vc_gitem-post-data vc_gitem-post-data-source-post_title\" ><h4 style=\"text-align: left\" ><a href=\"https:\/\/test.feurich.com\/fr\/compagnie-albertine\/\" class=\"vc_gitem-link\" title=\"Compagnie Albertine\">Compagnie Albertine<\/a><\/h4><\/div><div class=\"vc_custom_heading vc_gitem-post-data vc_gitem-post-data-source-post_excerpt\" ><div style=\"text-align: left\" ><a href=\"https:\/\/test.feurich.com\/fr\/compagnie-albertine\/\" class=\"vc_gitem-link\" title=\"Compagnie Albertine\"><p>Lausanne music school Compagnie Albertine are happy with their FEURICH 122 upright pianos as they keep tune and perform exceptionally well.<\/p>\n<\/a><\/div><\/div><\/div><\/div><\/div><\/div><\/div><div class=\"vc_clearfix\"><\/div><\/div><div class=\"vc_grid-item vc_clearfix vc_col-sm-4 vc_grid-item-zone-c-bottom\"><div class=\"vc_grid-item-mini vc_clearfix \"><div class=\"vc_gitem-animated-block\" ><div class=\"vc_gitem-zone vc_gitem-zone-a references-pic vc_gitem-is-link\" style=\"background-image: url('https:\/\/test.feurich.com\/wp-content\/uploads\/cvmusic_logo.png') !important;\"><a href=\"https:\/\/test.feurich.com\/fr\/cvmusic-filmton\/\" title=\"cvmusic film\/ton\" class=\"vc_gitem-link vc-zone-link\" ><\/a><img decoding=\"async\" class=\"vc_gitem-zone-img\" src=\"https:\/\/test.feurich.com\/wp-content\/uploads\/cvmusic_logo.png\" alt=\"\u201cI bought the FEURICH 218 \u2013 Concert I on the spot\u2026 as far as I am concerned, it is still the best grand piano sound which I have heard.\u201c Christian Vaida\" loading=\"lazy\"><div class=\"vc_gitem-zone-mini\"><\/div><\/div><\/div><div class=\"vc_gitem-zone vc_gitem-zone-c\"><div class=\"vc_gitem-zone-mini\"><div class=\"vc_gitem_row vc_row vc_gitem-row-position-top\"><div class=\"vc_col-sm-12 vc_gitem-col vc_gitem-col-align-\"><div class=\"vc_custom_heading vc_gitem-post-data vc_gitem-post-data-source-post_title\" ><h4 style=\"text-align: left\" ><a href=\"https:\/\/test.feurich.com\/fr\/cvmusic-filmton\/\" class=\"vc_gitem-link\" title=\"cvmusic film\/ton\">cvmusic film\/ton<\/a><\/h4><\/div><div class=\"vc_custom_heading vc_gitem-post-data vc_gitem-post-data-source-post_excerpt\" ><div style=\"text-align: left\" ><a href=\"https:\/\/test.feurich.com\/fr\/cvmusic-filmton\/\" class=\"vc_gitem-link\" title=\"cvmusic film\/ton\"><p>\u201cI bought the FEURICH 218 \u2013 Concert I on the spot\u2026 as far as I am concerned, it is still the best grand piano sound which I have heard.\u201c Christian Vaida<\/p>\n<\/a><\/div><\/div><\/div><\/div><\/div><\/div><\/div><div class=\"vc_clearfix\"><\/div><\/div><div class=\"vc_grid-item vc_clearfix vc_col-sm-4 vc_grid-item-zone-c-bottom\"><div class=\"vc_grid-item-mini vc_clearfix \"><div class=\"vc_gitem-animated-block\" ><div class=\"vc_gitem-zone vc_gitem-zone-a references-pic vc_gitem-is-link\" style=\"background-image: url('https:\/\/test.feurich.com\/wp-content\/uploads\/JAM_Logo_MLU_Subline_vertical_RGB-e1701293020567.jpg') !important;\"><a href=\"https:\/\/test.feurich.com\/fr\/jam-music-lab\/\" title=\"JAM MUSIC LAB\" class=\"vc_gitem-link vc-zone-link\" ><\/a><img decoding=\"async\" class=\"vc_gitem-zone-img\" src=\"https:\/\/test.feurich.com\/wp-content\/uploads\/JAM_Logo_MLU_Subline_vertical_RGB-e1701293020567.jpg\" alt=\"Le Jam Music Lab est la premi\u00e8re et la seule universit\u00e9 priv\u00e9e, enti\u00e8rement d\u00e9di\u00e9e au jazz et \u00e0 la musique populaire.\" loading=\"lazy\"><div class=\"vc_gitem-zone-mini\"><\/div><\/div><\/div><div class=\"vc_gitem-zone vc_gitem-zone-c\"><div class=\"vc_gitem-zone-mini\"><div class=\"vc_gitem_row vc_row vc_gitem-row-position-top\"><div class=\"vc_col-sm-12 vc_gitem-col vc_gitem-col-align-\"><div class=\"vc_custom_heading vc_gitem-post-data vc_gitem-post-data-source-post_title\" ><h4 style=\"text-align: left\" ><a href=\"https:\/\/test.feurich.com\/fr\/jam-music-lab\/\" class=\"vc_gitem-link\" title=\"JAM MUSIC LAB\">JAM MUSIC LAB<\/a><\/h4><\/div><div class=\"vc_custom_heading vc_gitem-post-data vc_gitem-post-data-source-post_excerpt\" ><div style=\"text-align: left\" ><a href=\"https:\/\/test.feurich.com\/fr\/jam-music-lab\/\" class=\"vc_gitem-link\" title=\"JAM MUSIC LAB\"><p>Le Jam Music Lab est la premi\u00e8re et la seule universit\u00e9 priv\u00e9e, enti\u00e8rement d\u00e9di\u00e9e au jazz et \u00e0 la musique populaire.<\/p>\n<\/a><\/div><\/div><\/div><\/div><\/div><\/div><\/div><div class=\"vc_clearfix\"><\/div><\/div><div class=\"vc_grid-item vc_clearfix vc_col-sm-4 vc_grid-item-zone-c-bottom\"><div class=\"vc_grid-item-mini vc_clearfix \"><div class=\"vc_gitem-animated-block\" ><div class=\"vc_gitem-zone vc_gitem-zone-a references-pic vc_gitem-is-link\" style=\"background-image: url('https:\/\/test.feurich.com\/wp-content\/uploads\/SCAT_Funchal_Stage_logo_narrow-1-1024x501.jpg') !important;\"><a href=\"https:\/\/test.feurich.com\/fr\/scat-funchal-jazz-club-madeira\/\" title=\"SCAT Funchal Jazz Club, Madeira\" class=\"vc_gitem-link vc-zone-link\" ><\/a><img decoding=\"async\" class=\"vc_gitem-zone-img\" src=\"https:\/\/test.feurich.com\/wp-content\/uploads\/SCAT_Funchal_Stage_logo_narrow-1-1024x501.jpg\" alt=\"Le SCAT, c\u2019est le Jazz Club \u00e0 la mode \u00e0 Funchal (Mad\u00e8re). On peut y entendre de la bonne musique et appr\u00e9cier une assiette de cuisine traditionnelle portugaise.\" loading=\"lazy\"><div class=\"vc_gitem-zone-mini\"><\/div><\/div><\/div><div class=\"vc_gitem-zone vc_gitem-zone-c\"><div class=\"vc_gitem-zone-mini\"><div class=\"vc_gitem_row vc_row vc_gitem-row-position-top\"><div class=\"vc_col-sm-12 vc_gitem-col vc_gitem-col-align-\"><div class=\"vc_custom_heading vc_gitem-post-data vc_gitem-post-data-source-post_title\" ><h4 style=\"text-align: left\" ><a href=\"https:\/\/test.feurich.com\/fr\/scat-funchal-jazz-club-madeira\/\" class=\"vc_gitem-link\" title=\"SCAT Funchal Jazz Club, Madeira\">SCAT Funchal Jazz Club, Madeira<\/a><\/h4><\/div><div class=\"vc_custom_heading vc_gitem-post-data vc_gitem-post-data-source-post_excerpt\" ><div style=\"text-align: left\" ><a href=\"https:\/\/test.feurich.com\/fr\/scat-funchal-jazz-club-madeira\/\" class=\"vc_gitem-link\" title=\"SCAT Funchal Jazz Club, Madeira\"><p>Le SCAT, c\u2019est le Jazz Club \u00e0 la mode \u00e0 Funchal (Mad\u00e8re). On peut y entendre de la bonne musique et appr\u00e9cier une assiette de cuisine traditionnelle portugaise.<\/p>\n<\/a><\/div><\/div><\/div><\/div><\/div><\/div><\/div><div class=\"vc_clearfix\"><\/div><\/div><div class=\"vc_grid-item vc_clearfix vc_col-sm-4 vc_grid-item-zone-c-bottom\"><div class=\"vc_grid-item-mini vc_clearfix \"><div class=\"vc_gitem-animated-block\" ><div class=\"vc_gitem-zone vc_gitem-zone-a references-pic vc_gitem-is-link\" style=\"background-image: url('https:\/\/test.feurich.com\/wp-content\/uploads\/turkish-airlines-lounge-istanbul-logo.jpg') !important;\"><a href=\"https:\/\/test.feurich.com\/fr\/turkish-airlines-lounge-istanbul\/\" title=\"Turkish Airlines Lounge Istanbul\" class=\"vc_gitem-link vc-zone-link\" ><\/a><img decoding=\"async\" class=\"vc_gitem-zone-img\" src=\"https:\/\/test.feurich.com\/wp-content\/uploads\/turkish-airlines-lounge-istanbul-logo.jpg\" alt=\"Turkish Airlines Lounge Istanbul Logo\" loading=\"lazy\"><div class=\"vc_gitem-zone-mini\"><\/div><\/div><\/div><div class=\"vc_gitem-zone vc_gitem-zone-c\"><div class=\"vc_gitem-zone-mini\"><div class=\"vc_gitem_row vc_row vc_gitem-row-position-top\"><div class=\"vc_col-sm-12 vc_gitem-col vc_gitem-col-align-\"><div class=\"vc_custom_heading vc_gitem-post-data vc_gitem-post-data-source-post_title\" ><h4 style=\"text-align: left\" ><a href=\"https:\/\/test.feurich.com\/fr\/turkish-airlines-lounge-istanbul\/\" class=\"vc_gitem-link\" title=\"Turkish Airlines Lounge Istanbul\">Turkish Airlines Lounge Istanbul<\/a><\/h4><\/div><div class=\"vc_custom_heading vc_gitem-post-data vc_gitem-post-data-source-post_excerpt\" ><div style=\"text-align: left\" ><a href=\"https:\/\/test.feurich.com\/fr\/turkish-airlines-lounge-istanbul\/\" class=\"vc_gitem-link\" title=\"Turkish Airlines Lounge Istanbul\"><p>Le Turkish Airlines Lounge, \u00e0 l\u2019a\u00e9roport d\u2019Istanbul, est connu chez les voyageurs pour \u00eatre l\u2019un des meilleurs salons du monde. Un endroit parfait pour un piano FEURICH.<\/p>\n<\/a><\/div><\/div><\/div><\/div><\/div><\/div><\/div><div class=\"vc_clearfix\"><\/div><\/div><div class=\"vc_grid-item vc_clearfix vc_col-sm-4 vc_grid-item-zone-c-bottom\"><div class=\"vc_grid-item-mini vc_clearfix \"><div class=\"vc_gitem-animated-block\" ><div class=\"vc_gitem-zone vc_gitem-zone-a references-pic vc_gitem-is-link\" style=\"background-image: url('https:\/\/test.feurich.com\/wp-content\/uploads\/Volksoper_Wien_Logo.png') !important;\"><a href=\"https:\/\/test.feurich.com\/fr\/volksoper-vienna\/\" title=\"Le Volksoper de Vienne\" class=\"vc_gitem-link vc-zone-link\" ><\/a><img decoding=\"async\" class=\"vc_gitem-zone-img\" src=\"https:\/\/test.feurich.com\/wp-content\/uploads\/Volksoper_Wien_Logo.png\" alt=\"Depuis 2005, le Volksoper (plus grande sc\u00e8ne d\u2019op\u00e9rette de Vienne) choisi les pianos de FEURICH.\" loading=\"lazy\"><div class=\"vc_gitem-zone-mini\"><\/div><\/div><\/div><div class=\"vc_gitem-zone vc_gitem-zone-c\"><div class=\"vc_gitem-zone-mini\"><div class=\"vc_gitem_row vc_row vc_gitem-row-position-top\"><div class=\"vc_col-sm-12 vc_gitem-col vc_gitem-col-align-\"><div class=\"vc_custom_heading vc_gitem-post-data vc_gitem-post-data-source-post_title\" ><h4 style=\"text-align: left\" ><a href=\"https:\/\/test.feurich.com\/fr\/volksoper-vienna\/\" class=\"vc_gitem-link\" title=\"Le Volksoper de Vienne\">Le Volksoper de Vienne<\/a><\/h4><\/div><div class=\"vc_custom_heading vc_gitem-post-data vc_gitem-post-data-source-post_excerpt\" ><div style=\"text-align: left\" ><a href=\"https:\/\/test.feurich.com\/fr\/volksoper-vienna\/\" class=\"vc_gitem-link\" title=\"Le Volksoper de Vienne\"><p>Depuis 2005, le Volksoper (plus grande sc\u00e8ne d\u2019op\u00e9rette de Vienne) choisi les pianos de FEURICH.<\/p>\n<\/a><\/div><\/div><\/div><\/div><\/div><\/div><\/div><div class=\"vc_clearfix\"><\/div><\/div><div class=\"vc_grid-item vc_clearfix vc_col-sm-4 vc_grid-item-zone-c-bottom\"><div class=\"vc_grid-item-mini vc_clearfix \"><div class=\"vc_gitem-animated-block\" ><div class=\"vc_gitem-zone vc_gitem-zone-a references-pic vc_gitem-is-link\" style=\"background-image: url('https:\/\/test.feurich.com\/wp-content\/uploads\/Valletta_Piano_Festival_2018.jpg') !important;\"><a href=\"https:\/\/test.feurich.com\/fr\/malta-piano-teachers-association-european-piano-teachers-association\/\" title=\"Association maltaise des professeurs de piano\" class=\"vc_gitem-link vc-zone-link\" ><\/a><img decoding=\"async\" class=\"vc_gitem-zone-img\" src=\"https:\/\/test.feurich.com\/wp-content\/uploads\/Valletta_Piano_Festival_2018.jpg\" alt=\"Jouant sur un piano \u00e0 queue FEURICH, des pianistes du monde entier se distinguent aux \u00e9v\u00e8nements port\u00e9s par l\u2019association maltaise des professeurs de piano.\" loading=\"lazy\"><div class=\"vc_gitem-zone-mini\"><\/div><\/div><\/div><div class=\"vc_gitem-zone vc_gitem-zone-c\"><div class=\"vc_gitem-zone-mini\"><div class=\"vc_gitem_row vc_row vc_gitem-row-position-top\"><div class=\"vc_col-sm-12 vc_gitem-col vc_gitem-col-align-\"><div class=\"vc_custom_heading vc_gitem-post-data vc_gitem-post-data-source-post_title\" ><h4 style=\"text-align: left\" ><a href=\"https:\/\/test.feurich.com\/fr\/malta-piano-teachers-association-european-piano-teachers-association\/\" class=\"vc_gitem-link\" title=\"Association maltaise des professeurs de piano\">Association maltaise des professeurs de piano<\/a><\/h4><\/div><div class=\"vc_custom_heading vc_gitem-post-data vc_gitem-post-data-source-post_excerpt\" ><div style=\"text-align: left\" ><a href=\"https:\/\/test.feurich.com\/fr\/malta-piano-teachers-association-european-piano-teachers-association\/\" class=\"vc_gitem-link\" title=\"Association maltaise des professeurs de piano\"><p>Jouant sur un piano \u00e0 queue FEURICH, des pianistes du monde entier se distinguent aux \u00e9v\u00e8nements port\u00e9s par l\u2019association maltaise des professeurs de piano.<\/p>\n<\/a><\/div><\/div><\/div><\/div><\/div><\/div><\/div><div class=\"vc_clearfix\"><\/div><\/div><\/div><div data-lazy-loading-btn=\"true\" style=\"display: none;\"><a href=\"https:\/\/test.feurich.com\/fr\/references\/institutions\/\"><\/a><\/div><\/div>\n\t<\/div>\n<\/div><\/div><\/div><\/div><\/div><\/div>\n<\/div>","protected":false},"excerpt":{"rendered":"<p>Des \u00e9coles et universit\u00e9s jusqu&#8217;aux mondialement connus stages et clubs de jazz, nous vous pr\u00e9sentons ici quelques unes des nombreux endroits au monde qui d\u00e9pendent du son et de la fiabilit\u00e9 des pianos FEURICH.<\/p>\n","protected":false},"author":4,"featured_media":0,"parent":11805,"menu_order":0,"comment_status":"closed","ping_status":"closed","template":"template-fullwidth.php","meta":{"inline_featured_image":false,"footnotes":""},"class_list":["post-11801","page","type-page","status-publish","hentry"],"acf":[],"_links":{"self":[{"href":"https:\/\/test.feurich.com\/fr\/wp-json\/wp\/v2\/pages\/11801"}],"collection":[{"href":"https:\/\/test.feurich.com\/fr\/wp-json\/wp\/v2\/pages"}],"about":[{"href":"https:\/\/test.feurich.com\/fr\/wp-json\/wp\/v2\/types\/page"}],"author":[{"embeddable":true,"href":"https:\/\/test.feurich.com\/fr\/wp-json\/wp\/v2\/users\/4"}],"replies":[{"embeddable":true,"href":"https:\/\/test.feurich.com\/fr\/wp-json\/wp\/v2\/comments?post=11801"}],"version-history":[{"count":6,"href":"https:\/\/test.feurich.com\/fr\/wp-json\/wp\/v2\/pages\/11801\/revisions"}],"predecessor-version":[{"id":25741,"href":"https:\/\/test.feurich.com\/fr\/wp-json\/wp\/v2\/pages\/11801\/revisions\/25741"}],"up":[{"embeddable":true,"href":"https:\/\/test.feurich.com\/fr\/wp-json\/wp\/v2\/pages\/11805"}],"wp:attachment":[{"href":"https:\/\/test.feurich.com\/fr\/wp-json\/wp\/v2\/media?parent=11801"}],"curies":[{"name":"wp","href":"https:\/\/api.w.org\/{rel}","templated":true}]}}