{"id":11854,"date":"2018-02-19T23:18:15","date_gmt":"2018-02-19T23:18:15","guid":{"rendered":"https:\/\/www.feurich.com\/pianos-classiques\/"},"modified":"2018-06-10T21:34:04","modified_gmt":"2018-06-10T21:34:04","slug":"pianos-classiques","status":"publish","type":"page","link":"https:\/\/test.feurich.com\/fr\/produits\/pianos-classiques\/","title":{"rendered":"Pianos classiques"},"content":{"rendered":"<div class=\"wpb-content-wrapper\"><div  class=\"sec_row container\"><div class=\"vc_row wpb_row vc_row-fluid\"><div class=\"wpb_column vc_column_container vc_col-sm-12 et-dark-column\"><div class=\"vc_column-inner\"><div class=\"wpb_wrapper\">\n\t<div class=\"wpb_text_column wpb_content_element  \" >\n\t\t<div class=\"wpb_wrapper\">\n\t\t\t<p>[class_piano_menu]<\/p>\n\n\t\t<\/div>\n\t<\/div>\n<\/div><\/div><\/div><\/div><\/div><div  class=\"sec_row container\"><div class=\"vc_row wpb_row vc_row-fluid\"><div class=\"wpb_column vc_column_container vc_col-sm-12 et-dark-column\"><div class=\"vc_column-inner\"><div class=\"wpb_wrapper\">\n\t<div class=\"wpb_text_column wpb_content_element   big-title\" >\n\t\t<div class=\"wpb_wrapper\">\n\t\t\t<p>PIANOS DROITS<\/p>\n\n\t\t<\/div>\n\t<\/div>\n\n<div class=\"vc_grid-container-wrapper vc_clearfix vc_grid-animation-fadeIn\">\n\t<div class=\"vc_grid-container vc_clearfix wpb_content_element vc_basic_grid\" data-initial-loading-animation=\"fadeIn\" data-vc-grid-settings=\"{&quot;page_id&quot;:11854,&quot;style&quot;:&quot;all&quot;,&quot;action&quot;:&quot;vc_get_vc_grid_data&quot;,&quot;shortcode_id&quot;:&quot;1511821667395-d5238d2e-125b-7&quot;,&quot;tag&quot;:&quot;vc_basic_grid&quot;}\" data-vc-request=\"https:\/\/test.feurich.com\/wp-admin\/admin-ajax.php?lang=fr\" data-vc-post-id=\"11854\" data-vc-public-nonce=\"2931f00379\">\n\t\t<div class=\"vc_grid vc_row vc_grid-gutter-35px vc_pageable-wrapper vc_hook_hover\" data-vc-pageable-content=\"true\"><div class=\"vc_pageable-slide-wrapper vc_clearfix\" data-vc-grid-content=\"true\"><div class=\"vc_grid-item vc_clearfix vc_col-sm-3 vc_grid-item-zone-c-bottom\"><div class=\"vc_grid-item-mini vc_clearfix \"><div class=\"vc_gitem-animated-block\" ><div class=\"vc_gitem-zone vc_gitem-zone-a fit-background vc_gitem-is-link\" style=\"background-image: url('https:\/\/test.feurich.com\/wp-content\/uploads\/Mod._115_-_Premiere_10black_brass-1.png') !important;\"><a href=\"https:\/\/test.feurich.com\/fr\/produits\/pianos-classiques\/piano-mod-115-premiere\/\" title=\"Piano Mod. 115 \u2013 Premiere\" class=\"vc_gitem-link vc-zone-link\" ><\/a><img decoding=\"async\" class=\"vc_gitem-zone-img\" src=\"https:\/\/test.feurich.com\/wp-content\/uploads\/Mod._115_-_Premiere_10black_brass-1.png\" alt=\"Mod\u00e8le le plus compact de notre gamme de pianos FEURICH, cet instrument se marie  id\u00e9alement \u00e0 la vie urbaine moderne, o\u00f9 l'optimisation de l'espace est une chose primordiale.\" loading=\"lazy\"><div class=\"vc_gitem-zone-mini\"><\/div><\/div><\/div><div class=\"vc_gitem-zone vc_gitem-zone-c bl-all-products\"><div class=\"vc_gitem-zone-mini\"><div class=\"vc_gitem_row vc_row vc_gitem-row-position-top\"><div class=\"vc_col-sm-12 vc_gitem-col vc_gitem-col-align-\"><div class=\"vc_custom_heading vc_gitem-post-data vc_gitem-post-data-source-post_title\" ><h4 style=\"text-align: left\" ><a href=\"https:\/\/test.feurich.com\/fr\/produits\/pianos-classiques\/piano-mod-115-premiere\/\" class=\"vc_gitem-link\" title=\"Piano Mod. 115 \u2013 Premiere\">Piano Mod. 115 \u2013 Premiere<\/a><\/h4><\/div><div class=\"vc_custom_heading vc_gitem-post-data vc_gitem-post-data-source-post_excerpt\" ><p style=\"text-align: left\" ><p>Mod\u00e8le le plus compact de notre gamme de pianos FEURICH, cet instrument se marie  id\u00e9alement \u00e0 la vie urbaine moderne, o\u00f9 l&#8217;optimisation de l&#8217;espace est une chose primordiale.<\/p>\n<\/p><\/div><\/div><\/div><\/div><\/div><\/div><div class=\"vc_clearfix\"><\/div><\/div><div class=\"vc_grid-item vc_clearfix vc_col-sm-3 vc_grid-item-zone-c-bottom\"><div class=\"vc_grid-item-mini vc_clearfix \"><div class=\"vc_gitem-animated-block\" ><div class=\"vc_gitem-zone vc_gitem-zone-a fit-background vc_gitem-is-link\" style=\"background-image: url('https:\/\/test.feurich.com\/wp-content\/uploads\/Mod._122_-_Universal_11white_chrome-1.png') !important;\"><a href=\"https:\/\/test.feurich.com\/fr\/produits\/pianos-classiques\/piano-mod-122-universal\/\" title=\"Piano Mod. 122 \u2013 Universal\" class=\"vc_gitem-link vc-zone-link\" ><\/a><img decoding=\"async\" class=\"vc_gitem-zone-img\" src=\"https:\/\/test.feurich.com\/wp-content\/uploads\/Mod._122_-_Universal_11white_chrome-1.png\" alt=\"Notre best-seller prim\u00e9, avec une technologie sophistiqu\u00e9e et un grand souci du d\u00e9tail dans un design recherch\u00e9 surpasse de beaucoup les pianos \u00e0 queue plus petits.\" loading=\"lazy\"><div class=\"vc_gitem-zone-mini\"><\/div><\/div><\/div><div class=\"vc_gitem-zone vc_gitem-zone-c bl-all-products\"><div class=\"vc_gitem-zone-mini\"><div class=\"vc_gitem_row vc_row vc_gitem-row-position-top\"><div class=\"vc_col-sm-12 vc_gitem-col vc_gitem-col-align-\"><div class=\"vc_custom_heading vc_gitem-post-data vc_gitem-post-data-source-post_title\" ><h4 style=\"text-align: left\" ><a href=\"https:\/\/test.feurich.com\/fr\/produits\/pianos-classiques\/piano-mod-122-universal\/\" class=\"vc_gitem-link\" title=\"Piano Mod. 122 \u2013 Universal\">Piano Mod. 122 \u2013 Universal<\/a><\/h4><\/div><div class=\"vc_custom_heading vc_gitem-post-data vc_gitem-post-data-source-post_excerpt\" ><p style=\"text-align: left\" ><p>Notre best-seller prim\u00e9, avec une technologie sophistiqu\u00e9e et un grand souci du d\u00e9tail dans un design recherch\u00e9 surpasse de beaucoup les pianos \u00e0 queue plus petits. <\/p>\n<\/p><\/div><\/div><\/div><\/div><\/div><\/div><div class=\"vc_clearfix\"><\/div><\/div><div class=\"vc_grid-item vc_clearfix vc_col-sm-3 vc_grid-item-zone-c-bottom\"><div class=\"vc_grid-item-mini vc_clearfix \"><div class=\"vc_gitem-animated-block\" ><div class=\"vc_gitem-zone vc_gitem-zone-a fit-background vc_gitem-is-link\" style=\"background-image: url('https:\/\/test.feurich.com\/wp-content\/uploads\/Mod._125_-_Design_10black_chrome-2.png') !important;\"><a href=\"https:\/\/test.feurich.com\/fr\/produits\/pianos-classiques\/piano-modele-125-design\/\" title=\"Piano Mod\u00e8le 125 \u2013 Design\" class=\"vc_gitem-link vc-zone-link\" ><\/a><img decoding=\"async\" class=\"vc_gitem-zone-img\" src=\"https:\/\/test.feurich.com\/wp-content\/uploads\/Mod._125_-_Design_10black_chrome-2.png\" alt=\"Le FEURICH Mod\u00e8le 125 \"design\" est une version plus grande et techniquement plus sophistiqu\u00e9e de notre best-seller FEURICH Mod\u00e8le 122 - Universal.\" loading=\"lazy\"><div class=\"vc_gitem-zone-mini\"><\/div><\/div><\/div><div class=\"vc_gitem-zone vc_gitem-zone-c bl-all-products\"><div class=\"vc_gitem-zone-mini\"><div class=\"vc_gitem_row vc_row vc_gitem-row-position-top\"><div class=\"vc_col-sm-12 vc_gitem-col vc_gitem-col-align-\"><div class=\"vc_custom_heading vc_gitem-post-data vc_gitem-post-data-source-post_title\" ><h4 style=\"text-align: left\" ><a href=\"https:\/\/test.feurich.com\/fr\/produits\/pianos-classiques\/piano-modele-125-design\/\" class=\"vc_gitem-link\" title=\"Piano Mod\u00e8le 125 \u2013 Design\">Piano Mod\u00e8le 125 \u2013 Design<\/a><\/h4><\/div><div class=\"vc_custom_heading vc_gitem-post-data vc_gitem-post-data-source-post_excerpt\" ><p style=\"text-align: left\" ><p>Le FEURICH Mod\u00e8le 125 &#8220;design&#8221; est une version plus grande et techniquement plus sophistiqu\u00e9e de notre best-seller FEURICH Mod\u00e8le 122 &#8211; Universal.<\/p>\n<\/p><\/div><\/div><\/div><\/div><\/div><\/div><div class=\"vc_clearfix\"><\/div><\/div><div class=\"vc_grid-item vc_clearfix vc_col-sm-3 vc_grid-item-zone-c-bottom\"><div class=\"vc_grid-item-mini vc_clearfix \"><div class=\"vc_gitem-animated-block\" ><div class=\"vc_gitem-zone vc_gitem-zone-a fit-background vc_gitem-is-link\" style=\"background-image: url('https:\/\/test.feurich.com\/wp-content\/uploads\/Mod.-133-Concert-10black_brass-1.png') !important;\"><a href=\"https:\/\/test.feurich.com\/fr\/produits\/pianos-classiques\/piano-133-concert\/\" title=\"Piano 133 &#8211; Concert\" class=\"vc_gitem-link vc-zone-link\" ><\/a><img decoding=\"async\" class=\"vc_gitem-zone-img\" src=\"https:\/\/test.feurich.com\/wp-content\/uploads\/Mod.-133-Concert-10black_brass-1.png\" alt=\"Notre plus grand piano droit, le FEURICH 133 - Concert, poss\u00e8de des basses exceptionnelles et un son ample qui surpasse de nombreux petits pianos \u00e0 queue.\" loading=\"lazy\"><div class=\"vc_gitem-zone-mini\"><\/div><\/div><\/div><div class=\"vc_gitem-zone vc_gitem-zone-c bl-all-products\"><div class=\"vc_gitem-zone-mini\"><div class=\"vc_gitem_row vc_row vc_gitem-row-position-top\"><div class=\"vc_col-sm-12 vc_gitem-col vc_gitem-col-align-\"><div class=\"vc_custom_heading vc_gitem-post-data vc_gitem-post-data-source-post_title\" ><h4 style=\"text-align: left\" ><a href=\"https:\/\/test.feurich.com\/fr\/produits\/pianos-classiques\/piano-133-concert\/\" class=\"vc_gitem-link\" title=\"Piano 133 &#8211; Concert\">Piano 133 &#8211; Concert<\/a><\/h4><\/div><div class=\"vc_custom_heading vc_gitem-post-data vc_gitem-post-data-source-post_excerpt\" ><p style=\"text-align: left\" ><p>Notre plus grand piano droit, le FEURICH 133 &#8211; Concert, poss\u00e8de des basses exceptionnelles et un son ample qui surpasse de nombreux petits pianos \u00e0 queue.<\/p>\n<\/p><\/div><\/div><\/div><\/div><\/div><\/div><div class=\"vc_clearfix\"><\/div><\/div><\/div><\/div>\n\t<\/div>\n<\/div><\/div><\/div><\/div><\/div><\/div><div  class=\"sec_row container\"><div class=\"vc_row wpb_row vc_row-fluid\"><div class=\"wpb_column vc_column_container vc_col-sm-12 et-dark-column\"><div class=\"vc_column-inner\"><div class=\"wpb_wrapper\">\n\t<div class=\"wpb_text_column wpb_content_element   big-title\" >\n\t\t<div class=\"wpb_wrapper\">\n\t\t\t<p>PIANOS A QUEUE<\/p>\n\n\t\t<\/div>\n\t<\/div>\n\n<div class=\"vc_grid-container-wrapper vc_clearfix vc_grid-animation-fadeIn\">\n\t<div class=\"vc_grid-container vc_clearfix wpb_content_element vc_basic_grid\" data-initial-loading-animation=\"fadeIn\" data-vc-grid-settings=\"{&quot;page_id&quot;:11854,&quot;style&quot;:&quot;load-more&quot;,&quot;action&quot;:&quot;vc_get_vc_grid_data&quot;,&quot;shortcode_id&quot;:&quot;1511821667397-28cbe6dd-07b2-5&quot;,&quot;items_per_page&quot;:&quot;99&quot;,&quot;btn_data&quot;:{&quot;title&quot;:&quot;Load more&quot;,&quot;style&quot;:&quot;flat&quot;,&quot;gradient_color_1&quot;:&quot;&quot;,&quot;gradient_color_2&quot;:&quot;&quot;,&quot;gradient_custom_color_1&quot;:&quot;&quot;,&quot;gradient_custom_color_2&quot;:&quot;&quot;,&quot;gradient_text_color&quot;:&quot;&quot;,&quot;custom_background&quot;:&quot;#ededed&quot;,&quot;custom_text&quot;:&quot;#666&quot;,&quot;outline_custom_color&quot;:&quot;#666&quot;,&quot;outline_custom_hover_background&quot;:&quot;#666&quot;,&quot;outline_custom_hover_text&quot;:&quot;#fff&quot;,&quot;shape&quot;:&quot;rounded&quot;,&quot;color&quot;:&quot;blue&quot;,&quot;size&quot;:&quot;md&quot;,&quot;align&quot;:&quot;inline&quot;,&quot;button_block&quot;:&quot;&quot;,&quot;add_icon&quot;:&quot;&quot;,&quot;i_align&quot;:&quot;left&quot;,&quot;i_type&quot;:&quot;fontawesome&quot;,&quot;i_icon_fontawesome&quot;:&quot;fas fa-adjust&quot;,&quot;i_icon_openiconic&quot;:&quot;vc-oi vc-oi-dial&quot;,&quot;i_icon_typicons&quot;:&quot;typcn typcn-adjust-brightness&quot;,&quot;i_icon_entypo&quot;:&quot;entypo-icon entypo-icon-note&quot;,&quot;i_icon_linecons&quot;:&quot;vc_li vc_li-heart&quot;,&quot;i_icon_monosocial&quot;:&quot;&quot;,&quot;i_icon_material&quot;:&quot;&quot;,&quot;i_icon_pixelicons&quot;:&quot;vc_pixel_icon vc_pixel_icon-alert&quot;,&quot;el_id&quot;:&quot;&quot;,&quot;custom_onclick&quot;:&quot;&quot;,&quot;custom_onclick_code&quot;:&quot;&quot;},&quot;tag&quot;:&quot;vc_basic_grid&quot;}\" data-vc-request=\"https:\/\/test.feurich.com\/wp-admin\/admin-ajax.php?lang=fr\" data-vc-post-id=\"11854\" data-vc-public-nonce=\"2931f00379\">\n\t\t<div class=\"vc_grid vc_row vc_grid-gutter-35px vc_pageable-wrapper vc_hook_hover\" data-vc-pageable-content=\"true\"><div class=\"vc_pageable-slide-wrapper vc_clearfix\" data-vc-grid-content=\"true\"><div class=\"vc_grid-item vc_clearfix vc_col-sm-4 vc_grid-item-zone-c-bottom\"><div class=\"vc_grid-item-mini vc_clearfix \"><div class=\"vc_gitem-animated-block\" ><div class=\"vc_gitem-zone vc_gitem-zone-a fit-background vc_gitem-is-link\" style=\"background-image: url('https:\/\/test.feurich.com\/wp-content\/uploads\/Mod.-162-Dynamic-I-11white_chrome-1.png') !important;\"><a href=\"https:\/\/test.feurich.com\/fr\/produits\/pianos-classiques\/piano-a-queue-modele-162-dynamic-i\/\" title=\"Piano \u00e0 queue Mod\u00e8le 162 &#8211; Dynamic I\" class=\"vc_gitem-link vc-zone-link\" ><\/a><img decoding=\"async\" class=\"vc_gitem-zone-img\" src=\"https:\/\/test.feurich.com\/wp-content\/uploads\/Mod.-162-Dynamic-I-11white_chrome-1.png\" alt=\"Comme tr\u00e8s peu de pianos \u00e0 queue de cette taille (avec une longueur de 162 cm seulement), il offre un son complet, une gamme de dynamiques  exceptionnelle ainsi qu'une clart\u00e9 subtiles, et ce jusque dans les basses.\" loading=\"lazy\"><div class=\"vc_gitem-zone-mini\"><\/div><\/div><\/div><div class=\"vc_gitem-zone vc_gitem-zone-c bl-all-products\"><div class=\"vc_gitem-zone-mini\"><div class=\"vc_gitem_row vc_row vc_gitem-row-position-top\"><div class=\"vc_col-sm-12 vc_gitem-col vc_gitem-col-align-\"><div class=\"vc_custom_heading vc_gitem-post-data vc_gitem-post-data-source-post_title\" ><h4 style=\"text-align: left\" ><a href=\"https:\/\/test.feurich.com\/fr\/produits\/pianos-classiques\/piano-a-queue-modele-162-dynamic-i\/\" class=\"vc_gitem-link\" title=\"Piano \u00e0 queue Mod\u00e8le 162 &#8211; Dynamic I\">Piano \u00e0 queue Mod\u00e8le 162 &#8211; Dynamic I<\/a><\/h4><\/div><div class=\"vc_custom_heading vc_gitem-post-data vc_gitem-post-data-source-post_excerpt\" ><p style=\"text-align: left\" ><p>Comme tr\u00e8s peu de pianos \u00e0 queue de cette taille (avec une longueur de 162 cm seulement), il offre un son complet, une gamme de dynamiques  exceptionnelle ainsi qu&#8217;une clart\u00e9 subtiles, et ce jusque dans les basses.<\/p>\n<\/p><\/div><\/div><\/div><\/div><\/div><\/div><div class=\"vc_clearfix\"><\/div><\/div><div class=\"vc_grid-item vc_clearfix vc_col-sm-4 vc_grid-item-zone-c-bottom\"><div class=\"vc_grid-item-mini vc_clearfix \"><div class=\"vc_gitem-animated-block\" ><div class=\"vc_gitem-zone vc_gitem-zone-a fit-background vc_gitem-is-link\" style=\"background-image: url('https:\/\/test.feurich.com\/wp-content\/uploads\/Mod.-179-Dynamic-II-10CHblack_chrome-1.png') !important;\"><a href=\"https:\/\/test.feurich.com\/fr\/produits\/pianos-classiques\/piano-a-queue-modele-179-dynamic-ii\/\" title=\"Piano \u00e0 queue Mod\u00e8le 179 &#8211; Dynamic II\" class=\"vc_gitem-link vc-zone-link\" ><\/a><img decoding=\"async\" class=\"vc_gitem-zone-img\" src=\"https:\/\/test.feurich.com\/wp-content\/uploads\/Mod.-179-Dynamic-II-10CHblack_chrome-1.png\" alt=\"La facture tr\u00e8s large permet un beau son durable, avec des basses pures et riches. Des atouts en plus du pr\u00e9c\u00e9dent mod\u00e8le !\" loading=\"lazy\"><div class=\"vc_gitem-zone-mini\"><\/div><\/div><\/div><div class=\"vc_gitem-zone vc_gitem-zone-c bl-all-products\"><div class=\"vc_gitem-zone-mini\"><div class=\"vc_gitem_row vc_row vc_gitem-row-position-top\"><div class=\"vc_col-sm-12 vc_gitem-col vc_gitem-col-align-\"><div class=\"vc_custom_heading vc_gitem-post-data vc_gitem-post-data-source-post_title\" ><h4 style=\"text-align: left\" ><a href=\"https:\/\/test.feurich.com\/fr\/produits\/pianos-classiques\/piano-a-queue-modele-179-dynamic-ii\/\" class=\"vc_gitem-link\" title=\"Piano \u00e0 queue Mod\u00e8le 179 &#8211; Dynamic II\">Piano \u00e0 queue Mod\u00e8le 179 &#8211; Dynamic II<\/a><\/h4><\/div><div class=\"vc_custom_heading vc_gitem-post-data vc_gitem-post-data-source-post_excerpt\" ><p style=\"text-align: left\" ><p>La facture tr\u00e8s large permet un beau son durable, avec des basses pures et riches. Des atouts en plus du pr\u00e9c\u00e9dent mod\u00e8le !<\/p>\n<\/p><\/div><\/div><\/div><\/div><\/div><\/div><div class=\"vc_clearfix\"><\/div><\/div><div class=\"vc_grid-item vc_clearfix vc_col-sm-4 vc_grid-item-zone-c-bottom\"><div class=\"vc_grid-item-mini vc_clearfix \"><div class=\"vc_gitem-animated-block\" ><div class=\"vc_gitem-zone vc_gitem-zone-a fit-background vc_gitem-is-link\" style=\"background-image: url('https:\/\/test.feurich.com\/wp-content\/uploads\/Mod.-218-Concert-I-10black_brass-LOGO.png') !important;\"><a href=\"https:\/\/test.feurich.com\/fr\/produits\/pianos-classiques\/piano-a-queue-modele-218-concert-i\/\" title=\"Piano \u00e0 queue Mod\u00e8le 218 &#8211; Concert I\" class=\"vc_gitem-link vc-zone-link\" ><\/a><img decoding=\"async\" class=\"vc_gitem-zone-img\" src=\"https:\/\/test.feurich.com\/wp-content\/uploads\/Mod.-218-Concert-I-10black_brass-LOGO.png\" alt=\"Le design unique de notre demi-queue  d\u00e9finit des nouveaux standards de qualit\u00e9 sonore, d\u00e9velopp\u00e9s conjointement avec Stephen Paulello.\" loading=\"lazy\"><div class=\"vc_gitem-zone-mini\"><\/div><\/div><\/div><div class=\"vc_gitem-zone vc_gitem-zone-c bl-all-products\"><div class=\"vc_gitem-zone-mini\"><div class=\"vc_gitem_row vc_row vc_gitem-row-position-top\"><div class=\"vc_col-sm-12 vc_gitem-col vc_gitem-col-align-\"><div class=\"vc_custom_heading vc_gitem-post-data vc_gitem-post-data-source-post_title\" ><h4 style=\"text-align: left\" ><a href=\"https:\/\/test.feurich.com\/fr\/produits\/pianos-classiques\/piano-a-queue-modele-218-concert-i\/\" class=\"vc_gitem-link\" title=\"Piano \u00e0 queue Mod\u00e8le 218 &#8211; Concert I\">Piano \u00e0 queue Mod\u00e8le 218 &#8211; Concert I<\/a><\/h4><\/div><div class=\"vc_custom_heading vc_gitem-post-data vc_gitem-post-data-source-post_excerpt\" ><p style=\"text-align: left\" ><p>Le design unique de notre demi-queue  d\u00e9finit des nouveaux standards de qualit\u00e9 sonore, d\u00e9velopp\u00e9s conjointement avec Stephen Paulello.<\/p>\n<\/p><\/div><\/div><\/div><\/div><\/div><\/div><div class=\"vc_clearfix\"><\/div><\/div><\/div><div class=\"vc_pageable-load-more-btn\" data-vc-grid-load-more-btn=\"true\"><div class=\"vc_btn3-container  vc_grid-btn-load_more vc_btn3-inline\"><a href=\"javascript:;\" class=\"vc_general vc_btn3 vc_btn3-size-md vc_btn3-shape-rounded vc_btn3-style-flat vc_btn3-color-blue\"  title=\"Load more\">Load more<\/a><\/div><\/div><\/div>\n\t<\/div>\n<\/div><\/div><\/div><\/div><\/div><\/div><div  class=\"sec_row container\"><div class=\"vc_row wpb_row vc_row-fluid\"><div class=\"wpb_column vc_column_container vc_col-sm-12 et-dark-column\"><div class=\"vc_column-inner\"><div class=\"wpb_wrapper\"><div class=\"vc_empty_space\"   style=\"height: 32px\"><span class=\"vc_empty_space_inner\"><\/span><\/div><\/div><\/div><\/div><\/div><\/div>\n<\/div>","protected":false},"excerpt":{"rendered":"<p>Des pianos droits les plus compacts aux pianos \u00e0 queue, FEURICH propose des pianos \u00e9tonnants et poss\u00e9dant une palette d&#8217;innovations, de qualit\u00e9s, de design et d&#8217;excellent rapport qualit\u00e9-prix. <\/p>\n","protected":false},"author":4,"featured_media":0,"parent":13294,"menu_order":0,"comment_status":"closed","ping_status":"closed","template":"template-fullwidth.php","meta":{"inline_featured_image":false,"footnotes":""},"class_list":["post-11854","page","type-page","status-publish","hentry"],"acf":[],"_links":{"self":[{"href":"https:\/\/test.feurich.com\/fr\/wp-json\/wp\/v2\/pages\/11854"}],"collection":[{"href":"https:\/\/test.feurich.com\/fr\/wp-json\/wp\/v2\/pages"}],"about":[{"href":"https:\/\/test.feurich.com\/fr\/wp-json\/wp\/v2\/types\/page"}],"author":[{"embeddable":true,"href":"https:\/\/test.feurich.com\/fr\/wp-json\/wp\/v2\/users\/4"}],"replies":[{"embeddable":true,"href":"https:\/\/test.feurich.com\/fr\/wp-json\/wp\/v2\/comments?post=11854"}],"version-history":[{"count":3,"href":"https:\/\/test.feurich.com\/fr\/wp-json\/wp\/v2\/pages\/11854\/revisions"}],"predecessor-version":[{"id":20289,"href":"https:\/\/test.feurich.com\/fr\/wp-json\/wp\/v2\/pages\/11854\/revisions\/20289"}],"up":[{"embeddable":true,"href":"https:\/\/test.feurich.com\/fr\/wp-json\/wp\/v2\/pages\/13294"}],"wp:attachment":[{"href":"https:\/\/test.feurich.com\/fr\/wp-json\/wp\/v2\/media?parent=11854"}],"curies":[{"name":"wp","href":"https:\/\/api.w.org\/{rel}","templated":true}]}}