{"id":11869,"date":"2018-02-19T23:30:48","date_gmt":"2018-02-19T23:30:48","guid":{"rendered":"https:\/\/www.feurich.com\/pianos-viennois\/"},"modified":"2020-10-01T14:03:56","modified_gmt":"2020-10-01T14:03:56","slug":"pianos-viennois","status":"publish","type":"page","link":"https:\/\/test.feurich.com\/fr\/produits\/pianos-viennois\/","title":{"rendered":"Pianos viennois"},"content":{"rendered":"<div class=\"wpb-content-wrapper\"><div  class=\"sec_row container\"><div class=\"vc_row wpb_row vc_row-fluid\"><div class=\"wpb_column vc_column_container vc_col-sm-12 et-dark-column\"><div class=\"vc_column-inner\"><div class=\"wpb_wrapper\"><div class=\"vc_empty_space\"   style=\"height: 52px\"><span class=\"vc_empty_space_inner\"><\/span><\/div>\n\t<div class=\"wpb_text_column wpb_content_element   big-title\" >\n\t\t<div class=\"wpb_wrapper\">\n\t\t\t<p>Mod\u00e8le 123 &#8211; Vienne &#8220;Made in Autriche&#8221;<\/p>\n\n\t\t<\/div>\n\t<\/div>\n<\/div><\/div><\/div><\/div><\/div><div  class=\"sec_row container\"><div class=\"vc_row wpb_row vc_row-fluid vc_row-o-content-middle vc_row-flex\"><div class=\"wpb_column vc_column_container vc_col-sm-12 et-dark-column\"><div class=\"vc_column-inner\"><div class=\"wpb_wrapper\"><div class=\"vc_empty_space\"   style=\"height: 20px\"><span class=\"vc_empty_space_inner\"><\/span><\/div><div class=\"vc_empty_space\"   style=\"height: 20px\"><span class=\"vc_empty_space_inner\"><\/span><\/div>\n\t<div class=\"wpb_text_column wpb_content_element  \" >\n\t\t<div class=\"wpb_wrapper\">\n\t\t\t<div class=\"arve\" data-mode=\"normal\" data-oembed=\"1\" data-provider=\"youtube\" id=\"arve-youtube-nzenovmqkni69d694b743129474094418\">\n<span class=\"arve-inner\">\n<span class=\"arve-embed arve-embed--has-aspect-ratio\" style=\"aspect-ratio: 500 \/ 281\">\n<span class=\"arve-ar\" style=\"padding-top:56.200000%\"><\/span><iframe allow=\"accelerometer; autoplay; clipboard-write; encrypted-media; gyroscope; picture-in-picture\" allowfullscreen class=\"arve-iframe fitvidsignore\" data-arve=\"arve-youtube-nzenovmqkni69d694b743129474094418\" data-src-no-ap=\"https:\/\/www.youtube-nocookie.com\/embed\/NzeNOVMqKNI?feature=oembed&amp;iv_load_policy=3&amp;modestbranding=1&amp;rel=0&amp;autohide=1&amp;playsinline=0&amp;autoplay=0\" frameborder=\"0\" height=\"0\" sandbox=\"allow-scripts allow-same-origin allow-presentation allow-popups allow-popups-to-escape-sandbox\" scrolling=\"no\" src=\"https:\/\/www.youtube-nocookie.com\/embed\/NzeNOVMqKNI?feature=oembed&#038;iv_load_policy=3&#038;modestbranding=1&#038;rel=0&#038;autohide=1&#038;playsinline=0&#038;autoplay=0\"><\/iframe>\n\n<\/span>\n\n<\/span>\n<script type=\"application\/ld+json\">{\"@context\":\"http:\\\/\\\/schema.org\\\/\",\"@id\":\"https:\\\/\\\/test.feurich.com\\\/fr\\\/produits\\\/pianos-viennois\\\/#arve-youtube-nzenovmqkni69d694b743129474094418\",\"type\":\"VideoObject\",\"embedURL\":\"https:\\\/\\\/www.youtube-nocookie.com\\\/embed\\\/NzeNOVMqKNI?feature=oembed&iv_load_policy=3&modestbranding=1&rel=0&autohide=1&playsinline=0&autoplay=0\"}<\/script>\n<\/div>\n\n\n\t\t<\/div>\n\t<\/div>\n<div class=\"vc_empty_space\"   style=\"height: 20px\"><span class=\"vc_empty_space_inner\"><\/span><\/div><div class=\"vc_empty_space\"   style=\"height: 20px\"><span class=\"vc_empty_space_inner\"><\/span><\/div><\/div><\/div><\/div><\/div><\/div><div  class=\"sec_row container\"><div class=\"vc_row wpb_row vc_row-fluid\"><div class=\"wpb_column vc_column_container vc_col-sm-4 et-dark-column\"><div class=\"vc_column-inner\"><div class=\"wpb_wrapper\">\n\t<div  class=\"wpb_single_image wpb_content_element vc_align_left\">\n\t\t\n\t\t<figure class=\"wpb_wrapper vc_figure\">\n\t\t\t<div class=\"vc_single_image-wrapper   vc_box_border_grey\"><img loading=\"lazy\" decoding=\"async\" width=\"1024\" height=\"683\" src=\"https:\/\/test.feurich.com\/wp-content\/uploads\/FEURICH-Mod.-123-Vienna-white-satin-1024x683.jpg\" class=\"vc_single_image-img attachment-large\" alt=\"\" title=\"FEURICH Mod. 123 - Vienna, white satin\" srcset=\"https:\/\/test.feurich.com\/wp-content\/uploads\/FEURICH-Mod.-123-Vienna-white-satin-1024x683.jpg 1024w, https:\/\/test.feurich.com\/wp-content\/uploads\/FEURICH-Mod.-123-Vienna-white-satin-450x300.jpg 450w, https:\/\/test.feurich.com\/wp-content\/uploads\/FEURICH-Mod.-123-Vienna-white-satin-1000x667.jpg 1000w, https:\/\/test.feurich.com\/wp-content\/uploads\/FEURICH-Mod.-123-Vienna-white-satin-300x200.jpg 300w, https:\/\/test.feurich.com\/wp-content\/uploads\/FEURICH-Mod.-123-Vienna-white-satin-768x512.jpg 768w, https:\/\/test.feurich.com\/wp-content\/uploads\/FEURICH-Mod.-123-Vienna-white-satin-800x533.jpg 800w, https:\/\/test.feurich.com\/wp-content\/uploads\/FEURICH-Mod.-123-Vienna-white-satin.jpg 1071w\" sizes=\"(max-width: 1024px) 100vw, 1024px\" \/><\/div>\n\t\t<\/figure>\n\t<\/div>\n<div class=\"vc_empty_space\"   style=\"height: 32px\"><span class=\"vc_empty_space_inner\"><\/span><\/div>\n\t<div class=\"wpb_text_column wpb_content_element  \" >\n\t\t<div class=\"wpb_wrapper\">\n\t\t\t<p>[feurich_vid youtube=&#8221;31tUOSku-gg&#8221; youku=&#8221;XMzI4MTMzMTE4NA==&#8221;]<\/p>\n\n\t\t<\/div>\n\t<\/div>\n\n\t<div class=\"wpb_text_column wpb_content_element  \" >\n\t\t<div class=\"wpb_wrapper\">\n\t\t\t<p>Pr\u00e9sentation du Mod\u00e8le 123 &#8211; Vienne: Kharin, professeur des Universit\u00e9s, nous fait la d\u00e9monstration du syst\u00e8me de double r\u00e9p\u00e9tition.<\/p>\n\n\t\t<\/div>\n\t<\/div>\n<div class=\"vc_empty_space\"   style=\"height: 32px\"><span class=\"vc_empty_space_inner\"><\/span><\/div>\n\t<div class=\"wpb_text_column wpb_content_element  \" >\n\t\t<div class=\"wpb_wrapper\">\n\t\t\t<p>[feurich_vid youtube=&#8221;DhmUQkl3T7I&#8221; youku=&#8221;XMzI4MTg2MjMzMg==&#8221;]<\/p>\n\n\t\t<\/div>\n\t<\/div>\n\n\t<div class=\"wpb_text_column wpb_content_element  \" >\n\t\t<div class=\"wpb_wrapper\">\n\t\t\t<p>Bill Dobbins, professeur du jazz chevreonn\u00e9 et pianiste, teste le FEURICH Mod\u00e8le 123 &#8211; Vienne.<\/p>\n\n\t\t<\/div>\n\t<\/div>\n<div class=\"vc_empty_space\"   style=\"height: 32px\"><span class=\"vc_empty_space_inner\"><\/span><\/div><div class=\"wpb_gallery wpb_content_element vc_clearfix\" ><div class=\"wpb_wrapper\"><div class=\"wpb_gallery_slides wpb_flexslider flexslider_fade flexslider\" data-interval=\"3\" data-flex_fx=\"fade\"><ul class=\"slides\"><li><a class=\"\" href=\"https:\/\/test.feurich.com\/wp-content\/uploads\/FEURICH-123-Vienna-nut-1-1024x683.jpg\" data-lightbox=\"lightbox[rel-11869-3758917339]\"><img loading=\"lazy\" decoding=\"async\" width=\"1024\" height=\"683\" src=\"https:\/\/test.feurich.com\/wp-content\/uploads\/FEURICH-123-Vienna-nut-1-1024x683.jpg\" class=\"attachment-thumbnail\" alt=\"FEURICH 123 - Vienna nut\" title=\"FEURICH 123 - Vienna nut\" srcset=\"https:\/\/test.feurich.com\/wp-content\/uploads\/FEURICH-123-Vienna-nut-1.jpg 1024w, https:\/\/test.feurich.com\/wp-content\/uploads\/FEURICH-123-Vienna-nut-1-450x300.jpg 450w, https:\/\/test.feurich.com\/wp-content\/uploads\/FEURICH-123-Vienna-nut-1-1000x667.jpg 1000w, https:\/\/test.feurich.com\/wp-content\/uploads\/FEURICH-123-Vienna-nut-1-300x200.jpg 300w, https:\/\/test.feurich.com\/wp-content\/uploads\/FEURICH-123-Vienna-nut-1-768x512.jpg 768w, https:\/\/test.feurich.com\/wp-content\/uploads\/FEURICH-123-Vienna-nut-1-800x534.jpg 800w\" sizes=\"(max-width: 1024px) 100vw, 1024px\" \/><\/a><\/li><li><a class=\"\" href=\"https:\/\/test.feurich.com\/wp-content\/uploads\/FEURICH-123-Vienna-white-1024x683.jpg\" data-lightbox=\"lightbox[rel-11869-3758917339]\"><img loading=\"lazy\" decoding=\"async\" width=\"1024\" height=\"683\" src=\"https:\/\/test.feurich.com\/wp-content\/uploads\/FEURICH-123-Vienna-white-1024x683.jpg\" class=\"attachment-thumbnail\" alt=\"FEURICH 123 - Vienna white\" title=\"FEURICH 123 - Vienna white\" srcset=\"https:\/\/test.feurich.com\/wp-content\/uploads\/FEURICH-123-Vienna-white.jpg 1024w, https:\/\/test.feurich.com\/wp-content\/uploads\/FEURICH-123-Vienna-white-450x300.jpg 450w, https:\/\/test.feurich.com\/wp-content\/uploads\/FEURICH-123-Vienna-white-1000x667.jpg 1000w, https:\/\/test.feurich.com\/wp-content\/uploads\/FEURICH-123-Vienna-white-300x200.jpg 300w, https:\/\/test.feurich.com\/wp-content\/uploads\/FEURICH-123-Vienna-white-768x512.jpg 768w, https:\/\/test.feurich.com\/wp-content\/uploads\/FEURICH-123-Vienna-white-800x534.jpg 800w\" sizes=\"(max-width: 1024px) 100vw, 1024px\" \/><\/a><\/li><\/ul><\/div><\/div><\/div><\/div><\/div><\/div><div class=\"wpb_column vc_column_container vc_col-sm-8 et-dark-column\"><div class=\"vc_column-inner\"><div class=\"wpb_wrapper\">\n\t<div class=\"wpb_text_column wpb_content_element  \" >\n\t\t<div class=\"wpb_wrapper\">\n\t\t\t<p><span style=\"font-size: 14pt;\"><strong>La derni\u00e8re des innovations FEURICH : le piano mod\u00e8le 123 &#8211; Vienne avec plusieurs nouveaux concepts qui concernent les \u00e9l\u00e9ments importants comme la m\u00e9canique, la r\u00e9partition du son et un syst\u00e8me de p\u00e9dales.<\/strong> <\/span><\/p>\n\n\t\t<\/div>\n\t<\/div>\n\n\t<div class=\"wpb_text_column wpb_content_element  \" >\n\t\t<div class=\"wpb_wrapper\">\n\t\t\t<p>Pour ce mod\u00e8le, FEURICH a mis au point un nouveau concept pour la conception de la m\u00e9canique\u2013\u2013<a href=\"https:\/\/test.feurich.com\/de\/innovationen\/high-speed-kamm-action\/\"><sup>\u00a9<\/sup>FEURICH \u2013 High Speed KAMM Action<\/a>. Cette innovation permet d&#8217;avoir\u00a0<strong>une r\u00e9p\u00e9tition extr\u00eamement rapide,<\/strong>\u00a0ce que les pianistes n&#8217;obtiennent en g\u00e9n\u00e9ral que sur les\u00a0<strong>meilleurs pianos de concert<\/strong>. Gr\u00e2ce \u00e0 cette nouvelle m\u00e9canique, le piano viennois a un toucher beaucoup plus l\u00e9ger et pr\u00e9cis que n&#8217;importe quel autre piano droit de m\u00eame cat\u00e9gorie.<\/p>\n<p>&nbsp;<\/p>\n<h3>Une multitude d&#8217;innovations<\/h3>\n<p>Le FEURICH 123 \u2013 Vienna est l&#8217;un des premiers pianos produits en s\u00e9rie qui utilise un clavier sans plombage. Le r\u00e9sultat est saisissant : on obtient un clavier plus stable et durable dans le temps. Une autre innovation majeure est l&#8217;utilisation d&#8217;un vernis \u00e9cologique pour le meuble du mod\u00e8le 123 viennois.<\/p>\n<p>Gr\u00e2ce \u00e0 la conception nouvelle et robuste du syst\u00e8me de p\u00e9dales, le pianiste dispose d&#8217;une palette de nuances beaucoup plus \u00e9largie. Les bruits parasites que l&#8217;on peut entendre sur les syst\u00e8mes traditionnels sont d\u00e9sormais r\u00e9volus!<\/p>\n<p>&nbsp;<\/p>\n<h3>Un meuble r\u00e9alis\u00e9 avec finesse<\/h3>\n<p>Le cadre en fonte repens\u00e9 et le meuble du piano sont tous deux con\u00e7us pour \u00eatre retir\u00e9s facilement, y compris les panneaux lat\u00e9raux. Il est donc possible de jouer sur ce piano sans meuble !<\/p>\n<p><strong>Pour la premi\u00e8re fois dans l\u2019histoire de la manufacture du piano, un instrument produit en s\u00e9rie peut \u00eatre jou\u00e9 sans son meuble<\/strong>. Une caract\u00e9ristique appr\u00e9ci\u00e9e lors d&#8217;enregistrements, de concerts, ou lors de transports difficiles.<\/p>\n<p>Sur les pianos droits classiques, le panneau de fa\u00e7ade avant absorbe la plupart des sons produits. Sur le mod\u00e8le 123 &#8211; Vienne, FEURICH a donc con\u00e7u un panneau ouvert. Cela permet la <strong>transmission directe du son de la table d\u2019harmonie vers l\u2019ext\u00e9rieur<\/strong>. On a ainsi un son plus puissant et pur ainsi qu\u2019une vue int\u00e9ressante sur le fonctionnement interne du piano.<\/p>\n<p>&nbsp;<\/p>\n<h3><strong>En r\u00e9sum\u00e9\u00a0:<\/strong><\/h3>\n<ul>\n<li>M\u00e9canique exclusive <a href=\"https:\/\/www.louisrenner.com\/en\/\">RENNER<\/a>, avec de nouveaux composants con\u00e7us selon nos caract\u00e9ristiques.<\/li>\n<li><a href=\"https:\/\/test.feurich.com\/de\/innovationen\/high-speed-kamm-action\/\"><sup>\u00a9<\/sup>FEURICH \u2013 High Speed KAMM Action<\/a> pour une r\u00e9p\u00e9tition des notes extr\u00eamement rapide.<\/li>\n<li>Des t\u00eates de marteaux RENNER, avec un feutre <a href=\"https:\/\/filzfabrik-wurzen.de\/en\/products\/felt-for-musical-instruments\/\">Weickert-Special<\/a> pour un son exceptionnellement riche.<\/li>\n<li>Innovation dans la conception du meuble (tous les panneaux peuvent \u00eatre enlev\u00e9s, les lat\u00e9raux inclus, mais il est toujours possible de jouer).<\/li>\n<li>Un vernis \u00e9cologique<\/li>\n<li>Cordes <a href=\"https:\/\/test.feurich.com\/de\/ueber-uns\/expertenteam\/stephen_paulello\/\">PAULELLO <\/a>inoxydables<\/li>\n<li>Eclairage LED int\u00e9gr\u00e9<\/li>\n<li>Panneau de fa\u00e7ade ouvert, pour une meilleure diffusion du son<\/li>\n<li>Syst\u00e8me de p\u00e9dale pour des nuances fines, sans entretien n\u00e9cessaire<\/li>\n<li>Clavier l\u00e9ger, sans plomb<\/li>\n<\/ul>\n<p>Le mod\u00e8le FEURICH 123- Vienne est disponible en blanc, noir et bois satin\u00e9, garnitures chrom\u00e9es. Nous pouvons aussi r\u00e9aliser l\u2019habillage du bois avec des finitions laqu\u00e9es et personnalis\u00e9es, dans n\u2019importe quelle couleur disponible sur le <a href=\"https:\/\/en.wikipedia.org\/wiki\/List_of_RAL_colors\">nuancier RAL<\/a>. Laissez libre court \u00e0 votre imagination\u00a0!<\/p>\n<p>La conception du mod\u00e8le FEURICH 123- Vienne, nous permet de fabriquer le meuble presque ind\u00e9pendamment du reste du piano. Sur demande, nous pouvons donc vous proposer une esth\u00e9tique sur mesure.<\/p>\n<p>Vous voulez en apprendre plus sur cet instrument\u00a0? <a href=\"https:\/\/test.feurich.com\/fr\/information-contact\/\">Ecrivez-nous\u00a0!<\/a><\/p>\n\n\t\t<\/div>\n\t<\/div>\n<\/div><\/div><\/div><\/div><\/div><div  class=\"sec_row container\"><div class=\"vc_row wpb_row vc_row-fluid\"><div class=\"wpb_column vc_column_container vc_col-sm-12 et-dark-column\"><div class=\"vc_column-inner\"><div class=\"wpb_wrapper\"><div class=\"vc_empty_space\"   style=\"height: 24px\"><span class=\"vc_empty_space_inner\"><\/span><\/div>\n<div class=\"vc_grid-container-wrapper vc_clearfix vc_grid-animation-zoomIn\">\n\t<div class=\"vc_grid-container vc_clearfix wpb_content_element vc_masonry_media_grid\" data-initial-loading-animation=\"zoomIn\" data-vc-grid-settings=\"{&quot;page_id&quot;:11869,&quot;style&quot;:&quot;all-masonry&quot;,&quot;action&quot;:&quot;vc_get_vc_grid_data&quot;,&quot;shortcode_id&quot;:&quot;1601560988695-67f7e7eb-8e41-0&quot;,&quot;tag&quot;:&quot;vc_masonry_media_grid&quot;}\" data-vc-request=\"https:\/\/test.feurich.com\/wp-admin\/admin-ajax.php?lang=fr\" data-vc-post-id=\"11869\" data-vc-public-nonce=\"ece9a6cc3a\">\n\t\t\n\t<\/div>\n<\/div><\/div><\/div><\/div><\/div><\/div><div  class=\"sec_row container\"><div class=\"vc_row wpb_row vc_row-fluid\"><div class=\"wpb_column vc_column_container vc_col-sm-12 et-dark-column\"><div class=\"vc_column-inner\"><div class=\"wpb_wrapper\">\n\t<div class=\"wpb_text_column wpb_content_element  \" >\n\t\t<div class=\"wpb_wrapper\">\n\t\t\t\n\t\t<\/div>\n\t<\/div>\n<\/div><\/div><\/div><\/div><\/div><div  class=\"sec_row container\"><div class=\"vc_row wpb_row vc_row-fluid\"><div class=\"wpb_column vc_column_container vc_col-sm-12 et-dark-column\"><div class=\"vc_column-inner\"><div class=\"wpb_wrapper\"><div class=\"vc_empty_space\"   style=\"height: 72px\"><span class=\"vc_empty_space_inner\"><\/span><\/div>\n\t<div class=\"wpb_text_column wpb_content_element   big-title\" >\n\t\t<div class=\"wpb_wrapper\">\n\t\t\t<p><strong>Edition sp\u00e9ciale\u00a0: Mod. 123 \u2013 Vienna Modern<\/strong><\/p>\n\n\t\t<\/div>\n\t<\/div>\n<div class=\"vc_empty_space\"   style=\"height: 36px\"><span class=\"vc_empty_space_inner\"><\/span><\/div><\/div><\/div><\/div><\/div><\/div><div  class=\"sec_row container\"><div class=\"vc_row wpb_row vc_row-fluid\"><div class=\"wpb_column vc_column_container vc_col-sm-4 et-dark-column\"><div class=\"vc_column-inner\"><div class=\"wpb_wrapper\">\n\t<div  class=\"wpb_single_image wpb_content_element vc_align_left\">\n\t\t\n\t\t<figure class=\"wpb_wrapper vc_figure\">\n\t\t\t<div class=\"vc_single_image-wrapper   vc_box_border_grey\"><img loading=\"lazy\" decoding=\"async\" width=\"716\" height=\"520\" src=\"https:\/\/test.feurich.com\/wp-content\/uploads\/FEURICH-123-Produktion.jpg\" class=\"vc_single_image-img attachment-thumbnail\" alt=\"FEURICH-123-Produktion\" title=\"FEURICH-123-Produktion\" srcset=\"https:\/\/test.feurich.com\/wp-content\/uploads\/FEURICH-123-Produktion.jpg 716w, https:\/\/test.feurich.com\/wp-content\/uploads\/FEURICH-123-Produktion-450x327.jpg 450w, https:\/\/test.feurich.com\/wp-content\/uploads\/FEURICH-123-Produktion-600x436.jpg 600w, https:\/\/test.feurich.com\/wp-content\/uploads\/FEURICH-123-Produktion-300x218.jpg 300w\" sizes=\"(max-width: 716px) 100vw, 716px\" \/><\/div>\n\t\t<\/figure>\n\t<\/div>\n<\/div><\/div><\/div><div class=\"wpb_column vc_column_container vc_col-sm-8 et-dark-column\"><div class=\"vc_column-inner\"><div class=\"wpb_wrapper\">\n\t<div class=\"wpb_text_column wpb_content_element  \" >\n\t\t<div class=\"wpb_wrapper\">\n\t\t\t<p><strong>Nous sommes heureux de pouvoir vous offrir des pianos sur mesure ainsi que des \u00e9ditions sp\u00e9ciales\u00a0! Voici le mod\u00e8le 123 \u2013 Vienna Modern.<\/strong><\/p>\n<p>Bien que la version standard du Mod. 123 \u2013 Vienne pr\u00e9sente les caract\u00e9ristiques de conception d\u2019une fabrication traditionnelle de pianos, <strong>nous proposons \u00e9galement des \u00e9ditions sp\u00e9ciales au design moderne et \u00e9pur\u00e9, sur demande<\/strong>.<\/p>\n<p>Dans le cas du Mod. 123 \u2013 Vienna Modern, l\u2019\u00e9dition sp\u00e9ciale poss\u00e8de les m\u00eames innovations technologiques sur les composants internes que les mod\u00e8les standards. La diff\u00e9rence principale se retrouve donc sur le meuble. Il est con\u00e7u dans un style <em>Bauhaus<\/em>, et sans ouverture dans le panneau de fa\u00e7ade. Ainsi, il ressemble \u00e0 notre best-seller, le mod\u00e8le 115 \u2013 Premi\u00e8re, mais offre les innovations technologiques du 123 \u2013 Vienne.<\/p>\n\n\t\t<\/div>\n\t<\/div>\n<div class=\"vc_empty_space\"   style=\"height: 24px\"><span class=\"vc_empty_space_inner\"><\/span><\/div><\/div><\/div><\/div><\/div><\/div><div  class=\"sec_row container\"><div class=\"vc_row wpb_row vc_row-fluid\"><div class=\"wpb_column vc_column_container vc_col-sm-12 et-dark-column\"><div class=\"vc_column-inner\"><div class=\"wpb_wrapper\"><div class=\"vc_empty_space\"   style=\"height: 36px\"><span class=\"vc_empty_space_inner\"><\/span><\/div>\n<div class=\"vc_grid-container-wrapper vc_clearfix vc_grid-animation-zoomIn\">\n\t<div class=\"vc_grid-container vc_clearfix wpb_content_element vc_masonry_media_grid\" data-initial-loading-animation=\"zoomIn\" data-vc-grid-settings=\"{&quot;page_id&quot;:11869,&quot;style&quot;:&quot;all-masonry&quot;,&quot;action&quot;:&quot;vc_get_vc_grid_data&quot;,&quot;shortcode_id&quot;:&quot;1601560988704-250af777-2f49-3&quot;,&quot;tag&quot;:&quot;vc_masonry_media_grid&quot;}\" data-vc-request=\"https:\/\/test.feurich.com\/wp-admin\/admin-ajax.php?lang=fr\" data-vc-post-id=\"11869\" data-vc-public-nonce=\"ece9a6cc3a\">\n\t\t\n\t<\/div>\n<\/div><\/div><\/div><\/div><\/div><\/div><div  class=\"sec_row container\"><div class=\"vc_row wpb_row vc_row-fluid\"><div class=\"wpb_column vc_column_container vc_col-sm-12 et-dark-column\"><div class=\"vc_column-inner\"><div class=\"wpb_wrapper\">\n\t<div class=\"wpb_text_column wpb_content_element  \" >\n\t\t<div class=\"wpb_wrapper\">\n\t\t\t\n\t\t<\/div>\n\t<\/div>\n<\/div><\/div><\/div><\/div><\/div>\n<\/div>","protected":false},"excerpt":{"rendered":"<p>FEURICH a mis au point un nouveau concept pour la m\u00e9canique: le piano viennois a un toucher beaucoup plus l\u00e9ger et pr\u00e9cis que n\u2019importe quel autre piano droit de m\u00eame cat\u00e9gorie.<\/p>\n","protected":false},"author":4,"featured_media":0,"parent":13294,"menu_order":0,"comment_status":"closed","ping_status":"closed","template":"template-fullwidth.php","meta":{"inline_featured_image":false,"footnotes":""},"class_list":["post-11869","page","type-page","status-publish","hentry"],"acf":[],"_links":{"self":[{"href":"https:\/\/test.feurich.com\/fr\/wp-json\/wp\/v2\/pages\/11869"}],"collection":[{"href":"https:\/\/test.feurich.com\/fr\/wp-json\/wp\/v2\/pages"}],"about":[{"href":"https:\/\/test.feurich.com\/fr\/wp-json\/wp\/v2\/types\/page"}],"author":[{"embeddable":true,"href":"https:\/\/test.feurich.com\/fr\/wp-json\/wp\/v2\/users\/4"}],"replies":[{"embeddable":true,"href":"https:\/\/test.feurich.com\/fr\/wp-json\/wp\/v2\/comments?post=11869"}],"version-history":[{"count":3,"href":"https:\/\/test.feurich.com\/fr\/wp-json\/wp\/v2\/pages\/11869\/revisions"}],"predecessor-version":[{"id":45905,"href":"https:\/\/test.feurich.com\/fr\/wp-json\/wp\/v2\/pages\/11869\/revisions\/45905"}],"up":[{"embeddable":true,"href":"https:\/\/test.feurich.com\/fr\/wp-json\/wp\/v2\/pages\/13294"}],"wp:attachment":[{"href":"https:\/\/test.feurich.com\/fr\/wp-json\/wp\/v2\/media?parent=11869"}],"curies":[{"name":"wp","href":"https:\/\/api.w.org\/{rel}","templated":true}]}}