{"id":11891,"date":"2018-02-20T00:17:29","date_gmt":"2018-02-20T00:17:29","guid":{"rendered":"https:\/\/www.feurich.com\/feurich-vienne\/"},"modified":"2018-09-19T00:12:46","modified_gmt":"2018-09-19T00:12:46","slug":"feurich-vienne","status":"publish","type":"page","link":"https:\/\/test.feurich.com\/fr\/production\/feurich-vienne\/","title":{"rendered":"FEURICH Vienne"},"content":{"rendered":"<div class=\"wpb-content-wrapper\"><div  class=\"sec_row container\"><div class=\"vc_row wpb_row vc_row-fluid\"><div class=\"wpb_column vc_column_container vc_col-sm-12 et-dark-column\"><div class=\"vc_column-inner\"><div class=\"wpb_wrapper\"><div class=\"vc_empty_space\"   style=\"height: 32px\"><span class=\"vc_empty_space_inner\"><\/span><\/div><\/div><\/div><\/div><\/div><\/div><div  class=\"sec_row container\"><div class=\"vc_row wpb_row vc_row-fluid\"><div class=\"wpb_column vc_column_container vc_col-sm-12 et-dark-column\"><div class=\"vc_column-inner\"><div class=\"wpb_wrapper\">\n\t<div class=\"wpb_text_column wpb_content_element   big-title\" >\n\t\t<div class=\"wpb_wrapper\">\n\t\t\t<p style=\"text-align: center;\">FEURICH Vienne<\/p>\n\n\t\t<\/div>\n\t<\/div>\n<\/div><\/div><\/div><\/div><\/div><div  class=\"sec_row container\"><div class=\"vc_row wpb_row vc_row-fluid\"><div class=\"wpb_column vc_column_container vc_col-sm-4 et-dark-column\"><div class=\"vc_column-inner\"><div class=\"wpb_wrapper\"><div class=\"vc_empty_space\"   style=\"height: 20px\"><span class=\"vc_empty_space_inner\"><\/span><\/div>\n\t<div  class=\"wpb_single_image wpb_content_element vc_align_left\">\n\t\t\n\t\t<figure class=\"wpb_wrapper vc_figure\">\n\t\t\t<div class=\"vc_single_image-wrapper   vc_box_border_grey\"><img decoding=\"async\" class=\"vc_single_image-img \" src=\"https:\/\/test.feurich.com\/wp-content\/uploads\/FEURICH-Vienna-Produktions-Team-1-357x238.jpg\" width=\"357\" height=\"238\" alt=\"FEURICH Vienna, Production Team\" title=\"FEURICH Vienna, Production Team\" loading=\"lazy\" \/><\/div><figcaption class=\"vc_figure-caption\">FEURICH Vienna, Production Team<\/figcaption>\n\t\t<\/figure>\n\t<\/div>\n<\/div><\/div><\/div><div class=\"wpb_column vc_column_container vc_col-sm-4 et-dark-column\"><div class=\"vc_column-inner\"><div class=\"wpb_wrapper\"><div class=\"vc_empty_space\"   style=\"height: 20px\"><span class=\"vc_empty_space_inner\"><\/span><\/div>\n\t<div  class=\"wpb_single_image wpb_content_element vc_align_left\">\n\t\t\n\t\t<figure class=\"wpb_wrapper vc_figure\">\n\t\t\t<div class=\"vc_single_image-wrapper   vc_box_border_grey\"><img decoding=\"async\" class=\"vc_single_image-img \" src=\"https:\/\/test.feurich.com\/wp-content\/uploads\/FEURICH-Wien-Pedalsystem-357x238.jpg\" width=\"357\" height=\"238\" alt=\"FEURICH Wien, pedal system\" title=\"FEURICH Wien, pedal system\" loading=\"lazy\" \/><\/div><figcaption class=\"vc_figure-caption\">FEURICH Wien, pedal system<\/figcaption>\n\t\t<\/figure>\n\t<\/div>\n<\/div><\/div><\/div><div class=\"wpb_column vc_column_container vc_col-sm-4 et-dark-column\"><div class=\"vc_column-inner\"><div class=\"wpb_wrapper\"><div class=\"vc_empty_space\"   style=\"height: 20px\"><span class=\"vc_empty_space_inner\"><\/span><\/div>\n\t<div  class=\"wpb_single_image wpb_content_element vc_align_left\">\n\t\t\n\t\t<figure class=\"wpb_wrapper vc_figure\">\n\t\t\t<div class=\"vc_single_image-wrapper   vc_box_border_grey\"><img decoding=\"async\" class=\"vc_single_image-img \" src=\"https:\/\/test.feurich.com\/wp-content\/uploads\/FEURICH-123-Vienna-RENNER-action-357x238.jpg\" width=\"357\" height=\"238\" alt=\"FEURICH Wien, RENNER action\" title=\"FEURICH Wien, RENNER action\" loading=\"lazy\" \/><\/div><figcaption class=\"vc_figure-caption\">FEURICH Wien, RENNER action<\/figcaption>\n\t\t<\/figure>\n\t<\/div>\n<\/div><\/div><\/div><\/div><\/div><div  class=\"sec_row container\"><div class=\"vc_row wpb_row vc_row-fluid\"><div class=\"wpb_column vc_column_container vc_col-sm-4 et-dark-column\"><div class=\"vc_column-inner\"><div class=\"wpb_wrapper\"><\/div><\/div><\/div><div class=\"wpb_column vc_column_container vc_col-sm-8 et-dark-column\"><div class=\"vc_column-inner\"><div class=\"wpb_wrapper\"><div class=\"vc_empty_space\"   style=\"height: 8px\"><span class=\"vc_empty_space_inner\"><\/span><\/div>\n\t<div class=\"wpb_text_column wpb_content_element  \" >\n\t\t<div class=\"wpb_wrapper\">\n\t\t\t<p>Afin de fournir \u00e0 nos clients le meilleur piano possible, nous nous concentrons sur la recherche, l&#8217;innovation et le d\u00e9veloppement continu, dans notre usine de Vienne. Nous aimerions \u00e9galement apporter notre contribution \u00e0 la ville de Vienne, en renfor\u00e7ant la tradition s\u00e9culaire de la construction de pianos dans cette ville.<\/p>\n\n\t\t<\/div>\n\t<\/div>\n<\/div><\/div><\/div><\/div><\/div><div  class=\"sec_row container\"><div class=\"vc_row wpb_row vc_row-fluid\"><div class=\"wpb_column vc_column_container vc_col-sm-4 et-dark-column\"><div class=\"vc_column-inner\"><div class=\"wpb_wrapper\"><div class=\"vc_empty_space\"   style=\"height: 20px\"><span class=\"vc_empty_space_inner\"><\/span><\/div>\n\t<div  class=\"wpb_single_image wpb_content_element vc_align_left\">\n\t\t\n\t\t<figure class=\"wpb_wrapper vc_figure\">\n\t\t\t<div class=\"vc_single_image-wrapper   vc_box_border_grey\"><img decoding=\"async\" class=\"vc_single_image-img \" src=\"https:\/\/test.feurich.com\/wp-content\/uploads\/FEURICH-123-Vienna-iron-frame-2-357x238.jpg\" width=\"357\" height=\"238\" alt=\"FEURICH Wien, iron frame\" title=\"FEURICH Wien, iron frame\" loading=\"lazy\" \/><\/div><figcaption class=\"vc_figure-caption\">FEURICH Wien, iron frame<\/figcaption>\n\t\t<\/figure>\n\t<\/div>\n<\/div><\/div><\/div><div class=\"wpb_column vc_column_container vc_col-sm-4 et-dark-column\"><div class=\"vc_column-inner\"><div class=\"wpb_wrapper\"><div class=\"vc_empty_space\"   style=\"height: 20px\"><span class=\"vc_empty_space_inner\"><\/span><\/div>\n\t<div  class=\"wpb_single_image wpb_content_element vc_align_left\">\n\t\t\n\t\t<figure class=\"wpb_wrapper vc_figure\">\n\t\t\t<div class=\"vc_single_image-wrapper   vc_box_border_grey\"><img decoding=\"async\" class=\"vc_single_image-img \" src=\"https:\/\/test.feurich.com\/wp-content\/uploads\/FEURICH-123-Vienna-iron-frame-357x238.jpg\" width=\"357\" height=\"238\" alt=\"FEURICH Wien, iron frame 2\" title=\"FEURICH Wien, iron frame 2\" loading=\"lazy\" \/><\/div><figcaption class=\"vc_figure-caption\">FEURICH Wien, iron frame 2<\/figcaption>\n\t\t<\/figure>\n\t<\/div>\n<\/div><\/div><\/div><div class=\"wpb_column vc_column_container vc_col-sm-4 et-dark-column\"><div class=\"vc_column-inner\"><div class=\"wpb_wrapper\"><div class=\"vc_empty_space\"   style=\"height: 20px\"><span class=\"vc_empty_space_inner\"><\/span><\/div>\n\t<div  class=\"wpb_single_image wpb_content_element vc_align_left\">\n\t\t\n\t\t<figure class=\"wpb_wrapper vc_figure\">\n\t\t\t<div class=\"vc_single_image-wrapper   vc_box_border_grey\"><img decoding=\"async\" class=\"vc_single_image-img \" src=\"https:\/\/test.feurich.com\/wp-content\/uploads\/FEURICH-123-Vienna-keyboard-felts-with-FEUFIX-357x238.jpg\" width=\"357\" height=\"238\" alt=\"FEURICH Wien, keyboard felts with FEUFIX\" title=\"FEURICH Wien, keyboard felts with FEUFIX\" loading=\"lazy\" \/><\/div><figcaption class=\"vc_figure-caption\">FEURICH Wien, keyboard felts with FEUFIX<\/figcaption>\n\t\t<\/figure>\n\t<\/div>\n<\/div><\/div><\/div><\/div><\/div><div  class=\"sec_row container\"><div class=\"vc_row wpb_row vc_row-fluid\"><div class=\"wpb_column vc_column_container vc_col-sm-4 et-dark-column\"><div class=\"vc_column-inner\"><div class=\"wpb_wrapper\"><\/div><\/div><\/div><div class=\"wpb_column vc_column_container vc_col-sm-8 et-dark-column\"><div class=\"vc_column-inner\"><div class=\"wpb_wrapper\"><div class=\"vc_empty_space\"   style=\"height: 8px\"><span class=\"vc_empty_space_inner\"><\/span><\/div>\n\t<div class=\"wpb_text_column wpb_content_element  \" >\n\t\t<div class=\"wpb_wrapper\">\n\t\t\t<h3>Les innovations sont ici&#8230;<\/h3>\n<p>La plupart des pianos vendus dans le monde sont des pianos droits; avec la plupart des fabricants se concentrant sur le d\u00e9veloppement des pianos \u00e0 queue de concert les plus prestigieux. La production de pianos en g\u00e9n\u00e9ral est un domaine tr\u00e8s conservateur, et le r\u00e9sultat est qu&#8217;au cours des 100 derni\u00e8res ann\u00e9es, presque aucune innovation n&#8217;a \u00e9t\u00e9 faite, et la plupart des pianos d&#8217;aujourd&#8217;hui sont bas\u00e9s sur la technologie du 19\u00e8me si\u00e8cle. Gr\u00e2ce \u00e0 une recherche cibl\u00e9e et un d\u00e9veloppement dans tous les d\u00e9tails techniques du piano, FEURICH a r\u00e9ussi \u00e0 produire des instruments qui apportent v\u00e9ritablement le piano droit dans le 21\u00e8me si\u00e8cle.<\/p>\n\n\t\t<\/div>\n\t<\/div>\n<\/div><\/div><\/div><\/div><\/div><div  class=\"sec_row container\"><div class=\"vc_row wpb_row vc_row-fluid\"><div class=\"wpb_column vc_column_container vc_col-sm-4 et-dark-column\"><div class=\"vc_column-inner\"><div class=\"wpb_wrapper\"><div class=\"vc_empty_space\"   style=\"height: 20px\"><span class=\"vc_empty_space_inner\"><\/span><\/div>\n\t<div  class=\"wpb_single_image wpb_content_element vc_align_left\">\n\t\t\n\t\t<figure class=\"wpb_wrapper vc_figure\">\n\t\t\t<div class=\"vc_single_image-wrapper   vc_box_border_grey\"><img decoding=\"async\" class=\"vc_single_image-img \" src=\"https:\/\/test.feurich.com\/wp-content\/uploads\/FEURICH-Wien-KLAVIERmanufaktur-357x238.jpg\" width=\"357\" height=\"238\" alt=\"FEURICH Wien KLAVIERmanufaktur\" title=\"FEURICH Wien KLAVIERmanufaktur\" loading=\"lazy\" \/><\/div>\n\t\t<\/figure>\n\t<\/div>\n<\/div><\/div><\/div><div class=\"wpb_column vc_column_container vc_col-sm-4 et-dark-column\"><div class=\"vc_column-inner\"><div class=\"wpb_wrapper\"><div class=\"vc_empty_space\"   style=\"height: 20px\"><span class=\"vc_empty_space_inner\"><\/span><\/div>\n\t<div  class=\"wpb_single_image wpb_content_element vc_align_left\">\n\t\t\n\t\t<figure class=\"wpb_wrapper vc_figure\">\n\t\t\t<div class=\"vc_single_image-wrapper   vc_box_border_grey\"><img decoding=\"async\" class=\"vc_single_image-img \" src=\"https:\/\/test.feurich.com\/wp-content\/uploads\/FEURICH-123-Vienna-player-machine-357x238.jpg\" width=\"357\" height=\"238\" alt=\"FEURICH Wien, player machine\" title=\"FEURICH Wien, player machine\" loading=\"lazy\" \/><\/div><figcaption class=\"vc_figure-caption\">FEURICH Wien, player machine<\/figcaption>\n\t\t<\/figure>\n\t<\/div>\n<\/div><\/div><\/div><div class=\"wpb_column vc_column_container vc_col-sm-4 et-dark-column\"><div class=\"vc_column-inner\"><div class=\"wpb_wrapper\"><div class=\"vc_empty_space\"   style=\"height: 20px\"><span class=\"vc_empty_space_inner\"><\/span><\/div>\n\t<div  class=\"wpb_single_image wpb_content_element vc_align_left\">\n\t\t\n\t\t<figure class=\"wpb_wrapper vc_figure\">\n\t\t\t<div class=\"vc_single_image-wrapper   vc_box_border_grey\"><img decoding=\"async\" class=\"vc_single_image-img \" src=\"https:\/\/test.feurich.com\/wp-content\/uploads\/FEURICH-123-Vienna-hammer-shank-357x238.jpg\" width=\"357\" height=\"238\" alt=\"FEURICH Wien, hammer shanks\" title=\"FEURICH Wien, hammer shanks\" loading=\"lazy\" \/><\/div><figcaption class=\"vc_figure-caption\">FEURICH Wien, hammer shanks<\/figcaption>\n\t\t<\/figure>\n\t<\/div>\n<\/div><\/div><\/div><\/div><\/div><div  class=\"sec_row container\"><div class=\"vc_row wpb_row vc_row-fluid\"><div class=\"wpb_column vc_column_container vc_col-sm-4 et-dark-column\"><div class=\"vc_column-inner\"><div class=\"wpb_wrapper\"><\/div><\/div><\/div><div class=\"wpb_column vc_column_container vc_col-sm-8 et-dark-column\"><div class=\"vc_column-inner\"><div class=\"wpb_wrapper\"><div class=\"vc_empty_space\"   style=\"height: 8px\"><span class=\"vc_empty_space_inner\"><\/span><\/div>\n\t<div class=\"wpb_text_column wpb_content_element  \" >\n\t\t<div class=\"wpb_wrapper\">\n\t\t\t<h3>L&#8217;artisanat traditionnel du coeur de l&#8217;europe<\/h3>\n<p>Les pianos proviennent d&#8217;Europe, o\u00f9 il existe\u00a0 une grande tradition et une base de connaissances derri\u00e8re la fabrication de ces instruments. Il \u00e9tait clair pour nous que pour r\u00e9ussir dans le monde entier, le FEURICH Piano Mod.123 &#8211; Vienne (LINK), devrait offrir des innovations frappantes et des avantages par rapport aux concurrents sur le march\u00e9. Ce piano atteint cet objectif en exposant des concepts compl\u00e8tement nouveaux, dans de nombreux aspects de la conception de piano &#8211; tous mis en \u0153uvre et finis avec l&#8217;artisanat traditionnel viennois.<\/p>\n<p>En accord avec les m\u00e9thodes traditionnelles de construction de pianos, nous n&#8217;utilisons que des bois de haute qualit\u00e9 et des mati\u00e8res premi\u00e8res. Toutes les pi\u00e8ces pour le bo\u00eetier du piano sont d\u00e9coup\u00e9es par des machines CNC afin d&#8217;assurer une grande pr\u00e9cision et un ajustement parfait.<\/p>\n\n\t\t<\/div>\n\t<\/div>\n<\/div><\/div><\/div><\/div><\/div><div  class=\"sec_row container\"><div class=\"vc_row wpb_row vc_row-fluid\"><div class=\"wpb_column vc_column_container vc_col-sm-4 et-dark-column\"><div class=\"vc_column-inner\"><div class=\"wpb_wrapper\"><div class=\"vc_empty_space\"   style=\"height: 20px\"><span class=\"vc_empty_space_inner\"><\/span><\/div>\n\t<div  class=\"wpb_single_image wpb_content_element vc_align_left\">\n\t\t\n\t\t<figure class=\"wpb_wrapper vc_figure\">\n\t\t\t<div class=\"vc_single_image-wrapper   vc_box_border_grey\"><img decoding=\"async\" class=\"vc_single_image-img \" src=\"https:\/\/test.feurich.com\/wp-content\/uploads\/FEURICH-123-Vienna-fall-board-and-legs-wood-357x238.jpg\" width=\"357\" height=\"238\" alt=\"FEURICH 123 - Vienna, fall board and legs wood\" title=\"FEURICH 123 - Vienna, fall board and legs wood\" loading=\"lazy\" \/><\/div><figcaption class=\"vc_figure-caption\">FEURICH 123 - Vienna, fall board and legs wood<\/figcaption>\n\t\t<\/figure>\n\t<\/div>\n<\/div><\/div><\/div><div class=\"wpb_column vc_column_container vc_col-sm-4 et-dark-column\"><div class=\"vc_column-inner\"><div class=\"wpb_wrapper\"><div class=\"vc_empty_space\"   style=\"height: 20px\"><span class=\"vc_empty_space_inner\"><\/span><\/div>\n\t<div  class=\"wpb_single_image wpb_content_element vc_align_left\">\n\t\t\n\t\t<figure class=\"wpb_wrapper vc_figure\">\n\t\t\t<div class=\"vc_single_image-wrapper   vc_box_border_grey\"><img decoding=\"async\" class=\"vc_single_image-img \" src=\"https:\/\/test.feurich.com\/wp-content\/uploads\/FEURICH-123-Vienna-CNC-wood-cutting-357x238.jpg\" width=\"357\" height=\"238\" alt=\"FEURICH 123 - Vienna, CNC-wood cutting\" title=\"FEURICH 123 - Vienna, CNC-wood cutting\" loading=\"lazy\" \/><\/div><figcaption class=\"vc_figure-caption\">FEURICH 123 - Vienna, CNC-wood cutting<\/figcaption>\n\t\t<\/figure>\n\t<\/div>\n<\/div><\/div><\/div><div class=\"wpb_column vc_column_container vc_col-sm-4 et-dark-column\"><div class=\"vc_column-inner\"><div class=\"wpb_wrapper\"><div class=\"vc_empty_space\"   style=\"height: 20px\"><span class=\"vc_empty_space_inner\"><\/span><\/div>\n\t<div  class=\"wpb_single_image wpb_content_element vc_align_left\">\n\t\t\n\t\t<figure class=\"wpb_wrapper vc_figure\">\n\t\t\t<div class=\"vc_single_image-wrapper   vc_box_border_grey\"><img decoding=\"async\" class=\"vc_single_image-img \" src=\"https:\/\/test.feurich.com\/wp-content\/uploads\/FEURICH-123-Vienna-case-parts-front-walnut-satin-357x238.jpg\" width=\"357\" height=\"238\" alt=\"FEURICH 123 - Vienna, case parts, front walnut satin\" title=\"FEURICH 123 - Vienna, case parts, front walnut satin\" loading=\"lazy\" \/><\/div><figcaption class=\"vc_figure-caption\">FEURICH 123 - Vienna, case parts, front walnut satin<\/figcaption>\n\t\t<\/figure>\n\t<\/div>\n<\/div><\/div><\/div><\/div><\/div><div  class=\"sec_row container\"><div class=\"vc_row wpb_row vc_row-fluid\"><div class=\"wpb_column vc_column_container vc_col-sm-4 et-dark-column\"><div class=\"vc_column-inner\"><div class=\"wpb_wrapper\"><div class=\"vc_empty_space\"   style=\"height: 20px\"><span class=\"vc_empty_space_inner\"><\/span><\/div>\n\t<div class=\"wpb_text_column wpb_content_element  \" >\n\t\t<div class=\"wpb_wrapper\">\n\t\t\t\n\n<span class=\"arve-error\"><abbr title=\"Advanced Responsive Video Embedder\">ARVE<\/abbr> Error: Invalid URL <code>\/wp-content\/uploads\/Key-weight.mp4<\/code> in <code>mp4<\/code><br><\/span>\n<div class=\"arve\" data-mode=\"normal\" data-provider=\"html5\" id=\"arve-html5-69d4656de3343485901316\">\n<span class=\"arve-inner\">\n<span class=\"arve-embed\">\n<video controls controlslist preload=\"metadata\" data-arve=\"arve-html5-69d4656de3343485901316\" class=\"arve-video fitvidsignore\">\n<source type=\"video\/mp4\" src=\"\/wp-content\/uploads\/Key-weight.mp4\">\n<\/video>\n\n<\/span>\n\n<\/span>\n<script type=\"application\/ld+json\">{\"@context\":\"http:\\\/\\\/schema.org\\\/\",\"@id\":\"https:\\\/\\\/test.feurich.com\\\/fr\\\/production\\\/feurich-vienne\\\/#arve-html5-69d4656de3343485901316\",\"type\":\"VideoObject\",\"contentURL\":\"\\\/wp-content\\\/uploads\\\/Key-weight.mp4\"}<\/script>\n<\/div>\n\n\n\t\t<\/div>\n\t<\/div>\n<\/div><\/div><\/div><div class=\"wpb_column vc_column_container vc_col-sm-8 et-dark-column\"><div class=\"vc_column-inner\"><div class=\"wpb_wrapper\"><div class=\"vc_empty_space\"   style=\"height: 8px\"><span class=\"vc_empty_space_inner\"><\/span><\/div><div class=\"vc_empty_space\"   style=\"height: 8px\"><span class=\"vc_empty_space_inner\"><\/span><\/div>\n\t<div class=\"wpb_text_column wpb_content_element  \" >\n\t\t<div class=\"wpb_wrapper\">\n\t\t\t<p>En accord avec les m\u00e9thodes traditionnelles de construction de pianos, nous n&#8217;utilisons que des bois de haute qualit\u00e9 et des mati\u00e8res premi\u00e8res. Toutes les pi\u00e8ces pour le bo\u00eetier du piano sont d\u00e9coup\u00e9es par des machines CNC afin d&#8217;assurer une grande pr\u00e9cision et un ajustement parfait.<\/p>\n\n\t\t<\/div>\n\t<\/div>\n<div class=\"vc_empty_space\"   style=\"height: 36px\"><span class=\"vc_empty_space_inner\"><\/span><\/div><\/div><\/div><\/div><\/div><\/div>\n<\/div>","protected":false},"excerpt":{"rendered":"<p>Afin de fournir \u00e0 nos clients le meilleur piano possible, nous nous concentrons sur la recherche, l&#8217;innovation et le d\u00e9veloppement continu dans notre usine \u00e0 Vienne.<\/p>\n","protected":false},"author":4,"featured_media":0,"parent":11907,"menu_order":0,"comment_status":"closed","ping_status":"closed","template":"template-fullwidth.php","meta":{"inline_featured_image":false,"footnotes":""},"class_list":["post-11891","page","type-page","status-publish","hentry"],"acf":[],"_links":{"self":[{"href":"https:\/\/test.feurich.com\/fr\/wp-json\/wp\/v2\/pages\/11891"}],"collection":[{"href":"https:\/\/test.feurich.com\/fr\/wp-json\/wp\/v2\/pages"}],"about":[{"href":"https:\/\/test.feurich.com\/fr\/wp-json\/wp\/v2\/types\/page"}],"author":[{"embeddable":true,"href":"https:\/\/test.feurich.com\/fr\/wp-json\/wp\/v2\/users\/4"}],"replies":[{"embeddable":true,"href":"https:\/\/test.feurich.com\/fr\/wp-json\/wp\/v2\/comments?post=11891"}],"version-history":[{"count":9,"href":"https:\/\/test.feurich.com\/fr\/wp-json\/wp\/v2\/pages\/11891\/revisions"}],"predecessor-version":[{"id":20280,"href":"https:\/\/test.feurich.com\/fr\/wp-json\/wp\/v2\/pages\/11891\/revisions\/20280"}],"up":[{"embeddable":true,"href":"https:\/\/test.feurich.com\/fr\/wp-json\/wp\/v2\/pages\/11907"}],"wp:attachment":[{"href":"https:\/\/test.feurich.com\/fr\/wp-json\/wp\/v2\/media?parent=11891"}],"curies":[{"name":"wp","href":"https:\/\/api.w.org\/{rel}","templated":true}]}}