{"id":11914,"date":"2018-02-20T00:24:01","date_gmt":"2018-02-20T00:24:01","guid":{"rendered":"https:\/\/www.feurich.com\/boite-a-outils-pour-les-professionnels\/"},"modified":"2018-09-19T07:11:53","modified_gmt":"2018-09-19T07:11:53","slug":"boite-a-outils-pour-les-professionnels","status":"publish","type":"page","link":"https:\/\/test.feurich.com\/fr\/produits\/accessoires\/boite-a-outils-pour-les-professionnels\/","title":{"rendered":"Bo\u00eete \u00e0 outils pour les professionnels"},"content":{"rendered":"<div class=\"wpb-content-wrapper\"><div  class=\"sec_row container\"><div class=\"vc_row wpb_row vc_row-fluid\"><div class=\"wpb_column vc_column_container vc_col-sm-12 et-dark-column\"><div class=\"vc_column-inner\"><div class=\"wpb_wrapper\"><div class=\"vc_empty_space\"   style=\"height: 5px\"><span class=\"vc_empty_space_inner\"><\/span><\/div><div class=\"vc_row wpb_row vc_inner vc_row-fluid max_width\"><div class=\"wpb_column vc_column_container vc_col-sm-2 et-dark-column\"><div class=\"vc_column-inner\"><div class=\"wpb_wrapper\"><\/div><\/div><\/div><div class=\"wpb_column vc_column_container vc_col-sm-8 et-dark-column\"><div class=\"vc_column-inner\"><div class=\"wpb_wrapper\">\n\t<div class=\"wpb_text_column wpb_content_element   vc_custom_1511715545110 big-title\" >\n\t\t<div class=\"wpb_wrapper\">\n\t\t\t<p style=\"text-align: center; color: white;\">Werkzeugset<\/p>\n\n\t\t<\/div>\n\t<\/div>\n\n\t<div class=\"wpb_text_column wpb_content_element  \" >\n\t\t<div class=\"wpb_wrapper\">\n\t\t\t\n\t\t<\/div>\n\t<\/div>\n<\/div><\/div><\/div><div class=\"wpb_column vc_column_container vc_col-sm-2 et-dark-column\"><div class=\"vc_column-inner\"><div class=\"wpb_wrapper\"><\/div><\/div><\/div><\/div><div class=\"vc_empty_space\"   style=\"height: 32px\"><span class=\"vc_empty_space_inner\"><\/span><\/div><\/div><\/div><\/div><\/div><\/div><!-- Row Backgrounds --><div class=\"upb_bg_img\" data-ultimate-bg=\"url(https:\/\/test.feurich.com\/wp-content\/uploads\/2017\/08\/home-fon-bl3.jpg)\" data-image-id=\"id^521|url^\/wp-content\/uploads\/2017\/08\/home-fon-bl3.jpg|caption^null|alt^null|title^home-fon-bl3|description^null\" data-ultimate-bg-style=\"vcpb-default\" data-bg-img-repeat=\"no-repeat\" data-bg-img-size=\"cover\" data-bg-img-position=\"\" data-parallx_sense=\"30\" data-bg-override=\"full\" data-bg_img_attach=\"scroll\" data-upb-overlay-color=\"\" data-upb-bg-animation=\"\" data-fadeout=\"\" data-bg-animation=\"left-animation\" data-bg-animation-type=\"h\" data-animation-repeat=\"repeat\" data-fadeout-percentage=\"30\" data-parallax-content=\"\" data-parallax-content-sense=\"30\" data-row-effect-mobile-disable=\"true\" data-img-parallax-mobile-disable=\"true\" data-rtl=\"false\"  data-custom-vc-row=\"\"  data-vc=\"7.4\"  data-is_old_vc=\"\"  data-theme-support=\"\"   data-overlay=\"false\" data-overlay-color=\"\" data-overlay-pattern=\"\" data-overlay-pattern-opacity=\"\" data-overlay-pattern-size=\"\"    ><\/div><div  class=\"sec_row container\"><div class=\"vc_row wpb_row vc_row-fluid\"><div class=\"wpb_column vc_column_container vc_col-sm-4 et-dark-column\"><div class=\"vc_column-inner\"><div class=\"wpb_wrapper\">\n\t<div  class=\"wpb_single_image wpb_content_element vc_align_center  vc_custom_1511715089768\">\n\t\t\n\t\t<figure class=\"wpb_wrapper vc_figure\">\n\t\t\t<div class=\"vc_single_image-wrapper   vc_box_border_grey\"><img decoding=\"async\" class=\"vc_single_image-img \" src=\"https:\/\/test.feurich.com\/wp-content\/uploads\/Tool-set-for-piano-technicians-360x260.jpg\" width=\"360\" height=\"260\" alt=\"Tool set for piano technicians\" title=\"Tool set for piano technicians\" loading=\"lazy\" \/><\/div>\n\t\t<\/figure>\n\t<\/div>\n<\/div><\/div><\/div><div class=\"wpb_column vc_column_container vc_col-sm-4 et-dark-column\"><div class=\"vc_column-inner\"><div class=\"wpb_wrapper\">\n\t<div class=\"wpb_text_column wpb_content_element   products-title\" >\n\t\t<div class=\"wpb_wrapper\">\n\t\t\t<p>Bo\u00eete \u00e0 outils pour les professionnels<\/p>\n\n\t\t<\/div>\n\t<\/div>\n\n\t<div class=\"wpb_text_column wpb_content_element  \" >\n\t\t<div class=\"wpb_wrapper\">\n\t\t\t<p>Sp\u00e9cialement pour les techniciens de piano, nous fabriquons une bo\u00eete \u00e0 outils de haute qualit\u00e9 qui contient tout le n\u00e9cessaire pour le travail de la journ\u00e9e. Nous avons soumis chaque outil \u00e0 un processus de test rigoureux et la bo\u00eete \u00e0 outils comprend le kit exact utilis\u00e9 par nos propres techniciens.<\/p>\n<p>FEURICH Toolkit est \u00e9galement un kit de premiers soins pour les pianos dans des endroits \u00e9loign\u00e9s, ainsi que pour les pianistes avec un peu de savoir-faire technique, qui veulent peut-\u00eatre faire un travail de r\u00e9paration rapide sur une corde ou une touche. Cela peut \u00e9conomiser la visite d&#8217;un technicien de piano.<\/p>\n<p>Pour plus d&#8217;informations sur la bo\u00eete \u00e0 outils FEURICH, veuillez nous contacter.<\/p>\n<p><a href=\"https:\/\/www.feurich.com\/?page_id=442\">&gt;&gt; Contact<\/a><\/p>\n\n\t\t<\/div>\n\t<\/div>\n<div class=\"vc_empty_space\"   style=\"height: 12px\"><span class=\"vc_empty_space_inner\"><\/span><\/div><\/div><\/div><\/div><div class=\"wpb_column vc_column_container vc_col-sm-4 et-dark-column\"><div class=\"vc_column-inner\"><div class=\"wpb_wrapper\">\n\t<div  class=\"wpb_single_image wpb_content_element vc_align_center  vc_custom_1511715116166\">\n\t\t\n\t\t<figure class=\"wpb_wrapper vc_figure\">\n\t\t\t<div class=\"vc_single_image-wrapper   vc_box_border_grey\"><img decoding=\"async\" class=\"vc_single_image-img \" src=\"https:\/\/test.feurich.com\/wp-content\/uploads\/Carbon-Tuning-Hammer-360x260.jpg\" width=\"360\" height=\"260\" alt=\"Carbon Tuning Hammer\" title=\"Carbon Tuning Hammer\" loading=\"lazy\" \/><\/div>\n\t\t<\/figure>\n\t<\/div>\n<\/div><\/div><\/div><\/div><\/div>\n<\/div>","protected":false},"excerpt":{"rendered":"<p>La bo\u00eete \u00e0 outils FEURICH Piano Technician contient tout ce dont vous avez besoin pour votre journ\u00e9e de travail.<\/p>\n","protected":false},"author":7,"featured_media":4375,"parent":11952,"menu_order":5,"comment_status":"closed","ping_status":"closed","template":"template-fullwidth.php","meta":{"inline_featured_image":false,"footnotes":""},"class_list":["post-11914","page","type-page","status-publish","has-post-thumbnail","hentry"],"acf":[],"_links":{"self":[{"href":"https:\/\/test.feurich.com\/fr\/wp-json\/wp\/v2\/pages\/11914"}],"collection":[{"href":"https:\/\/test.feurich.com\/fr\/wp-json\/wp\/v2\/pages"}],"about":[{"href":"https:\/\/test.feurich.com\/fr\/wp-json\/wp\/v2\/types\/page"}],"author":[{"embeddable":true,"href":"https:\/\/test.feurich.com\/fr\/wp-json\/wp\/v2\/users\/7"}],"replies":[{"embeddable":true,"href":"https:\/\/test.feurich.com\/fr\/wp-json\/wp\/v2\/comments?post=11914"}],"version-history":[{"count":4,"href":"https:\/\/test.feurich.com\/fr\/wp-json\/wp\/v2\/pages\/11914\/revisions"}],"predecessor-version":[{"id":20288,"href":"https:\/\/test.feurich.com\/fr\/wp-json\/wp\/v2\/pages\/11914\/revisions\/20288"}],"up":[{"embeddable":true,"href":"https:\/\/test.feurich.com\/fr\/wp-json\/wp\/v2\/pages\/11952"}],"wp:featuredmedia":[{"embeddable":true,"href":"https:\/\/test.feurich.com\/fr\/wp-json\/wp\/v2\/media\/4375"}],"wp:attachment":[{"href":"https:\/\/test.feurich.com\/fr\/wp-json\/wp\/v2\/media?parent=11914"}],"curies":[{"name":"wp","href":"https:\/\/api.w.org\/{rel}","templated":true}]}}